{"id":45876,"date":"2018-04-26T13:46:54","date_gmt":"2018-04-26T11:46:54","guid":{"rendered":"https:\/\/micronordic.com\/product\/terminal-portatil-de-mano-cn51-de-honeywell-intermec-reacondicionado\/"},"modified":"2025-11-20T13:38:43","modified_gmt":"2025-11-20T12:38:43","slug":"intermec-cn51-mobile-handheld-computer-refurbished","status":"publish","type":"product","link":"https:\/\/micronordic.com\/es\/product\/intermec-cn51-mobile-handheld-computer-refurbished\/","title":{"rendered":"Honeywell Intermec CN51 Handheld Mobile Computer (EX-DEMO)"},"content":{"rendered":"<?xml encoding=\"utf-8\" ?><h2 data-start=\"0\" data-end=\"61\">Honeywell Intermec CN51 Handheld Mobile Computer (EX-DEMO)<\/h2><p data-start=\"63\" data-end=\"473\"><strong data-start=\"67\" data-end=\"94\">Honeywell Intermec CN51<\/strong> es un terminal port&aacute;til compacto y rugged dise&ntilde;ado para la movilidad en primera l&iacute;nea, donde la captura fiable de c&oacute;digos de barras, la conectividad ininterrumpida y la eficiencia del teclado son importantes. Con una gran pantalla multit&aacute;ctil WVGA de 4,0&Prime;, procesamiento de doble n&uacute;cleo a 1,5 GHz e im&aacute;genes 1D\/2D tolerantes al movimiento, mantiene la capacidad de respuesta de los flujos de trabajo TE\/telnet y WMS basados en navegador en el almac&eacute;n, en los muelles de carga y en la carretera. <\/p><p data-start=\"475\" data-end=\"955\">Este producto se suministra <strong data-start=\"500\" data-end=\"511\">EX-DEMO<\/strong> &uacute;nicamente. Las unidades EX-DEMO han tenido un breve uso de demostraci&oacute;n; la mayor&iacute;a llegan en cajas gen&eacute;ricas limpias (algunas en su embalaje original) y suelen incluir accesorios y cables est&aacute;ndar. Los pl&aacute;sticos frontales\/traseros y los digitalizadores est&aacute;n renovados con piezas nuevas.  <\/p><p data-start=\"475\" data-end=\"955\"><strong>Los dispositivos EX-DEMO incluyen una garant&iacute;a predeterminada de 12 meses de Micro Nordic,<\/strong>una forma rentable de ampliar o mantener las flotas heredadas y, al mismo tiempo, reducir el gasto y los residuos electr&oacute;nicos sin comprometer la funcionalidad.<\/p><h2 data-start=\"957\" data-end=\"1003\">Caracter&iacute;sticas principales de Honeywell Intermec CN51<\/h2><ul data-start=\"1004\" data-end=\"2301\">\n<li data-start=\"1004\" data-end=\"1141\">\n<p data-start=\"1006\" data-end=\"1141\"><strong data-start=\"1006\" data-end=\"1022\">Construcci&oacute;n rugged<\/strong> &ndash; El sellado IP64 y la tolerancia a ca&iacute;das repetidas de 1,5 m\/5 pies ayudan al dispositivo a soportar los golpes, salpicaduras y ca&iacute;das diarias.<\/p>\n<\/li>\n<li data-start=\"1142\" data-end=\"1273\">\n<p data-start=\"1144\" data-end=\"1273\"><strong data-start=\"1144\" data-end=\"1172\">Pantalla legible en exteriores<\/strong>: la pantalla multit&aacute;ctil WVGA (480&times;800) de 4,0&Prime; ofrece una visi&oacute;n clara cerca de las puertas del muelle y con mucha luz.<\/p>\n<\/li>\n<li data-start=\"1274\" data-end=\"1399\">\n<p data-start=\"1276\" data-end=\"1399\"><strong data-start=\"1276\" data-end=\"1302\">Rendimiento con gran capacidad de respuesta<\/strong>: la arquitectura de doble n&uacute;cleo a 1,5 GHz con 1 GB de RAM y 16 GB de flash mantiene la agilidad de las aplicaciones y el escaneado.<\/p>\n<\/li>\n<li data-start=\"1400\" data-end=\"1536\">\n<p data-start=\"1402\" data-end=\"1536\"><strong data-start=\"1402\" data-end=\"1424\">Captura de im&aacute;genes para empresas<\/strong>: los lectores de im&aacute;genes 2D de alto rendimiento (EA30\/EA31) con gran tolerancia al movimiento capturan con rapidez c&oacute;digos de barras m&oacute;viles y desgastados.<\/p>\n<\/li>\n<li data-start=\"1537\" data-end=\"1665\">\n<p data-start=\"1539\" data-end=\"1665\"><strong data-start=\"1539\" data-end=\"1558\">Radios flexibles<\/strong>: Wi-Fi empresarial (802.11 a\/b\/g\/n), Bluetooth, GPS (con configuraciones WWAN) y WWAN opcional con capacidad de voz.<\/p>\n<\/li>\n<li data-start=\"1666\" data-end=\"1785\">\n<p data-start=\"1668\" data-end=\"1785\"><strong data-start=\"1668\" data-end=\"1687\">Potencia para todos los turnos<\/strong>: la bater&iacute;a inteligente de 3,7 V ~3920 mAh admite rutas largas; el an&aacute;lisis de la bater&iacute;a ayuda a realizar cambios proactivos.<\/p>\n<\/li>\n<li data-start=\"1786\" data-end=\"1930\">\n<p data-start=\"1788\" data-end=\"1930\"><strong data-start=\"1788\" data-end=\"1816\">E\/S y acoplamiento de alta velocidad<\/strong>: las interfaces USB host\/cliente y pogo rugged funcionan con las bases FlexDock de una o varias bah&iacute;as, Ethernet y para veh&iacute;culos.<\/p>\n<\/li>\n<li data-start=\"1931\" data-end=\"2059\">\n<p data-start=\"1933\" data-end=\"2059\"><strong data-start=\"1933\" data-end=\"1972\">Seguridad empresarial y capacidad de gesti&oacute;n<\/strong>: WPA2-Enterprise, 802.1X, opciones de cifrado de dispositivos y amplia compatibilidad con MDM\/TE.<\/p>\n<\/li>\n<li data-start=\"2060\" data-end=\"2173\">\n<p data-start=\"2062\" data-end=\"2173\"><strong data-start=\"2062\" data-end=\"2084\">Dise&ntilde;o reparable<\/strong>: los teclados, bater&iacute;as y piezas de desgaste sustituibles in situ prolongan el ciclo de vida y reducen el coste total de propiedad.<\/p>\n<\/li>\n<li data-start=\"2174\" data-end=\"2301\">\n<p data-start=\"2176\" data-end=\"2301\"><strong data-start=\"2176\" data-end=\"2199\">Ecosistema de accesorios<\/strong>: empu&ntilde;aduras de pistola, fundas, cargadores con varias ranuras, complementos RFID y perif&eacute;ricos de voz se adaptan a diversas funciones.<\/p>\n<\/li>\n<\/ul><h2 data-start=\"2303\" data-end=\"2349\">Principales ventajas de Honeywell Intermec CN51<\/h2><h3 data-start=\"2351\" data-end=\"2390\">Dise&ntilde;ado para los entornos m&aacute;s duros<\/h3><p data-start=\"2391\" data-end=\"2599\">Sellado contra el polvo y la lluvia y probado para ca&iacute;das repetidas de 1,5 m y 1.000 volteretas, el dispositivo prospera en patios, &aacute;reas de preparaci&oacute;n y en la carretera. Los equipos siguen siendo productivos sin necesidad de utilizar un fr&aacute;gil hardware de consumo. <\/p><h3 data-start=\"2601\" data-end=\"2633\">Pantalla grande, mejores flujos de trabajo<\/h3><p data-start=\"2634\" data-end=\"2835\">Una brillante pantalla de 4,0&Prime; ofrece m&aacute;s espacio para listas de tareas, confirmaciones de picking y firmas. Las teclas f&iacute;sicas y t&aacute;ctiles resistivas, aptas para guantes, agilizan la navegaci&oacute;n TE y la introducci&oacute;n num&eacute;rica cuando el rendimiento es importante. <\/p><h3 data-start=\"2837\" data-end=\"2871\">Energ&iacute;a para todo el d&iacute;a<\/h3><p data-start=\"2872\" data-end=\"3069\">El paquete inteligente de ~3920 mAh, combinado con un procesamiento eficiente, alimenta turnos completos. Las m&eacute;tricas de salud ayudan al departamento de IT a rotar las bater&iacute;as antes de que fallen, reduciendo los tiempos de inactividad sorpresa y manteniendo las rutas seg&uacute;n lo previsto. <\/p><h3 data-start=\"3071\" data-end=\"3110\">Conectividad y flujo de datos sin fisuras<\/h3><p data-start=\"3111\" data-end=\"3328\">Wi-Fi empresarial de doble banda con itinerancia, Bluetooth para perif&eacute;ricos y WWAN\/GPS opcional (en modelos espec&iacute;ficos) para que las aplicaciones respondan desde el pasillo hasta el cami&oacute;n. Los soportes estandarizados simplifican la carga y la sincronizaci&oacute;n entre flotas. <\/p><h3 data-start=\"3330\" data-end=\"3350\">Listo para flotas<\/h3><p data-start=\"3351\" data-end=\"3557\">Las configuraciones Windows Embedded Handheld 6.5 o Android (en funci&oacute;n del modelo) admiten migraciones escalonadas. El aprovisionamiento basado en clonaci&oacute;n\/escaneado y los conocidos accesorios FlexDock agilizan las implantaciones, las reparaciones y los repuestos. <\/p><h2 data-start=\"3559\" data-end=\"3577\">Casos de uso ideales<\/h2><ul data-start=\"3578\" data-end=\"4223\">\n<li data-start=\"3578\" data-end=\"3714\">\n<p data-start=\"3580\" data-end=\"3714\"><strong data-start=\"3580\" data-end=\"3606\">Transporte y Cross-Dock<\/strong> &ndash; Validaci&oacute;n de entrada\/salida, construcci&oacute;n de cargas y trabajo de patio donde el tama&ntilde;o peque&ntilde;o y el tiempo de actividad rugged son cr&iacute;ticos.<\/p>\n<\/li>\n<li data-start=\"3715\" data-end=\"3855\">\n<p data-start=\"3717\" data-end=\"3855\"><strong data-start=\"3717\" data-end=\"3747\">Almacenamiento y distribuci&oacute;n<\/strong> &ndash; Recogida de cajas\/pal&eacute;s, recuentos c&iacute;clicos y reposici&oacute;n mediante clientes TE y escaneado r&aacute;pido tolerante al movimiento.<\/p>\n<\/li>\n<li data-start=\"3856\" data-end=\"3976\">\n<p data-start=\"3858\" data-end=\"3976\"><strong data-start=\"3858\" data-end=\"3886\">Trastienda y tiendas minoristas<\/strong> &ndash; Comprobaci&oacute;n de precios, recepci&oacute;n e inventario con Wi-Fi fiable y velocidad centrada en el teclado.<\/p>\n<\/li>\n<li data-start=\"3977\" data-end=\"4099\">\n<p data-start=\"3979\" data-end=\"4099\"><strong data-start=\"3979\" data-end=\"4006\">Servicio de campo (in situ)<\/strong>: comprobaciones de activos y registros de servicio basados en instalaciones; las variantes WWAN se extienden a rutas por carretera.<\/p>\n<\/li>\n<li data-start=\"4100\" data-end=\"4223\">\n<p data-start=\"4102\" data-end=\"4223\"><strong data-start=\"4102\" data-end=\"4130\">Fabricaci&oacute;n y montaje<\/strong> &ndash; Seguimiento de materiales en l&iacute;nea y actualizaciones de WIP con opciones de acoplamiento para bancos y veh&iacute;culos.<\/p>\n<\/li>\n<\/ul><h2 data-start=\"4225\" data-end=\"4279\">Comparaciones de productos para Honeywell Intermec CN51<\/h2><ul data-start=\"4280\" data-end=\"4720\">\n<li data-start=\"4280\" data-end=\"4426\">\n<p data-start=\"4282\" data-end=\"4426\"><a href=\"https:\/\/micronordic.com\/product\/honeywell-intermec-ck71-mobile-handheld-computer-refurbished\/\"><strong data-start=\"4282\" data-end=\"4309\">Honeywell Intermec CK71<\/strong><\/a> &ndash; Alternativa ultrarresistente con mayor tolerancia a ca&iacute;das y sellado IP67 para los entornos m&aacute;s duros, fr&iacute;os o h&uacute;medos.<\/p>\n<\/li>\n<li data-start=\"4427\" data-end=\"4574\">\n<p data-start=\"4429\" data-end=\"4574\"><a href=\"https:\/\/micronordic.com\/product\/honeywell-intermec-ck3x-mobile-handheld-computer-refurbished\/\"><strong data-start=\"4429\" data-end=\"4456\">Honeywell Intermec CK3X<\/strong><\/a> &ndash; Teclado de formato similar optimizado para su uso en almacenes con opciones de lectura de alcance ampliado y continuidad de accesorios.<\/p>\n<\/li>\n<li data-start=\"4575\" data-end=\"4720\">\n<p data-start=\"4577\" data-end=\"4720\"><a href=\"https:\/\/micronordic.com\/product\/honeywell-intermec-cn70-mobile-handheld-computer-refurbished\/\"><strong data-start=\"4577\" data-end=\"4604\">Honeywell Intermec CN70<\/strong><\/a> &ndash; Dispositivo de mano ultrarresistente m&aacute;s compacto para condiciones de campo exigentes en las que la m&aacute;xima resistencia y el tama&ntilde;o reducido son fundamentales.<\/p>\n<\/li>\n<\/ul><div class=\"contain-inline-size rounded-2xl relative bg-token-sidebar-surface-primary\">\n<div class=\"sticky top-9\">\n<div class=\"absolute end-0 bottom-0 flex h-9 items-center pe-2\">\n<div class=\"bg-token-bg-elevated-secondary text-token-text-secondary flex items-center gap-4 rounded-sm px-2 font-sans text-xs\"><\/div>\n<\/div>\n<\/div>\n<div class=\"overflow-y-auto p-4\" dir=\"ltr\"><\/div>\n<\/div>\n","protected":false},"excerpt":{"rendered":"<p>SELECCIONE UNA VARIANTE Ll\u00e1menos si necesita ayuda para encontrar la variante de producto adecuada. <\/p>\n<h3>Especificaciones:<\/h3>\n<ul>\n<li><strong>Pantalla:<\/strong> 4,0&#8243; WVGA (480\u00d7800) multit\u00e1ctil, visible en exteriores<\/li>\n<li><strong>Procesador:<\/strong> TI OMAP 4470 de doble n\u00facleo a 1,5 GHz<\/li>\n<li><strong>Gr\u00e1ficos:<\/strong> GPU m\u00f3vil integrada<\/li>\n<li><strong>Memoria:<\/strong> 1 GB RAM<\/li>\n<li><strong>Almacenamiento:<\/strong> 16 GB flash; microSD de hasta 32 GB<\/li>\n<li><strong>Conectividad:<\/strong> Wi-Fi 802.11 a\/b\/g\/n, Bluetooth; WWAN+GPS opcional (seg\u00fan modelo); USB host\/cliente; FlexDock<\/li>\n<li><strong>Certificaciones rugged:<\/strong> IP64; 26 ca\u00eddas a 1,5 m; 1.000 ca\u00eddas a 0,5 m<\/li>\n<li><strong>Seguridad:<\/strong> WPA2-Enterprise, 802.1X; cifrado de dispositivos y compatibilidad con MDM\/TE<\/li>\n<li><strong>Bater\u00eda:<\/strong> Smart Li-ion ~3920 mAh, reemplazable in situ<\/li>\n<li><strong>Dimensiones y peso:<\/strong> 164 \u00d7 74 \u00d7 28-32 mm; ~350 g (con bater\u00eda)<\/li>\n<li><strong>Garant\u00eda:<\/strong> EX-DEMO 12 meses de garant\u00eda de Micro Nordic<\/li>\n<\/ul>\n<p><strong>Elija el modelo correcto antes de a\u00f1adirlo a la cesta.<\/strong><\/p>\n","protected":false},"author":16,"featured_media":100645,"template":"","meta":{"_acf_changed":false,"inline_featured_image":false},"product-condition":[5283],"product_brand":[8972],"product_cat":[5116,5122,5115],"product_tag":[4877],"class_list":{"0":"post-45876","1":"product","2":"type-product","3":"status-publish","4":"has-post-thumbnail","6":"product-condition-ex-demo","7":"product_brand-honeywell-intermec","8":"product_cat-honeywell-intermec","9":"product_cat-all-barcode-scanners","10":"product_cat-refurbished-rugged-hardware","11":"product_tag-wrd-es","12":"pa_model-part-number-cn51an1kcu2w3000","13":"pa_model-part-number-cn51an1kn00a2000","14":"pa_model-part-number-cn51an1kn00w0000","15":"pa_model-part-number-cn51an1kn00w2000","16":"pa_model-part-number-cn51an1scu2w3000","17":"pa_model-part-number-cn51an1snu2w1000","18":"pa_model-part-number-cn51aq1kc00w0000","19":"pa_model-part-number-cn51aq1kcu2w1000","20":"pa_model-part-number-cn51aq1kn00w0000","21":"pa_model-part-number-cn51aq1knu2w1000","23":"first","24":"instock","25":"taxable","26":"shipping-taxable","27":"purchasable","28":"product-type-variable"},"acf":[],"_links":{"self":[{"href":"https:\/\/micronordic.com\/es\/wp-json\/wp\/v2\/product\/45876","targetHints":{"allow":["GET"]}}],"collection":[{"href":"https:\/\/micronordic.com\/es\/wp-json\/wp\/v2\/product"}],"about":[{"href":"https:\/\/micronordic.com\/es\/wp-json\/wp\/v2\/types\/product"}],"author":[{"embeddable":true,"href":"https:\/\/micronordic.com\/es\/wp-json\/wp\/v2\/users\/16"}],"version-history":[{"count":2,"href":"https:\/\/micronordic.com\/es\/wp-json\/wp\/v2\/product\/45876\/revisions"}],"predecessor-version":[{"id":98667,"href":"https:\/\/micronordic.com\/es\/wp-json\/wp\/v2\/product\/45876\/revisions\/98667"}],"wp:featuredmedia":[{"embeddable":true,"href":"https:\/\/micronordic.com\/es\/wp-json\/wp\/v2\/media\/100645"}],"wp:attachment":[{"href":"https:\/\/micronordic.com\/es\/wp-json\/wp\/v2\/media?parent=45876"}],"wp:term":[{"taxonomy":"product-condition","embeddable":true,"href":"https:\/\/micronordic.com\/es\/wp-json\/wp\/v2\/product-condition?post=45876"},{"taxonomy":"product_brand","embeddable":true,"href":"https:\/\/micronordic.com\/es\/wp-json\/wp\/v2\/product_brand?post=45876"},{"taxonomy":"product_cat","embeddable":true,"href":"https:\/\/micronordic.com\/es\/wp-json\/wp\/v2\/product_cat?post=45876"},{"taxonomy":"product_tag","embeddable":true,"href":"https:\/\/micronordic.com\/es\/wp-json\/wp\/v2\/product_tag?post=45876"}],"curies":[{"name":"wp","href":"https:\/\/api.w.org\/{rel}","templated":true}]}}