{"id":45870,"date":"2022-01-01T13:52:35","date_gmt":"2022-01-01T12:52:35","guid":{"rendered":"https:\/\/micronordic.com\/product\/panasonic-toughbook-cf-33-cf33-mk2-nuevo\/"},"modified":"2025-11-18T17:32:34","modified_gmt":"2025-11-18T16:32:34","slug":"panasonic-toughbook-cf-33","status":"publish","type":"product","link":"https:\/\/micronordic.com\/es\/product\/panasonic-toughbook-cf-33\/","title":{"rendered":"Panasonic Toughbook 33 MK1-MK4 (NUEVO)"},"content":{"rendered":"<?xml encoding=\"utf-8\" ?><h2 data-start=\"389\" data-end=\"430\">Panasonic Toughbook 33 (MK1, MK2, MK3, MK4)<\/h2><p data-start=\"432\" data-end=\"801\">El <strong data-start=\"436\" data-end=\"470\">Panasonic Toughbook 33 (CF-33<\/strong> ) es uno de los port&aacute;tiles 2 en 1 totalmente rugged m&aacute;s emblem&aacute;ticos del mercado, ya que combina durabilidad, rendimiento y flexibilidad en una &uacute;nica plataforma. Dise&ntilde;ado para profesionales que operan en los entornos m&aacute;s exigentes, este dispositivo h&iacute;brido alterna a la perfecci&oacute;n entre los modos laptop y Tablet para adaptarse a cualquier situaci&oacute;n sobre el terreno. <\/p><p data-start=\"803\" data-end=\"1221\">Disponible en <strong data-start=\"816\" data-end=\"849\">las generaciones MK1, MK2, MK3 y MK4<\/strong>, el Toughbook 33 sigue evolucionando con una potencia de procesamiento mejorada, una mayor conectividad y una compatibilidad ampliada con accesorios. Los clientes de <strong data-start=\"1001\" data-end=\"1017\">Micro Nordic<\/strong> pueden configurar el <strong data-start=\"1036\" data-end=\"1052\">Toughbook<\/strong> 33 como <em data-start=\"1056\" data-end=\"1061\">NUEVO<\/em> o <em data-start=\"1065\" data-end=\"1086\">CERTIFICADO DE OCASI&Oacute;N<\/em>, lo que les permite equilibrar el rendimiento, la longevidad y la rentabilidad al tiempo que mantienen los est&aacute;ndares rugged l&iacute;deres del sector de Panasonic. Los <strong data-start=\"139\" data-end=\"201\">modelos NUEVOS incluyen una garant&iacute;a est&aacute;ndar del fabricante de 3 a&ntilde;os<\/strong>, asegurando fiabilidad y soporte a largo plazo, mientras que <strong data-start=\"253\" data-end=\"310\">las unidades CERTIFIED PRE-OWNED vienen con una garant&iacute;a de 12 meses<\/strong>, proporcionando un excelente valor respaldado por un minucioso reacondicionamiento y pruebas de calidad. <\/p><h2 data-start=\"1223\" data-end=\"1271\">Caracter&iacute;sticas principales del Panasonic Toughbook FZ-33<\/h2><ul data-start=\"1273\" data-end=\"3018\">\n<li data-start=\"1273\" data-end=\"1465\">\n<p data-start=\"1275\" data-end=\"1465\"><strong data-start=\"1275\" data-end=\"1298\">Dise&ntilde;o Fully Rugged<\/strong>: certificaci&oacute;n MIL-STD-810H e IP65, a prueba de ca&iacute;das desde 1,2 m y resistente a las vibraciones, el polvo y la entrada de agua. Dise&ntilde;ado para soportar condiciones extremas sobre el terreno. <\/p>\n<\/li>\n<li data-start=\"1466\" data-end=\"1648\">\n<p data-start=\"1468\" data-end=\"1648\"><strong data-start=\"1468\" data-end=\"1502\">Factor de forma convertible 2 en 1<\/strong>: el teclado desmontable transforma el dispositivo de un potente laptop a una Tablet totalmente funcional en cuesti&oacute;n de segundos, lo que permite una versatilidad inigualable.<\/p>\n<\/li>\n<li data-start=\"1649\" data-end=\"1858\">\n<p data-start=\"1651\" data-end=\"1858\"><strong data-start=\"1651\" data-end=\"1689\">Procesadores Intel&reg; de alto rendimiento<\/strong>: los modelos MK1 incorporan CPU Intel&reg; Core&trade; de 7&ordf; generaci&oacute;n, los MK2 se actualizan a la 10&ordf; generaci&oacute;n y los MK3 integran procesadores Intel&reg; Core&trade; i5\/i7 de 12&ordf; generaci&oacute;n para ofrecer velocidad y eficiencia de primer nivel. MK4 va m&aacute;s all&aacute; con los procesadores Intel&reg; de 13&ordf; generaci&oacute;n. <\/p>\n<\/li>\n<li data-start=\"1859\" data-end=\"2060\">\n<p data-start=\"1861\" data-end=\"2060\"><strong data-start=\"1861\" data-end=\"1892\">Tecnolog&iacute;a de pantalla avanzada<\/strong>: pantalla t&aacute;ctil QHD (2160&times;1440) de 12,0&Prime; con hasta 1200 nits de brillo para una legibilidad excepcional en exteriores. Admite la introducci&oacute;n de datos con guantes, bajo la lluvia y con l&aacute;piz t&aacute;ctil para su uso sobre el terreno. <\/p>\n<\/li>\n<li data-start=\"2061\" data-end=\"2212\">\n<p data-start=\"2063\" data-end=\"2212\"><strong data-start=\"2063\" data-end=\"2095\">Bater&iacute;as<\/strong> duales <strong data-start=\"2063\" data-end=\"2095\">intercambiables en caliente<\/strong>: autonom&iacute;a continua gracias a las bater&iacute;as duales f&aacute;cilmente reemplazables, perfectas para misiones prolongadas y turnos sobre el terreno.<\/p>\n<\/li>\n<li data-start=\"2213\" data-end=\"2400\">\n<p data-start=\"2215\" data-end=\"2400\"><strong data-start=\"2215\" data-end=\"2248\">Opciones de conectividad<\/strong> flexibles: Wi-Fi 6, Bluetooth 5.1, 4G\/5G LTE opcional y GPS. Los puertos de E\/S heredados incluyen USB-A, USB-C, HDMI, Ethernet y microSD para una compatibilidad total. <\/p>\n<\/li>\n<li data-start=\"2401\" data-end=\"2541\">\n<p data-start=\"2403\" data-end=\"2541\"><strong data-start=\"2403\" data-end=\"2430\">Paquete de seguridad mejorada<\/strong>: TPM 2.0, esc&aacute;ner de huellas dactilares opcional, lectores de tarjetas inteligentes y RFID, adem&aacute;s del reconocimiento facial Windows Hello.<\/p>\n<\/li>\n<li data-start=\"2542\" data-end=\"2707\">\n<p data-start=\"2544\" data-end=\"2707\"><strong data-start=\"2544\" data-end=\"2577\">Ampliabilidad de &uacute;ltima generaci&oacute;n<\/strong>: el dise&ntilde;o modular con bases opcionales, soportes para veh&iacute;culos y bases para teclados garantiza que el Toughbook 33 se integre en cualquier flujo de trabajo.<\/p>\n<\/li>\n<li data-start=\"2708\" data-end=\"2873\">\n<p data-start=\"2710\" data-end=\"2873\"><strong data-start=\"2710\" data-end=\"2746\">Disponibilidad de productos de segunda mano certificados<\/strong>: los modelos de segunda mano de Micro Nordic se someten a un proceso completo de reacondicionamiento y pruebas para restablecer su estado y funcionalidad casi nuevos.<\/p>\n<\/li>\n<li data-start=\"2874\" data-end=\"3018\">\n<p data-start=\"2876\" data-end=\"3018\"><strong data-start=\"2876\" data-end=\"2902\">Larga vida &uacute;til<\/strong>: la plataforma Toughbook 33 mantiene la compatibilidad de accesorios entre generaciones para simplificar la gesti&oacute;n de flotas.<\/p>\n<\/li>\n<\/ul><h2 data-start=\"3020\" data-end=\"3065\">Principales ventajas del Panasonic Toughbook 33<\/h2><h3 data-start=\"3067\" data-end=\"3113\">Dise&ntilde;o convertible para una m&aacute;xima versatilidad<\/h3><p data-start=\"3114\" data-end=\"3406\">El <strong data-start=\"3118\" data-end=\"3144\">Panasonic Toughbook 33<\/strong> ofrece una aut&eacute;ntica experiencia 2 en 1. Los usuarios pueden desmontar el teclado para utilizarlo como Tablet en espacios reducidos o volver a acoplarlo para disfrutar de todas las funciones de un laptop. Este formato h&iacute;brido ofrece lo mejor de ambos mundos a los profesionales de los servicios p&uacute;blicos, la defensa y la respuesta a emergencias.  <\/p><h3 data-start=\"3408\" data-end=\"3436\">Robustez en la que puede confiar<\/h3><p data-start=\"3437\" data-end=\"3670\">La CF-33 est&aacute; dise&ntilde;ada para resistir ca&iacute;das, polvo y condiciones meteorol&oacute;gicas adversas sin dejar de ser totalmente operativa. Con protecci&oacute;n IP65 y certificaci&oacute;n MIL-STD-810H, ofrece un rendimiento fiable en entornos industriales, exteriores y montados en veh&iacute;culos. <\/p><h3 data-start=\"3672\" data-end=\"3719\">Rendimiento de vanguardia para todas las generaciones<\/h3><p data-start=\"3720\" data-end=\"4008\">Cada generaci&oacute;n mejora el rendimiento y la eficiencia. Los procesadores Intel&reg; de 13&ordf; generaci&oacute;n del MK4 ofrecen mejoras sustanciales en velocidad y gesti&oacute;n de la energ&iacute;a, lo que hace que la multitarea y las aplicaciones complejas sean m&aacute;s fluidas que nunca, sin dejar de ser compatibles con bases y accesorios anteriores. <\/p><h3 data-start=\"4010\" data-end=\"4044\">Visualizaci&oacute;n y facilidad de uso superiores<\/h3><p data-start=\"4045\" data-end=\"4302\">Su pantalla QHD de 12&Prime; legible a la luz del sol con 1200 nits de brillo garantiza una visibilidad perfecta incluso bajo la luz solar directa. El soporte multientrada de la pantalla t&aacute;ctil permite a los usuarios trabajar eficazmente con guantes o l&aacute;piz &oacute;ptico, lo que mejora la productividad en condiciones de campo. <\/p><h3 data-start=\"4304\" data-end=\"4334\">Configurable seg&uacute;n sus necesidades<\/h3><p data-start=\"4335\" data-end=\"4616\">Con <strong data-start=\"4340\" data-end=\"4356\">Micro Nordic<\/strong>, los clientes pueden elegir entre configuraciones <em data-start=\"4387\" data-end=\"4392\">NUEVAS<\/em> o <em data-start=\"4396\" data-end=\"4417\">PREVENTA CERTIFICADA<\/em> del Toughbook 33. Los modelos de segunda mano han sido reacondicionados y probados para cumplir los est&aacute;ndares de calidad originales de Panasonic, lo que resulta ideal para organizaciones que buscan durabilidad con una inversi&oacute;n menor. <\/p><h2 data-start=\"4618\" data-end=\"4636\">Casos de uso ideales<\/h2><ul data-start=\"4638\" data-end=\"5165\">\n<li data-start=\"4638\" data-end=\"4733\">\n<p data-start=\"4640\" data-end=\"4733\"><strong data-start=\"4640\" data-end=\"4661\">Ingenier&iacute;a de campo<\/strong>: factor de forma adaptable perfecto para equipos t&eacute;cnicos que trabajan in situ.<\/p>\n<\/li>\n<li data-start=\"4734\" data-end=\"4840\">\n<p data-start=\"4736\" data-end=\"4840\"><strong data-start=\"4736\" data-end=\"4765\">Seguridad p&uacute;blica y defensa<\/strong>: inform&aacute;tica fiable para unidades policiales, militares y de respuesta a emergencias.<\/p>\n<\/li>\n<li data-start=\"4841\" data-end=\"4942\">\n<p data-start=\"4843\" data-end=\"4942\"><strong data-start=\"4843\" data-end=\"4867\">Servicios p&uacute;blicos y energ&iacute;a<\/strong>: fabricados para soportar el polvo, las vibraciones y la exposici&oacute;n en entornos exteriores.<\/p>\n<\/li>\n<li data-start=\"4943\" data-end=\"5052\">\n<p data-start=\"4945\" data-end=\"5052\"><strong data-start=\"4945\" data-end=\"4977\">Transporte y log&iacute;stica<\/strong> &ndash; Sistema compacto, montable y duradero para operaciones sobre el terreno en tiempo real.<\/p>\n<\/li>\n<li data-start=\"5053\" data-end=\"5165\">\n<p data-start=\"5055\" data-end=\"5165\"><strong data-start=\"5055\" data-end=\"5088\">Fabricaci&oacute;n y mantenimiento<\/strong> &ndash; Excelente rendimiento para diagn&oacute;stico, inventario y gesti&oacute;n de sistemas.<\/p>\n<\/li>\n<\/ul><h2 data-start=\"5167\" data-end=\"5189\">Comparaci&oacute;n de productos<\/h2><p data-start=\"5191\" data-end=\"5384\">El <strong data-start=\"5195\" data-end=\"5229\">Panasonic Toughbook 33 (CF-33)<\/strong> ofrece una flexibilidad inigualable como dispositivo 2 en 1 totalmente rugged. Para las empresas que buscan alternativas, Micro Nordic dispone de modelos similares: <\/p><ul data-start=\"5386\" data-end=\"5757\">\n<li data-start=\"5386\" data-end=\"5508\">\n<p data-start=\"5388\" data-end=\"5508\"><a href=\"https:\/\/micronordic.com\/product\/panasonic-toughbook-fz-40-mk1-i7new\/\"><strong data-start=\"5388\" data-end=\"5414\">Panasonic Toughbook 40<\/strong><\/a> &ndash; Una estaci&oacute;n de trabajo m&aacute;s grande de 14&Prime; totalmente rugged con una durabilidad extrema y un mayor rendimiento de la CPU.<\/p>\n<\/li>\n<li data-start=\"5509\" data-end=\"5623\">\n<p data-start=\"5511\" data-end=\"5623\"><a href=\"https:\/\/micronordic.com\/product\/getac-f110-touch-fully-rugged-tablet\/\"><strong data-start=\"5511\" data-end=\"5545\">Getac F110 Tablet totalmente rugged<\/strong><\/a> &ndash; Una Tablet Windows ligera de 11,6&Prime; dise&ntilde;ada para uso industrial y sobre el terreno.<\/p>\n<\/li>\n<li data-start=\"5624\" data-end=\"5757\">\n<p data-start=\"5626\" data-end=\"5757\"><a href=\"https:\/\/micronordic.com\/product\/dell-latitude-rugged-extreme-7230-tablet\/\"><strong data-start=\"5626\" data-end=\"5670\">Dell Latitude 7230 Rugged Extreme Tablet<\/strong> <\/a>&ndash; Tablet Windows totalmente rugged que ofrece una portabilidad similar con una conectividad moderna.<\/p>\n<\/li>\n<\/ul><div class=\"description-part-numbers\"><br>Part numbers<br>CF-33AEHAZTE | CF-33AEHKZTE | CF-33AEHUZTE | CF-33AEHABTE | CF-33AEPFBTE | CF-33AEHGZTE | CF-33AEHBZTE | CF-33AEQKZTE | CF-33AEQTZTE | CF-33AEQLZTE | CF-33AEQGBTE | CF-33AEQCZTE<\/div>\n","protected":false},"excerpt":{"rendered":"<h3>Especificaciones:<\/h3>\n<ul>\n<li><strong>Pantalla:<\/strong> Pantalla t\u00e1ctil QHD (2160\u00d71440) de 12,0&#8243;, brillo de 1.200 nits, compatible con guantes y l\u00e1piz \u00f3ptico.<\/li>\n<li><strong>Procesador:<\/strong> Intel\u00ae Core\u2122 i5 \/ i7 (MK1-MK3), hasta 12\u00aa generaci\u00f3n, vPro\u00ae opcional.<\/li>\n<li><strong>Gr\u00e1ficos:<\/strong> Gr\u00e1ficos Intel\u00ae UHD \/ Iris\u00ae Xe integrados<\/li>\n<li><strong>Memoria:<\/strong> 16 GB (modelo b\u00e1sico), ampliable a 32 GB RAM<\/li>\n<li><strong>Almacenamiento:<\/strong> 512 GB (modelo base), ampliable a 2 TB SSD<\/li>\n<li><strong>Conectividad:<\/strong> Wi-Fi 6, Bluetooth 5.1, 4G\/5G LTE opcional, GPS, USB-C, HDMI, Ethernet.<\/li>\n<li><strong>Certificaciones rugged:<\/strong> MIL-STD-810H, clasificaci\u00f3n IP65, resistente a ca\u00eddas<\/li>\n<li><strong>Seguridad:<\/strong> TPM 2.0, Windows Hello, lectores opcionales de huellas dactilares, tarjetas inteligentes y RFID.<\/li>\n<li><strong>Bater\u00eda:<\/strong> Bater\u00edas dobles intercambiables en caliente, hasta 20 horas de autonom\u00eda<\/li>\n<li><strong>Dimensiones y peso:<\/strong> 313 \u00d7 288 \u00d7 32,5 mm, aprox. 2,8 kg (con teclado) <\/li>\n<li><strong>Garant\u00eda:<\/strong> 3 a\u00f1os de garant\u00eda (NUEVO) o 12 meses de garant\u00eda (usado certificado)<\/li>\n<\/ul>\n","protected":false},"author":16,"featured_media":61160,"template":"","meta":{"_acf_changed":false,"inline_featured_image":false},"product-condition":[5247],"product_brand":[8978],"product_cat":[5124,5123,5118],"product_tag":[5816],"class_list":{"0":"post-45870","1":"product","2":"type-product","3":"status-publish","4":"has-post-thumbnail","6":"product-condition-new-in-box","7":"product_brand-panasonic","8":"product_cat-panasonic-toughbook","9":"product_cat-all-rugged-laptops","10":"product_cat-new-in-box-rugged-hardware","11":"product_tag-para-mas-informacion","13":"first","14":"instock","15":"taxable","16":"shipping-taxable","17":"purchasable","18":"product-type-simple"},"acf":[],"_links":{"self":[{"href":"https:\/\/micronordic.com\/es\/wp-json\/wp\/v2\/product\/45870","targetHints":{"allow":["GET"]}}],"collection":[{"href":"https:\/\/micronordic.com\/es\/wp-json\/wp\/v2\/product"}],"about":[{"href":"https:\/\/micronordic.com\/es\/wp-json\/wp\/v2\/types\/product"}],"author":[{"embeddable":true,"href":"https:\/\/micronordic.com\/es\/wp-json\/wp\/v2\/users\/16"}],"version-history":[{"count":2,"href":"https:\/\/micronordic.com\/es\/wp-json\/wp\/v2\/product\/45870\/revisions"}],"predecessor-version":[{"id":98339,"href":"https:\/\/micronordic.com\/es\/wp-json\/wp\/v2\/product\/45870\/revisions\/98339"}],"wp:featuredmedia":[{"embeddable":true,"href":"https:\/\/micronordic.com\/es\/wp-json\/wp\/v2\/media\/61160"}],"wp:attachment":[{"href":"https:\/\/micronordic.com\/es\/wp-json\/wp\/v2\/media?parent=45870"}],"wp:term":[{"taxonomy":"product-condition","embeddable":true,"href":"https:\/\/micronordic.com\/es\/wp-json\/wp\/v2\/product-condition?post=45870"},{"taxonomy":"product_brand","embeddable":true,"href":"https:\/\/micronordic.com\/es\/wp-json\/wp\/v2\/product_brand?post=45870"},{"taxonomy":"product_cat","embeddable":true,"href":"https:\/\/micronordic.com\/es\/wp-json\/wp\/v2\/product_cat?post=45870"},{"taxonomy":"product_tag","embeddable":true,"href":"https:\/\/micronordic.com\/es\/wp-json\/wp\/v2\/product_tag?post=45870"}],"curies":[{"name":"wp","href":"https:\/\/api.w.org\/{rel}","templated":true}]}}