{"id":47475,"date":"2022-11-01T11:30:36","date_gmt":"2022-11-01T10:30:36","guid":{"rendered":"https:\/\/micronordic.com\/product\/panasonic-toughbook-fz-40-fz40-mk2-i5-neu\/"},"modified":"2025-11-18T17:26:33","modified_gmt":"2025-11-18T16:26:33","slug":"panasonic-toughbook-fz-40-mk1-i7new","status":"publish","type":"product","link":"https:\/\/micronordic.com\/de\/product\/panasonic-toughbook-fz-40-mk1-i7new\/","title":{"rendered":"Panasonic Toughbook 40 MK1-MK2 (NEU)"},"content":{"rendered":"<?xml encoding=\"utf-8\" ?><h2 data-start=\"254\" data-end=\"295\">Panasonic Toughbook 40 MK1-MK2 (NEU)<\/h2><p data-start=\"297\" data-end=\"688\">Das <strong data-start=\"301\" data-end=\"327\">Panasonic Toughbook 40<\/strong> stellt die Spitze der robusten Laptop-Technologie dar. Es wurde f&uuml;r die Bereiche Verteidigung, Strafverfolgung, Au&szlig;endienst und Branchen entwickelt, in denen es auf kompromisslose Leistung und Haltbarkeit ankommt. Mit einem 14-Zoll-Display, das bei Tageslicht ablesbar ist, einem modularen Design und modernster Intel&reg;-Prozessorleistung bietet das Toughbook 40 ein ausgewogenes Verh&auml;ltnis zwischen fortschrittlicher Leistung und robuster Zuverl&auml;ssigkeit. <\/p><p data-start=\"690\" data-end=\"1015\">Bei <strong data-start=\"693\" data-end=\"709\">Micro Nordic<\/strong> ist das Toughbook 40 als <strong data-start=\"744\" data-end=\"763\">fabrikneues (NEW)<\/strong> Modell (mit 3 Jahren Garantie) oder als <strong data-start=\"777\" data-end=\"806\">Certified Pre-Owned (CPO) <\/strong>(mit 12 Monaten Garantie) erh&auml;ltlich. Damit haben Unternehmen die Wahl zwischen einer komplett neuen Investition oder einer general&uuml;berholten, kosteng&uuml;nstigen L&ouml;sung, die umfangreichen Tests und dem Austausch von Komponenten unterzogen wurde, um eine nahezu neuwertige Leistung zu erzielen.<\/p><h2 data-start=\"1017\" data-end=\"1064\">Die wichtigsten Merkmale des Panasonic Toughbook 40<\/h2><ul data-start=\"1066\" data-end=\"2092\">\n<li data-start=\"1066\" data-end=\"1198\">\n<p data-start=\"1068\" data-end=\"1198\"><strong data-start=\"1068\" data-end=\"1091\">Ultra-robustes Design<\/strong> &ndash; MIL-STD-810H und IP66-zertifiziert, resistent gegen St&uuml;rze, Wasser, Staub, Vibrationen und extreme Temperaturen.<\/p>\n<\/li>\n<li data-start=\"1199\" data-end=\"1321\">\n<p data-start=\"1201\" data-end=\"1321\"><strong data-start=\"1201\" data-end=\"1212\">Display<\/strong> &ndash; 14&Prime; FHD (1920&times;1080) tageslichttauglicher Touchscreen mit 1200 nits Helligkeit und handschuhgerechter Bedienbarkeit.<\/p>\n<\/li>\n<li data-start=\"1322\" data-end=\"1445\">\n<p data-start=\"1324\" data-end=\"1445\"><strong data-start=\"1324\" data-end=\"1337\">Prozessor<\/strong> &ndash; Intel&reg; Core&trade; i5 und i7 vPro&trade; Optionen der 11. Generation, entwickelt f&uuml;r Multitasking und anspruchsvolle Feldanwendungen.<\/p>\n<\/li>\n<li data-start=\"1446\" data-end=\"1503\">\n<p data-start=\"1448\" data-end=\"1503\"><strong data-start=\"1448\" data-end=\"1458\">Speicher<\/strong> &ndash; Konfigurierbar von 16 GB bis zu 64 GB RAM.<\/p>\n<\/li>\n<li data-start=\"1504\" data-end=\"1570\">\n<p data-start=\"1506\" data-end=\"1570\"><strong data-start=\"1506\" data-end=\"1517\">Speicher<\/strong> &ndash; Standard 512 GB NVMe SSD, erweiterbar auf bis zu 2 TB.<\/p>\n<\/li>\n<li data-start=\"1571\" data-end=\"1716\">\n<p data-start=\"1573\" data-end=\"1716\"><strong data-start=\"1573\" data-end=\"1594\">Modulare Erweiterung<\/strong> &ndash; Vier Erweiterungsbereiche erm&ouml;glichen die individuelle Anpassung mit optischen Laufwerken, Authentifizierungslesern, E\/A-Anschl&uuml;ssen oder einem zweiten Akku.<\/p>\n<\/li>\n<li data-start=\"1717\" data-end=\"1792\">\n<p data-start=\"1719\" data-end=\"1792\"><strong data-start=\"1719\" data-end=\"1735\">Konnektivit&auml;t<\/strong> &ndash; Wi-Fi 6, Bluetooth 5.1, optional 4G LTE\/5G und GPS.<\/p>\n<\/li>\n<li data-start=\"1793\" data-end=\"1899\">\n<p data-start=\"1795\" data-end=\"1899\"><strong data-start=\"1795\" data-end=\"1807\">Sicherheit<\/strong> &ndash; Unterst&uuml;tzung von Mehrfachauthentifizierung, einschlie&szlig;lich Smartcard, Fingerabdruck und Gesichtserkennung.<\/p>\n<\/li>\n<li data-start=\"1900\" data-end=\"1997\">\n<p data-start=\"1902\" data-end=\"1997\"><strong data-start=\"1902\" data-end=\"1913\">Akku<\/strong> &ndash; Zwei im laufenden Betrieb austauschbare Akkus mit bis zu 36 Stunden Laufzeit (mit zweitem Akku).<\/p>\n<\/li>\n<li data-start=\"1998\" data-end=\"2092\">\n<p data-start=\"2000\" data-end=\"2092\"><strong data-start=\"2000\" data-end=\"2018\">Konfigurationen<\/strong> &ndash; Erh&auml;ltlich in den Versionen <strong data-start=\"2039\" data-end=\"2046\">NEU<\/strong> und <strong data-start=\"2051\" data-end=\"2080\">Certified Pre-Owned (CPO)<\/strong>. Neuwagen haben standardm&auml;&szlig;ig eine 3-Jahres-Garantie. Certified Pre-Owned kommt mit 12 Monaten Garantie.  <\/p>\n<\/li>\n<\/ul><h2 data-start=\"2094\" data-end=\"2141\">Die wichtigsten Vorteile des Panasonic Toughbook 40<\/h2><h3 data-start=\"2143\" data-end=\"2194\">Rugged Performance f&uuml;r unternehmenskritische Aufgaben<\/h3><p data-start=\"2195\" data-end=\"2470\">Das Toughbook 40 wurde f&uuml;r die anspruchsvollsten Umgebungen entwickelt und ist nach MIL-STD-810H und IP66 zertifiziert, d. h. es ist nicht nur sto&szlig;fest, staub- und wasserdicht, sondern h&auml;lt auch extremen Umweltbedingungen stand. Das Geh&auml;use aus einer Magnesiumlegierung garantiert eine lange Lebensdauer. <\/p><h3 data-start=\"2472\" data-end=\"2509\">Gro&szlig;es, bei Tageslicht ablesbares Display<\/h3><p data-start=\"2510\" data-end=\"2713\">Der 14-Zoll-FHD-Touchscreen mit einer Helligkeit von 1200 nits sorgt f&uuml;r gute Sichtbarkeit in hellem Sonnenlicht oder unter schwierigen Bedingungen. Handschuhf&auml;higes Multi-Touch verbessert die Benutzerfreundlichkeit f&uuml;r Outdoor- und taktische Teams. <\/p><h3 data-start=\"2715\" data-end=\"2740\">Modulare Flexibilit&auml;t<\/h3><p data-start=\"2741\" data-end=\"2993\">Mit vier vom Benutzer konfigurierbaren Erweiterungssteckpl&auml;tzen passt sich das Toughbook 40 an unterschiedliche Arbeitsabl&auml;ufe an. Zu den Optionen geh&ouml;ren Barcodeleser, zus&auml;tzlicher Speicher, spezielle Anschl&uuml;sse oder zus&auml;tzliche Netzteile, was es zu einem der vielseitigsten rugged Laptops auf dem Markt macht. <\/p><h3 data-start=\"2995\" data-end=\"3040\">Lange Batterielebensdauer mit Hot-Swap-Unterst&uuml;tzung<\/h3><p data-start=\"3041\" data-end=\"3250\">Ausgestattet mit zwei im laufenden Betrieb austauschbaren Akkus bietet das Toughbook 40 eine Betriebszeit von bis zu 36 Stunden, wenn es mit einem zweiten Akku konfiguriert wird. Dies gew&auml;hrleistet einen kontinuierlichen Betrieb im Feldeinsatz ohne Ausfallzeiten. <\/p><h3 data-start=\"3252\" data-end=\"3310\">Optionen f&uuml;r jedes Budget: NEU oder Certified Pre-Owned<\/h3><p data-start=\"3311\" data-end=\"3770\">Bei <strong data-start=\"3314\" data-end=\"3330\">Micro Nordic<\/strong> haben Kunden die Wahl zwischen <strong data-start=\"3361\" data-end=\"3393\">brandneuen Toughbook 40-Ger&auml;ten<\/strong> und <strong data-start=\"3397\" data-end=\"3427\">zertifizierten Gebrauchtger&auml;ten<\/strong>. Die NEUEN Modelle bieten die neueste Hardware und vollen Garantiesupport, w&auml;hrend die zertifizierten Gebrauchtger&auml;te gr&uuml;ndlich &uuml;berholt, getestet und Komponenten ausgetauscht wurden und somit nahezu die gleiche Leistung zu einem geringeren Preis bieten. Dieses duale Angebot erm&ouml;glicht es Unternehmen, ihre Eink&auml;ufe sowohl auf betriebliche Anforderungen als auch auf Budgetbeschr&auml;nkungen abzustimmen.  <\/p><h2 data-start=\"3772\" data-end=\"3823\">Ideale Einsatzm&ouml;glichkeiten f&uuml;r das Panasonic Toughbook 40<\/h2><ul data-start=\"3825\" data-end=\"4367\">\n<li data-start=\"3825\" data-end=\"3927\">\n<p data-start=\"3827\" data-end=\"3927\"><strong data-start=\"3827\" data-end=\"3858\">Verteidigung und Strafverfolgung<\/strong> &ndash; Einsatzkritische Zuverl&auml;ssigkeit mit Multi-Authentifizierungssicherheit.<\/p>\n<\/li>\n<li data-start=\"3928\" data-end=\"4040\">\n<p data-start=\"3930\" data-end=\"4040\"><strong data-start=\"3930\" data-end=\"3961\">Versorgungsunternehmen und Au&szlig;endienst<\/strong> &ndash; Hot-swap-f&auml;hige Batterien und modulare Erweiterungen f&uuml;r flexible Au&szlig;eneins&auml;tze.<\/p>\n<\/li>\n<li data-start=\"4041\" data-end=\"4145\">\n<p data-start=\"4043\" data-end=\"4145\"><strong data-start=\"4043\" data-end=\"4079\">Fertigung und Schwerindustrie<\/strong> &ndash; Robuste Widerstandsf&auml;higkeit gegen Vibrationen, Staub und extreme Bedingungen.<\/p>\n<\/li>\n<li data-start=\"4146\" data-end=\"4247\">\n<p data-start=\"4148\" data-end=\"4247\"><strong data-start=\"4148\" data-end=\"4180\">Transport und Logistik<\/strong> &ndash; Lange Laufzeit und GPS-Konnektivit&auml;t f&uuml;r mobiles Flottenmanagement.<\/p>\n<\/li>\n<li data-start=\"4248\" data-end=\"4367\">\n<p data-start=\"4250\" data-end=\"4367\"><strong data-start=\"4250\" data-end=\"4290\">&Ouml;ffentliche Sicherheit und Notfalldienste<\/strong> &ndash; Gro&szlig;es Display und starke drahtlose Verbindungen f&uuml;r Echtzeiteins&auml;tze.<\/p>\n<\/li>\n<\/ul><h2 data-start=\"4369\" data-end=\"4430\">Produkt-Vergleiche: Panasonic Toughbook 40-Alternativen<\/h2><p data-start=\"4432\" data-end=\"4532\">F&uuml;r Unternehmen, die nach Alternativen suchen, sind bei Micro Nordic auch andere rugged Laptops erh&auml;ltlich:<\/p><ul data-start=\"4534\" data-end=\"4923\">\n<li data-start=\"4534\" data-end=\"4659\">\n<p data-start=\"4536\" data-end=\"4659\"><a href=\"https:\/\/micronordic.com\/product\/panasonic-toughbook-fz-55\/\"><strong data-start=\"4536\" data-end=\"4562\">Panasonic Toughbook 55<\/strong> <\/a>&ndash; Ein semi-robustes, modulares Laptop, das ein geringeres Gewicht und flexible Erweiterungsm&ouml;glichkeiten zu geringeren Kosten bietet.<\/p>\n<\/li>\n<li data-start=\"4660\" data-end=\"4787\">\n<p data-start=\"4662\" data-end=\"4787\"><a href=\"https:\/\/micronordic.com\/product\/getac-b360-g2-fully-rugged-laptop\/\"><strong data-start=\"4662\" data-end=\"4699\">Getac B360 G2 Fully Rugged Laptop<\/strong><\/a> &ndash; Ein 13,3&Prime; Fully Rugged Laptop mit Windows, der f&uuml;r den mobilen Einsatz in rauen Umgebungen entwickelt wurde.<\/p>\n<\/li>\n<li data-start=\"4788\" data-end=\"4923\">\n<p data-start=\"4790\" data-end=\"4923\"><a href=\"https:\/\/micronordic.com\/product\/dell-latitude-7330-rugged-extreme\/\"><strong data-start=\"4790\" data-end=\"4834\">Dell Latitude 7330 Rugged Extreme Laptop<\/strong><\/a> &ndash; Ein vollst&auml;ndig ruggedes 13,3&Prime; Laptop, das Robustheit mit starker Unternehmensintegration verbindet.<\/p>\n<\/li>\n<\/ul>\n","protected":false},"excerpt":{"rendered":"<h3>Spezifikationen:<\/h3>\n<ul>\n<li><strong>Bildschirm:<\/strong> 14\u2033 FHD (1920\u00d71080), 1200 nits tageslichttauglicher Touchscreen<\/li>\n<li><strong>Prozessor:<\/strong> Intel\u00ae Core\u2122 i5\/i7 vPro\u2122, 11. Generation<\/li>\n<li><strong>Grafik:<\/strong> Integrierte Intel\u00ae Iris\u00ae Xe-Grafik<\/li>\n<li><strong>Speicher:<\/strong> 16 GB (Basismodell), aufr\u00fcstbar auf 64 GB RAM<\/li>\n<li><strong>Speicher:<\/strong> 512 GB (Basismodell), aufr\u00fcstbar auf 2 TB NVMe SSD<\/li>\n<li><strong>Konnektivit\u00e4t:<\/strong> Wi-Fi 6, Bluetooth 5.1, optional 4G LTE\/5G, GPS<\/li>\n<li><strong>Rugged-Zertifizierungen:<\/strong> MIL-STD-810H, IP66<\/li>\n<li><strong>Erweiterung:<\/strong> Vier modulare Steckpl\u00e4tze f\u00fcr Speicher, Anschl\u00fcsse oder Authentifizierungsleser<\/li>\n<li><strong>Akku:<\/strong> Zwei im laufenden Betrieb austauschbare Batterien, bis zu 36 Stunden Laufzeit (mit zweiter Batterie)<\/li>\n<li><strong>Abmessungen und Gewicht:<\/strong> 354 \u00d7 301 \u00d7 54,4 mm, ca. 3,35 kg <\/li>\n<li><strong>Garantie:<\/strong> 3 Jahre Garantie (NEU) oder 12 Monate Garantie (Certified Pre-Owned)<\/li>\n<\/ul>\n","protected":false},"author":24,"featured_media":99842,"template":"","meta":{"_acf_changed":false,"inline_featured_image":false},"product-condition":[5251],"product_brand":[8990],"product_cat":[5101,5095,5100],"product_tag":[],"class_list":{"0":"post-47475","1":"product","2":"type-product","3":"status-publish","4":"has-post-thumbnail","6":"product-condition-new-in-box","7":"product_brand-panasonic","8":"product_cat-panasonic-toughbook","9":"product_cat-all-rugged-laptops","10":"product_cat-new-in-box-rugged-hardware","12":"first","13":"instock","14":"taxable","15":"shipping-taxable","16":"purchasable","17":"product-type-simple"},"acf":[],"_links":{"self":[{"href":"https:\/\/micronordic.com\/de\/wp-json\/wp\/v2\/product\/47475","targetHints":{"allow":["GET"]}}],"collection":[{"href":"https:\/\/micronordic.com\/de\/wp-json\/wp\/v2\/product"}],"about":[{"href":"https:\/\/micronordic.com\/de\/wp-json\/wp\/v2\/types\/product"}],"author":[{"embeddable":true,"href":"https:\/\/micronordic.com\/de\/wp-json\/wp\/v2\/users\/24"}],"version-history":[{"count":2,"href":"https:\/\/micronordic.com\/de\/wp-json\/wp\/v2\/product\/47475\/revisions"}],"predecessor-version":[{"id":98320,"href":"https:\/\/micronordic.com\/de\/wp-json\/wp\/v2\/product\/47475\/revisions\/98320"}],"wp:featuredmedia":[{"embeddable":true,"href":"https:\/\/micronordic.com\/de\/wp-json\/wp\/v2\/media\/99842"}],"wp:attachment":[{"href":"https:\/\/micronordic.com\/de\/wp-json\/wp\/v2\/media?parent=47475"}],"wp:term":[{"taxonomy":"product-condition","embeddable":true,"href":"https:\/\/micronordic.com\/de\/wp-json\/wp\/v2\/product-condition?post=47475"},{"taxonomy":"product_brand","embeddable":true,"href":"https:\/\/micronordic.com\/de\/wp-json\/wp\/v2\/product_brand?post=47475"},{"taxonomy":"product_cat","embeddable":true,"href":"https:\/\/micronordic.com\/de\/wp-json\/wp\/v2\/product_cat?post=47475"},{"taxonomy":"product_tag","embeddable":true,"href":"https:\/\/micronordic.com\/de\/wp-json\/wp\/v2\/product_tag?post=47475"}],"curies":[{"name":"wp","href":"https:\/\/api.w.org\/{rel}","templated":true}]}}