{"id":47465,"date":"2012-01-21T17:12:01","date_gmt":"2012-01-21T16:12:01","guid":{"rendered":"https:\/\/micronordic.com\/product\/zebra-tc77hl-mobiler-handheld-computer-wiederaufbereitet\/"},"modified":"2025-11-20T16:13:27","modified_gmt":"2025-11-20T15:13:27","slug":"zebra-tc77-mobile-handheld-computer-refurbished","status":"publish","type":"product","link":"https:\/\/micronordic.com\/de\/product\/zebra-tc77-mobile-handheld-computer-refurbished\/","title":{"rendered":"Zebra TC77 Handheld Mobile Computer (EX-DEMO)"},"content":{"rendered":"<?xml encoding=\"utf-8\" ?><h2 data-start=\"0\" data-end=\"70\">Zebra TC77 &ndash; Ultra-robuster Touch-Computer f&uuml;r Unternehmen (NEU &amp; EX-DEMO)<\/h2><p data-start=\"72\" data-end=\"650\">Der <strong data-start=\"76\" data-end=\"90\">Zebra TC77<\/strong> ist ein ultrarobuster Android-Touch-Computer, der f&uuml;r Teams entwickelt wurde, die au&szlig;erhalb der eigenen vier W&auml;nde arbeiten &ndash; Fahrer, Au&szlig;endiensttechniker, Versorgungsteams und Mitarbeiter an der Stra&szlig;enseite, die zuverl&auml;ssiges Scannen, ganzt&auml;gige Stromversorgung und erstklassige Konnektivit&auml;t ben&ouml;tigen. Ein helles 4,7-Zoll-HD-Display, ein integrierter 1D\/2D-Imager und die Snapdragon 660-Plattform sorgen daf&uuml;r, dass Arbeitsabl&auml;ufe auch bei Regen, Staub, Hitze und K&auml;lte reaktionsschnell sind. Im Vergleich zu fr&uuml;heren TC7x-Generationen bietet das TC77 eine schnellere Verarbeitung, 4 GB RAM\/32 GB Flash, Bluetooth 5.0 und Enterprise-Wi-Fi mit 2&times;2 MU-MIMO, um die Betriebszeit von Apps und die Stabilit&auml;t beim Roaming zu gew&auml;hrleisten.  <\/p><p data-start=\"652\" data-end=\"1183\">Erh&auml;ltlich als NEW-IN-BOX und EX-DEMO. NEW-IN-BOX-Ger&auml;te sind fabrikneu mit <strong>2 Jahren Standard-Herstellerlaufzeit.<\/strong> EX-DEMO-Ger&auml;te wurden nur kurz zu Demonstrationszwecken verwendet; die meisten werden in sauberen, generischen Kartons geliefert (einige in der Originalverpackung), enthalten in der Regel Standardzubeh&ouml;r und -kabel und verf&uuml;gen &uuml;ber aufgefrischte Vorder- und R&uuml;ckseiten-Kunststoffe und Digitalisierer. <\/p><p data-start=\"652\" data-end=\"1183\"><strong>EX-DEMO-Ger&auml;te beinhalten eine 12-monatige Standardgarantie von Micro Nordic<\/strong> und bieten einen voll funktionsf&auml;higen <strong data-start=\"1084\" data-end=\"1098\">Zebra TC77<\/strong> zu einem deutlich reduzierten Preis &ndash; ideal f&uuml;r Piloten oder kostensensible Flottenerweiterungen.<\/p><h2 data-start=\"1185\" data-end=\"1218\">Hauptmerkmale des Zebra TC77<\/h2><ul data-start=\"1219\" data-end=\"2604\">\n<li data-start=\"1219\" data-end=\"1363\">\n<p data-start=\"1221\" data-end=\"1363\"><strong data-start=\"1221\" data-end=\"1239\">Robustes Geh&auml;use<\/strong> &ndash; IP65\/IP68-Abdichtung, wiederholte Falltoleranz von 1,8 m\/6 ft und widerstandsf&auml;higes Glas auf dem Display\/Imager f&uuml;r echte Outdoor-Tauglichkeit.<\/p>\n<\/li>\n<li data-start=\"1364\" data-end=\"1494\">\n<p data-start=\"1366\" data-end=\"1494\"><strong data-start=\"1366\" data-end=\"1395\">Bei Sonnenlicht ablesbares Display<\/strong> &ndash; Der kapazitive 4,7-Zoll-HD-Touchscreen unterst&uuml;tzt die Eingabe mit blo&szlig;en, behandschuhten und nassen Fingern f&uuml;r den ganzj&auml;hrigen Einsatz.<\/p>\n<\/li>\n<li data-start=\"1495\" data-end=\"1635\">\n<p data-start=\"1497\" data-end=\"1635\"><strong data-start=\"1497\" data-end=\"1523\">Reaktionsschnelle Leistung<\/strong> &ndash; Qualcomm Snapdragon 660 Octa-Core (bis zu 2,2 GHz) mit 4 GB RAM\/32 GB Flash h&auml;lt Apps und Scans flott.<\/p>\n<\/li>\n<li data-start=\"1636\" data-end=\"1780\">\n<p data-start=\"1638\" data-end=\"1780\"><strong data-start=\"1638\" data-end=\"1661\">Scannen f&uuml;r Unternehmen<\/strong> &ndash; Integrierter 1D\/2D-Imager erfasst besch&auml;digte und mobile Barcodes schnell; die Zuverl&auml;ssigkeit von Point-and-Shoot reduziert erneute Scans.<\/p>\n<\/li>\n<li data-start=\"1781\" data-end=\"1929\">\n<p data-start=\"1783\" data-end=\"1929\"><strong data-start=\"1783\" data-end=\"1806\">Moderne Konnektivit&auml;t<\/strong> &ndash; 4G LTE mit GPS f&uuml;r unterwegs, Dual-Band-Wi-Fi (802.11 a\/b\/g\/n\/ac, 2&times;2 MU-MIMO), Bluetooth 5.0 und NFC f&uuml;r Peripherieger&auml;te.<\/p>\n<\/li>\n<li data-start=\"1930\" data-end=\"2067\">\n<p data-start=\"1932\" data-end=\"2067\"><strong data-start=\"1932\" data-end=\"1955\">Hohe Kapazit&auml;t<\/strong> &ndash; Der vor Ort austauschbare PowerPrecision+-Akku mit einer Kapazit&auml;t von 4620 mAh bietet eine lange Laufzeit und l&auml;sst sich bequem im laufenden Betrieb austauschen.<\/p>\n<\/li>\n<li data-start=\"2068\" data-end=\"2204\">\n<p data-start=\"2070\" data-end=\"2204\"><strong data-start=\"2070\" data-end=\"2098\">Hochgeschwindigkeits-E\/A und Docking<\/strong> &ndash; USB- und Pogo-Pin-Schnittstellen erm&ouml;glichen schnelles Laden\/Synchronisieren und robuste Einzel-\/Mehrfachsteckpl&auml;tze f&uuml;r Flotten.<\/p>\n<\/li>\n<li data-start=\"2205\" data-end=\"2335\">\n<p data-start=\"2207\" data-end=\"2335\"><strong data-start=\"2207\" data-end=\"2240\">Sicherheit und Updates f&uuml;r Unternehmen<\/strong> &ndash; Android Enterprise mit LifeGuard OS-Unterst&uuml;tzung, Verschl&uuml;sselung und umfassender EMM\/MDM-Kompatibilit&auml;t.<\/p>\n<\/li>\n<li data-start=\"2336\" data-end=\"2477\">\n<p data-start=\"2338\" data-end=\"2477\"><strong data-start=\"2338\" data-end=\"2360\">Wartungsfreundliches Design<\/strong> &ndash; Gemeinsame Verschlei&szlig;teile sind leicht austauschbar; gemeinsames Zubeh&ouml;r f&uuml;r die TC7x-Familie verl&auml;ngert die Lebensdauer und senkt die TCO.<\/p>\n<\/li>\n<li data-start=\"2478\" data-end=\"2604\">\n<p data-start=\"2480\" data-end=\"2604\"><strong data-start=\"2480\" data-end=\"2503\">Zubeh&ouml;rsystem<\/strong> &ndash; Fahrzeughalterungen, Ladeger&auml;te mit mehreren Einsch&uuml;ben, Holster und Pr&auml;sentationsst&auml;nder passen sich an jedes Schichtmodell an.<\/p>\n<\/li>\n<\/ul><h2 data-start=\"2606\" data-end=\"2639\">Die wichtigsten Vorteile des Zebra TC77<\/h2><h3 data-start=\"2641\" data-end=\"2680\">Gebaut f&uuml;r die rauesten Umgebungen<\/h3><p data-start=\"2681\" data-end=\"2905\">Mit IP65\/IP68-Versiegelung, wiederholten St&uuml;rzen aus 1,8 m H&ouml;he und Sturztests ist das Ger&auml;t auch bei Regen, Staub und Temperaturschwankungen best&auml;ndig. Die Mitarbeiter k&ouml;nnen an Docks, auf Baustellen oder am Stra&szlig;enrand weiterarbeiten, ohne ihre Ausr&uuml;stung zu schonen. <\/p><h3 data-start=\"2907\" data-end=\"2939\">Gro&szlig;er Bildschirm, bessere Arbeitsabl&auml;ufe<\/h3><p data-start=\"2940\" data-end=\"3179\">Das helle 4,7-Zoll-HD-Display bietet viel Platz f&uuml;r Arbeitsauftr&auml;ge, Routenplanung, Inventar und Service-Nachweise. Dank Handschuh- und Wet-Touch-Unterst&uuml;tzung sind die Mitarbeiter auch bei Regen und in kalten R&auml;umen produktiv, w&auml;hrend das robuste Deckglas Kratzern und St&ouml;&szlig;en standh&auml;lt. <\/p><h3 data-start=\"3181\" data-end=\"3215\">Energie, die den ganzen Tag anh&auml;lt<\/h3><p data-start=\"3216\" data-end=\"3460\">Ein vor Ort austauschbarer Akku mit hoher Kapazit&auml;t und ein Warm-Swap-Modus helfen dem <strong data-start=\"3287\" data-end=\"3301\">Zebra TC77<\/strong>, lange Strecken und &Uuml;berstunden ohne Neustarts oder Verlust des App-Status zur&uuml;ckzulegen. PowerPrecision+-Zustandsdaten vereinfachen die Planung der Batterieflotte und reduzieren unerwartete Ausfallzeiten. <\/p><h3 data-start=\"3462\" data-end=\"3501\">Nahtlose Konnektivit&auml;t und Datenfluss<\/h3><p data-start=\"3502\" data-end=\"3741\">LTE, Unternehmens-Wi-Fi mit 2&times;2 MU-MIMO, Bluetooth 5.0 und NFC sorgen daf&uuml;r, dass Anwendungen reaktionsschnell und Peripherieger&auml;te gekoppelt sind &ndash; vom LKW &uuml;ber den Lagergang bis zur Haust&uuml;r des Kunden. Pogo-Pin-Cradles standardisieren das schnelle Aufladen und die Datensynchronisation. <\/p><h3 data-start=\"3743\" data-end=\"3763\">Bereit f&uuml;r Flotten<\/h3><p data-start=\"3764\" data-end=\"4043\">Android Enterprise Management, Zebra Mobility DNA-Tools und eine stabile Zubeh&ouml;rfamilie rationalisieren die Bereitstellung, das Sperren von Konfigurationen, das Einspielen von Updates und die Unterst&uuml;tzung von Ger&auml;ten an verschiedenen Standorten. Teams sind schneller an Bord, da Ergonomie und Zubeh&ouml;r bei allen TC7x-Modellen einheitlich sind. <\/p><h2 data-start=\"4045\" data-end=\"4063\">Ideale Anwendungsf&auml;lle<\/h2><ul data-start=\"4064\" data-end=\"4739\">\n<li data-start=\"4064\" data-end=\"4197\">\n<p data-start=\"4066\" data-end=\"4197\"><strong data-start=\"4066\" data-end=\"4083\">Au&szlig;endienst<\/strong> &ndash; Arbeitsauftr&auml;ge, Anlagensuche, Fotos und Unterschriften mit robuster Konnektivit&auml;t unterwegs und beim Kunden vor Ort.<\/p>\n<\/li>\n<li data-start=\"4198\" data-end=\"4323\">\n<p data-start=\"4200\" data-end=\"4323\"><strong data-start=\"4200\" data-end=\"4225\">Transport &amp; Logistik<\/strong> &ndash; Routenausf&uuml;hrung, P&amp;D-Validierung und Hafenbetrieb mit schnellem Scannen und zuverl&auml;ssigem Roaming.<\/p>\n<\/li>\n<li data-start=\"4324\" data-end=\"4469\">\n<p data-start=\"4326\" data-end=\"4469\"><strong data-start=\"4326\" data-end=\"4355\">&Ouml;ffentliche Sicherheit und Versorgungsunternehmen<\/strong> &ndash; Inspektionen, Formulare f&uuml;r Zwischenf&auml;lle und GIS-Anwendungen auf einem sturzsicheren, handschuhfreundlichen Ger&auml;t, das auch im Freien lesbar ist.<\/p>\n<\/li>\n<li data-start=\"4470\" data-end=\"4602\">\n<p data-start=\"4472\" data-end=\"4602\"><strong data-start=\"4472\" data-end=\"4502\">Bau &amp; Technik<\/strong> &ndash; T&auml;gliche Berichte, Fehlerlisten und Planeinsicht vor Ort, bei Regen oder Sonnenschein, ohne Beeintr&auml;chtigung der Betriebszeit.<\/p>\n<\/li>\n<li data-start=\"4603\" data-end=\"4739\">\n<p data-start=\"4605\" data-end=\"4739\"><strong data-start=\"4605\" data-end=\"4629\">Einzelhandel und Lagerhaltung<\/strong> &ndash; Inventur in Hinterzimmern, Zyklusz&auml;hlungen und Abfertigung am Stra&szlig;enrand mit unternehmensweitem Wi-Fi und kontinuierlichem Zubeh&ouml;r.<\/p>\n<\/li>\n<\/ul><h2 data-start=\"4741\" data-end=\"4782\">Produktvergleiche f&uuml;r das Zebra TC77<\/h2><ul data-start=\"4783\" data-end=\"5684\">\n<li data-start=\"4783\" data-end=\"4927\">\n<p data-start=\"4785\" data-end=\"4927\"><strong><a href=\"https:\/\/micronordic.com\/product\/zebra-tc58-handheld-mobile-computer\/\">Zebra TC58<\/a><\/strong>&ndash; W&auml;hlen Sie, wenn Sie die neueste Generation, 5G-Optionen, schnellere Verarbeitung und Kamera\/Scanner-Fortschritte f&uuml;r Arbeitsabl&auml;ufe vor Ort ben&ouml;tigen.<\/p>\n<\/li>\n<li data-start=\"4928\" data-end=\"5062\">\n<p data-start=\"4930\" data-end=\"5062\"><a href=\"https:\/\/micronordic.com\/product\/zebra-tc53-handheld-mobile-computer\/\"><strong data-start=\"4930\" data-end=\"4944\">Zebra TC53<\/strong><\/a> &ndash; Bevorzugen Sie die neueste, auf den Innenbereich ausgerichtete Plattform mit Leistungs- und Docking-Upgrades f&uuml;r Lager- und Einzelhandelsabl&auml;ufe.<\/p>\n<\/li>\n<li data-start=\"5063\" data-end=\"5197\">\n<p data-start=\"5065\" data-end=\"5197\"><a href=\"https:\/\/micronordic.com\/product\/zebra-tc22-handheld-mobile-computer\/\"><strong data-start=\"5200\" data-end=\"5214\">Zebra TC22<\/strong><\/a> &ndash; Eine &Uuml;berlegung wert, wenn Erschwinglichkeit und ein modernes Android in einem schlanken, Wi-Fi-f&auml;higen Ger&auml;t die Priorit&auml;ten sind.<\/p>\n<\/li>\n<\/ul>\n","protected":false},"excerpt":{"rendered":"<p>W\u00c4HLEN SIE UNTEN EINE VARIANTE AUS! Rufen Sie uns an, wenn Sie Hilfe ben\u00f6tigen, um die richtige Produktvariante zu finden. <\/p>\n<h3>Spezifikationen:<\/h3>\n<ul>\n<li><strong>Anzeige:<\/strong> 4,7&#8243; HD (1280\u00d7720), kapazitiv, f\u00fcr den Au\u00dfeneinsatz geeignet<\/li>\n<li><strong>Prozessor:<\/strong> Qualcomm Snapdragon 660 Octa-Core-Prozessor mit bis zu 2,2 GHz<\/li>\n<li><strong>Grafik:<\/strong> Integrierte mobile GPU<\/li>\n<li><strong>Speicher:<\/strong> 4 GB RAM<\/li>\n<li><strong>Speicher:<\/strong> 32 GB Flash-Speicher, microSD-Erweiterung<\/li>\n<li><strong>Konnektivit\u00e4t:<\/strong> 4G LTE, Wi-Fi 802.11 a\/b\/g\/n\/ac (2\u00d72 MU-MIMO), Bluetooth 5.0, NFC<\/li>\n<li><strong>Rugged-Zertifizierungen:<\/strong> IP65\/IP68; mehrere St\u00fcrze aus 1,8 m\/6 ft (bei Raumtemperatur h\u00f6her)<\/li>\n<li><strong>Sicherheit:<\/strong> Android Enterprise, Verschl\u00fcsselung, LifeGuard OS Update-Unterst\u00fctzung, EMM\/MDM<\/li>\n<li><strong>Akku:<\/strong> herausnehmbarer PowerPrecision+ Li-Ion-Akku mit 4620 mAh, im laufenden Betrieb austauschbar<\/li>\n<li><strong>Abmessungen und Gewicht:<\/strong> ~161 \u00d7 84 \u00d7 28 mm; ~376 g<\/li>\n<li><strong>Garantie:<\/strong> NEW-IN-BOX 2 Jahre Garantie; EX-DEMO 12 Monate von Micro Nordic<\/li>\n<\/ul>\n<p><strong>Bitte w\u00e4hlen Sie unten das richtige Modell aus, bevor Sie es in den Warenkorb legen<\/strong><\/p>\n","protected":false},"author":16,"featured_media":61570,"template":"","meta":{"_acf_changed":false,"inline_featured_image":false},"product-condition":[5271],"product_brand":[9017],"product_cat":[5102,5094,5103],"product_tag":[4205,4192,4335,4283,4179,4153,4166,4270,4309,4374,4361,4218,4257,4296,4231,4244,4322,4348,4140,4036,3984,4127,4075,3997,4114,4062,4049,4010,4023,4101,4088],"class_list":{"0":"post-47465","1":"product","2":"type-product","3":"status-publish","4":"has-post-thumbnail","6":"product-condition-ex-demo","7":"product_brand-zebra","8":"product_cat-zebra","9":"product_cat-all-barcode-scanners","10":"product_cat-refurbished-rugged-hardware","11":"product_tag-1-micro-sd-de","12":"product_tag-2-sim-de","13":"product_tag-2-sim-1-micro-sd-de","14":"product_tag-2-sim-2-sam-de","15":"product_tag-4gb-ram-32gb-flash-de","16":"product_tag-5mp-f-13mp-r-camera-de","17":"product_tag-android-de","18":"product_tag-does-not-support-arcore-tc77-se4750-de","19":"product_tag-does-not-support-arcore-tc77-se4770-de","20":"product_tag-eea-european-economic-area-de","21":"product_tag-eea-european-economic-area-tc77-se4750-de","22":"product_tag-gms-de","23":"product_tag-row-de","24":"product_tag-row-tc77-se4750-de","25":"product_tag-row-tc77-se4750mr-de","26":"product_tag-row-tc77-se4770-de","27":"product_tag-russia-only-tc77-se4770-de","28":"product_tag-sim-lock-de","29":"product_tag-tc77-se4750-de","30":"product_tag-tc77hl-5me24bd-tn-de","31":"product_tag-tc77hl-5me24bg-a6-de","32":"product_tag-tc77hl-5me24bg-ea-de","33":"product_tag-tc77hl-5me24bg-ru-de","34":"product_tag-tc77hl-5mg24bg-a6-de","35":"product_tag-tc77hl-5mg24bg-ea-de","36":"product_tag-tc77hl-5mj24bg-a6-de","37":"product_tag-tc77hl-5mk24bg-a6-de","38":"product_tag-tc77hl-5ml24bg-a6-de","39":"product_tag-tc77hl-6me34bg-a6-de","40":"product_tag-tc77hl-7me24bg-a6-de","41":"product_tag-tc77hl-7mj24bg-a6-de","42":"pa_model-part-number-tc77hl-5me24bg-ea","43":"pa_model-part-number-tc77hl-5mg24bg-ea","44":"pa_model-part-number-tc77hl-5mj24bg-a6","45":"pa_model-part-number-tc77hl-5mk24bg-a6","46":"pa_model-part-number-tc77hl-5ml24bg-a6","47":"pa_model-part-number-tc77hl-6me34bg-a6","48":"pa_model-part-number-tc77hl-7me24bg-a6","49":"pa_model-part-number-tc77hl-7mj24bg-a6","51":"first","52":"instock","53":"taxable","54":"shipping-taxable","55":"purchasable","56":"product-type-variable","57":"has-default-attributes"},"acf":[],"_links":{"self":[{"href":"https:\/\/micronordic.com\/de\/wp-json\/wp\/v2\/product\/47465","targetHints":{"allow":["GET"]}}],"collection":[{"href":"https:\/\/micronordic.com\/de\/wp-json\/wp\/v2\/product"}],"about":[{"href":"https:\/\/micronordic.com\/de\/wp-json\/wp\/v2\/types\/product"}],"author":[{"embeddable":true,"href":"https:\/\/micronordic.com\/de\/wp-json\/wp\/v2\/users\/16"}],"version-history":[{"count":2,"href":"https:\/\/micronordic.com\/de\/wp-json\/wp\/v2\/product\/47465\/revisions"}],"predecessor-version":[{"id":98691,"href":"https:\/\/micronordic.com\/de\/wp-json\/wp\/v2\/product\/47465\/revisions\/98691"}],"wp:featuredmedia":[{"embeddable":true,"href":"https:\/\/micronordic.com\/de\/wp-json\/wp\/v2\/media\/61570"}],"wp:attachment":[{"href":"https:\/\/micronordic.com\/de\/wp-json\/wp\/v2\/media?parent=47465"}],"wp:term":[{"taxonomy":"product-condition","embeddable":true,"href":"https:\/\/micronordic.com\/de\/wp-json\/wp\/v2\/product-condition?post=47465"},{"taxonomy":"product_brand","embeddable":true,"href":"https:\/\/micronordic.com\/de\/wp-json\/wp\/v2\/product_brand?post=47465"},{"taxonomy":"product_cat","embeddable":true,"href":"https:\/\/micronordic.com\/de\/wp-json\/wp\/v2\/product_cat?post=47465"},{"taxonomy":"product_tag","embeddable":true,"href":"https:\/\/micronordic.com\/de\/wp-json\/wp\/v2\/product_tag?post=47465"}],"curies":[{"name":"wp","href":"https:\/\/api.w.org\/{rel}","templated":true}]}}