{"id":47433,"date":"2020-10-06T15:08:51","date_gmt":"2020-10-06T13:08:51","guid":{"rendered":"https:\/\/micronordic.com\/product\/honeywell-granit-1910i-kabel-ex-staender-neu\/"},"modified":"2025-11-18T18:22:07","modified_gmt":"2025-11-18T17:22:07","slug":"honeywell-granit-1910i-cable-ex-stand","status":"publish","type":"product","link":"https:\/\/micronordic.com\/de\/product\/honeywell-granit-1910i-cable-ex-stand\/","title":{"rendered":"Honeywell Granit &#8211; 1910i &#8211; Kabel &#8211; Ex. St\u00e4nder (NEU)"},"content":{"rendered":"<?xml encoding=\"utf-8\" ?><h2 data-start=\"0\" data-end=\"54\">Honeywell Intermec Granit 1910i &ndash; Kabel &ndash; Ex. Stand <\/h2><p data-start=\"56\" data-end=\"693\">Der <strong data-start=\"60\" data-end=\"95\">Honeywell Intermec Granit 1910i<\/strong> (Kabel &ndash; ohne Standfu&szlig;) ist ein kabelgebundener, industrietauglicher Barcode-Scanner, der f&uuml;r die schnelle und zuverl&auml;ssige Erfassung in anspruchsvollen Umgebungen &ndash; Lagerhallen, Fertigungshallen, H&ouml;fen und Servicebereichen &ndash; entwickelt wurde. Als Teil der Honeywell Granit-Familie verbindet er ein robustes Geh&auml;use mit einer Area-Imaging-Engine, die Barcodes von schlechter Qualit&auml;t, geringem Kontrast und in Schrumpffolie verpackte Barcodes liest, wie sie in der Logistikpraxis h&auml;ufig vorkommen. Diese Konfiguration ist f&uuml;r eine kontinuierliche Strom- und Datenversorgung per <strong data-start=\"502\" data-end=\"512\">Kabel ausgelegt<\/strong> und <strong data-start=\"557\" data-end=\"577\">kommt ohne Standfu&szlig;<\/strong> aus, so dass sie eine unkomplizierte Plug-and-Scan-L&ouml;sung f&uuml;r feste Arbeitspl&auml;tze, Packtische und Stationen an der Fertigungsstra&szlig;e darstellt.  <\/p><p data-start=\"695\" data-end=\"913\">F&uuml;r Teams, die schicht- und stations&uuml;bergreifend arbeiten, bietet der <strong data-start=\"751\" data-end=\"786\">Honeywell Granit 1910i<\/strong> eine robuste Konstruktion, eine konsistente Dekodierung und eine einfache Einrichtung der Flotte, wodurch erneute Scans, Engp&auml;sse und Ger&auml;teausfallzeiten reduziert werden.<\/p><p data-start=\"695\" data-end=\"913\"><strong>F&uuml;r neue Produkte gilt eine 2-j&auml;hrige Herstellergarantie.<\/strong><\/p><h2 data-start=\"915\" data-end=\"989\">Hauptmerkmale des Honeywell Intermec Granit 1910i &ndash; Kabel &ndash; Ex. Stand <\/h2><ul data-start=\"990\" data-end=\"2268\">\n<li data-start=\"990\" data-end=\"1141\">\n<p data-start=\"992\" data-end=\"1141\"><strong>Kabelbetrieb<\/strong> &ndash; Die direkte Kabelverbindung sorgt f&uuml;r kontinuierliche Stromversorgung und stabile Daten &ndash; ideal f&uuml;r Feststationen, bei denen Betriebszeit und Einfachheit wichtig sind.<\/p>\n<\/li>\n<li data-start=\"1142\" data-end=\"1296\">\n<p data-start=\"1144\" data-end=\"1296\"><strong data-start=\"1144\" data-end=\"1154\">Robuste<\/strong> <strong>Konstruktion<\/strong> &ndash; Das Industriegeh&auml;use widersteht Staub, Feuchtigkeit, Vibrationen und allt&auml;glichen St&ouml;&szlig;en, so dass die Scanner auch unter schwierigen Bedingungen funktionieren.<\/p>\n<\/li>\n<li data-start=\"1297\" data-end=\"1442\">\n<p data-start=\"1299\" data-end=\"1442\"><strong data-start=\"1299\" data-end=\"1319\">Leistungsstarkes<\/strong> <strong>Imaging<\/strong> &ndash; Area Imager dekodiert 1D\/2D-Barcodes schnell, selbst wenn die Etiketten abgenutzt, kontrastarm, gebogen oder mit Folie umwickelt sind.<\/p>\n<\/li>\n<li data-start=\"1443\" data-end=\"1586\">\n<p data-start=\"1445\" data-end=\"1586\"><strong data-start=\"1445\" data-end=\"1466\">Bedienerfreundliche<\/strong> <strong>Ergonomie<\/strong> &ndash; Der ausgewogene Griff, der scharfe Abzug und die klare Ziel- und R&uuml;ckmeldung verringern Erm&uuml;dungserscheinungen und beschleunigen wiederholte Scanvorg&auml;nge.<\/p>\n<\/li>\n<li data-start=\"1587\" data-end=\"1720\">\n<p data-start=\"1589\" data-end=\"1720\"><strong>Effiziente<\/strong> <strong data-start=\"1589\" data-end=\"1601\">Arbeitsabl&auml;ufe<\/strong> &ndash; Sofortige Bereitschaft und keine Batterien, die verwaltet werden m&uuml;ssen, machen ihn perfekt f&uuml;r B&auml;nke, F&ouml;rderb&auml;nder und Wareneing&auml;nge.<\/p>\n<\/li>\n<li data-start=\"1721\" data-end=\"1868\">\n<p data-start=\"1723\" data-end=\"1868\"><strong data-start=\"1723\" data-end=\"1735\">Flexible<\/strong> <strong>Konnektivit&auml;t<\/strong> &ndash; Funktioniert mit g&auml;ngigen POS-, WMS- und ERP-Systemen; einfache Profile erm&ouml;glichen es der IT-Abteilung, standort&uuml;bergreifend einheitliche Einstellungen vorzunehmen.<\/p>\n<\/li>\n<li data-start=\"1869\" data-end=\"2003\">\n<p data-start=\"1871\" data-end=\"2003\"><strong data-start=\"1871\" data-end=\"1886\">Wartungsfreundliches<\/strong> <strong>Design<\/strong> &ndash; Zug&auml;ngliche Verschlei&szlig;teile und robuste Kabel verl&auml;ngern den Lebenszyklus und halten die Gesamtbetriebskosten kalkulierbar.<\/p>\n<\/li>\n<li data-start=\"2004\" data-end=\"2139\">\n<p data-start=\"2006\" data-end=\"2139\"><strong data-start=\"2006\" data-end=\"2024\">Akustische\/visuelle<\/strong> <strong>Best&auml;tigung<\/strong> &ndash; Piepser und Status-LEDs best&auml;tigen gute Messwerte in lauten oder hellen Umgebungen und reduzieren die Anzahl der erneuten Scans.<\/p>\n<\/li>\n<li data-start=\"2140\" data-end=\"2268\">\n<p data-start=\"2142\" data-end=\"2268\"><strong>Montageoptionen<\/strong> &ndash; Kompatibel mit Zubeh&ouml;r f&uuml;r das Scannen in Pr&auml;sentationsform (St&auml;nder in dieser Konfiguration nicht enthalten).<\/p>\n<\/li>\n<\/ul><h2 data-start=\"2270\" data-end=\"2324\">Die wichtigsten Vorteile des Honeywell Intermec Granit 1910i<\/h2><h3 data-start=\"2326\" data-end=\"2369\">Gebaut f&uuml;r raue Industrieumgebungen<\/h3><p data-start=\"2370\" data-end=\"2533\">Das verst&auml;rkte Geh&auml;use h&auml;lt Staub, Feuchtigkeit, Vibrationen und St&ouml;&szlig;en stand, sodass Teams in Lagern, Fabriken und auf H&ouml;fen ohne ger&auml;tebedingte Verz&ouml;gerungen produktiv arbeiten k&ouml;nnen.<\/p><h3 data-start=\"2535\" data-end=\"2565\">Konsistente, genaue Scans<\/h3><p data-start=\"2566\" data-end=\"2701\">Ein fortschrittlicher Area-Imager erfasst besch&auml;digte und kontrastarme Codes schnell und verbessert so den Durchsatz beim Wareneingang, bei der Kommissionierung und bei Verpackungsaufgaben.<\/p><h3 data-start=\"2703\" data-end=\"2734\">Einfache, stationsfertige Einrichtung<\/h3><p data-start=\"2735\" data-end=\"2887\">Durch die kabelgebundene Strom-\/Datennutzung entfallen Batteriemanagement und Kopplungsschritte. Standardisierte Konfigurationen machen die Einf&uuml;hrung in der Flotte f&uuml;r alle B&auml;nke und Linien vorhersehbar. <\/p><h3 data-start=\"2889\" data-end=\"2917\">Geringerer Aufwand f&uuml;r die Eigent&uuml;mer<\/h3><p data-start=\"2918\" data-end=\"3056\">Eine robuste Verkabelung, austauschbare Verschlei&szlig;teile und ein stabiles Zubeh&ouml;rsystem tragen dazu bei, den Lebenszyklus zu verl&auml;ngern und Wartungsunterbrechungen zu reduzieren.<\/p><h3 data-start=\"3058\" data-end=\"3078\">Komfort f&uuml;r den Bediener<\/h3><p data-start=\"3079\" data-end=\"3203\">Ergonomie, Zielgenauigkeit und klares Feedback verringern Erm&uuml;dung und Trainingszeit &ndash; n&uuml;tzlich f&uuml;r Schichten mit hohem Arbeitsaufkommen und saisonale Hochl&auml;ufe.<\/p><h2 data-start=\"3205\" data-end=\"3223\">Ideale Anwendungsf&auml;lle<\/h2><ul data-start=\"3224\" data-end=\"3785\">\n<li data-start=\"3224\" data-end=\"3341\">\n<p data-start=\"3226\" data-end=\"3341\"><strong data-start=\"3226\" data-end=\"3254\">Lager und Vertrieb<\/strong> &ndash; Ein- und Auslagerung, Einlagerung, Zyklusz&auml;hlung und Kommissionierpr&uuml;fung an festen Stationen.<\/p>\n<\/li>\n<li data-start=\"3342\" data-end=\"3460\">\n<p data-start=\"3344\" data-end=\"3460\"><strong data-start=\"3344\" data-end=\"3374\">Fertigung &amp; Industrie<\/strong> &ndash; WIP-Scans in der Fertigungslinie, Teile&uuml;berpr&uuml;fung und Qualit&auml;tskontrollen an B&auml;nken und Zellen.<\/p>\n<\/li>\n<li data-start=\"3461\" data-end=\"3577\">\n<p data-start=\"3463\" data-end=\"3577\"><strong data-start=\"3463\" data-end=\"3488\">Transport &amp; Logistik<\/strong> &ndash; Cross-Dock-Spuren, Paketsortierung und Retourenbearbeitung mit kontinuierlichem Scannen.<\/p>\n<\/li>\n<li data-start=\"3578\" data-end=\"3684\">\n<p data-start=\"3580\" data-end=\"3684\"><strong data-start=\"3580\" data-end=\"3604\">Back-of-House im Einzelhandel<\/strong> &ndash; Wareneingang, Bestandskontrolle und Auff&uuml;llung in Lagerr&auml;umen und Bereitstellungsbereichen.<\/p>\n<\/li>\n<li data-start=\"3685\" data-end=\"3785\">\n<p data-start=\"3687\" data-end=\"3785\"><strong data-start=\"3687\" data-end=\"3711\">Au&szlig;endienstdepots<\/strong> &ndash; Ger&auml;teannahme, Reparaturverfolgung und Asset-Kennzeichnung an Serviceschaltern.<\/p>\n<\/li>\n<\/ul><h2 data-start=\"3787\" data-end=\"3849\">Produktvergleiche f&uuml;r das Honeywell Intermec Granit 1910i<\/h2><ul data-start=\"3850\" data-end=\"4349\">\n<li data-start=\"3850\" data-end=\"4007\">\n<p data-start=\"3852\" data-end=\"4007\"><a href=\"https:\/\/micronordic.com\/product\/honeywell-granit-1980i-cable-ex-stand\/\"><strong data-start=\"3852\" data-end=\"3887\">Honeywell Intermec Granit 1980i<\/strong> <\/a>&ndash; W&auml;hlen Sie den <strong data-start=\"3897\" data-end=\"3906\">1980i<\/strong> f&uuml;r kabelgebundenes Scannen mit gro&szlig;er Reichweite; w&auml;hlen Sie den <strong data-start=\"3946\" data-end=\"3962\">Granit 1910i<\/strong> f&uuml;r ausgewogene Reichweite und kompakte Ergonomie.<\/p>\n<\/li>\n<li data-start=\"4008\" data-end=\"4186\">\n<p data-start=\"4010\" data-end=\"4186\"><a href=\"https:\/\/micronordic.com\/product\/honeywell-granit-1911i-ig-cordless-w-base\/\"><strong data-start=\"4010\" data-end=\"4048\">Honeywell Intermec Granit 1911i IG<\/strong><\/a> &ndash; W&auml;hlen Sie <strong data-start=\"4056\" data-end=\"4068\">1911i IG<\/strong> f&uuml;r kabellose Mobilit&auml;t mit einer Basis; w&auml;hlen Sie <strong data-start=\"4109\" data-end=\"4125\">Granit 1910i<\/strong>, wenn Sie kabelgebundene Einfachheit und kontinuierliche Leistung bevorzugen.<\/p>\n<\/li>\n<\/ul>\n","protected":false},"excerpt":{"rendered":"<h3>Spezifikationen:<\/h3>\n<ul>\n<li><strong>Anschlussm\u00f6glichkeiten:<\/strong> Kabelgebunden (Daten-\/Stromkabel); kompatibel mit g\u00e4ngigen POS\/WMS\/ERP-Systemen<\/li>\n<li><strong>Rugged-Zertifizierungen:<\/strong> Industriegeh\u00e4use f\u00fcr Staub, Feuchtigkeit, Vibration und Sto\u00dffestigkeit<\/li>\n<li><strong>Sicherheit:<\/strong> Standardm\u00e4\u00dfige hostbasierte Sicherheit\/Paarung nicht erforderlich (verkabelt)<\/li>\n<li><strong>Batterie:<\/strong> Nicht zutreffend (kabelgebundene Stromversorgung)<\/li>\n<li><strong>Abmessungen und Gewicht:<\/strong> Handheld mit industriellem Formfaktor (variiert je nach Konfiguration)<\/li>\n<li><strong>Garantie:<\/strong> Neue Produkte haben eine 2-j\u00e4hrige Herstellergarantie<\/li>\n<\/ul>\n","protected":false},"author":16,"featured_media":96553,"template":"","meta":{"_acf_changed":false,"inline_featured_image":false},"product-condition":[5251],"product_brand":[8967],"product_cat":[5099,5094,5100],"product_tag":[4881],"class_list":{"0":"post-47433","1":"product","2":"type-product","3":"status-publish","4":"has-post-thumbnail","6":"product-condition-new-in-box","7":"product_brand-honeywell-intermec","8":"product_cat-honeywell-intermec","9":"product_cat-all-barcode-scanners","10":"product_cat-new-in-box-rugged-hardware","11":"product_tag-wrd-de","13":"first","14":"instock","15":"taxable","16":"shipping-taxable","17":"purchasable","18":"product-type-simple"},"acf":[],"_links":{"self":[{"href":"https:\/\/micronordic.com\/de\/wp-json\/wp\/v2\/product\/47433","targetHints":{"allow":["GET"]}}],"collection":[{"href":"https:\/\/micronordic.com\/de\/wp-json\/wp\/v2\/product"}],"about":[{"href":"https:\/\/micronordic.com\/de\/wp-json\/wp\/v2\/types\/product"}],"author":[{"embeddable":true,"href":"https:\/\/micronordic.com\/de\/wp-json\/wp\/v2\/users\/16"}],"version-history":[{"count":3,"href":"https:\/\/micronordic.com\/de\/wp-json\/wp\/v2\/product\/47433\/revisions"}],"predecessor-version":[{"id":98465,"href":"https:\/\/micronordic.com\/de\/wp-json\/wp\/v2\/product\/47433\/revisions\/98465"}],"wp:featuredmedia":[{"embeddable":true,"href":"https:\/\/micronordic.com\/de\/wp-json\/wp\/v2\/media\/96553"}],"wp:attachment":[{"href":"https:\/\/micronordic.com\/de\/wp-json\/wp\/v2\/media?parent=47433"}],"wp:term":[{"taxonomy":"product-condition","embeddable":true,"href":"https:\/\/micronordic.com\/de\/wp-json\/wp\/v2\/product-condition?post=47433"},{"taxonomy":"product_brand","embeddable":true,"href":"https:\/\/micronordic.com\/de\/wp-json\/wp\/v2\/product_brand?post=47433"},{"taxonomy":"product_cat","embeddable":true,"href":"https:\/\/micronordic.com\/de\/wp-json\/wp\/v2\/product_cat?post=47433"},{"taxonomy":"product_tag","embeddable":true,"href":"https:\/\/micronordic.com\/de\/wp-json\/wp\/v2\/product_tag?post=47433"}],"curies":[{"name":"wp","href":"https:\/\/api.w.org\/{rel}","templated":true}]}}