{"id":47431,"date":"2020-10-06T15:08:51","date_gmt":"2020-10-06T13:08:51","guid":{"rendered":"https:\/\/micronordic.com\/product\/honeywell-granit-1911i-ig-schnurlos-mit-basis-neu\/"},"modified":"2025-11-18T18:01:21","modified_gmt":"2025-11-18T17:01:21","slug":"honeywell-granit-1911i-ig-cordless-w-base","status":"publish","type":"product","link":"https:\/\/micronordic.com\/de\/product\/honeywell-granit-1911i-ig-cordless-w-base\/","title":{"rendered":"Honeywell Granit &#8211; 1911i IG &#8211; Schnurlos &#8211; Mit Basis (NEW)"},"content":{"rendered":"<?xml encoding=\"utf-8\" ?><div class=\"relative my-1 min-h-6\">\n<div class=\"relative flex origin-top-left flex-col gap-2 overflow-x-clip\">\n<div class=\"relative w-full text-start\">\n<h2 class=\"flex w-full flex-col items-start justify-between text-start\">Honeywell Intermec Granit 1911i IG &ndash; Schnurlos &ndash; Mit Basis<\/h2>\n<\/div>\n<\/div>\n<\/div><div class=\"min-h-8 text-message relative flex w-full flex-col items-end gap-2 text-start break-words whitespace-normal [.text-message+&amp;]:mt-5\" dir=\"auto\" data-message-author-role=\"assistant\" data-message-id=\"1d00f139-3bfc-4ce7-9417-c64271cde5cc\" data-message-model-slug=\"gpt-5-thinking\">\n<div class=\"flex w-full flex-col gap-1 empty:hidden first:pt-[1px]\">\n<div class=\"streaming-animation markdown prose dark:prose-invert w-full break-words light markdown-new-styling\">\n<p data-start=\"62\" data-end=\"671\">Der <strong data-start=\"66\" data-end=\"104\">Honeywell Intermec Granit 1911i IG<\/strong> ist ein extrem widerstandsf&auml;higer, kabelloser Barcode-Scanner f&uuml;r die Industrie, der f&uuml;r die schnelle und zuverl&auml;ssige Erfassung in Lagern, auf H&ouml;fen, in Fabriken und im Au&szlig;endienst entwickelt wurde. Er basiert auf der Honeywell Granit-Plattform und kombiniert ein robustes Geh&auml;use mit einer Area-Imaging-Engine, die abgenutzte, kontrastarme und eingeschwei&szlig;te Barcodes verarbeitet, wie sie in der Logistikpraxis h&auml;ufig vorkommen. Diese &bdquo;<strong data-start=\"450\" data-end=\"463\">With Base<\/strong>&bdquo;-Konfiguration umfasst eine Lade- und Kommunikationsbasis f&uuml;r Drop-in-Ladung und stabile drahtlose Kommunikation, sodass Teams ein einziges, sofort einsatzbereites Kit an Werkb&auml;nken, Packstationen und Fahrzeughalterungen einsetzen k&ouml;nnen.  <\/p>\n<p data-start=\"673\" data-end=\"933\">Das <strong data-start=\"735\" data-end=\"773\">Honeywell Intermec Granit 1911i IG<\/strong> kombiniert kabellose Mobilit&auml;t mit bew&auml;hrter Robustheit und unkompliziertem Flottenmanagement &ndash; f&uuml;r Manager, die in anspruchsvollen Umgebungen standardisieren m&ouml;chten. <strong>F&uuml;r neue Produkte gilt eine 2-j&auml;hrige Herstellergarantie.<\/strong><\/p>\n<h2 data-start=\"935\" data-end=\"1015\">Hauptmerkmale des Honeywell Intermec Granit 1911i IG &ndash; Schnurlos &ndash; mit Basis<\/h2>\n<ul data-start=\"1016\" data-end=\"2627\">\n<li data-start=\"1016\" data-end=\"1204\">\n<p data-start=\"1018\" data-end=\"1204\"><strong data-start=\"1018\" data-end=\"1030\">Kabelloser<\/strong> <strong>Arbeitsablauf<\/strong> &ndash; Durch den kabellosen Bluetooth-Betrieb mit einer gekoppelten Basis k&ouml;nnen sich die Benutzer frei um Paletten, Regale und F&ouml;rderanlagen bewegen und gleichzeitig eine stabile Verbindung f&uuml;r Daten und Ladevorg&auml;nge aufrechterhalten.<\/p>\n<\/li>\n<li data-start=\"1205\" data-end=\"1401\">\n<p data-start=\"1207\" data-end=\"1401\"><strong data-start=\"1207\" data-end=\"1217\">Robuste<\/strong> <strong>Konstruktion<\/strong> &ndash; Das Industriegeh&auml;use ist resistent gegen Staub, Feuchtigkeit, Vibrationen und wiederholte St&ouml;&szlig;e. So &uuml;bersteht das Ger&auml;t St&uuml;rze, St&uuml;rze und die t&auml;gliche raue Handhabung auf Docks und Leinen.<\/p>\n<\/li>\n<li data-start=\"1402\" data-end=\"1587\">\n<p data-start=\"1404\" data-end=\"1587\"><strong data-start=\"1404\" data-end=\"1424\">Leistungsstarkes<\/strong> <strong>Imaging<\/strong> &ndash; Der Area Imager dekodiert 1D- und 2D-Symbole schnell, selbst wenn die Etiketten zerkratzt, verblasst, kontrastarm oder von einer Folie bedeckt sind, was erneute Scans und Verz&ouml;gerungen reduziert.<\/p>\n<\/li>\n<li data-start=\"1588\" data-end=\"1765\">\n<p data-start=\"1590\" data-end=\"1765\"><strong data-start=\"1590\" data-end=\"1609\">Arbeitsfreundliche<\/strong> <strong>Ergonomie<\/strong> &ndash; Ein ausgewogener Griff, ein klarer Abzug und eine helle Zielf&uuml;hrung tragen dazu bei, Erm&uuml;dungserscheinungen zu verringern und die Zielerfassung bei hohem Arbeitsaufkommen und Spitzenbelastungen zu beschleunigen.<\/p>\n<\/li>\n<li data-start=\"1766\" data-end=\"1931\">\n<p data-start=\"1768\" data-end=\"1931\"><strong>Energie<\/strong> <strong data-start=\"1768\" data-end=\"1782\">f&uuml;r lange Schichten<\/strong> &ndash; Der Akku mit hoher Kapazit&auml;t unterst&uuml;tzt l&auml;ngeres Scannen; lassen Sie das Ger&auml;t zwischen den Aufgaben in die mitgelieferte Basis fallen, um es aufzuladen, ohne die Arbeitsabl&auml;ufe zu ver&auml;ndern.<\/p>\n<\/li>\n<li data-start=\"1932\" data-end=\"2123\">\n<p data-start=\"1934\" data-end=\"2123\"><strong>Einfache<\/strong> <strong data-start=\"1934\" data-end=\"1948\">Basis<\/strong> &ndash; Die Lade- und Kommunikationsbasis erm&ouml;glicht einfaches Pairing, Tisch- oder Wandmontage und saubere Kabelf&uuml;hrung; eine Basis kann die effiziente Rotation von Ger&auml;ten an gemeinsam genutzten Stationen unterst&uuml;tzen.<\/p>\n<\/li>\n<li data-start=\"2124\" data-end=\"2300\">\n<p data-start=\"2126\" data-end=\"2300\"><strong data-start=\"2126\" data-end=\"2138\">Flexible<\/strong> <strong>Integration<\/strong> &ndash; Funktioniert mit g&auml;ngigen POS-, WMS- und ERP-Konfigurationen; Profile und Einstellungen k&ouml;nnen standardisiert werden, so dass neue Scanner mit minimaler Konfiguration in die Flotte aufgenommen werden k&ouml;nnen.<\/p>\n<\/li>\n<li data-start=\"2301\" data-end=\"2471\">\n<p data-start=\"2303\" data-end=\"2471\"><strong data-start=\"2303\" data-end=\"2318\">Wartungsfreundliches<\/strong> <strong>Design<\/strong> &ndash; Vor Ort austauschbare Verschlei&szlig;teile und eine zug&auml;ngliche Batterie tragen dazu bei, die Lebensdauer zu verl&auml;ngern und die Gesamtbetriebskosten bei verschiedenen Eins&auml;tzen kalkulierbar zu halten.<\/p>\n<\/li>\n<li data-start=\"2472\" data-end=\"2627\">\n<p data-start=\"2474\" data-end=\"2627\"><strong data-start=\"2474\" data-end=\"2492\">Akustisches\/visuelles<\/strong> <strong>Feedback<\/strong> &ndash; Ein deutlicher Signalton und Status-LEDs best&auml;tigen gute Lesungen in lauten oder hellen Umgebungen, reduzieren die Anzahl der erneuten Scans und sorgen f&uuml;r einen reibungslosen Zeilenfluss.<\/p>\n<\/li>\n<\/ul>\n<h2 data-start=\"2629\" data-end=\"2686\">Die wichtigsten Vorteile des Honeywell Intermec Granit 1911i IG<\/h2>\n<h3 data-start=\"2688\" data-end=\"2731\">Gebaut f&uuml;r raue Industrieumgebungen<\/h3>\n<p data-start=\"2732\" data-end=\"2898\">Ein speziell entwickeltes, robustes Geh&auml;use widersteht Staub, Feuchtigkeit, Vibrationen und St&ouml;&szlig;en, wie sie in Lagern und H&ouml;fen vorkommen, und hilft Teams, Ausfallzeiten durch Ger&auml;tefehler zu vermeiden.<\/p>\n<h3 data-start=\"2900\" data-end=\"2932\">Mobilit&auml;t ohne Kompromisse<\/h3>\n<p data-start=\"2933\" data-end=\"3101\">Der kabellose Betrieb mit einer speziellen Basis sorgt f&uuml;r mehr Bewegungsfreiheit rund um Paletten und Fahrzeuge, w&auml;hrend gleichzeitig eine konsistente Verbindung f&uuml;r eine schnelle und genaue Datenerfassung gew&auml;hrleistet wird.<\/p>\n<h3 data-start=\"3103\" data-end=\"3128\">Schnellere, sauberere Scans<\/h3>\n<p data-start=\"3129\" data-end=\"3298\">Eine Area-Imaging-Engine liest schwierige Barcodes auf Wellpappe, Schrumpffolie und gekr&uuml;mmten Oberfl&auml;chen &ndash; das verbessert den Durchsatz, reduziert Warteschlangen und verringert die Frustration des Bedieners.<\/p>\n<h3 data-start=\"3300\" data-end=\"3330\">Geringere betriebliche Reibung<\/h3>\n<p data-start=\"3331\" data-end=\"3494\">Drop-in-Laden, einfaches Pairing und standardisierte Konfigurationsprofile erleichtern den Einsatz, die Rotation und die Wartung von Ger&auml;ten in verschiedenen Schichten und Stationen.<\/p>\n<h3 data-start=\"3496\" data-end=\"3524\">Flottenfreundliches Eigentum<\/h3>\n<p data-start=\"3525\" data-end=\"3677\">Auswechselbare Verschlei&szlig;teile und robustes Zubeh&ouml;r verl&auml;ngern den Lebenszyklus, w&auml;hrend eine einheitliche Ergonomie und R&uuml;ckmeldungen die Einarbeitungszeit f&uuml;r neue Mitarbeiter verk&uuml;rzen.<\/p>\n<h2 data-start=\"3679\" data-end=\"3697\">Ideale Anwendungsf&auml;lle<\/h2>\n<ul data-start=\"3698\" data-end=\"4280\">\n<li data-start=\"3698\" data-end=\"3820\">\n<p data-start=\"3700\" data-end=\"3820\"><strong data-start=\"3700\" data-end=\"3728\">Lager und Vertrieb<\/strong> &ndash; Ein- und Auslagerung, Einlagerung, Z&auml;hlung von Zyklen und &Uuml;berpr&uuml;fung der Kommissionierung an Regalen und Docks.<\/p>\n<\/li>\n<li data-start=\"3821\" data-end=\"3940\">\n<p data-start=\"3823\" data-end=\"3940\"><strong data-start=\"3823\" data-end=\"3853\">Fertigung &amp; Industrie<\/strong> &ndash; WIP-Scans an der Produktionslinie, &Uuml;berpr&uuml;fung von Teilen und Qualit&auml;tskontrollen in lauten, staubigen Bereichen.<\/p>\n<\/li>\n<li data-start=\"3941\" data-end=\"4051\">\n<p data-start=\"3943\" data-end=\"4051\"><strong data-start=\"3943\" data-end=\"3968\">Transport &amp; Logistik<\/strong> &ndash; Cross-Dock- und Yard-Operationen, Paketsortierung und Be- und Entladen von Routen.<\/p>\n<\/li>\n<li data-start=\"4052\" data-end=\"4170\">\n<p data-start=\"4054\" data-end=\"4170\"><strong data-start=\"4054\" data-end=\"4078\">Back-of-House im Einzelhandel<\/strong> &ndash; Wareneingang, Lagerbestand und Nachschub, wo Haltbarkeit und Mobilit&auml;t wichtig sind.<\/p>\n<\/li>\n<li data-start=\"4171\" data-end=\"4280\">\n<p data-start=\"4173\" data-end=\"4280\"><strong data-start=\"4173\" data-end=\"4202\">Au&szlig;endienst und Versorgungsunternehmen<\/strong> &ndash; Scannen von Anlagen und Z&auml;hlern an mobilen Arbeitspl&auml;tzen und unter rauen Wetterbedingungen.<\/p>\n<\/li>\n<\/ul>\n<h2 data-start=\"4282\" data-end=\"4347\">Produktvergleiche f&uuml;r das Honeywell Intermec Granit 1911i IG<\/h2>\n<ul data-start=\"4348\" data-end=\"4947\">\n<li data-start=\"4348\" data-end=\"4563\">\n<p data-start=\"4350\" data-end=\"4563\"><a href=\"https:\/\/micronordic.com\/product\/honeywell-granit-1981i-bt-w-cradle\/\"><strong>Honeywell Intermec Granit 1981i<\/strong><\/a> &ndash; W&auml;hlen Sie <strong data-start=\"4395\" data-end=\"4411\">Granit 1981i<\/strong>, wenn Sie kabelloses Scannen mit gro&szlig;er Reichweite ben&ouml;tigen (z. B. Rack-Etiketten aus der Ferne); w&auml;hlen Sie <strong data-start=\"4499\" data-end=\"4518\">Granit 1911i IG<\/strong> f&uuml;r eine ausgewogene Reichweite und ganzt&auml;gige Ergonomie.<\/p>\n<\/li>\n<li data-start=\"4564\" data-end=\"4743\">\n<p data-start=\"4566\" data-end=\"4743\"><a href=\"https:\/\/micronordic.com\/product\/honeywell-granit-1980i-cable-ex-stand\/\"><strong data-start=\"4566\" data-end=\"4601\">Honeywell Intermec Granit 1980i<\/strong> <\/a>&ndash; W&auml;hlen Sie <strong data-start=\"4609\" data-end=\"4625\">Granit 1980i<\/strong> f&uuml;r eine kabelgebundene Einrichtung mit gro&szlig;er Reichweite an festen Stationen; w&auml;hlen Sie <strong data-start=\"4680\" data-end=\"4699\">Granit 1911i IG<\/strong> f&uuml;r kabellose Freiheit mit einer kompakten Basis.<\/p>\n<\/li>\n<li data-start=\"4744\" data-end=\"4947\">\n<p data-start=\"4746\" data-end=\"4947\"><a href=\"https:\/\/micronordic.com\/product\/honeywell-xenon-xp-1952g-cable-w-stand\/\"><strong data-start=\"4746\" data-end=\"4774\">Honeywell Xenon XP 1952g<\/strong><\/a> &ndash; W&auml;hlen Sie das <strong data-start=\"4784\" data-end=\"4802\">Xenon XP 1952g<\/strong> f&uuml;r kabellose Arbeitsabl&auml;ufe im Einzelhandel und in der Leichtindustrie; w&auml;hlen Sie das <strong data-start=\"4858\" data-end=\"4877\">Granit 1911i IG<\/strong>, wenn Sie eine schwerere Konstruktion und industrielle Widerstandsf&auml;higkeit ben&ouml;tigen.<\/p>\n<\/li>\n<\/ul>\n<\/div>\n<\/div>\n<\/div>\n","protected":false},"excerpt":{"rendered":"<h3>Spezifikationen<\/h3>\n<ul>\n<li><strong>Konnektivit\u00e4t:<\/strong> Kabellose Bluetooth-Verbindung; einschlie\u00dflich Charge &amp; Communication Base f\u00fcr Kopplung, Daten und Aufladung<\/li>\n<li><strong>Rugged-Zertifizierungen:<\/strong> Industrielles, robustes Geh\u00e4use; sto\u00dffest, staub- und feuchtigkeitsbest\u00e4ndig<\/li>\n<li><strong>Sicherheit:<\/strong> Standard-Bluetooth-Kopplungs-\/Authentifizierungsmodi<\/li>\n<li><strong>Akku:<\/strong> Wiederaufladbarer Akku f\u00fcr l\u00e4ngere Schichten; Aufladen \u00fcber die mitgelieferte Ladestation<\/li>\n<li><strong>Abmessungen und Gewicht:<\/strong> Handheld mit industriellem Formfaktor (variiert je nach Konfiguration)<\/li>\n<li><strong>Garantie: <\/strong>Neue Produkte haben eine 2-j\u00e4hrige Herstellergarantie<\/li>\n<\/ul>\n","protected":false},"author":16,"featured_media":96598,"template":"","meta":{"_acf_changed":false,"inline_featured_image":false},"product-condition":[5251],"product_brand":[8967],"product_cat":[5099,5094,5100],"product_tag":[4881],"class_list":{"0":"post-47431","1":"product","2":"type-product","3":"status-publish","4":"has-post-thumbnail","6":"product-condition-new-in-box","7":"product_brand-honeywell-intermec","8":"product_cat-honeywell-intermec","9":"product_cat-all-barcode-scanners","10":"product_cat-new-in-box-rugged-hardware","11":"product_tag-wrd-de","13":"first","14":"instock","15":"taxable","16":"shipping-taxable","17":"purchasable","18":"product-type-simple"},"acf":[],"_links":{"self":[{"href":"https:\/\/micronordic.com\/de\/wp-json\/wp\/v2\/product\/47431","targetHints":{"allow":["GET"]}}],"collection":[{"href":"https:\/\/micronordic.com\/de\/wp-json\/wp\/v2\/product"}],"about":[{"href":"https:\/\/micronordic.com\/de\/wp-json\/wp\/v2\/types\/product"}],"author":[{"embeddable":true,"href":"https:\/\/micronordic.com\/de\/wp-json\/wp\/v2\/users\/16"}],"version-history":[{"count":3,"href":"https:\/\/micronordic.com\/de\/wp-json\/wp\/v2\/product\/47431\/revisions"}],"predecessor-version":[{"id":98439,"href":"https:\/\/micronordic.com\/de\/wp-json\/wp\/v2\/product\/47431\/revisions\/98439"}],"wp:featuredmedia":[{"embeddable":true,"href":"https:\/\/micronordic.com\/de\/wp-json\/wp\/v2\/media\/96598"}],"wp:attachment":[{"href":"https:\/\/micronordic.com\/de\/wp-json\/wp\/v2\/media?parent=47431"}],"wp:term":[{"taxonomy":"product-condition","embeddable":true,"href":"https:\/\/micronordic.com\/de\/wp-json\/wp\/v2\/product-condition?post=47431"},{"taxonomy":"product_brand","embeddable":true,"href":"https:\/\/micronordic.com\/de\/wp-json\/wp\/v2\/product_brand?post=47431"},{"taxonomy":"product_cat","embeddable":true,"href":"https:\/\/micronordic.com\/de\/wp-json\/wp\/v2\/product_cat?post=47431"},{"taxonomy":"product_tag","embeddable":true,"href":"https:\/\/micronordic.com\/de\/wp-json\/wp\/v2\/product_tag?post=47431"}],"curies":[{"name":"wp","href":"https:\/\/api.w.org\/{rel}","templated":true}]}}