{"id":47427,"date":"2018-05-06T13:47:11","date_gmt":"2018-05-06T11:47:11","guid":{"rendered":"https:\/\/micronordic.com\/product\/zebra-tc51-tc510k-mobiler-handheld-computer-refurbished\/"},"modified":"2025-11-24T16:59:44","modified_gmt":"2025-11-24T15:59:44","slug":"zebra-tc51-rugged-touch-computer-refurbished","status":"publish","type":"product","link":"https:\/\/micronordic.com\/de\/product\/zebra-tc51-rugged-touch-computer-refurbished\/","title":{"rendered":"Zebra TC51 Handheld Mobile Computer (EX-DEMO)"},"content":{"rendered":"<?xml encoding=\"utf-8\" ?><h2 data-start=\"0\" data-end=\"48\">Zebra TC51 Handheld Mobile Computer (Ex-Demo)<\/h2><p data-start=\"50\" data-end=\"713\">Der <strong data-start=\"54\" data-end=\"68\">Zebra TC51<\/strong> ist ein kompakter, <strong data-start=\"94\" data-end=\"122\">mobiler Handheld-Computer<\/strong> f&uuml;r Unternehmen, der f&uuml;r die schnelle und zuverl&auml;ssige Datenerfassung und Aufgabenerledigung im Einzelhandel, im Lager, im Gastgewerbe und im Au&szlig;endienst entwickelt wurde. Da es sich um ein <strong data-start=\"245\" data-end=\"256\">Ex-Demo-Ger&auml;t<\/strong> handelt, wurde es nur kurz zu Demonstrationszwecken verwendet und vor dem Wiederverkauf sorgf&auml;ltig aufgefrischt. Externe Verschlei&szlig;teile wurden ausgetauscht (Kunststoffvorder- und -r&uuml;ckseite sowie Digitalisierer), normales Zubeh&ouml;r ist enthalten, sofern nicht anders angegeben, und das Ger&auml;t wird in einem schlichten braunen Karton geliefert. <\/p><p data-start=\"50\" data-end=\"713\">Die Ex-Demo-Ger&auml;te beinhalten eine <strong>12-monatige Garantie von Micro Nordic<\/strong> und liefern einen voll funktionsf&auml;higen mobilen Computer zu einem stark reduzierten Preis.<\/p><p data-start=\"715\" data-end=\"965\">Mit der vertrauten Android-Oberfl&auml;che, integriertem Unternehmensscannen und einem bew&auml;hrten Zubeh&ouml;rsystem hilft der <strong data-start=\"821\" data-end=\"835\">Zebra TC51<\/strong> Teams, schneller zu arbeiten, Fehler zu vermeiden und auch bei hohem Arbeitsaufkommen in Verbindung zu bleiben &ndash; in der Werkstatt, im Lager und unterwegs.<\/p><h2 data-start=\"967\" data-end=\"1000\">Hauptmerkmale des Zebra TC51<\/h2><ul data-start=\"1001\" data-end=\"2276\">\n<li data-start=\"1001\" data-end=\"1173\">\n<p data-start=\"1003\" data-end=\"1173\"><strong data-start=\"1003\" data-end=\"1013\">Robustes<\/strong> <strong>, aber dennoch schlankes Design<\/strong> &ndash; Das Ger&auml;t ist f&uuml;r allt&auml;gliche St&ouml;&szlig;e, Staub und gelegentliche Spritzer ausgelegt und gleichzeitig schlank und handlich f&uuml;r die Arbeitsabl&auml;ufe an der Front und im Backroom.<\/p>\n<\/li>\n<li data-start=\"1174\" data-end=\"1317\">\n<p data-start=\"1176\" data-end=\"1317\"><strong data-start=\"1176\" data-end=\"1187\">Android-Plattform<\/strong> &ndash; Business-kompatibles Android mit Management-Tools f&uuml;r Unternehmen optimiert die Bereitstellung von Apps, Updates und die Durchsetzung von Richtlinien.<\/p>\n<\/li>\n<li data-start=\"1318\" data-end=\"1466\">\n<p data-start=\"1320\" data-end=\"1466\"><strong data-start=\"1320\" data-end=\"1334\">Integriertes<\/strong> <strong>Scannen<\/strong> &ndash; Enterprise 1D\/2D-Imaging liest verschlissene, kontrastarme und gebogene Etiketten schnell, um erneutes Scannen zu reduzieren und Transaktionen zu beschleunigen.<\/p>\n<\/li>\n<li data-start=\"1467\" data-end=\"1619\">\n<p data-start=\"1469\" data-end=\"1619\"><strong data-start=\"1469\" data-end=\"1490\">Bei Sonnenlicht ablesbares<\/strong> <strong>Display<\/strong> &ndash; Der helle, handschuhfreundliche Touchscreen unterst&uuml;tzt die pr&auml;zise Eingabe von Formularen, Entnahmen und gef&uuml;hrten Arbeitsabl&auml;ufen bei unterschiedlichen Lichtverh&auml;ltnissen.<\/p>\n<\/li>\n<li data-start=\"1620\" data-end=\"1750\">\n<p data-start=\"1622\" data-end=\"1750\"><strong data-start=\"1622\" data-end=\"1635\">Ergonomischer<\/strong> <strong>Formfaktor<\/strong> &ndash; Ausgewogenes Gewicht, reaktionsschneller Anschlag und taktile Bedienelemente minimieren Erm&uuml;dungserscheinungen bei hochvolumigen Aufgaben.<\/p>\n<\/li>\n<li data-start=\"1751\" data-end=\"1886\">\n<p data-start=\"1753\" data-end=\"1886\"><strong data-start=\"1753\" data-end=\"1765\">Zuverl&auml;ssige<\/strong> <strong>drahtlose Kommunikation<\/strong> &ndash; Enterprise Wi-Fi und Bluetooth sorgen daf&uuml;r, dass Daten, Nachrichten und Push-to-Talk im gesamten Gesch&auml;ft oder Lager flie&szlig;en.<\/p>\n<\/li>\n<li data-start=\"1887\" data-end=\"2007\">\n<p data-start=\"1889\" data-end=\"2007\"><strong data-start=\"1889\" data-end=\"1899\">Secure<\/strong> <strong>by Design<\/strong> &ndash; Hardwaregest&uuml;tzte Schutzmechanismen und verwaltete Betriebssystem-Updates sorgen f&uuml;r den Schutz von Ger&auml;ten und sensiblen Daten.<\/p>\n<\/li>\n<li data-start=\"2008\" data-end=\"2132\">\n<p data-start=\"2010\" data-end=\"2132\"><strong>Skalierbar<\/strong> &ndash; Zentralisierte Konfiguration, Staging und Remote-Support reduzieren den IT-Aufwand in gro&szlig;en Flotten.<\/p>\n<\/li>\n<li data-start=\"2133\" data-end=\"2276\">\n<p data-start=\"2135\" data-end=\"2276\"><strong>Zubeh&ouml;r-&Ouml;kosystem<\/strong> &ndash; Cradles, Schlitten, Ladeger&auml;te und Holster unterst&uuml;tzen rollenspezifische Setups vom Verkaufsraum bis zum Lager und zur Auslieferung.<\/p>\n<\/li>\n<\/ul><h2 data-start=\"2278\" data-end=\"2311\">Die wichtigsten Vorteile des Zebra TC51<\/h2><h3 data-start=\"2313\" data-end=\"2364\">Gebaut f&uuml;r anspruchsvolle Bedingungen im Einzelhandel und im Au&szlig;endienst<\/h3><p data-start=\"2365\" data-end=\"2520\">Die strapazierf&auml;hige, unternehmensgerechte Konstruktion widersteht allt&auml;glichen St&uuml;rzen, Staub und Versch&uuml;ttungen, so dass Teams in &uuml;berf&uuml;llten Werkshallen, in Hinterzimmern und am Stra&szlig;enrand produktiv bleiben.<\/p><h3 data-start=\"2522\" data-end=\"2554\">Schnellere Erfassung, weniger Fehler<\/h3><p data-start=\"2555\" data-end=\"2703\">Integriertes 1D\/2D-Imaging und reaktionsschnelle Android-Workflows reduzieren erneute Scans und Fehleingaben und verbessern so die Wartezeiten, die Kommissioniergenauigkeit und die Kundenzufriedenheit.<\/p><h3 data-start=\"2705\" data-end=\"2736\">St&auml;ndig verbundener Betrieb<\/h3><p data-start=\"2737\" data-end=\"2895\">Zuverl&auml;ssige drahtlose Unternehmensl&ouml;sungen sorgen daf&uuml;r, dass Aufgaben, Best&auml;nde und Nachrichten im Hintergrund synchronisiert werden, w&auml;hrend sich die Mitarbeiter zwischen Verkaufsraum, Lager und Verladehalle bewegen.<\/p><h3 data-start=\"2897\" data-end=\"2941\">Vorhersehbares Eigentum mit Ex-Demo-Wert<\/h3><p data-start=\"2942\" data-end=\"3113\">Ab-Demo-Preise bieten nahezu neue Funktionen zu einem g&uuml;nstigen Preis, w&auml;hrend austauschbare Verschlei&szlig;teile, Batterien und bew&auml;hrtes Zubeh&ouml;r die Lebensdauer verl&auml;ngern und die Ersatzteilplanung vereinfachen.<\/p><h3 data-start=\"3115\" data-end=\"3135\">Bereit f&uuml;r Flotten<\/h3><p data-start=\"3136\" data-end=\"3295\">Standardisierte Profile, Fernsupport und einheitliches Zubeh&ouml;r erleichtern die Einf&uuml;hrung im gro&szlig;en Ma&szlig;stab und sorgen daf&uuml;r, dass die Ger&auml;te &uuml;ber Schichten und Standorte hinweg einsatzbereit sind.<\/p><h2 data-start=\"3297\" data-end=\"3315\">Ideale Anwendungsf&auml;lle<\/h2><ul data-start=\"3316\" data-end=\"3838\">\n<li data-start=\"3316\" data-end=\"3431\">\n<p data-start=\"3318\" data-end=\"3431\"><strong data-start=\"3318\" data-end=\"3342\">Einzelhandel und Gastgewerbe<\/strong> &ndash; Verkaufshilfen, Preis&uuml;berpr&uuml;fungen, Bestandsabfragen und mobiles POS im Ladengesch&auml;ft.<\/p>\n<\/li>\n<li data-start=\"3432\" data-end=\"3543\">\n<p data-start=\"3434\" data-end=\"3543\"><strong data-start=\"3434\" data-end=\"3462\">Lager und Vertrieb<\/strong> &ndash; Einlagerung, Kommissionierung, Zyklusz&auml;hlung und Hafenbetrieb mit zuverl&auml;ssigem Scannen.<\/p>\n<\/li>\n<li data-start=\"3544\" data-end=\"3637\">\n<p data-start=\"3546\" data-end=\"3637\"><strong data-start=\"3546\" data-end=\"3574\">Au&szlig;endienst und Lieferung<\/strong> &ndash; Arbeitsauftr&auml;ge, Liefernachweise und Scans von Gegenst&auml;nden f&uuml;r unterwegs.<\/p>\n<\/li>\n<li data-start=\"3638\" data-end=\"3749\">\n<p data-start=\"3640\" data-end=\"3749\"><strong data-start=\"3640\" data-end=\"3662\">Unterst&uuml;tzung des Gesundheitswesens<\/strong> &ndash; Nicht-klinisches Inventar, Vorratsr&auml;ume und Ger&auml;teverfolgung (Arbeitsabl&auml;ufe in Einrichtungen).<\/p>\n<\/li>\n<li data-start=\"3750\" data-end=\"3838\">\n<p data-start=\"3752\" data-end=\"3838\"><strong data-start=\"3752\" data-end=\"3769\">Fertigung<\/strong> &ndash; &Uuml;berpr&uuml;fung von Teilen in der Fertigungslinie, WIP-Verfolgung und Wartungsaufgaben.<\/p>\n<\/li>\n<\/ul><h2 data-start=\"3840\" data-end=\"3881\">Produktvergleiche f&uuml;r das Zebra TC51<\/h2><ul data-start=\"3882\" data-end=\"4568\">\n<li data-start=\"3882\" data-end=\"4145\">\n<p data-start=\"3884\" data-end=\"4145\"><strong data-start=\"3884\" data-end=\"3998\"><a class=\"decorated-link cursor-pointer\" href=\"https:\/\/micronordic.com\/product\/zebra-tc52-mobile-handheld-computer-refurbished\/\" target=\"_new\" rel=\"noopener\" data-start=\"3886\" data-end=\"3996\">Zebra TC52\/TC52x<\/a><\/strong> &ndash; Neuere Android-Handhelds mit verl&auml;ngertem Lebenszyklus und verbesserter Ergonomie; w&auml;hlen Sie den TC52\/TC52x f&uuml;r eine modernere Plattform und langfristige Betriebssystemunterst&uuml;tzung.<\/p>\n<\/li>\n<li data-start=\"4146\" data-end=\"4361\">\n<p data-start=\"4148\" data-end=\"4361\"><a href=\"https:\/\/micronordic.com\/product\/zebra-tc57ho-mobile-handheld-computer-refurbished\/\"><strong data-start=\"4148\" data-end=\"4250\">Zebra TC57<\/strong> <\/a>&ndash; Schwestermodell mit integriertem Mobilfunknetz f&uuml;r Au&szlig;endienstteams; w&auml;hlen Sie den TC57, wenn Sie auf gro&szlig;fl&auml;chige Konnektivit&auml;t angewiesen sind.<\/p>\n<\/li>\n<li data-start=\"4362\" data-end=\"4568\">\n<p data-start=\"4364\" data-end=\"4568\"><a href=\"https:\/\/micronordic.com\/product\/zebra-tc56-mobile-handheld-computer-refurbished\/\"><strong data-start=\"4364\" data-end=\"4466\">Zebra TC56<\/strong> <\/a>&ndash; Geschwisterger&auml;t der vorherigen Generation; w&auml;hlen Sie TC56, wenn Sie einen &auml;hnlichen Formfaktor mit WWAN in &auml;lteren Flotten ben&ouml;tigen.<\/p>\n<\/li>\n<\/ul>\n","protected":false},"excerpt":{"rendered":"<p>W\u00c4HLEN SIE UNTEN EINE VARIANTE AUS! Rufen Sie uns an, wenn Sie Hilfe ben\u00f6tigen, um die richtige Produktvariante zu finden. <\/p>\n<h3>Spezifikationen:<\/h3>\n<ul>\n<li><strong>Anzeige:<\/strong> Heller, f\u00fcr den Au\u00dfeneinsatz geeigneter Touchscreen; handschuhfreundliche Eingabe<\/li>\n<li><strong>Prozessor:<\/strong> Mobile CPU der Unternehmensklasse (Android-basiert)<\/li>\n<li><strong>Grafiken:<\/strong> Integriert<\/li>\n<li><strong>Speicher:<\/strong> Konfigurierbarer RAM f\u00fcr Multi-App-Workflows<\/li>\n<li><strong>Speicher:<\/strong> Onboard-Speicher mit Erweiterungsoptionen (modellabh\u00e4ngig)<\/li>\n<li><strong>Konnektivit\u00e4t:<\/strong> Wi-Fi f\u00fcr Unternehmen, Bluetooth; optionale WWAN-Varianten in verwandten Modellen; Dockingstation f\u00fcr Schreibtisch und Fahrzeug<\/li>\n<li><strong>Rugged-Zertifizierungen:<\/strong> Widerstandsf\u00e4hig gegen St\u00fcrze, Staub und Feuchtigkeit (modellabh\u00e4ngig)<\/li>\n<li><strong>Sicherheit:<\/strong> Verwaltetes Android, Unterst\u00fctzung f\u00fcr Unternehmensauthentifizierung und Ger\u00e4teverwaltung<\/li>\n<li><strong>Akku:<\/strong> Vor Ort austauschbarer Akku f\u00fcr den Mehrschichteinsatz; Ladestationen erh\u00e4ltlich<\/li>\n<li><strong>Abmessungen und Gewicht:<\/strong> Kompakter Handheld-Formfaktor (variiert je nach Konfiguration)<\/li>\n<li><strong>Garantie:<\/strong> Ex-Demo: 12-monatige Garantie von Micro Nordic<\/li>\n<\/ul>\n<p><strong>Bitte w\u00e4hlen Sie unten das richtige Modell aus, bevor Sie es in den Warenkorb legen<\/strong><\/p>\n","protected":false},"author":16,"featured_media":61763,"template":"","meta":{"_acf_changed":false,"inline_featured_image":false},"product-condition":[5271],"product_brand":[9017],"product_cat":[5102,5094,5103],"product_tag":[3229,3243,3173,3313,3201,3299,3341,3327,3285,3187,3271,3257,3215],"class_list":{"0":"post-47427","1":"product","2":"type-product","3":"status-publish","4":"has-post-thumbnail","6":"product-condition-ex-demo","7":"product_brand-zebra","8":"product_cat-zebra","9":"product_cat-all-barcode-scanners","10":"product_cat-refurbished-rugged-hardware","11":"product_tag-tc510k-1hdzu2p-a6-de","12":"product_tag-tc510k-1hdzu4p-a6-de","13":"product_tag-tc510k-1pazu2p-a6-de","14":"product_tag-tc510k-1pazu2p-us-de","15":"product_tag-tc510k-1pazu4p-a6-de","16":"product_tag-tc510k-1pazu4p-ia-de","17":"product_tag-tc510k-1pazu4p-us-de","18":"product_tag-tc510k-2hdzu2p-a6-de","19":"product_tag-tc510k-2hdzu4p-a6-de","20":"product_tag-tc510k-2pazu2p-a6-de","21":"product_tag-tc510k-2pazu2p-us-de","22":"product_tag-tc510k-2pazu4p-a6-de","23":"product_tag-tc510k-2pazu4p-us-de","24":"pa_model-part-number-tc510k-1hdzu2p-a6","25":"pa_model-part-number-tc510k-1hdzu4p-a6","26":"pa_model-part-number-tc510k-1pazu2p-a6","27":"pa_model-part-number-tc510k-1pazu4p-a6","28":"pa_model-part-number-tc510k-2hdzu2p-a6","29":"pa_model-part-number-tc510k-2hdzu4p-a6","30":"pa_model-part-number-tc510k-2pazu2p-a6","31":"pa_model-part-number-tc510k-2pazu2p-us","33":"first","34":"instock","35":"taxable","36":"shipping-taxable","37":"purchasable","38":"product-type-variable","39":"has-default-attributes"},"acf":[],"_links":{"self":[{"href":"https:\/\/micronordic.com\/de\/wp-json\/wp\/v2\/product\/47427","targetHints":{"allow":["GET"]}}],"collection":[{"href":"https:\/\/micronordic.com\/de\/wp-json\/wp\/v2\/product"}],"about":[{"href":"https:\/\/micronordic.com\/de\/wp-json\/wp\/v2\/types\/product"}],"author":[{"embeddable":true,"href":"https:\/\/micronordic.com\/de\/wp-json\/wp\/v2\/users\/16"}],"version-history":[{"count":3,"href":"https:\/\/micronordic.com\/de\/wp-json\/wp\/v2\/product\/47427\/revisions"}],"predecessor-version":[{"id":98507,"href":"https:\/\/micronordic.com\/de\/wp-json\/wp\/v2\/product\/47427\/revisions\/98507"}],"wp:featuredmedia":[{"embeddable":true,"href":"https:\/\/micronordic.com\/de\/wp-json\/wp\/v2\/media\/61763"}],"wp:attachment":[{"href":"https:\/\/micronordic.com\/de\/wp-json\/wp\/v2\/media?parent=47427"}],"wp:term":[{"taxonomy":"product-condition","embeddable":true,"href":"https:\/\/micronordic.com\/de\/wp-json\/wp\/v2\/product-condition?post=47427"},{"taxonomy":"product_brand","embeddable":true,"href":"https:\/\/micronordic.com\/de\/wp-json\/wp\/v2\/product_brand?post=47427"},{"taxonomy":"product_cat","embeddable":true,"href":"https:\/\/micronordic.com\/de\/wp-json\/wp\/v2\/product_cat?post=47427"},{"taxonomy":"product_tag","embeddable":true,"href":"https:\/\/micronordic.com\/de\/wp-json\/wp\/v2\/product_tag?post=47427"}],"curies":[{"name":"wp","href":"https:\/\/api.w.org\/{rel}","templated":true}]}}