{"id":101931,"date":"2025-11-24T17:39:06","date_gmt":"2025-11-24T16:39:06","guid":{"rendered":"https:\/\/micronordic.com\/product\/dell-pro-rugged-laptop-13-neu\/"},"modified":"2026-01-20T12:15:12","modified_gmt":"2026-01-20T11:15:12","slug":"dell-pro-rugged-13-laptop","status":"publish","type":"product","link":"https:\/\/micronordic.com\/de\/product\/dell-pro-rugged-13-laptop\/","title":{"rendered":"Dell Pro Rugged Laptop 13 (NEU)"},"content":{"rendered":"<?xml encoding=\"utf-8\" ?><h2 data-start=\"47\" data-end=\"81\">Dell Pro Rugged Laptop 13 (NEU)<\/h2><p data-start=\"83\" data-end=\"608\">Der <strong data-start=\"87\" data-end=\"116\">Dell Pro Rugged Laptop 13<\/strong> ist ein kompaktes, <strong>vollst&auml;ndig robustes<\/strong> Windows-Notebook, das f&uuml;r eine zuverl&auml;ssige Leistung in anspruchsvollen Au&szlig;enumgebungen entwickelt wurde. Es wurde entwickelt, um dort zu arbeiten, wo Laptops f&uuml;r Endverbraucher versagen, und kombiniert eine verst&auml;rkte Konstruktion mit Komponenten in Unternehmensqualit&auml;t, versiegelten E\/A und leistungsstarken Konnektivit&auml;tsoptionen. F&uuml;r Teams, die in Fahrzeugen, Depots, Fabriken, im Freien oder an abgelegenen Standorten arbeiten, bietet es ein ausgewogenes Verh&auml;ltnis von Mobilit&auml;t, Haltbarkeit und professioneller Produktivit&auml;t, das lange Schichten und unternehmenskritische Aufgaben unterst&uuml;tzt.  <\/p><p data-start=\"610\" data-end=\"1004\">Als <strong data-start=\"615\" data-end=\"622\">NEUES<\/strong> Ger&auml;t verf&uuml;gt der <strong data-start=\"635\" data-end=\"664\">Dell Pro Rugged Laptop 13<\/strong> &uuml;ber eine <strong data-start=\"676\" data-end=\"695\">3-Jahres-Standard-Herstellergarantie<\/strong> und bietet damit langfristigen Schutz f&uuml;r Unternehmen, die auf robuste mobile Datenverarbeitung setzen. Mit taktiler Eingabe, einer tragbaren Grundfl&auml;che und einem bew&auml;hrten Zubeh&ouml;rsystem hilft es Mitarbeitern, in anspruchsvollen Arbeitsabl&auml;ufen produktiv zu bleiben &ndash; von Inspektionen und Anlagenverwaltung bis hin zu Dokumentation, Diagnose und Berichterstattung. <\/p><h2 data-start=\"1006\" data-end=\"1054\">Hauptmerkmale des Dell Pro Fully Rugged Laptop 13<\/h2><ul data-start=\"1055\" data-end=\"2490\">\n<li data-start=\"1055\" data-end=\"1208\">\n<p data-start=\"1057\" data-end=\"1208\"><strong data-start=\"1057\" data-end=\"1075\">Robustes Geh&auml;use<\/strong> &ndash; Das Fully Rugged Design sch&uuml;tzt vor St&uuml;rzen, Vibrationen, Staub und Feuchtigkeit und sorgt f&uuml;r langfristige Zuverl&auml;ssigkeit im Feld und in Fahrzeugen.<\/p>\n<\/li>\n<li data-start=\"1209\" data-end=\"1350\">\n<p data-start=\"1211\" data-end=\"1350\"><strong data-start=\"1211\" data-end=\"1240\">Bei Sonnenlicht ablesbares Display<\/strong> &ndash; 1400-Nit-Panel f&uuml;r den Au&szlig;eneinsatz mit Handschuh-\/Stylus-Touch-Optionen sorgt daf&uuml;r, dass die Bildschirme auch bei hellem Wetter gut lesbar sind.<\/p>\n<\/li>\n<li data-start=\"1351\" data-end=\"1515\">\n<p data-start=\"1353\" data-end=\"1515\"><strong data-start=\"1353\" data-end=\"1379\">Reaktionsschnelle Leistung<\/strong> &ndash; Moderne Intel Core Ultra- und H-Serien-Prozessoren mit integrierter Grafik unterst&uuml;tzen KI-Aufgaben, hohe Arbeitslasten und Workflows mit mehreren Anwendungen.<\/p>\n<\/li>\n<li data-start=\"1516\" data-end=\"1670\">\n<p data-start=\"1518\" data-end=\"1670\"><strong data-start=\"1518\" data-end=\"1542\">Tragbarer Formfaktor<\/strong> &ndash; Ein kompaktes 13-Zoll-Design bietet volle Windows-Leistung bei geringerem Gewicht, ideal f&uuml;r mobile Mitarbeiter und enge Arbeitsbereiche.<\/p>\n<\/li>\n<li data-start=\"1671\" data-end=\"1811\">\n<p data-start=\"1673\" data-end=\"1811\"><strong data-start=\"1673\" data-end=\"1704\">Anpassbare Konfigurationen<\/strong> &ndash; Flexible Optionen f&uuml;r Arbeitsspeicher, Speicher und Konnektivit&auml;t helfen der IT-Abteilung, Leistung, Kosten und Lebenszyklus in Einklang zu bringen.<\/p>\n<\/li>\n<li data-start=\"1812\" data-end=\"1959\">\n<p data-start=\"1814\" data-end=\"1959\"><strong data-start=\"1814\" data-end=\"1839\">Zuverl&auml;ssige Konnektivit&auml;t<\/strong> &ndash; Wi-Fi 6\/6E\/7, optionales 5G\/4G LTE und diskrete GPS-Unterst&uuml;tzung sorgen f&uuml;r sicheren Zugang in abgelegenen und mobilen Umgebungen.<\/p>\n<\/li>\n<li data-start=\"1960\" data-end=\"2103\">\n<p data-start=\"1962\" data-end=\"2103\"><strong data-start=\"1962\" data-end=\"1992\">Hochgeschwindigkeitsanschl&uuml;sse und Docking<\/strong> &ndash; Thunderbolt 4\/USB-C, optionaler E\/A-Schacht, Fahrzeug- und B&uuml;ro-Docks rationalisieren &Uuml;berg&auml;nge und die Verwendung von Peripherieger&auml;ten.<\/p>\n<\/li>\n<li data-start=\"2104\" data-end=\"2241\">\n<p data-start=\"2106\" data-end=\"2241\"><strong data-start=\"2106\" data-end=\"2142\">Sicherheit und Verwaltung f&uuml;r Unternehmen<\/strong> &ndash; Hardware-gest&uuml;tzte Schutzfunktionen, BIOS-Kontrollen und Ger&auml;tetelemetrie unterst&uuml;tzen die IT-Richtlinien des Unternehmens.<\/p>\n<\/li>\n<li data-start=\"2242\" data-end=\"2364\">\n<p data-start=\"2244\" data-end=\"2364\"><strong data-start=\"2244\" data-end=\"2266\">Wartungsfreundliches Design<\/strong> &ndash; Im laufenden Betrieb austauschbare Batterien und vom Benutzer zug&auml;ngliche Komponenten verl&auml;ngern die Lebensdauer und vereinfachen Reparaturen.<\/p>\n<\/li>\n<li data-start=\"2365\" data-end=\"2490\">\n<p data-start=\"2367\" data-end=\"2490\"><strong data-start=\"2367\" data-end=\"2390\">Zubeh&ouml;rsystem<\/strong> &ndash; Fahrzeugdocks, Ladeger&auml;te, Griffe und Halterungen unterst&uuml;tzen die Arbeitsabl&auml;ufe vom Servicewagen bis zum Kontrollraum.<\/p>\n<\/li>\n<\/ul><h2 data-start=\"2492\" data-end=\"2540\">Die wichtigsten Vorteile des Dell Pro Rugged Laptop 13<\/h2><h3 data-start=\"2542\" data-end=\"2577\">Gebaut f&uuml;r die h&auml;rtesten Arbeitstage<\/h3><p data-start=\"2578\" data-end=\"2722\">Das robuste Geh&auml;use widersteht St&uuml;rzen, Feuchtigkeit, Staub und Vibrationen und sorgt f&uuml;r eine konstante Betriebszeit im Freien, in Fahrzeugen und in Industrieanlagen.<\/p><h3 data-start=\"2724\" data-end=\"2763\">Kompakte Mobilit&auml;t ohne Kompromisse<\/h3><p data-start=\"2764\" data-end=\"2896\">Ein 13&Prime; Rugged Laptop bietet einen vollwertigen Windows-Computer in einem tragbaren Format &ndash; ideal f&uuml;r Baustellenbesuche, Patrouillen und mobile Mitarbeiter.<\/p><h3 data-start=\"2898\" data-end=\"2944\">Starke Konnektivit&auml;t, wo immer auch gearbeitet wird<\/h3><p data-start=\"2945\" data-end=\"3066\">Zuverl&auml;ssige drahtlose Verbindungen und optionales mobiles Breitband sorgen f&uuml;r einen reibungslosen Informationsfluss zwischen Teams, Fahrzeugen und Back-Office-Systemen.<\/p><h3 data-start=\"3068\" data-end=\"3107\">Vorhersehbare Gesamtbetriebskosten<\/h3><p data-start=\"3108\" data-end=\"3249\">Vor Ort wartbare Komponenten, standardisierte Konfigurationen und eine 3-Jahres-Garantie sorgen f&uuml;r eine langfristige Stabilit&auml;t der Flotte und ein geringeres Betriebsrisiko.<\/p><h3 data-start=\"3251\" data-end=\"3277\">Flottenf&auml;higer Einsatz<\/h3><p data-start=\"3278\" data-end=\"3409\">Unternehmens-Imaging, Ger&auml;temanagement und Sicherheitsoptionen erm&ouml;glichen eine unkomplizierte Bereitstellung f&uuml;r Teams, Schichten und mehrere Standorte.<\/p><h2 data-start=\"3411\" data-end=\"3429\">Ideale Anwendungsf&auml;lle<\/h2><ul data-start=\"3430\" data-end=\"4049\">\n<li data-start=\"3430\" data-end=\"3558\">\n<p data-start=\"3432\" data-end=\"3558\"><strong data-start=\"3432\" data-end=\"3462\">&Ouml;ffentliche Sicherheit und Beh&ouml;rden<\/strong> &ndash; Datenverarbeitung im Fahrzeug, sicherer Datenzugriff, Berichterstattung &uuml;ber Vorf&auml;lle und Dokumentation unterwegs.<\/p>\n<\/li>\n<li data-start=\"3559\" data-end=\"3677\">\n<p data-start=\"3561\" data-end=\"3677\"><strong data-start=\"3561\" data-end=\"3590\">Field Service &amp; Utilities<\/strong> &ndash; Anlageninspektion, Diagnose, Wartungsberichte und Fernwartungsworkflows.<\/p>\n<\/li>\n<li data-start=\"3678\" data-end=\"3795\">\n<p data-start=\"3680\" data-end=\"3795\"><strong data-start=\"3680\" data-end=\"3708\">Lager und Vertrieb<\/strong> &ndash; Arbeitsauftr&auml;ge, Inventarsysteme, Hafenarbeiten und Dateneingabe von Gabelstaplern oder Schreibtischen aus.<\/p>\n<\/li>\n<li data-start=\"3796\" data-end=\"3920\">\n<p data-start=\"3798\" data-end=\"3920\"><strong data-start=\"3798\" data-end=\"3828\">Fertigung &amp; Industrie<\/strong> &ndash; Qualit&auml;tskontrollen, WIP-Zugang, HMI-Aufgaben und Wartungsverfahren in rauen Umgebungen.<\/p>\n<\/li>\n<li data-start=\"3921\" data-end=\"4049\">\n<p data-start=\"3923\" data-end=\"4049\"><strong data-start=\"3923\" data-end=\"3948\">Transport &amp; Logistik<\/strong> &ndash; Routenplanung, Telematik-Integration, Etikettenverarbeitung und Yard-Management mit zuverl&auml;ssigem mobilen Zugriff.<\/p>\n<\/li>\n<\/ul><h2 data-start=\"4051\" data-end=\"4107\">Produktvergleiche f&uuml;r den Dell Pro Rugged Laptop 13<\/h2><ul data-start=\"4108\" data-end=\"4600\">\n<li data-start=\"4108\" data-end=\"4256\">\n<p data-start=\"4110\" data-end=\"4256\"><a href=\"https:\/\/micronordic.com\/product\/getac-v110-g7-touch-fully-rugged-notebook\/\"><strong data-start=\"4110\" data-end=\"4127\">Getac V110 G7<\/strong><\/a> &ndash; W&auml;hlen Sie das V110 G7 f&uuml;r ein konvertierbares, robustes 2-in-1-Design; w&auml;hlen Sie den Dell Pro Rugged Laptop 13 f&uuml;r ein leichteres, traditionelles Clamshell.<\/p>\n<\/li>\n<li data-start=\"4257\" data-end=\"4432\">\n<p data-start=\"4259\" data-end=\"4432\"><a href=\"https:\/\/micronordic.com\/product\/panasonic-toughbook-fz-55\/\"><strong data-start=\"4259\" data-end=\"4285\">Panasonic Toughbook 55<\/strong><\/a> &ndash; Entscheiden Sie sich f&uuml;r das Toughbook 55, wenn Sie Wert auf modulare Erweiterungssch&auml;chte legen; w&auml;hlen Sie den Dell Pro Rugged Laptop 13, wenn Sie Wert auf einfache Tragbarkeit und standardisierte Flottenspezifikationen legen.<\/p>\n<\/li>\n<li data-start=\"4433\" data-end=\"4600\">\n<p data-start=\"4435\" data-end=\"4600\"><a href=\"https:\/\/micronordic.com\/product\/dell-rugged-extreme-5430-new\/\"><strong data-start=\"79\" data-end=\"108\">Dell Latitude Rugged 5430<\/strong><\/a> &ndash; Entscheiden Sie sich f&uuml;r das Latitude 5430 Rugged Laptop, wenn Sie ein traditionelles, robustes Business-Notebook mit breiterer Flottenverf&uuml;gbarkeit und bew&auml;hrten Au&szlig;eneins&auml;tzen bevorzugen; w&auml;hlen Sie das Dell Pro Rugged 13 Laptop f&uuml;r ein leichteres, kompakteres, vollst&auml;ndig robustes System, das f&uuml;r Mobilit&auml;t optimiert ist.<\/p>\n<\/li>\n<\/ul>\n","protected":false},"excerpt":{"rendered":"<h3>Spezifikationen<\/h3>\n<ul>\n<li><strong>Display:<\/strong> 13\u2033 im Freien ablesbar; optional Handschuh\/Stylus Touch<\/li>\n<li><strong>Prozessor:<\/strong> Intel\u00ae Core\u2122 Ultra \/ H-Serie (konfigurierbar)<\/li>\n<li><strong>Grafik:<\/strong> Integrierte GPU (Intel Iris Xe \/ Intel Arc, modellabh\u00e4ngig)<\/li>\n<li><strong>Speicher:<\/strong> 16 GB LPDDR5x (Basismodell), aufr\u00fcstbar auf 64 GB<\/li>\n<li><strong>Speicher:<\/strong> 256 GB PCIe NVMe SSD (Basismodell), aufr\u00fcstbar auf 2 TB<\/li>\n<li><strong>Konnektivit\u00e4t:<\/strong> Wi-Fi 6\/6E\/7, Bluetooth; optional 5G\/4G LTE und GNSS; unterst\u00fctzt rugged Docking<\/li>\n<li><strong>Rugged-Zertifizierungen:<\/strong> MIL-STD-810H, IP65, Betriebsbereich -29 \u00b0C bis 63 \u00b0C<\/li>\n<li><strong>Sicherheit:<\/strong> BIOS-Schutz, TPM, Fingerabdruck-\/Smart-Card-Optionen<\/li>\n<li><strong>Batterie:<\/strong> Hot-Swap-f\u00e4hige Dual-Batterie-Unterst\u00fctzung f\u00fcr lange Arbeitseins\u00e4tze<\/li>\n<li><strong>Abmessungen und Gewicht:<\/strong> H\u00f6he 1,43\u2033 (36,5 mm), ab 2,4 kg (5,29 lb)<\/li>\n<li><strong>Garantie:<\/strong> 3 Jahre Garantie (NEUES Ger\u00e4t)<\/li>\n<\/ul>\n","protected":false},"author":24,"featured_media":99917,"template":"","meta":{"_acf_changed":false,"inline_featured_image":false},"product-condition":[5251],"product_brand":[8937],"product_cat":[5095,5100,5097],"product_tag":[],"class_list":{"0":"post-101931","1":"product","2":"type-product","3":"status-publish","4":"has-post-thumbnail","6":"product-condition-new-in-box","7":"product_brand-dell","8":"product_cat-all-rugged-laptops","9":"product_cat-new-in-box-rugged-hardware","10":"product_cat-dell-rugged","12":"first","13":"instock","14":"taxable","15":"shipping-taxable","16":"purchasable","17":"product-type-simple"},"acf":[],"_links":{"self":[{"href":"https:\/\/micronordic.com\/de\/wp-json\/wp\/v2\/product\/101931","targetHints":{"allow":["GET"]}}],"collection":[{"href":"https:\/\/micronordic.com\/de\/wp-json\/wp\/v2\/product"}],"about":[{"href":"https:\/\/micronordic.com\/de\/wp-json\/wp\/v2\/types\/product"}],"author":[{"embeddable":true,"href":"https:\/\/micronordic.com\/de\/wp-json\/wp\/v2\/users\/24"}],"version-history":[{"count":1,"href":"https:\/\/micronordic.com\/de\/wp-json\/wp\/v2\/product\/101931\/revisions"}],"predecessor-version":[{"id":101979,"href":"https:\/\/micronordic.com\/de\/wp-json\/wp\/v2\/product\/101931\/revisions\/101979"}],"wp:featuredmedia":[{"embeddable":true,"href":"https:\/\/micronordic.com\/de\/wp-json\/wp\/v2\/media\/99917"}],"wp:attachment":[{"href":"https:\/\/micronordic.com\/de\/wp-json\/wp\/v2\/media?parent=101931"}],"wp:term":[{"taxonomy":"product-condition","embeddable":true,"href":"https:\/\/micronordic.com\/de\/wp-json\/wp\/v2\/product-condition?post=101931"},{"taxonomy":"product_brand","embeddable":true,"href":"https:\/\/micronordic.com\/de\/wp-json\/wp\/v2\/product_brand?post=101931"},{"taxonomy":"product_cat","embeddable":true,"href":"https:\/\/micronordic.com\/de\/wp-json\/wp\/v2\/product_cat?post=101931"},{"taxonomy":"product_tag","embeddable":true,"href":"https:\/\/micronordic.com\/de\/wp-json\/wp\/v2\/product_tag?post=101931"}],"curies":[{"name":"wp","href":"https:\/\/api.w.org\/{rel}","templated":true}]}}