{"id":48160,"date":"2024-08-01T20:13:22","date_gmt":"2024-08-01T18:13:22","guid":{"rendered":"https:\/\/micronordic.com\/product\/zebra-tc58-handheld-mobile-computer-new\/"},"modified":"2025-11-17T11:03:08","modified_gmt":"2025-11-17T10:03:08","slug":"zebra-tc58-handheld-mobile-computer","status":"publish","type":"product","link":"https:\/\/micronordic.com\/da\/product\/zebra-tc58-handheld-mobile-computer\/","title":{"rendered":"Zebra TC58 Handheld Mobile Computer (NY)"},"content":{"rendered":"<?xml encoding=\"utf-8\" ?><h2 data-start=\"423\" data-end=\"460\">Zebra TC58 Handheld Mobile Computer<\/h2><p data-start=\"462\" data-end=\"935\"><strong data-start=\"466\" data-end=\"503\">Zebra TC58 Handheld Mobile Computer<\/strong> er en n&aelig;ste generations virksomhedsenhed designet til organisationer, der har brug for en kraftfuld, rugged og tilsluttet h&aring;ndholdt l&oslash;sning. TC58 bygger p&aring; succesen med Zebras TC5X-serie og leverer avancerede 5G-forbindelser, en lysst&aelig;rk 6,0&Prime;-sk&aelig;rm, integreret scanning og lang batterilevetid. Uanset om den anvendes inden for logistik, detailhandel, feltservice eller offentlig sikkerhed, sikrer TC58 p&aring;lidelig ydeevne i kr&aelig;vende arbejdsgange.   Nye produkter har 2 &aring;rs producentgaranti.<\/p><h2 data-start=\"937\" data-end=\"972\">N&oslash;glefunktioner i Zebra TC58<\/h2><ul data-start=\"974\" data-end=\"1884\">\n<li data-start=\"974\" data-end=\"1084\">\n<p data-start=\"976\" data-end=\"1084\"><strong data-start=\"976\" data-end=\"997\">Rugged holdbarhed<\/strong> &ndash; IP65\/IP68-certificeret, faldtestet og bygget til at modst&aring; udfordrende milj&oslash;er.<\/p>\n<\/li>\n<li data-start=\"1085\" data-end=\"1195\">\n<p data-start=\"1087\" data-end=\"1195\"><strong data-start=\"1087\" data-end=\"1108\">6,0&Prime; FHD+-sk&aelig;rm<\/strong> &ndash; 600 nits lysstyrke, handske- og wet touch-funktion og Gorilla Glass-beskyttelse.<\/p>\n<\/li>\n<li data-start=\"1196\" data-end=\"1298\">\n<p data-start=\"1198\" data-end=\"1298\"><strong data-start=\"1198\" data-end=\"1218\">Processorkraft<\/strong> &ndash; Qualcomm&reg; 6490 octa-core processor med AI-acceleration til kr&aelig;vende apps.<\/p>\n<\/li>\n<li data-start=\"1299\" data-end=\"1389\">\n<p data-start=\"1301\" data-end=\"1389\"><strong data-start=\"1301\" data-end=\"1317\">Tilslutningsmuligheder<\/strong> &ndash; 5G, Wi-Fi 6E, Bluetooth 5.2, GPS og eSIM til virksomhedsmobilitet.<\/p>\n<\/li>\n<li data-start=\"1390\" data-end=\"1478\">\n<p data-start=\"1392\" data-end=\"1478\"><strong data-start=\"1392\" data-end=\"1408\">Datafangst<\/strong> &ndash; SE4720 2D-stregkodescanner plus 16 MP kamera bagp&aring; og 8 MP kamera foran.<\/p>\n<\/li>\n<li data-start=\"1479\" data-end=\"1554\">\n<p data-start=\"1481\" data-end=\"1554\"><strong data-start=\"1481\" data-end=\"1492\">Batteri<\/strong> &ndash; 4680 mAh varmt udskifteligt batteri til uafbrudte skift.<\/p>\n<\/li>\n<li data-start=\"1555\" data-end=\"1639\">\n<p data-start=\"1557\" data-end=\"1639\"><strong data-start=\"1557\" data-end=\"1580\">Enterprise-ready OS<\/strong> &ndash; Android 13 med udvidet sikkerhed og opgraderingssupport.<\/p>\n<\/li>\n<li data-start=\"1640\" data-end=\"1720\">\n<p data-start=\"1642\" data-end=\"1720\"><strong data-start=\"1642\" data-end=\"1663\">Letv&aelig;gtskonstruktion<\/strong> &ndash; slankt og b&aelig;rbart design, der kun vejer omkring 282 g.<\/p>\n<\/li>\n<li data-start=\"1721\" data-end=\"1820\">\n<p data-start=\"1723\" data-end=\"1820\"><strong data-start=\"1723\" data-end=\"1745\">Mobility DNA-v&aelig;rkt&oslash;jer<\/strong> &ndash; Zebras softwarepakke til hurtig udrulning og optimeret tilslutning.<\/p>\n<\/li>\n<li data-start=\"1821\" data-end=\"1884\">\n<p data-start=\"1823\" data-end=\"1884\"><strong data-start=\"1823\" data-end=\"1835\">Garanti<\/strong> &ndash; St&oslash;ttes af Zebras 2 &aring;rs begr&aelig;nsede standardgaranti.<\/p>\n<\/li>\n<\/ul><h2 data-start=\"1886\" data-end=\"1944\">Vigtige fordele ved Zebra TC58 Rugged Handheld Mobile Computer<\/h2><h3 data-start=\"1946\" data-end=\"1986\">Rugged design til professionel brug<\/h3><p data-start=\"1987\" data-end=\"2207\">TC58 er designet til at trives p&aring; kr&aelig;vende arbejdspladser, hvor forbruger-smartphones ikke kan overleve. Med IP65\/IP68-certificeringer og modstandsdygtighed over for fald er den p&aring;lidelig i detailbutikker, lagerbygninger eller udend&oslash;rs milj&oslash;er. <\/p><h3 data-start=\"2209\" data-end=\"2245\">Overlegen sk&aelig;rm og brugervenlighed<\/h3><p data-start=\"2246\" data-end=\"2466\">Dens 6,0&Prime; FHD+-sk&aelig;rm med 600 nits lysstyrke sikrer synlighed b&aring;de indend&oslash;rs og udend&oslash;rs. Underst&oslash;ttelse af handske- og wet touch betyder, at medarbejderne forbliver produktive under alle forhold, fra frysere til regnfulde byggepladser. <\/p><h3 data-start=\"2468\" data-end=\"2503\">Forbindelse p&aring; virksomhedsniveau<\/h3><p data-start=\"2504\" data-end=\"2750\">TC58 er bygget som en 5G-f&oslash;rste mobil computer, der leverer hurtig dataoverf&oslash;rsel, stabil videokommunikation og realtidsadgang til cloud-applikationer. Wi-Fi 6E og Bluetooth 5.2 udvider tilslutningsmulighederne yderligere til alle virksomhedsscenarier. <\/p><h3 data-start=\"2752\" data-end=\"2799\">Kraftig ydeevne til moderne arbejdsgange<\/h3><p data-start=\"2800\" data-end=\"3033\">TC58 er udstyret med en Qualcomm&reg; 6490 octa-core processor og underst&oslash;tter multitasking, AI-drevne applikationer og grafikintensive arbejdsopgaver. Det g&oslash;r den til en fremtidssikret investering for virksomheder, der s&oslash;ger skalerbare mobill&oslash;sninger. <\/p><h3 data-start=\"3035\" data-end=\"3062\">Avanceret datafangst<\/h3><p data-start=\"3063\" data-end=\"3282\">Stregkodescanneren SE4720 sikrer hurtig og pr&aelig;cis scanning af selv d&aring;rligt trykte eller beskadigede stregkoder. Kameraer med h&oslash;j opl&oslash;sning p&aring; 16 MP og 8 MP g&oslash;r det nemt for medarbejderne at dokumentere leverancer, aktiver og inspektioner. <\/p><h3 data-start=\"3284\" data-end=\"3308\">Langvarig kraft<\/h3><p data-start=\"3309\" data-end=\"3494\">Med et 4680 mAh-batteri, der kan udskiftes under varme forhold, underst&oslash;tter TC58 kontinuerlig drift gennem lange vagter. Batterierne kan udskiftes midt i vagten uden at slukke for str&oslash;mmen, hvilket minimerer nedetiden. <\/p><h3 data-start=\"3496\" data-end=\"3527\">Sikker og nem at administrere<\/h3><p data-start=\"3528\" data-end=\"3752\">Android Enterprise kombineret med Zebras Mobility DNA-v&aelig;rkt&oslash;jer forenkler implementeringen, sikrer virksomhedens data og forbedrer arbejdsstyrkens produktivitet. IT-afdelinger f&aring;r fuld synlighed og kontrol over enheder p&aring; tv&aelig;rs af lokationer. <\/p><h3 data-start=\"3754\" data-end=\"3785\">Ergonomisk og let<\/h3><p data-start=\"3786\" data-end=\"3961\">Med en v&aelig;gt p&aring; ca. 282 g er TC58 b&aelig;rbar og behagelig at bruge i mange timer. Dens slanke profil g&oslash;r den nem at b&aelig;re, men den har stadig alle de rugged certificeringer. <\/p><h2 data-start=\"3963\" data-end=\"4002\">Ideelle brugsscenarier for Zebra TC58<\/h2><ul data-start=\"4004\" data-end=\"4442\">\n<li data-start=\"4004\" data-end=\"4089\">\n<p data-start=\"4006\" data-end=\"4089\"><strong data-start=\"4006\" data-end=\"4030\">Detailhandel og hotel- og restaurationsbranchen<\/strong> &ndash; mobil POS, lagerkontrol og kundeassistance.<\/p>\n<\/li>\n<li data-start=\"4090\" data-end=\"4185\">\n<p data-start=\"4092\" data-end=\"4185\"><strong data-start=\"4092\" data-end=\"4122\">Transport og logistik<\/strong> &ndash; Pakkesporing, leveringsbevis og fl&aring;destyring.<\/p>\n<\/li>\n<li data-start=\"4186\" data-end=\"4276\">\n<p data-start=\"4188\" data-end=\"4276\"><strong data-start=\"4188\" data-end=\"4217\">Field service &amp; utilities<\/strong> &ndash; Reparationer p&aring; stedet, inspektioner og ekstern datafangst.<\/p>\n<\/li>\n<li data-start=\"4277\" data-end=\"4348\">\n<p data-start=\"4279\" data-end=\"4348\"><strong data-start=\"4279\" data-end=\"4294\">Lager<\/strong> &ndash; Scanning af store m&aelig;ngder, plukning og lagerstyring.<\/p>\n<\/li>\n<li data-start=\"4349\" data-end=\"4442\">\n<p data-start=\"4351\" data-end=\"4442\"><strong data-start=\"4351\" data-end=\"4381\">Offentlig sikkerhed og myndigheder<\/strong> &ndash; P&aring;lidelig, sikker mobil computing til frontlinjearbejdere.<\/p>\n<\/li>\n<\/ul><h2 data-start=\"4444\" data-end=\"4479\">Zebra TC58 produktsammenligninger<\/h2><p data-start=\"4481\" data-end=\"4665\">Zebra TC58 er bygget til virksomheder, der har brug for rugged performance med 5G-forbindelse. For organisationer, der sammenligner enheder, omfatter andre relevante muligheder, der er tilg&aelig;ngelige hos Micro Nordic: <\/p><ul data-start=\"4667\" data-end=\"5316\">\n<li data-start=\"4667\" data-end=\"4893\">\n<p data-start=\"4669\" data-end=\"4893\"><strong data-start=\"4669\" data-end=\"4780\"><a class=\"decorated-link cursor-pointer\" href=\"https:\/\/micronordic.com\/product\/zebra-tc58e-handheld-mobile-computer\/\" target=\"_new\" rel=\"noopener\" data-start=\"4671\" data-end=\"4778\">Zebra TC58e Handheld Mobile Computer<\/a><\/strong> &ndash; Den seneste forbedrede version af TC58-platformen med AI-klar ydeevne og udvidede virksomhedsfunktioner.<\/p>\n<\/li>\n<li data-start=\"4894\" data-end=\"5087\">\n<p data-start=\"4896\" data-end=\"5087\"><a href=\"https:\/\/micronordic.com\/product\/zebra-tc53e-handheld-mobile-computer\/\"><strong data-start=\"4896\" data-end=\"5005\">Zebra TC53e Handheld Mobile Computer<\/strong> <\/a>&ndash; En Wi-Fi-f&oslash;rste variant af samme generation, optimeret til indend&oslash;rs arbejdsgange.<\/p>\n<\/li>\n<li data-start=\"5088\" data-end=\"5316\">\n<p data-start=\"5090\" data-end=\"5316\"><strong data-start=\"5090\" data-end=\"5218\"><a class=\"decorated-link cursor-pointer\" href=\"https:\/\/micronordic.com\/product\/zebra-tc77-mobile-handheld-computer-refurbished\/\" target=\"_new\" rel=\"noopener\" data-start=\"5092\" data-end=\"5216\">Zebra TC77 Handheld Mobile Computer<\/a><\/strong> &ndash; En &aelig;ldre rugged h&aring;ndholdt computer, der f&aring;s renoveret, og som tilbyder holdbar ydeevne til en lavere pris.<\/p>\n<\/li>\n<\/ul>\n","protected":false},"excerpt":{"rendered":"<h3>Specifikationer:<\/h3>\n<ul>\n<li><strong>Sk\u00e6rm:<\/strong> 6,0\u2033 FHD+ (2160\u00d71080), 600 nits lysstyrke, Gorilla Glass, underst\u00f8ttelse af handske- og v\u00e5dtouch<\/li>\n<li><strong>Processor:<\/strong> Qualcomm\u00ae 6490 octa-core processor med AI-acceleration<\/li>\n<li><strong>Hukommelse og lagerplads:<\/strong> 6 GB RAM, 64 GB flash<\/li>\n<li><strong>Tilslutningsmuligheder:<\/strong> 5G, Wi-Fi 6E, Bluetooth 5.2, GPS, eSIM<\/li>\n<li><strong>Datafangst og kameraer:<\/strong> SE4720 2D-scanner, 16 MP bagside, 8 MP frontkameraer<\/li>\n<li><strong>Batteri:<\/strong> 4680 mAh varmt udskifteligt batteri<\/li>\n<li><strong>Rugged certificeringer:<\/strong> IP65\/IP68-klassificeret, modstandsdygtig over for fald<\/li>\n<li><strong>Sikkerhed:<\/strong> Android Enterprise, kryptering p\u00e5 virksomhedsniveau, NFC<\/li>\n<li><strong>M\u00e5l og v\u00e6gt:<\/strong> Ca. 282 g <\/li>\n<li><strong><strong>Garanti: <\/strong><\/strong>Standard 2 \u00e5rs begr\u00e6nset producentgaranti<\/li>\n<\/ul>\n","protected":false},"author":24,"featured_media":100282,"template":"","meta":{"_acf_changed":false,"inline_featured_image":false},"product-condition":[5258],"product_brand":[9013],"product_cat":[5113,5106,5110],"product_tag":[],"class_list":{"0":"post-48160","1":"product","2":"type-product","3":"status-publish","4":"has-post-thumbnail","6":"product-condition-new-in-box","7":"product_brand-zebra","8":"product_cat-zebra","9":"product_cat-all-barcode-scanners","10":"product_cat-new-in-box-rugged-hardware","12":"first","13":"instock","14":"taxable","15":"shipping-taxable","16":"purchasable","17":"product-type-simple"},"acf":[],"_links":{"self":[{"href":"https:\/\/micronordic.com\/da\/wp-json\/wp\/v2\/product\/48160","targetHints":{"allow":["GET"]}}],"collection":[{"href":"https:\/\/micronordic.com\/da\/wp-json\/wp\/v2\/product"}],"about":[{"href":"https:\/\/micronordic.com\/da\/wp-json\/wp\/v2\/types\/product"}],"author":[{"embeddable":true,"href":"https:\/\/micronordic.com\/da\/wp-json\/wp\/v2\/users\/24"}],"version-history":[{"count":3,"href":"https:\/\/micronordic.com\/da\/wp-json\/wp\/v2\/product\/48160\/revisions"}],"predecessor-version":[{"id":97879,"href":"https:\/\/micronordic.com\/da\/wp-json\/wp\/v2\/product\/48160\/revisions\/97879"}],"wp:featuredmedia":[{"embeddable":true,"href":"https:\/\/micronordic.com\/da\/wp-json\/wp\/v2\/media\/100282"}],"wp:attachment":[{"href":"https:\/\/micronordic.com\/da\/wp-json\/wp\/v2\/media?parent=48160"}],"wp:term":[{"taxonomy":"product-condition","embeddable":true,"href":"https:\/\/micronordic.com\/da\/wp-json\/wp\/v2\/product-condition?post=48160"},{"taxonomy":"product_brand","embeddable":true,"href":"https:\/\/micronordic.com\/da\/wp-json\/wp\/v2\/product_brand?post=48160"},{"taxonomy":"product_cat","embeddable":true,"href":"https:\/\/micronordic.com\/da\/wp-json\/wp\/v2\/product_cat?post=48160"},{"taxonomy":"product_tag","embeddable":true,"href":"https:\/\/micronordic.com\/da\/wp-json\/wp\/v2\/product_tag?post=48160"}],"curies":[{"name":"wp","href":"https:\/\/api.w.org\/{rel}","templated":true}]}}