{"id":48158,"date":"2023-02-03T10:54:30","date_gmt":"2023-02-03T09:54:30","guid":{"rendered":"https:\/\/micronordic.com\/product\/zebra-tc57ho-mobil-haandholdt-computer-renoveret\/"},"modified":"2025-11-17T12:21:59","modified_gmt":"2025-11-17T11:21:59","slug":"zebra-tc57ho-mobile-handheld-computer-refurbished","status":"publish","type":"product","link":"https:\/\/micronordic.com\/da\/product\/zebra-tc57ho-mobile-handheld-computer-refurbished\/","title":{"rendered":"Zebra TC57 Handheld Mobile Computer (EX-DEMO)"},"content":{"rendered":"<?xml encoding=\"utf-8\" ?><h2 data-start=\"181\" data-end=\"228\">Zebra TC57 Rugged Handheld Mobile Computer<\/h2><p data-start=\"230\" data-end=\"730\"><strong data-start=\"234\" data-end=\"280\">Zebra TC57 Rugged Handheld Mobile Computer<\/strong> leverer den perfekte kombination af brugervenlighed i smartphone-stil og holdbarhed i virksomhedsklasse. Den er bygget som efterf&oslash;lger til den popul&aelig;re TC56 og forbedrer tilslutningsmuligheder, scanning og enhedsstyring, samtidig med at den udvider Android-underst&oslash;ttelsen til langvarig brug. TC57 f&aring;s b&aring;de som <strong data-start=\"548\" data-end=\"559\">EX-DEMO<\/strong> og <strong data-start=\"564\" data-end=\"578\">NEW IN BOX<\/strong> og giver organisationer fleksibilitet: V&aelig;lg let h&aring;ndterede demoenheder for at spare omkostninger eller helt nye enheder for at f&aring; fuld fabriksforseglet sikkerhed. Ex-Demo enheder har <strong data-start=\"24\" data-end=\"44\">12 m&aring;neders garanti<\/strong>, mens <strong data-start=\"52\" data-end=\"83\">fabriksnye rugged scannere<\/strong> leveres med en <strong data-start=\"104\" data-end=\"132\">standard 2-&aring;rs garanti<\/strong> for p&aring;lidelig ro i sindet.<\/p><h2 data-start=\"732\" data-end=\"767\">De vigtigste funktioner i Zebra TC57<\/h2><ul data-start=\"769\" data-end=\"1719\">\n<li data-start=\"769\" data-end=\"895\">\n<p data-start=\"771\" data-end=\"895\"><strong data-start=\"771\" data-end=\"792\">Rugged holdbarhed<\/strong> &ndash; MIL-STD-810G-testet med IP67-certificering, modstandsdygtig over for st&oslash;v, vand og fald op til 1,2 meter.<\/p>\n<\/li>\n<li data-start=\"896\" data-end=\"999\">\n<p data-start=\"898\" data-end=\"999\"><strong data-start=\"898\" data-end=\"909\">Sk&aelig;rm<\/strong> &ndash; 5,0&Prime; FHD (1920&times;1080) touchscreen, kan l&aelig;ses i sollys, kan bruges med handsker eller v&aring;de h&aelig;nder.<\/p>\n<\/li>\n<li data-start=\"1000\" data-end=\"1065\">\n<p data-start=\"1002\" data-end=\"1065\"><strong data-start=\"1002\" data-end=\"1015\">Processor<\/strong> &ndash; Qualcomm&reg; Snapdragon&trade; 660 octa-core, 2,2 GHz.<\/p>\n<\/li>\n<li data-start=\"1066\" data-end=\"1170\">\n<p data-start=\"1068\" data-end=\"1170\"><strong data-start=\"1068\" data-end=\"1088\">Operativsystem<\/strong> &ndash; Android 8.1 Oreo, kan opgraderes til Android 11 med LifeGuard&trade; for Android.<\/p>\n<\/li>\n<li data-start=\"1171\" data-end=\"1197\">\n<p data-start=\"1173\" data-end=\"1197\"><strong data-start=\"1173\" data-end=\"1183\">Hukommelse<\/strong> &ndash; 4 GB RAM.<\/p>\n<\/li>\n<li data-start=\"1198\" data-end=\"1268\">\n<p data-start=\"1200\" data-end=\"1268\"><strong data-start=\"1200\" data-end=\"1211\">Lagerplads<\/strong> &ndash; 32 GB internt, kan udvides med microSD op til 256 GB.<\/p>\n<\/li>\n<li data-start=\"1269\" data-end=\"1357\">\n<p data-start=\"1271\" data-end=\"1357\"><strong data-start=\"1271\" data-end=\"1283\">Scanning<\/strong> &ndash; Integreret SE4710 1D\/2D-imager til hurtig og pr&aelig;cis stregkodeoptagelse.<\/p>\n<\/li>\n<li data-start=\"1358\" data-end=\"1433\">\n<p data-start=\"1360\" data-end=\"1433\"><strong data-start=\"1360\" data-end=\"1376\">Tilslutningsmuligheder<\/strong> &ndash; 4G LTE, Wi-Fi 802.11 a\/b\/g\/n\/ac, Bluetooth 5.0, GPS.<\/p>\n<\/li>\n<li data-start=\"1434\" data-end=\"1522\">\n<p data-start=\"1436\" data-end=\"1522\"><strong data-start=\"1436\" data-end=\"1447\">Batteri<\/strong> &ndash; 4.300 mAh PowerPrecision+ Li-Ion, hot-swappable for kontinuerlig driftstid.<\/p>\n<\/li>\n<li data-start=\"1523\" data-end=\"1611\">\n<p data-start=\"1525\" data-end=\"1611\"><strong data-start=\"1525\" data-end=\"1537\">Sikkerhed<\/strong> &ndash; Beskyttelse p&aring; virksomhedsniveau med Zebras Mobility DNA og LifeGuard&trade;.<\/p>\n<\/li>\n<li data-start=\"1612\" data-end=\"1719\">\n<p data-start=\"1614\" data-end=\"1719\"><strong data-start=\"1614\" data-end=\"1630\">Tilg&aelig;ngelighed<\/strong> &ndash; Tilbydes som <strong data-start=\"1644\" data-end=\"1655\">EX-DEMO<\/strong> (let brugte demoenheder) eller <strong data-start=\"1685\" data-end=\"1699\">NEW IN BOX<\/strong> (fabriksforseglet).<\/p>\n<\/li>\n<\/ul><h2 data-start=\"1721\" data-end=\"1756\">De vigtigste fordele ved Zebra TC57<\/h2><h3 data-start=\"1758\" data-end=\"1797\">Rugged smartphone-lignende oplevelse<\/h3><p data-start=\"1798\" data-end=\"2105\">TC57 har en velkendt Android-gr&aelig;nseflade, hvilket reducerer personalets opl&aelig;ringstid, samtidig med at den tilbyder en rugged p&aring;lidelighed, som almindelige forbrugsenheder ikke kan matche. Med sit kompakte letv&aelig;gtsdesign og IP67-forsegling fungerer den under barske forhold, samtidig med at den er behagelig at bruge under lange vagter. <\/p><h3 data-start=\"2107\" data-end=\"2138\">Display, der kan l&aelig;ses i sollys<\/h3><p data-start=\"2139\" data-end=\"2392\">Den 5,0&Prime; FHD-sk&aelig;rm er designet til virkelige virksomhedsmilj&oslash;er. Den forbliver synlig i st&aelig;rkt sollys og reagerer med handsker eller v&aring;de fingre, hvilket sikrer uafbrudt produktivitet, uanset om det er indend&oslash;rs p&aring; et lager eller udend&oslash;rs p&aring; leveringsruter. <\/p><h3 data-start=\"2394\" data-end=\"2444\">Hot-swappable str&oslash;m til kontinuerlig drift<\/h3><p data-start=\"2445\" data-end=\"2704\">TC57 er udstyret med et 4.300 mAh PowerPrecision+-batteri og underst&oslash;tter drift i fuldt skiftehold. For arbejdsgange, der kr&aelig;ver konstant oppetid, betyder hot-swappable batterikapacitet, at enhederne kan forblive i brug, mens batterierne skiftes, hvilket eliminerer kostbar nedetid. <\/p><h3 data-start=\"2706\" data-end=\"2741\">H&oslash;jtydende datafangst<\/h3><p data-start=\"2742\" data-end=\"2993\">Zebras SE4710-scanningsmotor sikrer hurtig og p&aring;lidelig registrering af 1D- og 2D-stregkoder, selv hvis etiketterne er beskadigede eller d&aring;rligt trykte. Denne funktion reducerer scanningsfejl og &oslash;ger effektiviteten i arbejdsgange inden for lagerstyring, detailhandel og logistik. <\/p><h3 data-start=\"2995\" data-end=\"3023\">Mobilitet DNA-&oslash;kosystem<\/h3><p data-start=\"3024\" data-end=\"3367\">TC57 er en del af Zebras Mobility DNA-platform og indeholder softwarev&aelig;rkt&oslash;jer til ops&aelig;tning, styring og sikkerhed af enheder. Funktioner som StageNow forenkler implementeringer i stor skala, mens LifeGuard&trade; giver garanterede sikkerhedsopdateringer og underst&oslash;ttelse af Android-versioner til og med Android 11. Denne kombination reducerer IT-overhead og forl&aelig;nger enhedens livscyklus.  <\/p><h3 data-start=\"3369\" data-end=\"3403\">Fleksible indk&oslash;bsmuligheder<\/h3><p data-start=\"3404\" data-end=\"3680\">Med tilg&aelig;ngelighed af b&aring;de <strong data-start=\"3414\" data-end=\"3425\">EX-DEMO<\/strong> og <strong data-start=\"3430\" data-end=\"3444\">NEW IN BOX<\/strong> kan virksomheder matche indk&oslash;bsstrategi med budget. EX-DEMO-enheder leverer rugged enterprise-funktionalitet til en reduceret pris, mens NEW IN BOX garanterer uber&oslash;rt, fabriksforseglet hardware med fuld garantid&aelig;kning.<\/p><h3 data-start=\"3682\" data-end=\"3709\">S&oslash;ml&oslash;s forbindelse<\/h3><p data-start=\"3710\" data-end=\"3969\">TC57 er udstyret med 4G LTE, Wi-Fi, Bluetooth 5.0 og GPS og holder teams forbundet i realtid. Feltarbejdere kan f&aring; adgang til kritiske data, ledere kan spore placeringer, og detailpersonale kan yde &oslash;jeblikkelig kundeservice uden afbrydelser i forbindelsen. <\/p><h2 data-start=\"3971\" data-end=\"4006\">Ideelle brugsscenarier for Zebra TC57<\/h2><ul data-start=\"4008\" data-end=\"5116\">\n<li data-start=\"4008\" data-end=\"4224\">\n<p data-start=\"4010\" data-end=\"4224\"><strong data-start=\"4010\" data-end=\"4036\">Detailhandel og hotel- og restaurationsbranchen<\/strong> &ndash; Aktiv&eacute;r mobile POS-systemer, administrer lagerbeholdningen og giv kundesupport i realtid direkte p&aring; salgsgulvet. Personalet kan scanne stregkoder, tjekke lagerbeholdning og behandle betalinger uden problemer. <\/p>\n<\/li>\n<li data-start=\"4225\" data-end=\"4453\">\n<p data-start=\"4227\" data-end=\"4453\"><strong data-start=\"4227\" data-end=\"4259\">Lager og distribution<\/strong> &ndash; Rugged holdbarhed kombineret med p&aring;lidelig scanning g&oslash;r TC57 ideel til plukke-, pakke- og forsendelsesopgaver. Det varmt udskiftelige batteri underst&oslash;tter kontinuerlig drift p&aring; tv&aelig;rs af lange skift. <\/p>\n<\/li>\n<li data-start=\"4454\" data-end=\"4667\">\n<p data-start=\"4456\" data-end=\"4667\"><strong data-start=\"4456\" data-end=\"4488\">Transport og logistik<\/strong> &ndash; Sporing i realtid, GPS-navigation og stregkodescanning str&oslash;mliner leveringsprocesserne. Chauff&oslash;rer og kurerer nyder godt af p&aring;lidelig dataindsamling og opkobling i marken. <\/p>\n<\/li>\n<li data-start=\"4668\" data-end=\"4894\">\n<p data-start=\"4670\" data-end=\"4894\"><strong data-start=\"4670\" data-end=\"4687\">Field service<\/strong> &ndash; For teknikere og vedligeholdelsesteams giver TC57 p&aring;lidelig ydeevne i forskellige milj&oslash;er, fra forsyningsvirksomheder til telekommunikationsinstallationer. Datafangst og tilslutningsmuligheder sikrer n&oslash;jagtig rapportering. <\/p>\n<\/li>\n<li data-start=\"4895\" data-end=\"5116\">\n<p data-start=\"4897\" data-end=\"5116\"><strong data-start=\"4897\" data-end=\"4919\">St&oslash;tte<\/strong> til sundhedsv&aelig;senet &ndash; Selv om TC57 ikke er en dedikeret model til sundhedsv&aelig;senet, kan den st&oslash;tte patienttransport, apotekslogistik og sporing af udstyr med sikker Android-integration og databeskyttelse p&aring; virksomhedsniveau.<\/p>\n<\/li>\n<\/ul><h2 data-start=\"5118\" data-end=\"5167\">Sammenligninger af produkter: Alternativer til Zebra TC57<\/h2><p data-start=\"5169\" data-end=\"5281\">For organisationer, der overvejer alternativer, omfatter andre relevante rugged h&aring;ndholdte enheder, der er tilg&aelig;ngelige hos Micro Nordic:<\/p><ul data-start=\"5283\" data-end=\"5816\">\n<li data-start=\"5283\" data-end=\"5480\">\n<p data-start=\"5285\" data-end=\"5480\"><a href=\"https:\/\/micronordic.com\/product\/zebra-tc58-handheld-mobile-computer\/\"><strong data-start=\"5285\" data-end=\"5322\">Zebra TC58 Rugged Mobile Computer<\/strong> <\/a>&ndash; Den direkte efterf&oslash;lger til TC57, der tilbyder 5G-forbindelse, forbedret scanning og kraftigere hardware. Ideel til virksomheder, der &oslash;nsker at v&aelig;re fremtidssikrede.<\/p>\n<\/li>\n<li data-start=\"5481\" data-end=\"5653\">\n<p data-start=\"5483\" data-end=\"5653\"><a href=\"https:\/\/micronordic.com\/product\/honeywell-ct40xp-mobile-handheld-computer-refurbished\/\"><strong data-start=\"600\" data-end=\"643\">Honeywell CT40 Rugged h&aring;ndholdt computer<\/strong> <\/a>&ndash; En alsidig rugged mobil computer bygget til detailhandel, sundhedspleje og feltservice, der afbalancerer letv&aelig;gtsdesign med virksomhedsholdbarhed.<\/p>\n<\/li>\n<li data-start=\"5654\" data-end=\"5816\">\n<p data-start=\"5656\" data-end=\"5816\"><a href=\"https:\/\/micronordic.com\/product\/zebra-mc9300-mobile-handheld-computer-refurbished\/\"><strong data-start=\"5656\" data-end=\"5697\">Zebra MC9300 Rugged h&aring;ndholdt computer<\/strong> <\/a>&ndash; En st&oslash;rre, ultra rugged enhed bygget til kr&aelig;vende industrielle applikationer som f.eks. produktion og k&oslash;lelager.<\/p>\n<\/li>\n<\/ul>\n","protected":false},"excerpt":{"rendered":"<p>V\u00c6LG EN VARIANT NEDENFOR! Ring til os, hvis du har brug for hj\u00e6lp til at finde den rigtige produktvariant. <\/p>\n<h3>Specifikationer:<\/h3>\n<ul>\n<li><strong>Sk\u00e6rm:<\/strong> 5,0\u2033 FHD (1920\u00d71080), kan l\u00e6ses i sollys, fungerer med handsker og v\u00e5de fingre<\/li>\n<li><strong>Processor:<\/strong> Qualcomm\u00ae Snapdragon\u2122 660 octa-core, 2,2 GHz<\/li>\n<li><strong>Grafik:<\/strong> Integreret Adreno\u2122 512 GPU<\/li>\n<li><strong>Hukommelse:<\/strong> 4 GB RAM<\/li>\n<li><strong>Lagerplads:<\/strong> 32 GB internt, kan udvides med microSD op til 256 GB<\/li>\n<li><strong>Tilslutningsmuligheder:<\/strong> 4G LTE, Wi-Fi 802.11 a\/b\/g\/n\/ac, Bluetooth 5.0, GPS<\/li>\n<li><strong>Rugged certificeringer:<\/strong> MIL-STD-810G, IP67, modstandsdygtighed over for fald p\u00e5 1,2 m<\/li>\n<li><strong>Scanning:<\/strong> Integreret Zebra SE4710 1D\/2D-billedbehandler<\/li>\n<li><strong>Batteri:<\/strong> 4.300 mAh Li-Ion, hot-swappable<\/li>\n<li><strong>M\u00e5l og v\u00e6gt:<\/strong> 155 \u00d7 75,5 \u00d7 18,6 mm, ca. 250 g <\/li>\n<li><strong>Garanti: <\/strong>F\u00e5s som EX-DEMO (12 m\u00e5neders garanti) eller NEW IN BOX (2 \u00e5rs garanti)<\/li>\n<\/ul>\n<p><strong>V\u00e6lg venligst den korrekte model nedenfor, f\u00f8r du l\u00e6gger den i kurven.<\/strong><\/p>\n","protected":false},"author":24,"featured_media":34444,"template":"","meta":{"_acf_changed":false,"inline_featured_image":false},"product-condition":[5263],"product_brand":[9013],"product_cat":[5113,5106,5112],"product_tag":[3373,3360,3412,3386,3399,3425,3438,3464,3477,3451],"class_list":{"0":"post-48158","1":"product","2":"type-product","3":"status-publish","4":"has-post-thumbnail","6":"product-condition-ex-demo","7":"product_brand-zebra","8":"product_cat-zebra","9":"product_cat-all-barcode-scanners","10":"product_cat-refurbished-rugged-hardware","11":"product_tag-tc520k-1hezu4p-a6-da","12":"product_tag-tc520k-1pezu4p-a6-da","13":"product_tag-tc520k-1pezu4p-ea-da","14":"product_tag-tc520k-1pezu4p-na-da","15":"product_tag-tc520k-1pfzu4p-a6-da","16":"product_tag-tc520k-1xfmu6p-a6-da","17":"product_tag-tc57ho-1pezu4p-a6-da","18":"product_tag-tc57ho-1pfzu4p-a6-da","19":"product_tag-tc57ho-1xfmu6p-a6-da","20":"product_tag-tc57jo-1pezu4p-tk-da","21":"pa_model-part-number-tc57ho-1pezu4p-25","22":"pa_model-part-number-tc57ho-1pezu4p-a6","23":"pa_model-part-number-tc57ho-1pfzu4p-a6","24":"pa_model-part-number-tc57ho-1xfmu6p-a6","26":"first","27":"instock","28":"taxable","29":"shipping-taxable","30":"purchasable","31":"product-type-variable"},"acf":[],"_links":{"self":[{"href":"https:\/\/micronordic.com\/da\/wp-json\/wp\/v2\/product\/48158","targetHints":{"allow":["GET"]}}],"collection":[{"href":"https:\/\/micronordic.com\/da\/wp-json\/wp\/v2\/product"}],"about":[{"href":"https:\/\/micronordic.com\/da\/wp-json\/wp\/v2\/types\/product"}],"author":[{"embeddable":true,"href":"https:\/\/micronordic.com\/da\/wp-json\/wp\/v2\/users\/24"}],"version-history":[{"count":4,"href":"https:\/\/micronordic.com\/da\/wp-json\/wp\/v2\/product\/48158\/revisions"}],"predecessor-version":[{"id":98091,"href":"https:\/\/micronordic.com\/da\/wp-json\/wp\/v2\/product\/48158\/revisions\/98091"}],"wp:featuredmedia":[{"embeddable":true,"href":"https:\/\/micronordic.com\/da\/wp-json\/wp\/v2\/media\/34444"}],"wp:attachment":[{"href":"https:\/\/micronordic.com\/da\/wp-json\/wp\/v2\/media?parent=48158"}],"wp:term":[{"taxonomy":"product-condition","embeddable":true,"href":"https:\/\/micronordic.com\/da\/wp-json\/wp\/v2\/product-condition?post=48158"},{"taxonomy":"product_brand","embeddable":true,"href":"https:\/\/micronordic.com\/da\/wp-json\/wp\/v2\/product_brand?post=48158"},{"taxonomy":"product_cat","embeddable":true,"href":"https:\/\/micronordic.com\/da\/wp-json\/wp\/v2\/product_cat?post=48158"},{"taxonomy":"product_tag","embeddable":true,"href":"https:\/\/micronordic.com\/da\/wp-json\/wp\/v2\/product_tag?post=48158"}],"curies":[{"name":"wp","href":"https:\/\/api.w.org\/{rel}","templated":true}]}}