{"id":48150,"date":"2024-08-01T20:13:06","date_gmt":"2024-08-01T18:13:06","guid":{"rendered":"https:\/\/micronordic.com\/product\/zebra-tc53-handheld-mobile-computer-new\/"},"modified":"2025-11-17T11:16:55","modified_gmt":"2025-11-17T10:16:55","slug":"zebra-tc53-handheld-mobile-computer","status":"publish","type":"product","link":"https:\/\/micronordic.com\/da\/product\/zebra-tc53-handheld-mobile-computer\/","title":{"rendered":"Zebra TC53 Handheld Mobile Computer (NY)"},"content":{"rendered":"<?xml encoding=\"utf-8\" ?><h2 data-start=\"306\" data-end=\"343\">Zebra TC53 Rugged Handheld Mobile Computer<\/h2><p data-start=\"345\" data-end=\"824\"><strong data-start=\"349\" data-end=\"386\">Zebra TC53 Handheld Mobile Computer<\/strong> er en avanceret h&aring;ndholdt <strong data-start=\"349\" data-end=\"386\">computer<\/strong> til virksomheder, der er designet til organisationer, der har brug for ydeevne, tilslutningsmuligheder og rugged holdbarhed i en slank, moderne enhed. Som en del af TC5X-serien kombinerer TC53 Zebras rugged design med en Wi-Fi-tilgang, hvilket g&oslash;r den til den perfekte l&oslash;sning for virksomheder, der prim&aelig;rt opererer indend&oslash;rs. Uanset om det er i detailhandlen, p&aring; lageret eller i hotel- og restaurationsbranchen, leverer TC53 effektivitet, synlighed og langsigtet p&aring;lidelighed.  <\/p><p class=\"p1\">Nye produkter har 2 &aring;rs producentgaranti.<\/p><h2 data-start=\"826\" data-end=\"861\">N&oslash;glefunktioner i Zebra TC53:<\/h2><ul data-start=\"863\" data-end=\"1798\">\n<li data-start=\"863\" data-end=\"982\">\n<p data-start=\"865\" data-end=\"982\"><strong data-start=\"865\" data-end=\"886\">Rugged holdbarhed<\/strong> &ndash; IP65\/IP68-certificeret og faldtestet, hvilket sikrer ensartet ydeevne i barske milj&oslash;er.<\/p>\n<\/li>\n<li data-start=\"983\" data-end=\"1090\">\n<p data-start=\"985\" data-end=\"1090\"><strong data-start=\"985\" data-end=\"1006\">6,0&Prime; FHD+-sk&aelig;rm<\/strong> &ndash; 600 nits lysstyrke, underst&oslash;ttelse af handske- og wet touch og Gorilla Glass-beskyttelse.<\/p>\n<\/li>\n<li data-start=\"1091\" data-end=\"1206\">\n<p data-start=\"1093\" data-end=\"1206\"><strong data-start=\"1093\" data-end=\"1118\">H&oslash;jhastighedsbehandling<\/strong> &ndash; Qualcomm&reg; 6490 octa-core processor med AI-acceleration til kr&aelig;vende applikationer.<\/p>\n<\/li>\n<li data-start=\"1207\" data-end=\"1288\">\n<p data-start=\"1209\" data-end=\"1288\"><strong data-start=\"1209\" data-end=\"1236\">Tilslutningsmuligheder for virksomheder<\/strong> &ndash; Wi-Fi 6E, Bluetooth 5.2, GPS og eSIM-muligheder.<\/p>\n<\/li>\n<li data-start=\"1289\" data-end=\"1379\">\n<p data-start=\"1291\" data-end=\"1379\"><strong data-start=\"1291\" data-end=\"1307\">Datafangst<\/strong> &ndash; Integreret SE4720 2D-scanner, 16 MP kamera p&aring; bagsiden, 8 MP kamera p&aring; forsiden.<\/p>\n<\/li>\n<li data-start=\"1380\" data-end=\"1450\">\n<p data-start=\"1382\" data-end=\"1450\"><strong data-start=\"1382\" data-end=\"1393\">Batteri<\/strong> &ndash; 4680 mAh varmt udskifteligt batteri til driftstid hele dagen.<\/p>\n<\/li>\n<li data-start=\"1451\" data-end=\"1531\">\n<p data-start=\"1453\" data-end=\"1531\"><strong data-start=\"1453\" data-end=\"1475\">Letv&aelig;gtsdesign<\/strong> &ndash; Slank, ergonomisk formfaktor, der vejer ca. 282 g. <\/p>\n<\/li>\n<li data-start=\"1532\" data-end=\"1619\">\n<p data-start=\"1534\" data-end=\"1619\"><strong data-start=\"1534\" data-end=\"1562\">Android Enterprise ready<\/strong> &ndash; OS-support i virksomhedsklasse med forl&aelig;nget livscyklus.<\/p>\n<\/li>\n<li data-start=\"1620\" data-end=\"1730\">\n<p data-start=\"1622\" data-end=\"1730\"><strong data-start=\"1622\" data-end=\"1644\">Mobility DNA-v&aelig;rkt&oslash;jer<\/strong> &ndash; Zebras softwarepakke til udrulning, administration og optimering af tilslutningsmuligheder.<\/p>\n<\/li>\n<li data-start=\"1731\" data-end=\"1798\">\n<p data-start=\"1733\" data-end=\"1798\"><strong data-start=\"1733\" data-end=\"1745\">Garanti<\/strong> &ndash; St&oslash;ttes af Zebras 2 &aring;rs begr&aelig;nsede producentgaranti.<\/p>\n<\/li>\n<\/ul><h2 data-start=\"1800\" data-end=\"1858\">De vigtigste fordele ved Zebra TC53 Rugged Mobile Computer<\/h2><h3 data-start=\"1860\" data-end=\"1906\">P&aring;lidelig robusthed til daglig drift<\/h3><p data-start=\"1907\" data-end=\"2066\">TC53 har IP65\/IP68-t&aelig;tning og modstandsdygtighed over for fald, hvilket sikrer, at den kan modst&aring; travle arbejdsgange i lagerbygninger, detailhandelsmilj&oslash;er og indend&oslash;rs logistik.<\/p><h3 data-start=\"2068\" data-end=\"2103\">Lys og funktionel sk&aelig;rm<\/h3><p data-start=\"2104\" data-end=\"2277\">Dens 6,0&Prime; FHD+-sk&aelig;rm med handske- og wet touch-underst&oslash;ttelse sikrer produktivitet under alle forhold. Det holdbare Gorilla Glass giver beskyttelse mod ridser og st&oslash;d. <\/p><h3 data-start=\"2279\" data-end=\"2319\">Wi-Fi f&oslash;rst til indend&oslash;rs performance<\/h3><p data-start=\"2320\" data-end=\"2510\">I mods&aelig;tning til TC58 er TC53 optimeret til Wi-Fi-f&oslash;rste milj&oslash;er, hvilket g&oslash;r den til det rigtige valg for virksomheder, der er afh&aelig;ngige af tr&aring;dl&oslash;se netv&aelig;rk i virksomhedsklasse i bygninger eller lagerbygninger.<\/p><h3 data-start=\"2512\" data-end=\"2549\">J&aelig;vn og effektiv behandling<\/h3><p data-start=\"2550\" data-end=\"2743\">Med en Qualcomm&reg; 6490 octa-core processor leverer TC53 den hastighed og effektivitet, der er n&oslash;dvendig for multitasking og AI-drevne applikationer som lagerstyring og pr&aelig;diktiv analyse.<\/p><h3 data-start=\"2745\" data-end=\"2772\">Problemfri datafangst<\/h3><p data-start=\"2773\" data-end=\"2937\">TC53 er udstyret med Zebras SE4720-stregkodescanner og kameraer med h&oslash;j opl&oslash;sning og giver brugerne mulighed for at indfange stregkoder, dokumenter og billeder hurtigt og pr&aelig;cist.<\/p><h3 data-start=\"2939\" data-end=\"2969\">Batteri bygget til skift<\/h3><p data-start=\"2970\" data-end=\"3150\">Det varmt udskiftelige 4680 mAh-batteri sikrer kontinuerlig drift gennem lange vagter. Medarbejderne kan udskifte batterierne uden at slukke for str&oslash;mmen, s&aring; oppetiden opretholdes p&aring; tv&aelig;rs af arbejdsgange. <\/p><h3 data-start=\"3152\" data-end=\"3191\">Virksomhedssikkerhed og &oslash;kosystem<\/h3><p data-start=\"3192\" data-end=\"3354\">TC53 k&oslash;rer Android Enterprise og er forbedret med Zebras Mobility DNA-v&aelig;rkt&oslash;jer og kombinerer sikkerhed, h&aring;ndterbarhed og produktivitet i &eacute;n str&oslash;mlinet pakke.<\/p><h3 data-start=\"3356\" data-end=\"3382\">Designet til komfort<\/h3><p data-start=\"3383\" data-end=\"3498\">Med en v&aelig;gt p&aring; kun 282 g er TC53 let og b&aelig;rbar, hvilket reducerer brugerens tr&aelig;thed og samtidig bevarer de rugged certificeringer.<\/p><h2 data-start=\"3500\" data-end=\"3539\">Ideelle brugsscenarier for Zebra TC53<\/h2><ul data-start=\"3541\" data-end=\"3985\">\n<li data-start=\"3541\" data-end=\"3632\">\n<p data-start=\"3543\" data-end=\"3632\"><strong data-start=\"3543\" data-end=\"3567\">Detailhandel og g&aelig;stfrihed<\/strong> &ndash; POS, lagerstyring og kundeengagement p&aring; gulvet.<\/p>\n<\/li>\n<li data-start=\"3633\" data-end=\"3718\">\n<p data-start=\"3635\" data-end=\"3718\"><strong data-start=\"3635\" data-end=\"3662\">Lager og logistik<\/strong> &ndash; Lagerstyring, scanning og ordreudf&oslash;relse.<\/p>\n<\/li>\n<li data-start=\"3719\" data-end=\"3810\">\n<p data-start=\"3721\" data-end=\"3810\"><strong data-start=\"3721\" data-end=\"3738\">Produktion<\/strong> &ndash; v&aelig;rkstedsapplikationer, der kr&aelig;ver holdbarhed og hurtig datafangst.<\/p>\n<\/li>\n<li data-start=\"3811\" data-end=\"3906\">\n<p data-start=\"3813\" data-end=\"3906\"><strong data-start=\"3813\" data-end=\"3835\">Support til sundhedsv&aelig;senet<\/strong> &ndash; Patientsporing, udstyrsstyring og sikker adgang til data.<\/p>\n<\/li>\n<li data-start=\"3907\" data-end=\"3985\">\n<p data-start=\"3909\" data-end=\"3985\"><strong data-start=\"3909\" data-end=\"3926\">Field service<\/strong> &ndash; Rugged h&aring;ndholdt drift i Wi-Fi-rige milj&oslash;er.<\/p>\n<\/li>\n<\/ul><h2 data-start=\"3987\" data-end=\"4022\">Zebra TC53 produktsammenligninger<\/h2><p data-start=\"177\" data-end=\"365\">Zebra TC53 er optimeret til Wi-Fi-f&oslash;rste milj&oslash;er, samtidig med at den er rugged. For organisationer, der overvejer alternativer, omfatter andre relevante produkter hos Micro Nordic: <\/p><ul data-start=\"367\" data-end=\"789\">\n<li data-start=\"367\" data-end=\"497\">\n<p data-start=\"369\" data-end=\"497\"><a href=\"https:\/\/micronordic.com\/product\/zebra-tc58-handheld-mobile-computer\/\"><strong data-start=\"369\" data-end=\"406\">Zebra TC58 Handheld Mobile Computer<\/strong> <\/a>&ndash; Den mobilaktiverede variant med 5G til virksomheder, der har brug for avanceret udend&oslash;rs mobilitet.<\/p>\n<\/li>\n<li data-start=\"498\" data-end=\"653\">\n<p data-start=\"500\" data-end=\"653\"><a href=\"https:\/\/micronordic.com\/product\/zebra-tc52-mobile-handheld-computer-refurbished\/\"><strong data-start=\"500\" data-end=\"540\">Zebra TC52 Handheld Mobile Computer<\/strong><\/a>&ndash; En &aelig;ldre model, der f&aring;s renoveret, og som er ideel til omkostningsf&oslash;lsomme operationer, der stadig kr&aelig;ver rugged holdbarhed.<\/p>\n<\/li>\n<li data-start=\"654\" data-end=\"789\">\n<p data-start=\"656\" data-end=\"789\"><a href=\"https:\/\/micronordic.com\/product\/zebra-tc22-handheld-mobile-computer\/\"><strong data-start=\"656\" data-end=\"693\">Zebra TC22 Handheld Mobile Computer<\/strong><\/a>&ndash; Et kompakt, budgetvenligt alternativ til organisationer, der har brug for en mindre, rugged h&aring;ndholdt computer.<\/p>\n<\/li>\n<\/ul>\n","protected":false},"excerpt":{"rendered":"<h3>Specifikationer:<\/h3>\n<ul>\n<li><strong>Sk\u00e6rm:<\/strong> 6,0\u2033 FHD+ (2160\u00d71080), 600 nits lysstyrke, Gorilla Glass, underst\u00f8ttelse af handske- og v\u00e5dtouch<\/li>\n<li><strong>Processor:<\/strong> Qualcomm\u00ae 6490 octa-core processor med AI-acceleration<\/li>\n<li><strong>Hukommelse og lagerplads:<\/strong> 6 GB RAM, 64 GB flash<\/li>\n<li><strong>Tilslutningsmuligheder:<\/strong> Wi-Fi 6E, Bluetooth 5.2, GPS, eSIM<\/li>\n<li><strong>Datafangst og kameraer:<\/strong> SE4720 2D-scanner, 16 MP bagside, 8 MP frontkameraer<\/li>\n<li><strong>Batteri:<\/strong> 4680 mAh varmt udskifteligt batteri<\/li>\n<li><strong>Rugged certificeringer:<\/strong> IP65\/IP68, modstandsdygtig over for fald<\/li>\n<li><strong>Sikkerhed:<\/strong> Android Enterprise-funktioner, kryptering p\u00e5 virksomhedsniveau, NFC<\/li>\n<li><strong>M\u00e5l og v\u00e6gt:<\/strong> Ca. 282 g <\/li>\n<li><strong><strong>Garanti: <\/strong><\/strong>2 \u00e5rs begr\u00e6nset standardgaranti fra producenten<\/li>\n<\/ul>\n","protected":false},"author":24,"featured_media":100252,"template":"","meta":{"_acf_changed":false,"inline_featured_image":false},"product-condition":[5258],"product_brand":[9013],"product_cat":[5113,5106,5110],"product_tag":[],"class_list":{"0":"post-48150","1":"product","2":"type-product","3":"status-publish","4":"has-post-thumbnail","6":"product-condition-new-in-box","7":"product_brand-zebra","8":"product_cat-zebra","9":"product_cat-all-barcode-scanners","10":"product_cat-new-in-box-rugged-hardware","12":"first","13":"instock","14":"taxable","15":"shipping-taxable","16":"purchasable","17":"product-type-simple"},"acf":[],"_links":{"self":[{"href":"https:\/\/micronordic.com\/da\/wp-json\/wp\/v2\/product\/48150","targetHints":{"allow":["GET"]}}],"collection":[{"href":"https:\/\/micronordic.com\/da\/wp-json\/wp\/v2\/product"}],"about":[{"href":"https:\/\/micronordic.com\/da\/wp-json\/wp\/v2\/types\/product"}],"author":[{"embeddable":true,"href":"https:\/\/micronordic.com\/da\/wp-json\/wp\/v2\/users\/24"}],"version-history":[{"count":2,"href":"https:\/\/micronordic.com\/da\/wp-json\/wp\/v2\/product\/48150\/revisions"}],"predecessor-version":[{"id":97887,"href":"https:\/\/micronordic.com\/da\/wp-json\/wp\/v2\/product\/48150\/revisions\/97887"}],"wp:featuredmedia":[{"embeddable":true,"href":"https:\/\/micronordic.com\/da\/wp-json\/wp\/v2\/media\/100252"}],"wp:attachment":[{"href":"https:\/\/micronordic.com\/da\/wp-json\/wp\/v2\/media?parent=48150"}],"wp:term":[{"taxonomy":"product-condition","embeddable":true,"href":"https:\/\/micronordic.com\/da\/wp-json\/wp\/v2\/product-condition?post=48150"},{"taxonomy":"product_brand","embeddable":true,"href":"https:\/\/micronordic.com\/da\/wp-json\/wp\/v2\/product_brand?post=48150"},{"taxonomy":"product_cat","embeddable":true,"href":"https:\/\/micronordic.com\/da\/wp-json\/wp\/v2\/product_cat?post=48150"},{"taxonomy":"product_tag","embeddable":true,"href":"https:\/\/micronordic.com\/da\/wp-json\/wp\/v2\/product_tag?post=48150"}],"curies":[{"name":"wp","href":"https:\/\/api.w.org\/{rel}","templated":true}]}}