{"id":48146,"date":"2018-05-06T13:47:11","date_gmt":"2018-05-06T11:47:11","guid":{"rendered":"https:\/\/micronordic.com\/product\/zebra-tc51-tc510k-mobil-haandholdt-computer-renoveret\/"},"modified":"2025-11-24T16:59:39","modified_gmt":"2025-11-24T15:59:39","slug":"zebra-tc51-rugged-touch-computer-refurbished","status":"publish","type":"product","link":"https:\/\/micronordic.com\/da\/product\/zebra-tc51-rugged-touch-computer-refurbished\/","title":{"rendered":"Zebra TC51 Handheld Mobile Computer (EX-DEMO)"},"content":{"rendered":"<?xml encoding=\"utf-8\" ?><h2 data-start=\"0\" data-end=\"48\">Zebra TC51 Handheld Mobile Computer (Ex-Demo)<\/h2><p data-start=\"50\" data-end=\"713\"><strong data-start=\"54\" data-end=\"68\">Zebra TC51<\/strong> er en kompakt, enterprise <strong data-start=\"94\" data-end=\"122\">Handheld Mobile Computer<\/strong> designet til hurtig, p&aring;lidelig datafangst og opgaveudf&oslash;relse i detailhandlen, p&aring; lageret, i hotelbranchen og i felten. Som en <strong data-start=\"245\" data-end=\"256\">Ex-Demo-enhed<\/strong> har den v&aelig;ret i kortvarig demonstrationsbrug og er blevet omhyggeligt opdateret inden videresalg &ndash; eksterne sliddele er udskiftet (plastik foran\/bagp&aring; og digitizers), normalt tilbeh&oslash;r medf&oslash;lger, medmindre andet er angivet, og leveres typisk i en almindelig brun kasse. <\/p><p data-start=\"50\" data-end=\"713\">Ex-Demo enheder inkluderer <strong>12 m&aring;neders garanti fra Micro Nordic,<\/strong> hvilket giver en fuldt fungerende mobil computer til en st&aelig;rkt reduceret pris.<\/p><p data-start=\"715\" data-end=\"965\">Med en velkendt Android-oplevelse, integreret virksomhedsscanning og et gennempr&oslash;vet &oslash;kosystem af tilbeh&oslash;r hj&aelig;lper <strong data-start=\"821\" data-end=\"835\">Zebra TC51<\/strong> teams med at bev&aelig;ge sig hurtigere, reducere fejl og holde forbindelsen p&aring; tv&aelig;rs af travle skift &ndash; p&aring; v&aelig;rkstedsgulvet, p&aring; lageret og p&aring; vejen.<\/p><h2 data-start=\"967\" data-end=\"1000\">De vigtigste funktioner i Zebra TC51<\/h2><ul data-start=\"1001\" data-end=\"2276\">\n<li data-start=\"1001\" data-end=\"1173\">\n<p data-start=\"1003\" data-end=\"1173\"><strong data-start=\"1003\" data-end=\"1013\">Rugged<\/strong>, <strong>men elegant design<\/strong> &ndash; Bygget til hverdagens slag, st&oslash;v og lejlighedsvise st&aelig;nk, samtidig med at den er slank og lommevenlig til arbejdsgange i front-of-house og back-room.<\/p>\n<\/li>\n<li data-start=\"1174\" data-end=\"1317\">\n<p data-start=\"1176\" data-end=\"1317\"><strong data-start=\"1176\" data-end=\"1187\">Android-platform<\/strong> &ndash; Forretningsklar Android med v&aelig;rkt&oslash;jer til virksomhedsstyring str&oslash;mliner udrulning af apps, opdateringer og h&aring;ndh&aelig;velse af politikker.<\/p>\n<\/li>\n<li data-start=\"1318\" data-end=\"1466\">\n<p data-start=\"1320\" data-end=\"1466\"><strong data-start=\"1320\" data-end=\"1334\">Integreret<\/strong> <strong>scanning<\/strong> &ndash; Enterprise 1D\/2D-billeddannelse l&aelig;ser hurtigt slidte, kontrastfattige og buede etiketter for at reducere antallet af genscanninger og fremskynde transaktioner.<\/p>\n<\/li>\n<li data-start=\"1467\" data-end=\"1619\">\n<p data-start=\"1469\" data-end=\"1619\"><strong>Sk&aelig;rm<\/strong>, der <strong data-start=\"1469\" data-end=\"1490\">kan l&aelig;ses i sollys<\/strong> &ndash; Lys, handskevenlig touchscreen underst&oslash;tter n&oslash;jagtig indtastning af formularer, pluk og guidede arbejdsgange i blandet belysning.<\/p>\n<\/li>\n<li data-start=\"1620\" data-end=\"1750\">\n<p data-start=\"1622\" data-end=\"1750\"><strong data-start=\"1622\" data-end=\"1635\">Ergonomisk<\/strong> <strong>formfaktor<\/strong> &ndash; Afbalanceret v&aelig;gt, responsiv ber&oslash;ring og taktile kontroller minimerer tr&aelig;thed under opgaver med stor volumen.<\/p>\n<\/li>\n<li data-start=\"1751\" data-end=\"1886\">\n<p data-start=\"1753\" data-end=\"1886\"><strong data-start=\"1753\" data-end=\"1765\">P&aring;lidelig<\/strong> <strong>tr&aring;dl&oslash;s<\/strong> &ndash; Enterprise Wi-Fi og Bluetooth s&oslash;rger for, at data, beskeder og push-to-talk flyder rundt i butikken eller p&aring; lageret.<\/p>\n<\/li>\n<li data-start=\"1887\" data-end=\"2007\">\n<p data-start=\"1889\" data-end=\"2007\"><strong data-start=\"1889\" data-end=\"1899\">Sikkert<\/strong> <strong>design<\/strong> &ndash; Hardwarebaseret beskyttelse og administrerede OS-opdateringer hj&aelig;lper med at beskytte enheder og f&oslash;lsomme data.<\/p>\n<\/li>\n<li data-start=\"2008\" data-end=\"2132\">\n<p data-start=\"2010\" data-end=\"2132\"><strong data-start=\"2010\" data-end=\"2024\">H&aring;ndterbar<\/strong> i <strong>stor skala<\/strong> &ndash; Centraliseret konfiguration, staging og fjernsupport reducerer it-overhead p&aring; tv&aelig;rs af store fl&aring;der.<\/p>\n<\/li>\n<li data-start=\"2133\" data-end=\"2276\">\n<p data-start=\"2135\" data-end=\"2276\"><strong>&Oslash;kosystem<\/strong> af <strong data-start=\"2135\" data-end=\"2148\">tilbeh&oslash;r<\/strong> &ndash; Vugger, sl&aelig;der, opladere og hylstre underst&oslash;tter rollespecifikke ops&aelig;tninger fra front-of-store til lager og levering.<\/p>\n<\/li>\n<\/ul><h2 data-start=\"2278\" data-end=\"2311\">De vigtigste fordele ved Zebra TC51<\/h2><h3 data-start=\"2313\" data-end=\"2364\">Bygget til kr&aelig;vende detail- og feltforhold<\/h3><p data-start=\"2365\" data-end=\"2520\">En holdbar, virksomhedsfokuseret konstruktion klarer hverdagens fald, st&oslash;v og spild, s&aring; teams forbliver produktive p&aring; overfyldte v&aelig;rkstedsgulve, i baglokaler og p&aring; fortovet.<\/p><h3 data-start=\"2522\" data-end=\"2554\">Hurtigere optagelse, f&aelig;rre fejl<\/h3><p data-start=\"2555\" data-end=\"2703\">Integreret 1D\/2D-billedbehandling og responsive Android-workflows reducerer antallet af genscanninger og fejlindtastninger, hvilket forbedrer k&oslash;tiden, plukn&oslash;jagtigheden og kundeoplevelsen.<\/p><h3 data-start=\"2705\" data-end=\"2736\">Altid tilsluttede operationer<\/h3><p data-start=\"2737\" data-end=\"2895\">P&aring;lidelig tr&aring;dl&oslash;s virksomhedskommunikation holder opgaver, lagerbeholdning og beskeder synkroniseret i baggrunden, mens personalet bev&aelig;ger sig mellem salgsgulvet, lageret og l&aelig;sserampen.<\/p><h3 data-start=\"2897\" data-end=\"2941\">Forudsigeligt ejerskab med Ex-Demo v&aelig;rdi<\/h3><p data-start=\"2942\" data-end=\"3113\">Ex-Demo priser giver n&aelig;sten ny funktionalitet med rabat, mens udskiftelige sliddele, batterier og gennempr&oslash;vet tilbeh&oslash;r forl&aelig;nger livscyklussen og forenkler reservedelsplanl&aelig;gningen.<\/p><h3 data-start=\"3115\" data-end=\"3135\">Klar til fl&aring;der<\/h3><p data-start=\"3136\" data-end=\"3295\">Standardiserede profiler, fjernsupport og ensartet tilbeh&oslash;r g&oslash;r det nemt at udrulle i stor skala og holde enhederne klar til mission p&aring; tv&aelig;rs af skift og steder.<\/p><h2 data-start=\"3297\" data-end=\"3315\">Ideelle brugsscenarier<\/h2><ul data-start=\"3316\" data-end=\"3838\">\n<li data-start=\"3316\" data-end=\"3431\">\n<p data-start=\"3318\" data-end=\"3431\"><strong data-start=\"3318\" data-end=\"3342\">Detailhandel og hotel- og restaurationsbranchen<\/strong> &ndash; assisteret salg, pristjek, lageropslag og mobil POS p&aring; butiksgulvet.<\/p>\n<\/li>\n<li data-start=\"3432\" data-end=\"3543\">\n<p data-start=\"3434\" data-end=\"3543\"><strong data-start=\"3434\" data-end=\"3462\">Lager og distribution<\/strong> &ndash; Indlagring, plukning, cyklust&aelig;lling og havnearbejde med p&aring;lidelig scanning.<\/p>\n<\/li>\n<li data-start=\"3544\" data-end=\"3637\">\n<p data-start=\"3546\" data-end=\"3637\"><strong data-start=\"3546\" data-end=\"3574\">Field Service &amp; Delivery<\/strong> &ndash; Arbejdsordrer, leveringsbeviser og scanninger af aktiver p&aring; farten.<\/p>\n<\/li>\n<li data-start=\"3638\" data-end=\"3749\">\n<p data-start=\"3640\" data-end=\"3749\"><strong data-start=\"3640\" data-end=\"3662\">Support til sundhedsv&aelig;senet<\/strong> &ndash; Ikke-klinisk inventar, forsyningsrum og sporing af udstyr (arbejdsgange i faciliteter).<\/p>\n<\/li>\n<li data-start=\"3750\" data-end=\"3838\">\n<p data-start=\"3752\" data-end=\"3838\"><strong data-start=\"3752\" data-end=\"3769\">Produktion<\/strong> &ndash; Verifikation af dele p&aring; linjen, WIP-sporing og vedligeholdelsesopgaver.<\/p>\n<\/li>\n<\/ul><h2 data-start=\"3840\" data-end=\"3881\">Produktsammenligninger for Zebra TC51<\/h2><ul data-start=\"3882\" data-end=\"4568\">\n<li data-start=\"3882\" data-end=\"4145\">\n<p data-start=\"3884\" data-end=\"4145\"><strong data-start=\"3884\" data-end=\"3998\"><a class=\"decorated-link cursor-pointer\" href=\"https:\/\/micronordic.com\/product\/zebra-tc52-mobile-handheld-computer-refurbished\/\" target=\"_new\" rel=\"noopener\" data-start=\"3886\" data-end=\"3996\">Zebra TC52\/TC52x<\/a><\/strong> &ndash; Nyere Android-h&aring;ndholdte med forl&aelig;nget livscyklus og forbedret ergonomi; v&aelig;lg TC52\/TC52x for at f&aring; en mere moderne platform og langvarig OS-support.<\/p>\n<\/li>\n<li data-start=\"4146\" data-end=\"4361\">\n<p data-start=\"4148\" data-end=\"4361\"><a href=\"https:\/\/micronordic.com\/product\/zebra-tc57ho-mobile-handheld-computer-refurbished\/\"><strong data-start=\"4148\" data-end=\"4250\">Zebra TC57<\/strong> <\/a>&ndash; S&oslash;stermodel med integreret mobiltelefoni til teams i marken; v&aelig;lg TC57, n&aring;r bred tilslutning er afg&oslash;rende.<\/p>\n<\/li>\n<li data-start=\"4362\" data-end=\"4568\">\n<p data-start=\"4364\" data-end=\"4568\"><a href=\"https:\/\/micronordic.com\/product\/zebra-tc56-mobile-handheld-computer-refurbished\/\"><strong data-start=\"4364\" data-end=\"4466\">Zebra TC56<\/strong> <\/a>&ndash; Tidligere generations s&oslash;skende; v&aelig;lg TC56, hvis du har brug for en lignende formfaktor med WWAN i &aelig;ldre fl&aring;der.<\/p>\n<\/li>\n<\/ul>\n","protected":false},"excerpt":{"rendered":"<p>V\u00c6LG EN VARIANT NEDENFOR! Ring til os, hvis du har brug for hj\u00e6lp til at finde den rigtige produktvariant. <\/p>\n<h3>Specifikationer:<\/h3>\n<ul>\n<li><strong>Sk\u00e6rm:<\/strong> Lys, udend\u00f8rs anvendelig touchscreen; handskevenlig input<\/li>\n<li><strong>Processor:<\/strong> Mobil CPU i virksomhedsklassen (Android-baseret)<\/li>\n<li><strong>Grafik:<\/strong> Integreret<\/li>\n<li><strong>Hukommelse:<\/strong> Konfigurerbar RAM til workflows med flere apps<\/li>\n<li><strong>Lagerplads:<\/strong> Indbygget lagerplads med udvidelsesmuligheder (afh\u00e6ngig af model)<\/li>\n<li><strong>Tilslutningsmuligheder:<\/strong> Enterprise Wi-Fi, Bluetooth; valgfri WWAN-varianter i relaterede modeller; docking til skrivebord\/k\u00f8ret\u00f8j<\/li>\n<li><strong>Rugged certificeringer:<\/strong> Virksomhedens holdbarhed over for fald, st\u00f8v og fugt (afh\u00e6ngig af model)<\/li>\n<li><strong>Sikkerhed:<\/strong> Administreret Android, virksomhedsgodkendelse og support til enhedsh\u00e5ndtering<\/li>\n<li><strong>Batteri:<\/strong> Udskiftelig pakke designet til brug p\u00e5 flere skift; opladningsholdere f\u00e5s<\/li>\n<li><strong>Dimensioner og v\u00e6gt:<\/strong> Kompakt h\u00e5ndholdt formfaktor (varierer efter konfiguration)<\/li>\n<li><strong>Garanti:<\/strong> Ex-Demo: 12 m\u00e5neder fra Micro Nordic<\/li>\n<\/ul>\n<p><strong>V\u00e6lg venligst den korrekte model nedenfor, f\u00f8r du l\u00e6gger den i kurven.<\/strong><\/p>\n","protected":false},"author":16,"featured_media":61762,"template":"","meta":{"_acf_changed":false,"inline_featured_image":false},"product-condition":[5263],"product_brand":[9013],"product_cat":[5113,5106,5112],"product_tag":[3234,3248,3178,3318,3206,3304,3346,3332,3290,3192,3276,3262,3220],"class_list":{"0":"post-48146","1":"product","2":"type-product","3":"status-publish","4":"has-post-thumbnail","6":"product-condition-ex-demo","7":"product_brand-zebra","8":"product_cat-zebra","9":"product_cat-all-barcode-scanners","10":"product_cat-refurbished-rugged-hardware","11":"product_tag-tc510k-1hdzu2p-a6-da","12":"product_tag-tc510k-1hdzu4p-a6-da","13":"product_tag-tc510k-1pazu2p-a6-da","14":"product_tag-tc510k-1pazu2p-us-da","15":"product_tag-tc510k-1pazu4p-a6-da","16":"product_tag-tc510k-1pazu4p-ia-da","17":"product_tag-tc510k-1pazu4p-us-da","18":"product_tag-tc510k-2hdzu2p-a6-da","19":"product_tag-tc510k-2hdzu4p-a6-da","20":"product_tag-tc510k-2pazu2p-a6-da","21":"product_tag-tc510k-2pazu2p-us-da","22":"product_tag-tc510k-2pazu4p-a6-da","23":"product_tag-tc510k-2pazu4p-us-da","24":"pa_model-part-number-tc510k-1hdzu2p-a6","25":"pa_model-part-number-tc510k-1hdzu4p-a6","26":"pa_model-part-number-tc510k-1pazu2p-a6","27":"pa_model-part-number-tc510k-1pazu4p-a6","28":"pa_model-part-number-tc510k-2hdzu2p-a6","29":"pa_model-part-number-tc510k-2hdzu4p-a6","30":"pa_model-part-number-tc510k-2pazu2p-a6","31":"pa_model-part-number-tc510k-2pazu2p-us","33":"first","34":"instock","35":"taxable","36":"shipping-taxable","37":"purchasable","38":"product-type-variable","39":"has-default-attributes"},"acf":[],"_links":{"self":[{"href":"https:\/\/micronordic.com\/da\/wp-json\/wp\/v2\/product\/48146","targetHints":{"allow":["GET"]}}],"collection":[{"href":"https:\/\/micronordic.com\/da\/wp-json\/wp\/v2\/product"}],"about":[{"href":"https:\/\/micronordic.com\/da\/wp-json\/wp\/v2\/types\/product"}],"author":[{"embeddable":true,"href":"https:\/\/micronordic.com\/da\/wp-json\/wp\/v2\/users\/16"}],"version-history":[{"count":2,"href":"https:\/\/micronordic.com\/da\/wp-json\/wp\/v2\/product\/48146\/revisions"}],"predecessor-version":[{"id":98503,"href":"https:\/\/micronordic.com\/da\/wp-json\/wp\/v2\/product\/48146\/revisions\/98503"}],"wp:featuredmedia":[{"embeddable":true,"href":"https:\/\/micronordic.com\/da\/wp-json\/wp\/v2\/media\/61762"}],"wp:attachment":[{"href":"https:\/\/micronordic.com\/da\/wp-json\/wp\/v2\/media?parent=48146"}],"wp:term":[{"taxonomy":"product-condition","embeddable":true,"href":"https:\/\/micronordic.com\/da\/wp-json\/wp\/v2\/product-condition?post=48146"},{"taxonomy":"product_brand","embeddable":true,"href":"https:\/\/micronordic.com\/da\/wp-json\/wp\/v2\/product_brand?post=48146"},{"taxonomy":"product_cat","embeddable":true,"href":"https:\/\/micronordic.com\/da\/wp-json\/wp\/v2\/product_cat?post=48146"},{"taxonomy":"product_tag","embeddable":true,"href":"https:\/\/micronordic.com\/da\/wp-json\/wp\/v2\/product_tag?post=48146"}],"curies":[{"name":"wp","href":"https:\/\/api.w.org\/{rel}","templated":true}]}}