{"id":48138,"date":"2018-04-26T13:46:56","date_gmt":"2018-04-26T11:46:56","guid":{"rendered":"https:\/\/micronordic.com\/product\/zebra-mc9200-mobil-haandholdt-computer-renoveret\/"},"modified":"2025-11-20T13:11:56","modified_gmt":"2025-11-20T12:11:56","slug":"zebra-mc9200-mobile-handheld-computer-refurbished","status":"publish","type":"product","link":"https:\/\/micronordic.com\/da\/product\/zebra-mc9200-mobile-handheld-computer-refurbished\/","title":{"rendered":"Zebra MC9200 Handheld Mobile Computer (EX-DEMO)"},"content":{"rendered":"<?xml encoding=\"utf-8\" ?><h2 data-start=\"293\" data-end=\"355\">Zebra MC9200 Handheld Mobile Computer (EX-DEMO)<\/h2><p data-start=\"357\" data-end=\"917\"><strong data-start=\"361\" data-end=\"402\">Zebra MC9200 Handheld Mobile Computer<\/strong> er en gennempr&oslash;vet industristandard for rugged dataindsamling, der tilbyder en perfekt balance mellem ydeevne, holdbarhed og fleksibilitet. MC9200 er bygget p&aring; Zebras ber&oslash;mte MC9000-serie og leverer hurtig processorkraft, omfattende tilslutningsmuligheder og flere scanningsmotorkonfigurationer &ndash; hvilket sikrer enest&aring;ende ydeevne i de mest kr&aelig;vende milj&oslash;er. <\/p><p data-start=\"357\" data-end=\"917\">Tilg&aelig;ngelig fra <strong data-start=\"779\" data-end=\"795\">Micro Nordic<\/strong> som  <strong data-start=\"804\" data-end=\"815\">EX-DEMO. EX-DEMO-enheder har 12 m&aring;neders garanti. <\/strong><\/p><h2 data-start=\"919\" data-end=\"981\">N&oslash;glefunktioner i Zebra MC9200 Handheld Mobile Computer<\/h2><ul data-start=\"982\" data-end=\"1867\">\n<li data-start=\"982\" data-end=\"1114\">\n<p data-start=\"984\" data-end=\"1114\"><strong data-start=\"984\" data-end=\"1014\">Ergonomisk design i pistolstil<\/strong> &ndash; Integreret pistolgreb og aftr&aelig;kker til komfortabel, hurtig scanning i milj&oslash;er med stor volumen.<\/p>\n<\/li>\n<li data-start=\"1115\" data-end=\"1232\">\n<p data-start=\"1117\" data-end=\"1232\"><strong data-start=\"1117\" data-end=\"1149\">Ydeevne i virksomhedsklasse<\/strong> &ndash; Designet til kontinuerlig drift i lagerbygninger, produktion og logistik.<\/p>\n<\/li>\n<li data-start=\"1233\" data-end=\"1335\">\n<p data-start=\"1235\" data-end=\"1335\"><strong data-start=\"1235\" data-end=\"1272\">Flere muligheder for styresystemer<\/strong> &ndash; Android&trade; og Windows Embedded Handheld-versioner er tilg&aelig;ngelige.<\/p>\n<\/li>\n<li data-start=\"1336\" data-end=\"1457\">\n<p data-start=\"1338\" data-end=\"1457\"><strong data-start=\"1338\" data-end=\"1367\">Avanceret stregkodescanning<\/strong> &ndash; V&aelig;lg mellem scanningsmotorer med lang r&aelig;kkevidde, standard r&aelig;kkevidde eller DPM for ultimativ fleksibilitet.<\/p>\n<\/li>\n<li data-start=\"1458\" data-end=\"1564\">\n<p data-start=\"1460\" data-end=\"1564\"><strong data-start=\"1460\" data-end=\"1477\">Rugged design<\/strong> &ndash; T&aring;ler fald p&aring; 2,4 m og er forseglet til IP64 for at beskytte mod st&oslash;v og fugt.<\/p>\n<\/li>\n<li data-start=\"1565\" data-end=\"1647\">\n<p data-start=\"1567\" data-end=\"1647\"><strong data-start=\"1567\" data-end=\"1591\">Batterilevetid hele dagen<\/strong> &ndash; Hot-swappable str&oslash;mforsyninger holder produktiviteten oppe.<\/p>\n<\/li>\n<li data-start=\"1778\" data-end=\"1867\">\n<p data-start=\"1780\" data-end=\"1867\"><strong data-start=\"1780\" data-end=\"1806\">Bagudkompatibilitet<\/strong> &ndash; Underst&oslash;tter eksisterende tilbeh&oslash;r og holdere i MC9000-serien.<\/p>\n<\/li>\n<\/ul><h2 data-start=\"1869\" data-end=\"1886\">Vigtige fordele<\/h2><h3 data-start=\"1888\" data-end=\"1936\">Dokumenteret p&aring;lidelighed til kr&aelig;vende arbejdsgange<\/h3><p data-start=\"1937\" data-end=\"2181\">MC9200 bygger videre p&aring; Zebras MC9000-arv med forbedret hastighed, robusthed og ergonomisk design. Dens <strong data-start=\"2041\" data-end=\"2066\">pistollignende formfaktor<\/strong> med en dedikeret udl&oslash;ser muligg&oslash;r hurtig, ubesv&aelig;ret scanning &ndash; ideel til medarbejdere, der h&aring;ndterer tusindvis af emner dagligt. <\/p><h3 data-start=\"2183\" data-end=\"2228\">Fleksible OS- og scanningskonfigurationer<\/h3><p data-start=\"2229\" data-end=\"2482\">MC9200 f&aring;s med Android&trade; eller Windows Embedded Handheld og kan tilpasses b&aring;de &aelig;ldre og moderne virksomhedssystemer. Udskiftelige scanningsmotorer underst&oslash;tter langdistance- og DPM-l&aelig;sning, s&aring; brugerne kan indfange stort set alle stregkodetyper fra n&aelig;r og fjern. <\/p><h3 data-start=\"2484\" data-end=\"2547\">Forl&aelig;nget produktlevetid med EX-DEMO:<\/h3><p data-start=\"2548\" data-end=\"2609\">Hos <strong data-start=\"2551\" data-end=\"2567\">Micro Nordic<\/strong> kan MC9200 k&oslash;bes som:<\/p><ul data-start=\"2610\" data-end=\"2869\">\n<li data-start=\"2610\" data-end=\"2756\">\n<p data-start=\"2612\" data-end=\"2756\"><strong data-start=\"2612\" data-end=\"2623\">EX-DEMO<\/strong> &ndash; Fuldt renoveret, testet og rengjort af teknikere. Udskiftede huse og sk&aelig;rme sikrer fremragende stand til en lavere pris. <\/p>\n<\/li>\n<\/ul><h3 data-start=\"2871\" data-end=\"2905\">Bygget til barske milj&oslash;er<\/h3><p data-start=\"2906\" data-end=\"3085\">Med IP64-forsegling og dokumenteret faldmodstand p&aring; 8 fod fungerer MC9200 p&aring;lideligt i k&oslash;lelagre, st&oslash;vede lagerbygninger og udend&oslash;rs logistikmilj&oslash;er, hvor holdbarhed er afg&oslash;rende.<\/p><h3 data-start=\"3087\" data-end=\"3129\">Optimeret til virksomhedsintegration<\/h3><p data-start=\"3130\" data-end=\"3285\">Zebras Mobility DNA-v&aelig;rkt&oslash;jer forenkler ops&aelig;tning, udrulning og sikkerhedsstyring og sikrer problemfri integration med ERP-, WMS- og lagerstyringssystemer.<\/p><h2 data-start=\"3287\" data-end=\"3307\">Ideelle brugsscenarier<\/h2><ul data-start=\"3308\" data-end=\"3810\">\n<li data-start=\"3308\" data-end=\"3416\">\n<p data-start=\"3310\" data-end=\"3416\"><strong data-start=\"3310\" data-end=\"3340\">Lager og distribution<\/strong> &ndash; H&oslash;jhastighedsscanning og rugged p&aring;lidelighed til sporing af paller og beholdere.<\/p>\n<\/li>\n<li data-start=\"3417\" data-end=\"3517\">\n<p data-start=\"3419\" data-end=\"3517\"><strong data-start=\"3419\" data-end=\"3436\">Produktion<\/strong> &ndash; Perfekt til samleb&aring;nd og kvalitetssikring i industrielle milj&oslash;er.<\/p>\n<\/li>\n<li data-start=\"3518\" data-end=\"3624\">\n<p data-start=\"3520\" data-end=\"3624\"><strong data-start=\"3520\" data-end=\"3550\">Detailhandel<\/strong> og lagerstyring &ndash; Str&oslash;mlinet lagerkontrol og ordreh&aring;ndtering i store detailhandelsomr&aring;der.<\/p>\n<\/li>\n<li data-start=\"3625\" data-end=\"3716\">\n<p data-start=\"3627\" data-end=\"3716\"><strong data-start=\"3627\" data-end=\"3646\">Feltlogistik<\/strong> &ndash; P&aring;lidelig forbindelse og ydeevne til mobil dataindsamling.<\/p>\n<\/li>\n<li data-start=\"3717\" data-end=\"3810\">\n<p data-start=\"3719\" data-end=\"3810\"><strong data-start=\"3719\" data-end=\"3743\">Regering og forsvar<\/strong> &ndash; Bevist robusthed og sikkerhed til missionskritiske operationer.<\/p>\n<\/li>\n<\/ul><h2 data-start=\"3812\" data-end=\"3836\">Sammenligninger af produkter<\/h2><p data-start=\"3837\" data-end=\"3976\">Zebra <strong data-start=\"3841\" data-end=\"3857\">MC9200<\/strong> forts&aelig;tter Zebras arv af rugged h&aring;ndholdt ekspertise. Andre relevante modeller, der er tilg&aelig;ngelige hos <strong data-start=\"3949\" data-end=\"3965\">Micro Nordic<\/strong>, omfatter: <\/p><ul data-start=\"3977\" data-end=\"4375\">\n<li data-start=\"3977\" data-end=\"4122\">\n<p data-start=\"3979\" data-end=\"4122\"><a href=\"https:\/\/micronordic.com\/product\/zebra-mc9300-mobile-handheld-computer-refurbished\/\"><strong data-start=\"3979\" data-end=\"4020\">Zebra MC9300 Handheld Mobile Computer<\/strong> <\/a>&ndash; N&aelig;ste generations efterf&oslash;lger med forbedret Android&trade;-ydeevne og forbedret batterieffektivitet.<\/p>\n<\/li>\n<li data-start=\"4123\" data-end=\"4252\">\n<p data-start=\"4125\" data-end=\"4252\"><a href=\"https:\/\/micronordic.com\/product\/zebra-mc3300-mobile-handheld-computer-refurbished\/\"><strong data-start=\"4125\" data-end=\"4176\">Zebra MC3300 Handheld Mobile Computer <\/strong><\/a> &ndash; En lettere mellemklassemodel, der er ideel til lager- og detailmilj&oslash;er.<\/p>\n<\/li>\n<li data-start=\"4253\" data-end=\"4375\">\n<p data-start=\"4255\" data-end=\"4375\"><a href=\"https:\/\/micronordic.com\/product\/zebra-tc75-mobile-handheld-computer-refurbished\/\"><strong data-start=\"4255\" data-end=\"4294\">Zebra TC75 Handheld Mobile Computer<\/strong> <\/a>&ndash; Et 4G-aktiveret alternativ til mobile teams inden for logistik og feltarbejde.<\/p>\n<\/li>\n<\/ul>\n","protected":false},"excerpt":{"rendered":"<p>V\u00c6LG EN VARIANT NEDENFOR! Ring til os, hvis du har brug for hj\u00e6lp til at finde den rigtige produktvariant. <\/p>\n<h3>Specifikationer:<\/h3>\n<ul>\n<li><strong>Sk\u00e6rm:<\/strong> 10,1\u2033 FHD (1920\u00d71200) ber\u00f8ringssk\u00e6rm, der kan l\u00e6ses i sollys, med valgfri underst\u00f8ttelse af handsker og penne<\/li>\n<li><strong>Processor:<\/strong> Intel\u00ae Core\u2122 i5\/i7-muligheder til h\u00f8jtydende multitasking<\/li>\n<li><strong>Grafik:<\/strong> Integreret Intel\u00ae UHD-grafik<\/li>\n<li><strong>Hukommelse:<\/strong> 8 GB &#8211; 32 GB DDR4 RAM, kan opgraderes<\/li>\n<li><strong>Lagring:<\/strong> 256 GB &#8211; 2 TB NVMe SSD, kan udvides via sekund\u00e6r plads<\/li>\n<li><strong>Tilslutningsmuligheder:<\/strong> Wi-Fi 6, Bluetooth\u00ae 5.2, valgfri 4G LTE og GPS<\/li>\n<li><strong>Rugged certificeringer:<\/strong> MIL-STD-810H, IP65, modstandsdygtighed over for fald p\u00e5 1,8 m<\/li>\n<li><strong>Sikkerhed:<\/strong> TPM 2.0, fingeraftryksl\u00e6ser, Windows Hello ansigtsgenkendelse<\/li>\n<li><strong>Batteri:<\/strong> To hot-swappable Li-ion-batterier til drift med fuldt gearskifte<\/li>\n<li><strong>M\u00e5l og v\u00e6gt:<\/strong> 280 \u00d7 188 \u00d7 23 mm, ca. 1,2 kg med batteri <\/li>\n<li><strong>Garanti:<\/strong> 12 m\u00e5neders garanti fra Micro Nordic<\/li>\n<\/ul>\n<p><strong>V\u00e6lg venligst den korrekte model nedenfor, f\u00f8r du l\u00e6gger den i kurven.<\/strong><\/p>\n","protected":false},"author":16,"featured_media":100470,"template":"","meta":{"_acf_changed":false,"inline_featured_image":false},"product-condition":[5263],"product_brand":[9013],"product_cat":[5113,5106,5112],"product_tag":[],"class_list":{"0":"post-48138","1":"product","2":"type-product","3":"status-publish","4":"has-post-thumbnail","6":"product-condition-ex-demo","7":"product_brand-zebra","8":"product_cat-zebra","9":"product_cat-all-barcode-scanners","10":"product_cat-refurbished-rugged-hardware","11":"pa_model-part-number-mc92n0-ga0sxfya5wr","12":"pa_model-part-number-mc92n0-gj0sxera5wr","13":"pa_model-part-number-mc92n0-gj0syeqa6wr","14":"pa_model-part-number-mc92n0-gl0syeya6wr","15":"pa_model-part-number-mc92n0-gp0sxera5wr","16":"pa_model-part-number-mc92n0-gp0sxeya5wr","17":"pa_model-part-number-mc92n0-gp0sxfya5wr","18":"pa_model-part-number-mc92n0-gp0syeqa6wr","19":"pa_model-part-number-mc92n0-gp0syeya6wr","20":"pa_model-part-number-mc92n0-gp0syfya6wr","21":"pa_model-part-number-mc92n0-gp0syjya6wr","23":"first","24":"instock","25":"taxable","26":"shipping-taxable","27":"purchasable","28":"product-type-variable"},"acf":[],"_links":{"self":[{"href":"https:\/\/micronordic.com\/da\/wp-json\/wp\/v2\/product\/48138","targetHints":{"allow":["GET"]}}],"collection":[{"href":"https:\/\/micronordic.com\/da\/wp-json\/wp\/v2\/product"}],"about":[{"href":"https:\/\/micronordic.com\/da\/wp-json\/wp\/v2\/types\/product"}],"author":[{"embeddable":true,"href":"https:\/\/micronordic.com\/da\/wp-json\/wp\/v2\/users\/16"}],"version-history":[{"count":3,"href":"https:\/\/micronordic.com\/da\/wp-json\/wp\/v2\/product\/48138\/revisions"}],"predecessor-version":[{"id":98574,"href":"https:\/\/micronordic.com\/da\/wp-json\/wp\/v2\/product\/48138\/revisions\/98574"}],"wp:featuredmedia":[{"embeddable":true,"href":"https:\/\/micronordic.com\/da\/wp-json\/wp\/v2\/media\/100470"}],"wp:attachment":[{"href":"https:\/\/micronordic.com\/da\/wp-json\/wp\/v2\/media?parent=48138"}],"wp:term":[{"taxonomy":"product-condition","embeddable":true,"href":"https:\/\/micronordic.com\/da\/wp-json\/wp\/v2\/product-condition?post=48138"},{"taxonomy":"product_brand","embeddable":true,"href":"https:\/\/micronordic.com\/da\/wp-json\/wp\/v2\/product_brand?post=48138"},{"taxonomy":"product_cat","embeddable":true,"href":"https:\/\/micronordic.com\/da\/wp-json\/wp\/v2\/product_cat?post=48138"},{"taxonomy":"product_tag","embeddable":true,"href":"https:\/\/micronordic.com\/da\/wp-json\/wp\/v2\/product_tag?post=48138"}],"curies":[{"name":"wp","href":"https:\/\/api.w.org\/{rel}","templated":true}]}}