{"id":48136,"date":"2018-04-26T13:46:55","date_gmt":"2018-04-26T11:46:55","guid":{"rendered":"https:\/\/micronordic.com\/product\/zebra-mc3200-mobil-haandholdt-computer-renoveret\/"},"modified":"2025-11-20T13:21:56","modified_gmt":"2025-11-20T12:21:56","slug":"zebra-mc3200-mobile-handheld-computer-refurbished","status":"publish","type":"product","link":"https:\/\/micronordic.com\/da\/product\/zebra-mc3200-mobile-handheld-computer-refurbished\/","title":{"rendered":"Zebra MC3200 Handheld Mobile Computer (EX-DEMO)"},"content":{"rendered":"<?xml encoding=\"utf-8\" ?><h2 data-start=\"461\" data-end=\"510\">Zebra MC3200 Handheld Mobile Computer (EX-DEMO)<\/h2><p data-start=\"512\" data-end=\"975\"><strong data-start=\"516\" data-end=\"557\">Zebra MC3200 Handheld Mobile Computer<\/strong> er en holdbar og alsidig mellemklasseenhed, der er bygget til professionel scanning og datafangst. Den er designet til at &oslash;ge effektiviteten p&aring; tv&aelig;rs af lager-, detail- og logistikmilj&oslash;er og kombinerer p&aring;lidelig ydeevne med ergonomisk komfort. Denne model er tilg&aelig;ngelig fra <strong data-start=\"812\" data-end=\"828\">Micro Nordic<\/strong> som en <strong data-start=\"835\" data-end=\"846\">EX-DEMO-enhed<\/strong> og er fuldt testet, renoveret og verificeret til at levere p&aring;lidelig drift til en meget konkurrencedygtig pris.  <\/p><p data-start=\"512\" data-end=\"975\"><strong>Ex-Demo enheder inkluderer 12 m&aring;neders garanti fra Micro Nordic.<\/strong><\/p><h2 data-start=\"977\" data-end=\"1039\">N&oslash;glefunktioner i Zebra MC3200 Handheld Mobile Computer<\/h2><ul data-start=\"1040\" data-end=\"1889\">\n<li data-start=\"1040\" data-end=\"1184\">\n<p data-start=\"1042\" data-end=\"1184\"><strong data-start=\"1042\" data-end=\"1077\">Pistol- eller murstensdesign<\/strong> &ndash; V&aelig;lg mellem et traditionelt pistolgreb til hurtig scanning eller en model med lige krop til h&aring;ndholdt brug.<\/p>\n<\/li>\n<li data-start=\"1185\" data-end=\"1265\">\n<p data-start=\"1187\" data-end=\"1265\"><strong data-start=\"1187\" data-end=\"1216\">Let og ergonomisk<\/strong> &ndash; Reducerer operat&oslash;rens tr&aelig;thed under lange skift.<\/p>\n<\/li>\n<li data-start=\"1266\" data-end=\"1362\">\n<p data-start=\"1268\" data-end=\"1362\"><strong data-start=\"1268\" data-end=\"1300\">Ydelse p&aring; virksomhedsniveau<\/strong> &ndash; Dual-core-processor sikrer problemfri h&aring;ndtering af applikationer.<\/p>\n<\/li>\n<li data-start=\"1363\" data-end=\"1469\">\n<p data-start=\"1365\" data-end=\"1469\"><strong data-start=\"1365\" data-end=\"1394\">Avanceret stregkodescanning<\/strong> &ndash; L&aelig;ser 1D- og 2D-stregkoder hurtigt, selv n&aring;r de er beskadigede eller d&aring;rligt trykte.<\/p>\n<\/li>\n<li data-start=\"1470\" data-end=\"1582\">\n<p data-start=\"1472\" data-end=\"1582\"><strong data-start=\"1472\" data-end=\"1499\">Flere konfigurationer<\/strong> &ndash; Underst&oslash;tter b&aring;de Android&trade; og Windows CE 7.0 for fleksibel virksomhedsintegration.<\/p>\n<\/li>\n<li data-start=\"1583\" data-end=\"1695\">\n<p data-start=\"1585\" data-end=\"1695\"><strong data-start=\"1585\" data-end=\"1609\">Holdbar konstruktion<\/strong> &ndash; faldtestet til 1,8 m og forseglet i henhold til IP54-standarder for st&oslash;v- og st&aelig;nkbestandighed.<\/p>\n<\/li>\n<li data-start=\"1696\" data-end=\"1774\">\n<p data-start=\"1698\" data-end=\"1774\"><strong data-start=\"1698\" data-end=\"1723\">Hot-swappable batteri<\/strong> &ndash; muligg&oslash;r kontinuerlig drift uden nedetid.<\/p>\n<\/li>\n<li data-start=\"1775\" data-end=\"1889\">\n<p data-start=\"1777\" data-end=\"1889\"><strong data-start=\"1777\" data-end=\"1802\">EX-DEMO-certificering<\/strong> &ndash; Fuldt renoveret og verificeret, hvilket sikrer langvarig ydeevne til reducerede omkostninger.<\/p>\n<\/li>\n<\/ul><h2 data-start=\"1891\" data-end=\"1908\">Vigtige fordele<\/h2><h3 data-start=\"1910\" data-end=\"1950\">Omkostningseffektiv virksomhedsmobilitet<\/h3><p data-start=\"1951\" data-end=\"2227\"><strong data-start=\"1955\" data-end=\"1971\">Zebra MC3200<\/strong> tilbyder virksomhedsydelse uden prisen p&aring; en ny enhed. Hver EX-DEMO-enhed, der s&aelig;lges af <strong data-start=\"2062\" data-end=\"2078\">Micro Nordic<\/strong>, har gennemg&aring;et omfattende inspektion, reng&oslash;ring og udskiftning af komponenter &ndash; hvilket giver p&aring;lidelig kvalitet til en br&oslash;kdel af prisen for ny hardware. <\/p><h3 data-start=\"2229\" data-end=\"2261\">Ergonomisk design i pistolstil<\/h3><p data-start=\"2262\" data-end=\"2457\">MC3200&rsquo;s <strong data-start=\"2275\" data-end=\"2303\">pistollignende aftr&aelig;kkerh&aring;ndtag<\/strong> giver brugerne mulighed for at scanne store m&aelig;ngder med minimal belastning, hvilket g&oslash;r den perfekt til lagerplukkere, logistikmedarbejdere og lagerkontroll&oslash;rer i detailhandlen.<\/p><h3 data-start=\"2459\" data-end=\"2509\">S&oslash;ml&oslash;s integration med virksomhedssystemer<\/h3><p data-start=\"2510\" data-end=\"2736\">MC3200 er kompatibel med Android&trade;- og Windows CE-platforme og underst&oslash;tter popul&aelig;re lager- og lagerstyringsapplikationer. Den kan ogs&aring; integreres med Zebras Mobility DNA-suite for nem ops&aelig;tning af enheder og fjernadministration. <\/p><h3 data-start=\"2738\" data-end=\"2763\">Rugged og p&aring;lidelig<\/h3><p data-start=\"2764\" data-end=\"2966\">MC3200 er bygget med henblik p&aring; holdbarhed og kan modst&aring; fald, st&oslash;v og temperatursvingninger. Uanset om den bruges p&aring; et st&oslash;vet lager eller i en travl butik, holder denne enhed driften i gang p&aring; en effektiv m&aring;de. <\/p><h3 data-start=\"2968\" data-end=\"3007\">Fuldt renoveret EX-DEMO-kvalitet<\/h3><p data-start=\"3008\" data-end=\"3247\">Alle <strong data-start=\"3012\" data-end=\"3023\">EX-DEMO-enheder<\/strong> er grundigt testet og har f&aring;et udskiftet plastik, digitizere og batterier, hvor det er n&oslash;dvendigt. Enhederne leveres i almindelige brune kasser med standardtilbeh&oslash;r &ndash; et smart, b&aelig;redygtigt valg for omkostningsbevidste virksomheder. <\/p><h2 data-start=\"3249\" data-end=\"3269\">Ideelle brugsscenarier<\/h2><ul data-start=\"3270\" data-end=\"3720\">\n<li data-start=\"3270\" data-end=\"3361\">\n<p data-start=\"3272\" data-end=\"3361\"><strong data-start=\"3272\" data-end=\"3299\">Lager og logistik<\/strong> &ndash; Effektivt til ordreplukning, pakning og sporing af varer.<\/p>\n<\/li>\n<li data-start=\"3362\" data-end=\"3446\">\n<p data-start=\"3364\" data-end=\"3446\"><strong data-start=\"3364\" data-end=\"3392\">Retail Inventory Control<\/strong> &ndash; Str&oslash;mliner lagerstyring og prisopdateringer.<\/p>\n<\/li>\n<li data-start=\"3447\" data-end=\"3542\">\n<p data-start=\"3449\" data-end=\"3542\"><strong data-start=\"3449\" data-end=\"3477\">Produktionsdrift<\/strong> &ndash; P&aring;lidelig scanning og kommunikation p&aring; produktionsgulvet.<\/p>\n<\/li>\n<li data-start=\"3543\" data-end=\"3626\">\n<p data-start=\"3545\" data-end=\"3626\"><strong data-start=\"3545\" data-end=\"3576\">Field Service &amp; Maintenance<\/strong> &ndash; Holdbar til udend&oslash;rs eller mobil sporing af aktiver.<\/p>\n<\/li>\n<li data-start=\"3627\" data-end=\"3720\">\n<p data-start=\"3629\" data-end=\"3720\"><strong data-start=\"3629\" data-end=\"3660\">Distribution og forsyningsk&aelig;de<\/strong> &ndash; Scanning i realtid giver et j&aelig;vnt dataflow og effektivitet.<\/p>\n<\/li>\n<\/ul><h2 data-start=\"3722\" data-end=\"3746\">Sammenligninger af produkter<\/h2><p data-start=\"3747\" data-end=\"3822\">For organisationer, der overvejer alternativer, tilbyder <strong data-start=\"3791\" data-end=\"3807\">Micro Nordic<\/strong> ogs&aring;:<\/p><ul data-start=\"3823\" data-end=\"4197\">\n<li data-start=\"3823\" data-end=\"3965\">\n<p data-start=\"3825\" data-end=\"3965\"><a href=\"https:\/\/micronordic.com\/product\/zebra-mc3300-mobile-handheld-computer-refurbished\/\"><strong data-start=\"3825\" data-end=\"3876\">Zebra MC3300 Handheld Mobile Computer<\/strong> <\/a>&ndash; Den n&aelig;ste generation af modellen med Android&trade;, forbedret ergonomi og hurtigere behandling.<\/p>\n<\/li>\n<li data-start=\"3966\" data-end=\"4080\">\n<p data-start=\"3968\" data-end=\"4080\"><a href=\"https:\/\/micronordic.com\/product\/zebra-mc9200-mobile-handheld-computer-refurbished\/\"><strong data-start=\"3968\" data-end=\"4009\">Zebra MC9200 Handheld Mobile Computer<\/strong> <\/a>&ndash; En avanceret pistollignende scanner med overlegen r&aelig;kkevidde og holdbarhed.<\/p>\n<\/li>\n<li data-start=\"4081\" data-end=\"4197\">\n<p data-start=\"4083\" data-end=\"4197\"><strong data-start=\"4083\" data-end=\"4135\"><a href=\"https:\/\/micronordic.com\/product\/zebra-tc57ho-mobile-handheld-computer-refurbished\/\">Zebra TC75 Handheld Mobile Computer<\/a> <\/strong>&ndash; En rugged Android touchscreen-enhed til mobil brug i felten.<\/p>\n<\/li>\n<\/ul>\n","protected":false},"excerpt":{"rendered":"<p>V\u00c6LG EN VARIANT NEDENFOR! Ring til os, hvis du har brug for hj\u00e6lp til at finde den rigtige produktvariant. <\/p>\n<h3>Specifikationer:<\/h3>\n<ul>\n<li><strong>Sk\u00e6rm:<\/strong> 3,2\u2033 QVGA-ber\u00f8ringssk\u00e6rm i farver<\/li>\n<li><strong>Processor:<\/strong> Dual-core 1 GHz OMAP 4-processor<\/li>\n<li><strong>Grafik:<\/strong> Integreret grafikmotor<\/li>\n<li><strong>Hukommelse:<\/strong> 512 MB \/ 1 GB RAM-muligheder<\/li>\n<li><strong>Lagerplads:<\/strong> 2 GB \/ 4 GB Flash, kan udvides via microSD (op til 32 GB)<\/li>\n<li><strong>Tilslutningsmuligheder:<\/strong> Wi-Fi 802.11 a\/b\/g\/n, Bluetooth\u00ae 2.1 + EDR<\/li>\n<li><strong>Rugged certificeringer:<\/strong> IP54, 1,8 m (6 ft) modstandsdygtighed over for fald<\/li>\n<li><strong>Sikkerhed:<\/strong> Virksomhedssikkerhed og kryptering p\u00e5 OS-niveau<\/li>\n<li><strong>Batteri:<\/strong> 2740 mAh Li-ion hot-swappable batteri<\/li>\n<li><strong>M\u00e5l og v\u00e6gt:<\/strong> 193 \u00d7 70 \u00d7 35 mm, ca. 370 g med batteri <\/li>\n<li><strong>Garanti:<\/strong> 12 m\u00e5neders EX-DEMO-garanti fra Micro Nordic<\/li>\n<\/ul>\n<p><strong>V\u00e6lg venligst den korrekte model nedenfor, f\u00f8r du l\u00e6gger den i kurven.<\/strong><\/p>\n","protected":false},"author":16,"featured_media":100440,"template":"","meta":{"_acf_changed":false,"inline_featured_image":false},"product-condition":[5263],"product_brand":[9013],"product_cat":[5113,5106,5112],"product_tag":[],"class_list":{"0":"post-48136","1":"product","2":"type-product","3":"status-publish","4":"has-post-thumbnail","6":"product-condition-ex-demo","7":"product_brand-zebra","8":"product_cat-zebra","9":"product_cat-all-barcode-scanners","10":"product_cat-refurbished-rugged-hardware","11":"pa_model-part-number-mc32n0-gf4hcle0a","12":"pa_model-part-number-mc32n0-gi3hcheia","13":"pa_model-part-number-mc32n0-gl2hcle0a","14":"pa_model-part-number-mc32n0-gl4haheia","15":"pa_model-part-number-mc32n0-rl2sclk0a","16":"pa_model-part-number-mc32n0-rl3sclc0a","17":"pa_model-part-number-mc32n0-rl4saheia","18":"pa_model-part-number-mc32n0-si3hcle0a","19":"pa_model-part-number-mc32n0-si3scheia","20":"pa_model-part-number-mc32n0-si4scle0a","22":"first","23":"instock","24":"taxable","25":"shipping-taxable","26":"purchasable","27":"product-type-variable"},"acf":[],"_links":{"self":[{"href":"https:\/\/micronordic.com\/da\/wp-json\/wp\/v2\/product\/48136","targetHints":{"allow":["GET"]}}],"collection":[{"href":"https:\/\/micronordic.com\/da\/wp-json\/wp\/v2\/product"}],"about":[{"href":"https:\/\/micronordic.com\/da\/wp-json\/wp\/v2\/types\/product"}],"author":[{"embeddable":true,"href":"https:\/\/micronordic.com\/da\/wp-json\/wp\/v2\/users\/16"}],"version-history":[{"count":2,"href":"https:\/\/micronordic.com\/da\/wp-json\/wp\/v2\/product\/48136\/revisions"}],"predecessor-version":[{"id":98602,"href":"https:\/\/micronordic.com\/da\/wp-json\/wp\/v2\/product\/48136\/revisions\/98602"}],"wp:featuredmedia":[{"embeddable":true,"href":"https:\/\/micronordic.com\/da\/wp-json\/wp\/v2\/media\/100440"}],"wp:attachment":[{"href":"https:\/\/micronordic.com\/da\/wp-json\/wp\/v2\/media?parent=48136"}],"wp:term":[{"taxonomy":"product-condition","embeddable":true,"href":"https:\/\/micronordic.com\/da\/wp-json\/wp\/v2\/product-condition?post=48136"},{"taxonomy":"product_brand","embeddable":true,"href":"https:\/\/micronordic.com\/da\/wp-json\/wp\/v2\/product_brand?post=48136"},{"taxonomy":"product_cat","embeddable":true,"href":"https:\/\/micronordic.com\/da\/wp-json\/wp\/v2\/product_cat?post=48136"},{"taxonomy":"product_tag","embeddable":true,"href":"https:\/\/micronordic.com\/da\/wp-json\/wp\/v2\/product_tag?post=48136"}],"curies":[{"name":"wp","href":"https:\/\/api.w.org\/{rel}","templated":true}]}}