{"id":48134,"date":"2023-01-26T21:16:34","date_gmt":"2023-01-26T20:16:34","guid":{"rendered":"https:\/\/micronordic.com\/product\/zebra-mc9300-mobil-haandholdt-computer-refurbished\/"},"modified":"2025-11-17T12:51:52","modified_gmt":"2025-11-17T11:51:52","slug":"zebra-mc9300-mobile-handheld-computer-refurbished","status":"publish","type":"product","link":"https:\/\/micronordic.com\/da\/product\/zebra-mc9300-mobile-handheld-computer-refurbished\/","title":{"rendered":"Zebra MC9300 Handheld Mobile Computer (EX-DEMO)"},"content":{"rendered":"<?xml encoding=\"utf-8\" ?><h2 data-start=\"195\" data-end=\"237\">Zebra MC9300 Handheld Mobile Computer<\/h2><p data-start=\"239\" data-end=\"661\"><strong data-start=\"243\" data-end=\"284\">Zebra MC9300 Handheld Mobile Computer <\/strong> er en af de mest kraftfulde og rugged enheder i Zebras h&aring;ndholdte portef&oslash;lje. Den er bygget til de h&aring;rdeste industrielle milj&oslash;er og leverer n&aelig;ste generations ydeevne, ultrarobust holdbarhed og branchef&oslash;rende scanning. Som efterf&oslash;lger til den popul&aelig;re <a href=\"https:\/\/micronordic.com\/product\/zebra-mc9200-mobile-handheld-computer-refurbished\/\">MC9200<\/a> er MC9300 den <strong data-start=\"566\" data-end=\"595\">ultimative Android-h&aring;ndholdte<\/strong> til lagerbygninger, produktionsanl&aelig;g og logistikoperationer.  <\/p><p data-start=\"663\" data-end=\"924\">Hos Micro Nordic er Zebra MC9300 <strong data-start=\"710\" data-end=\"735\">kun<\/strong> tilg&aelig;ngelig <strong data-start=\"710\" data-end=\"735\">som EX-DEMO-enheder<\/strong>. Disse let brugte enheder giver virksomheder mulighed for at erhverve sig rugged mobility i virksomhedsklasse til en mere omkostningseffektiv pris uden at g&aring; p&aring; kompromis med p&aring;lideligheden. EX-DEMO-enheder leveres med <strong>12 m&aring;neders garanti.<\/strong>  <\/p><h2 data-start=\"926\" data-end=\"963\">N&oslash;glefunktioner i Zebra MC9300<\/h2><ul data-start=\"965\" data-end=\"1939\">\n<li data-start=\"965\" data-end=\"1082\">\n<p data-start=\"967\" data-end=\"1082\"><strong data-start=\"967\" data-end=\"988\">Rugged holdbarhed<\/strong> &ndash; MIL-STD-810G-testet, IP65- og IP67-certificeret, modst&aring;r fald, tumult, st&oslash;v og vand.<\/p>\n<\/li>\n<li data-start=\"1083\" data-end=\"1185\">\n<p data-start=\"1085\" data-end=\"1185\"><strong data-start=\"1085\" data-end=\"1096\">Sk&aelig;rm<\/strong> &ndash; 4,3&Prime; WVGA-ber&oslash;ringssk&aelig;rm med avanceret udend&oslash;rs l&aelig;sbarhed og underst&oslash;ttelse af ber&oslash;ring med handsker og i v&aring;d tilstand.<\/p>\n<\/li>\n<li data-start=\"1186\" data-end=\"1250\">\n<p data-start=\"1188\" data-end=\"1250\"><strong data-start=\"1188\" data-end=\"1201\">Processor<\/strong> &ndash; Qualcomm Snapdragon&trade; 660 octa-core, 2,2 GHz.<\/p>\n<\/li>\n<li data-start=\"1251\" data-end=\"1352\">\n<p data-start=\"1253\" data-end=\"1352\"><strong data-start=\"1253\" data-end=\"1273\">Operativsystem<\/strong> &ndash; Android 8.1 Oreo, kan opgraderes med Zebras LifeGuard&trade; for Android-support.<\/p>\n<\/li>\n<li data-start=\"1353\" data-end=\"1379\">\n<p data-start=\"1355\" data-end=\"1379\"><strong data-start=\"1355\" data-end=\"1365\">Hukommelse<\/strong> &ndash; 4 GB RAM.<\/p>\n<\/li>\n<li data-start=\"1380\" data-end=\"1450\">\n<p data-start=\"1382\" data-end=\"1450\"><strong data-start=\"1382\" data-end=\"1393\">Lagerplads<\/strong> &ndash; 32 GB internt, kan udvides med op til 256 GB via microSD.<\/p>\n<\/li>\n<li data-start=\"1451\" data-end=\"1568\">\n<p data-start=\"1453\" data-end=\"1568\"><strong data-start=\"1453\" data-end=\"1465\">Scanning<\/strong> &ndash; SE965 1D laser, SE4750 eller SE4850 extended-range imager til 1D\/2D stregkoder, selv p&aring; op til 70 fods afstand.<\/p>\n<\/li>\n<li data-start=\"1569\" data-end=\"1653\">\n<p data-start=\"1571\" data-end=\"1653\"><strong data-start=\"1571\" data-end=\"1587\">Tilslutningsmuligheder<\/strong> &ndash; Wi-Fi 802.11 a\/b\/g\/n\/ac, Bluetooth 5.0, NFC og GPS-underst&oslash;ttelse.<\/p>\n<\/li>\n<li data-start=\"1654\" data-end=\"1755\">\n<p data-start=\"1656\" data-end=\"1755\"><strong data-start=\"1656\" data-end=\"1667\">Batteri<\/strong> &ndash; 7000 mAh PowerPrecision+ batteri med hot-swap-underst&oslash;ttelse til produktivitet p&aring; fuld tid.<\/p>\n<\/li>\n<li data-start=\"1756\" data-end=\"1856\">\n<p data-start=\"1758\" data-end=\"1856\"><strong data-start=\"1758\" data-end=\"1773\">Formfaktor<\/strong> &ndash; tastatur i pistolstil med flere tastaturkonfigurationer for fleksibilitet.<\/p>\n<\/li>\n<li data-start=\"1857\" data-end=\"1939\">\n<p data-start=\"1859\" data-end=\"1939\"><strong data-start=\"1859\" data-end=\"1875\">Tilg&aelig;ngelighed<\/strong> &ndash; F&aring;s udelukkende som <strong data-start=\"1903\" data-end=\"1920\">EX-DEMO-enheder<\/strong> hos Micro Nordic.<\/p>\n<\/li>\n<\/ul><h2 data-start=\"1941\" data-end=\"1978\">De vigtigste fordele ved Zebra MC9300<\/h2><h3 data-start=\"1980\" data-end=\"2028\">Ultra rugged design til barske milj&oslash;er<\/h3><p data-start=\"2029\" data-end=\"2233\">MC9300 er bygget til at modst&aring; de h&aring;rdeste industrielle brugssituationer. Den modst&aring;r fald, ekstreme temperaturer, st&oslash;v og vand, hvilket g&oslash;r den til en af de mest p&aring;lidelige h&aring;ndholdte computere, der findes til kr&aelig;vende arbejdsgange. <\/p><h3 data-start=\"2235\" data-end=\"2266\">Stregkodescanning i s&aelig;rklasse<\/h3><p data-start=\"2267\" data-end=\"2524\">Med valgfri imager med udvidet r&aelig;kkevidde kan MC9300 opfange stregkoder p&aring; b&aring;de t&aelig;t hold og p&aring; afstande p&aring; op til 21 meter (70 ft). Det g&oslash;r den ideel til lagre og distributionscentre, hvor medarbejderne skal scanne fra gaffeltrucks, hylder eller paller. <\/p><h3 data-start=\"2526\" data-end=\"2559\">Android Enterprise Platform<\/h3><p data-start=\"2560\" data-end=\"2822\">MC9300 k&oslash;rer Android med Zebras Mobility DNA-v&aelig;rkt&oslash;jer, hvilket sikrer problemfri drift, support i en lang livscyklus og l&oslash;bende OS-sikkerhedsopdateringer gennem LifeGuard&trade; for Android. Den leverer det velkendte ved Android med tilpasning og sikkerhed p&aring; virksomhedsniveau. <\/p><h3 data-start=\"2824\" data-end=\"2856\">Optimeret til produktivitet<\/h3><p data-start=\"2857\" data-end=\"3098\">Med en stor 4,3&Prime; sk&aelig;rm, tastaturer, der kan tilpasses, og et batteri med h&oslash;j kapacitet, der kan skiftes undervejs, er MC9300 designet til at maksimere oppetiden og brugernes effektivitet. Medarbejderne kan gennemf&oslash;re lange vagter uden nedetid, selv i udfordrende milj&oslash;er. <\/p><h3 data-start=\"3100\" data-end=\"3141\">Omkostningseffektiv EX-DEMO tilg&aelig;ngelighed<\/h3><p data-start=\"3142\" data-end=\"3455\">Micro Nordic tilbyder MC9300 <strong data-start=\"3173\" data-end=\"3205\">udelukkende som EX-DEMO-enheder<\/strong>. Disse enheder er blevet brugt lidt til demonstrationer, men har stadig fuld virksomhedsfunktionalitet. For virksomheder er dette en omkostningseffektiv m&aring;de at implementere en af Zebras mest avancerede, rugged h&aring;ndholdte enheder p&aring; uden at skulle betale prisen for nye enheder.  <\/p><h2 data-start=\"3457\" data-end=\"3494\">Ideelle brugsscenarier for Zebra MC9300<\/h2><ul data-start=\"3496\" data-end=\"3974\">\n<li data-start=\"3496\" data-end=\"3626\">\n<p data-start=\"3498\" data-end=\"3626\"><strong data-start=\"3498\" data-end=\"3530\">Lager og distribution<\/strong> &ndash; Scanning med udvidet r&aelig;kkevidde og rugged design til lagerstyring, plukning og modtagelse.<\/p>\n<\/li>\n<li data-start=\"3627\" data-end=\"3758\">\n<p data-start=\"3629\" data-end=\"3758\"><strong data-start=\"3629\" data-end=\"3646\">Produktion<\/strong> &ndash; P&aring;lidelig ydeevne i kr&aelig;vende industrianl&aelig;g, herunder k&oslash;lelagre og farlige milj&oslash;er.<\/p>\n<\/li>\n<li data-start=\"3759\" data-end=\"3872\">\n<p data-start=\"3761\" data-end=\"3872\"><strong data-start=\"3761\" data-end=\"3793\">Transport og logistik<\/strong> &ndash; Datafangst i realtid og rugged mobilitet til fl&aring;de- og fragtoperationer.<\/p>\n<\/li>\n<li data-start=\"3873\" data-end=\"3974\">\n<p data-start=\"3875\" data-end=\"3974\"><strong data-start=\"3875\" data-end=\"3905\">Baglokaleoperationer i detailhandlen<\/strong> &ndash; lagerh&aring;ndtering i stor skala og lager-til-butik-logistik.<\/p>\n<\/li>\n<\/ul><h2 data-start=\"3976\" data-end=\"4027\">Sammenligninger af produkter: Alternativer til Zebra MC9300<\/h2><p data-start=\"4029\" data-end=\"4108\">For virksomheder, der vurderer mulighederne for rugged mobilitet, tilbyder Micro Nordic ogs&aring;:<\/p><ul data-start=\"4110\" data-end=\"4537\">\n<li data-start=\"4110\" data-end=\"4237\">\n<p data-start=\"4112\" data-end=\"4237\"><a href=\"https:\/\/micronordic.com\/product\/zebra-mc9200-mobile-handheld-computer-refurbished\/\"><strong data-start=\"4112\" data-end=\"4142\">Zebra MC9200 Handheld Mobile Computer <\/strong><\/a> &ndash; Forg&aelig;ngeren til MC9300, der stadig er popul&aelig;r i &aelig;ldre Windows CE- og Android-overgange.<\/p>\n<\/li>\n<li data-start=\"4238\" data-end=\"4384\">\n<p data-start=\"4240\" data-end=\"4384\"><a href=\"https:\/\/micronordic.com\/product\/zebra-tc77-mobile-handheld-computer-refurbished\/\"><strong data-start=\"4240\" data-end=\"4296\">Zebra TC77 Handheld Mobile Computer <\/strong><\/a>&ndash; En mindre, touch-centreret, rugged h&aring;ndholdt computer med b&aring;de Wi-Fi og mobilfunktioner.<\/p>\n<\/li>\n<li data-start=\"4385\" data-end=\"4537\">\n<p data-start=\"4387\" data-end=\"4537\"><a href=\"https:\/\/micronordic.com\/product\/honeywell-ct40xp-mobile-handheld-computer-refurbished\/\"><strong data-start=\"4387\" data-end=\"4430\">Honeywell CT40 Handheld Mobile Computer <\/strong> <\/a>&ndash; Et letv&aelig;gtsalternativ med holdbarhed i virksomhedsklasse til detailhandel, sundhedsv&aelig;sen og logistik.<\/p>\n<\/li>\n<\/ul>\n","protected":false},"excerpt":{"rendered":"<p>V\u00c6LG EN VARIANT NEDENFOR! Ring til os, hvis du har brug for hj\u00e6lp til at finde den rigtige produktvariant. <\/p>\n<h3>Specifikationer:<\/h3>\n<ul>\n<li><strong>Sk\u00e6rm:<\/strong> 4,3\u2033 WVGA (800\u00d7480), udend\u00f8rs l\u00e6sbar, fungerer med handsker og v\u00e5d ber\u00f8ring<\/li>\n<li><strong>Processor:<\/strong> Qualcomm Snapdragon\u2122 660 octa-core, 2,2 GHz<\/li>\n<li><strong>Grafik:<\/strong> Integreret Adreno\u2122 512 GPU<\/li>\n<li><strong>Hukommelse:<\/strong> 4 GB RAM<\/li>\n<li><strong>Lagerplads:<\/strong> 32 GB internt, kan udvides med microSD op til 256 GB<\/li>\n<li><strong>Tilslutningsmuligheder:<\/strong> Wi-Fi 802.11 a\/b\/g\/n\/ac, Bluetooth 5.0, NFC, GPS<\/li>\n<li><strong>Rugged certificeringer:<\/strong> MIL-STD-810G, IP65\/IP67, faldtestet<\/li>\n<li><strong>Scanning:<\/strong> SE965 1D-laser, SE4750\/SE4850 1D\/2D-billeder med udvidet r\u00e6kkevidde<\/li>\n<li><strong>Batteri:<\/strong> 7000 mAh Li-Ion, hot-swappable<\/li>\n<li><strong>M\u00e5l og v\u00e6gt:<\/strong> 231 \u00d7 88 \u00d7 189 mm, ca. 765 g <\/li>\n<li><strong>Garanti:<\/strong> F\u00e5s kun som EX-DEMO-enheder med 12 m\u00e5neders garanti<\/li>\n<\/ul>\n<p><strong>V\u00e6lg venligst den korrekte model nedenfor, f\u00f8r du l\u00e6gger den i kurven.<\/strong><\/p>\n","protected":false},"author":24,"featured_media":100485,"template":"","meta":{"_acf_changed":false,"inline_featured_image":false},"product-condition":[5263],"product_brand":[9013],"product_cat":[5106,5112,5113],"product_tag":[],"class_list":{"0":"post-48134","1":"product","2":"type-product","3":"status-publish","4":"has-post-thumbnail","6":"product-condition-ex-demo","7":"product_brand-zebra","8":"product_cat-all-barcode-scanners","9":"product_cat-refurbished-rugged-hardware","10":"product_cat-zebra","11":"pa_model-part-number-mc930p-gshcg4rw","12":"pa_model-part-number-mc930p-gsjbg4rw","13":"pa_model-part-number-mc930p-gsjcg4rw","14":"pa_model-part-number-mc930p-gsjdg4rw","15":"pa_model-part-number-mc930p-gsjeg4rw","16":"pa_model-part-number-mc930p-gsjgg4rw","17":"pa_model-part-number-mc930p-gsjhg4rw","19":"first","20":"instock","21":"taxable","22":"shipping-taxable","23":"purchasable","24":"product-type-variable","25":"has-default-attributes"},"acf":[],"_links":{"self":[{"href":"https:\/\/micronordic.com\/da\/wp-json\/wp\/v2\/product\/48134","targetHints":{"allow":["GET"]}}],"collection":[{"href":"https:\/\/micronordic.com\/da\/wp-json\/wp\/v2\/product"}],"about":[{"href":"https:\/\/micronordic.com\/da\/wp-json\/wp\/v2\/types\/product"}],"author":[{"embeddable":true,"href":"https:\/\/micronordic.com\/da\/wp-json\/wp\/v2\/users\/24"}],"version-history":[{"count":2,"href":"https:\/\/micronordic.com\/da\/wp-json\/wp\/v2\/product\/48134\/revisions"}],"predecessor-version":[{"id":98127,"href":"https:\/\/micronordic.com\/da\/wp-json\/wp\/v2\/product\/48134\/revisions\/98127"}],"wp:featuredmedia":[{"embeddable":true,"href":"https:\/\/micronordic.com\/da\/wp-json\/wp\/v2\/media\/100485"}],"wp:attachment":[{"href":"https:\/\/micronordic.com\/da\/wp-json\/wp\/v2\/media?parent=48134"}],"wp:term":[{"taxonomy":"product-condition","embeddable":true,"href":"https:\/\/micronordic.com\/da\/wp-json\/wp\/v2\/product-condition?post=48134"},{"taxonomy":"product_brand","embeddable":true,"href":"https:\/\/micronordic.com\/da\/wp-json\/wp\/v2\/product_brand?post=48134"},{"taxonomy":"product_cat","embeddable":true,"href":"https:\/\/micronordic.com\/da\/wp-json\/wp\/v2\/product_cat?post=48134"},{"taxonomy":"product_tag","embeddable":true,"href":"https:\/\/micronordic.com\/da\/wp-json\/wp\/v2\/product_tag?post=48134"}],"curies":[{"name":"wp","href":"https:\/\/api.w.org\/{rel}","templated":true}]}}