{"id":48132,"date":"2023-01-26T21:09:46","date_gmt":"2023-01-26T20:09:46","guid":{"rendered":"https:\/\/micronordic.com\/product\/zebra-mc3300-mobil-haandholdt-computer-refurbished\/"},"modified":"2025-11-17T14:31:39","modified_gmt":"2025-11-17T13:31:39","slug":"zebra-mc3300-mobile-handheld-computer-refurbished","status":"publish","type":"product","link":"https:\/\/micronordic.com\/da\/product\/zebra-mc3300-mobile-handheld-computer-refurbished\/","title":{"rendered":"Zebra MC3300 Handheld Mobile Computer (EX-DEMO)"},"content":{"rendered":"<?xml encoding=\"utf-8\" ?><h2 data-start=\"231\" data-end=\"283\">Zebra MC3300 Handheld Mobile Computer (EX-DEMO)<\/h2><p data-start=\"285\" data-end=\"603\"><strong data-start=\"289\" data-end=\"330\">Zebra MC3300 Handheld Mobile Computer <\/strong>er en alsidig virksomhedsenhed i mellemklassen, der kombinerer rugged design, p&aring;lidelig ydeevne og flere formfaktorindstillinger. Som efterf&oslash;lger til den popul&aelig;re <a href=\"https:\/\/micronordic.com\/product\/zebra-mc3200-mobile-handheld-computer-refurbished\/\">MC3200<\/a> introducerer MC3300 hurtigere behandling, avanceret Android-underst&oslash;ttelse og forbedrede scanningsfunktioner. <\/p><p data-start=\"605\" data-end=\"884\">Hos Micro Nordic tilbydes MC3300 <strong data-start=\"644\" data-end=\"669\">kun som EX-DEMO-enheder<\/strong>. Disse let brugte enheder giver organisationer mulighed for at implementere rugged mobility i virksomhedsklasse til en betydeligt reduceret pris, samtidig med at de stadig nyder godt af Zebras dokumenterede holdbarhed og ydeevne. Ex-Demo enheder inkluderer <strong data-start=\"24\" data-end=\"44\">12 m&aring;neders garanti.<\/strong>  <\/p><h2 data-start=\"886\" data-end=\"923\">N&oslash;glefunktioner i Zebra MC3300<\/h2><ul data-start=\"925\" data-end=\"1795\">\n<li data-start=\"925\" data-end=\"1029\">\n<p data-start=\"927\" data-end=\"1029\"><strong data-start=\"927\" data-end=\"948\">Rugged holdbarhed<\/strong> &ndash; MIL-STD-810G-certificeret, IP54-klassificeret og bygget til at modst&aring; fald fra 1,5 m.<\/p>\n<\/li>\n<li data-start=\"1030\" data-end=\"1107\">\n<p data-start=\"1032\" data-end=\"1107\"><strong data-start=\"1032\" data-end=\"1043\">Sk&aelig;rm<\/strong> &ndash; 4,0&Prime; WVGA-ber&oslash;ringssk&aelig;rm med valgfrit tastatur til blandet input.<\/p>\n<\/li>\n<li data-start=\"1108\" data-end=\"1172\">\n<p data-start=\"1110\" data-end=\"1172\"><strong data-start=\"1110\" data-end=\"1123\">Processor<\/strong> &ndash; Qualcomm Snapdragon&trade; 660 octa-core, 2,2 GHz.<\/p>\n<\/li>\n<li data-start=\"1173\" data-end=\"1278\">\n<p data-start=\"1175\" data-end=\"1278\"><strong data-start=\"1175\" data-end=\"1195\">Operativsystem<\/strong> &ndash; Android 7.0 Nougat, kan opgraderes til Android 11 med Zebras LifeGuard&trade;-underst&oslash;ttelse.<\/p>\n<\/li>\n<li data-start=\"1279\" data-end=\"1305\">\n<p data-start=\"1281\" data-end=\"1305\"><strong data-start=\"1281\" data-end=\"1291\">Hukommelse<\/strong> &ndash; 4 GB RAM.<\/p>\n<\/li>\n<li data-start=\"1306\" data-end=\"1384\">\n<p data-start=\"1308\" data-end=\"1384\"><strong data-start=\"1308\" data-end=\"1319\">Lagerplads<\/strong> &ndash; 16 GB \/ 32 GB internt, kan udvides via microSD op til 256 GB.<\/p>\n<\/li>\n<li data-start=\"1385\" data-end=\"1486\">\n<p data-start=\"1387\" data-end=\"1486\"><strong data-start=\"1387\" data-end=\"1399\">Scanning<\/strong> &ndash; Flere scanningsmuligheder, herunder SE4750 1D\/2D imager og modeller med udvidet r&aelig;kkevidde.<\/p>\n<\/li>\n<li data-start=\"1487\" data-end=\"1554\">\n<p data-start=\"1489\" data-end=\"1554\"><strong data-start=\"1489\" data-end=\"1505\">Tilslutningsmuligheder<\/strong> &ndash; Wi-Fi 802.11 a\/b\/g\/n\/ac, Bluetooth 5.0, NFC.<\/p>\n<\/li>\n<li data-start=\"1555\" data-end=\"1624\">\n<p data-start=\"1557\" data-end=\"1624\"><strong data-start=\"1557\" data-end=\"1568\">Batteri<\/strong> &ndash; 2700 mAh eller 5200 mAh Li-Ion-batteri, kan skiftes undervejs.<\/p>\n<\/li>\n<li data-start=\"1625\" data-end=\"1733\">\n<p data-start=\"1627\" data-end=\"1733\"><strong data-start=\"1627\" data-end=\"1643\">Formfaktorer<\/strong> &ndash; F&aring;s i murstens-, pistol-, t&aring;rn- og roterende hoveddesign for ergonomisk fleksibilitet.<\/p>\n<\/li>\n<li data-start=\"1734\" data-end=\"1795\">\n<p data-start=\"1736\" data-end=\"1795\"><strong data-start=\"1736\" data-end=\"1752\">Tilg&aelig;ngelighed<\/strong> &ndash; S&aelig;lges udelukkende som <strong data-start=\"1775\" data-end=\"1792\">EX-DEMO-enheder<\/strong>.<\/p>\n<\/li>\n<\/ul><h2 data-start=\"1797\" data-end=\"1834\">De vigtigste fordele ved Zebra MC3300<\/h2><h3 data-start=\"1836\" data-end=\"1870\">Fleksible formfaktor-muligheder<\/h3><p data-start=\"1871\" data-end=\"2154\">MC3300 er en af Zebras mest alsidige h&aring;ndholdte, der tilbyder forskellige konfigurationer (pistolgreb, t&aring;rn eller roterende hoved) til at matche specifikke arbejdsgange. Det g&oslash;r den velegnet til detail-, lager- og produktionsmilj&oslash;er, hvor scanningsvinkler og ergonomi er vigtige. <\/p><h3 data-start=\"2156\" data-end=\"2194\">P&aring;lidelig scanning til enhver opgave<\/h3><p data-start=\"2195\" data-end=\"2449\">Med avancerede scanningsmotorer l&aelig;ser MC3300 b&aring;de 1D- og 2D-stregkoder hurtigt og pr&aelig;cist. Med udvidet r&aelig;kkevidde kan medarbejderne registrere stregkoder fra korte afstande eller p&aring; tv&aelig;rs af lange lagergange, hvilket reducerer fejl og &oslash;ger produktiviteten. <\/p><h3 data-start=\"2451\" data-end=\"2481\">Android Enterprise Ready<\/h3><p data-start=\"2482\" data-end=\"2718\">MC3300 k&oslash;rer Android og underst&oslash;ttes af Zebras LifeGuard&trade; for Android og leverer langsigtede sikkerhedsopdateringer og virksomhedsstabilitet. Virksomheder f&aring;r det velkendte ved Android kombineret med Zebras virksomhedstilpasning. <\/p><h3 data-start=\"2720\" data-end=\"2748\">Rugged og alligevel let<\/h3><p data-start=\"2749\" data-end=\"2989\">MC3300 er bygget robust nok til daglig industriel brug, samtidig med at den er let nok til at v&aelig;re komfortabel hele dagen. Med IP54-forsegling og et holdbart design modst&aring;r den st&oslash;v, spild og fald, hvilket g&oslash;r den p&aring;lidelig i udfordrende arbejdsmilj&oslash;er. <\/p><h3 data-start=\"2991\" data-end=\"3026\">Batteristr&oslash;m til at matche skift<\/h3><p data-start=\"3027\" data-end=\"3244\">Med to batterimuligheder &ndash; standard 2700 mAh og udvidet 5200 mAh &ndash; kan MC3300 skr&aelig;ddersys til skiftl&aelig;ngder. Hot-swap-funktionen sikrer, at medarbejderne kan udskifte batterier uden at lukke arbejdet ned. <\/p><h3 data-start=\"3246\" data-end=\"3290\">Omkostningsbesparelser med EX-DEMO-tilg&aelig;ngelighed<\/h3><p data-start=\"3291\" data-end=\"3575\">Hos Micro Nordic f&aring;s MC3300 kun som <strong data-start=\"3340\" data-end=\"3357\">EX-DEMO-enheder<\/strong>, hvilket g&oslash;r den til et fremragende valg for virksomheder, der &oslash;nsker at udvide deres rugged mobility uden at skulle betale for helt nye enheder. Hver enhed er blevet let h&aring;ndteret til demonstrationer, men bevarer fuld virksomhedsfunktionalitet. <\/p><h2 data-start=\"3577\" data-end=\"3614\">Ideelle brugsscenarier for Zebra MC3300<\/h2><ul data-start=\"3616\" data-end=\"3950\">\n<li data-start=\"3616\" data-end=\"3697\">\n<p data-start=\"3618\" data-end=\"3697\"><strong data-start=\"3618\" data-end=\"3628\">Detailhandel<\/strong> &ndash; Lagerkontrol, mobilt salgssted og styring af baglokalet.<\/p>\n<\/li>\n<li data-start=\"3698\" data-end=\"3789\">\n<p data-start=\"3700\" data-end=\"3789\"><strong data-start=\"3700\" data-end=\"3715\">Lager<\/strong> &ndash; Plukning, pakning, modtagelse og cyklust&aelig;lling med p&aring;lidelig scanning.<\/p>\n<\/li>\n<li data-start=\"3790\" data-end=\"3871\">\n<p data-start=\"3792\" data-end=\"3871\"><strong data-start=\"3792\" data-end=\"3809\">Produktion<\/strong> &ndash; holdbart design til samleb&aring;nd og logistik p&aring; fabrikken.<\/p>\n<\/li>\n<li data-start=\"3872\" data-end=\"3950\">\n<p data-start=\"3874\" data-end=\"3950\"><strong data-start=\"3874\" data-end=\"3891\">Field service<\/strong> &ndash; Rugged og alligevel mobil nok til kundesupport p&aring; stedet.<\/p>\n<\/li>\n<\/ul><h2 data-start=\"3952\" data-end=\"4003\">Sammenligninger af produkter: Alternativer til Zebra MC3300<\/h2><p data-start=\"4005\" data-end=\"4107\">For organisationer, der vurderer alternativer, findes der andre rugged h&aring;ndholdte enheder hos Micro Nordic:<\/p><ul data-start=\"4109\" data-end=\"4516\">\n<li data-start=\"4109\" data-end=\"4235\">\n<p data-start=\"4111\" data-end=\"4235\"><a href=\"https:\/\/micronordic.com\/product\/zebra-mc9300-mobile-handheld-computer-refurbished\/\"><strong data-start=\"4111\" data-end=\"4162\">Zebra MC9300 H&aring;ndholdt <\/strong><\/a><strong data-start=\"4111\" data-end=\"4162\"><a href=\"https:\/\/micronordic.com\/product\/zebra-mc9300-mobile-handheld-computer-refurbished\/\">Mobil computer<\/a><\/strong> &ndash; En st&oslash;rre, ultra rugged Android-enhed til kr&aelig;vende industriel brug.<\/p>\n<\/li>\n<li data-start=\"4236\" data-end=\"4377\">\n<p data-start=\"4238\" data-end=\"4377\"><a href=\"https:\/\/micronordic.com\/product\/zebra-tc720l-rugged-touch-computer-refurbished\/\"><strong data-start=\"4238\" data-end=\"4284\">Zebra TC72 Handheld Mobile Computer<\/strong> <\/a>&ndash; En touch-centreret rugged enhed med Wi-Fi-f&oslash;rste design, ideel til detailhandel og hotel- og restaurationsbranchen.<\/p>\n<\/li>\n<li data-start=\"4378\" data-end=\"4516\">\n<p data-start=\"4380\" data-end=\"4516\"><a href=\"https:\/\/micronordic.com\/product\/honeywell-ct40xp-mobile-handheld-computer-refurbished\/\"><strong data-start=\"4380\" data-end=\"4423\">Honeywell CT40 H&aring;ndholdt <\/strong><\/a><strong data-start=\"4380\" data-end=\"4423\"><a href=\"https:\/\/micronordic.com\/product\/zebra-mc9300-mobile-handheld-computer-refurbished\/\">Mobil computer<\/a><\/strong> &ndash; Et kompakt og let alternativ, der balancerer mellem prisvenlighed og virksomhedsfunktioner.<\/p>\n<\/li>\n<\/ul>\n","protected":false},"excerpt":{"rendered":"<p>V\u00c6LG EN VARIANT NEDENFOR! Ring til os, hvis du har brug for hj\u00e6lp til at finde den rigtige produktvariant. <\/p>\n<h3>Specifikationer:<\/h3>\n<ul>\n<li><strong>Sk\u00e6rm:<\/strong> 4,0\u2033 WVGA-ber\u00f8ringssk\u00e6rm med tastaturindstillinger<\/li>\n<li><strong>Processor:<\/strong> Qualcomm Snapdragon\u2122 660 octa-core, 2,2 GHz<\/li>\n<li><strong>Grafik:<\/strong> Integreret Adreno\u2122 512 GPU<\/li>\n<li><strong>Hukommelse:<\/strong> 4 GB RAM<\/li>\n<li><strong>Lagerplads:<\/strong> 16\/32 GB internt, kan udvides med microSD op til 256 GB<\/li>\n<li><strong>Tilslutningsmuligheder:<\/strong> Wi-Fi 802.11 a\/b\/g\/n\/ac, Bluetooth 5.0, NFC<\/li>\n<li><strong>Rugged certificeringer:<\/strong> MIL-STD-810G, IP54, modstandsdygtighed over for fald p\u00e5 1,5 m<\/li>\n<li><strong>Scanning:<\/strong> SE4750 1D\/2D imager, muligheder for udvidet r\u00e6kkevidde<\/li>\n<li><strong>Batteri:<\/strong> 2700 mAh eller 5200 mAh Li-Ion, hot-swappable<\/li>\n<li><strong>M\u00e5l og v\u00e6gt:<\/strong> 202 \u00d7 74 \u00d7 34 mm, ca. 365 g <\/li>\n<li><strong>Garanti:<\/strong> Ex-Demo enheder inkluderer 12 m\u00e5neders garanti<\/li>\n<\/ul>\n<p><strong>V\u00e6lg venligst den korrekte model nedenfor, f\u00f8r du l\u00e6gger den i kurven.<\/strong><\/p>\n","protected":false},"author":24,"featured_media":100455,"template":"","meta":{"_acf_changed":false,"inline_featured_image":false},"product-condition":[5263],"product_brand":[9013],"product_cat":[5112,5106,5113],"product_tag":[],"class_list":{"0":"post-48132","1":"product","2":"type-product","3":"status-publish","4":"has-post-thumbnail","6":"product-condition-ex-demo","7":"product_brand-zebra","8":"product_cat-refurbished-rugged-hardware","9":"product_cat-all-barcode-scanners","10":"product_cat-zebra","11":"pa_model-part-number-mc330m-gj2ha2rw","12":"pa_model-part-number-mc330m-gj3hg2rw","13":"pa_model-part-number-mc330m-gj4ha2rw","14":"pa_model-part-number-mc330m-gj4hg2rw","15":"pa_model-part-number-mc330m-sj2hg2rw","16":"pa_model-part-number-mc330m-sj3hg2rw","17":"pa_model-part-number-mc330m-sk3hg2rw","19":"first","20":"instock","21":"taxable","22":"shipping-taxable","23":"purchasable","24":"product-type-variable"},"acf":[],"_links":{"self":[{"href":"https:\/\/micronordic.com\/da\/wp-json\/wp\/v2\/product\/48132","targetHints":{"allow":["GET"]}}],"collection":[{"href":"https:\/\/micronordic.com\/da\/wp-json\/wp\/v2\/product"}],"about":[{"href":"https:\/\/micronordic.com\/da\/wp-json\/wp\/v2\/types\/product"}],"author":[{"embeddable":true,"href":"https:\/\/micronordic.com\/da\/wp-json\/wp\/v2\/users\/24"}],"version-history":[{"count":3,"href":"https:\/\/micronordic.com\/da\/wp-json\/wp\/v2\/product\/48132\/revisions"}],"predecessor-version":[{"id":98140,"href":"https:\/\/micronordic.com\/da\/wp-json\/wp\/v2\/product\/48132\/revisions\/98140"}],"wp:featuredmedia":[{"embeddable":true,"href":"https:\/\/micronordic.com\/da\/wp-json\/wp\/v2\/media\/100455"}],"wp:attachment":[{"href":"https:\/\/micronordic.com\/da\/wp-json\/wp\/v2\/media?parent=48132"}],"wp:term":[{"taxonomy":"product-condition","embeddable":true,"href":"https:\/\/micronordic.com\/da\/wp-json\/wp\/v2\/product-condition?post=48132"},{"taxonomy":"product_brand","embeddable":true,"href":"https:\/\/micronordic.com\/da\/wp-json\/wp\/v2\/product_brand?post=48132"},{"taxonomy":"product_cat","embeddable":true,"href":"https:\/\/micronordic.com\/da\/wp-json\/wp\/v2\/product_cat?post=48132"},{"taxonomy":"product_tag","embeddable":true,"href":"https:\/\/micronordic.com\/da\/wp-json\/wp\/v2\/product_tag?post=48132"}],"curies":[{"name":"wp","href":"https:\/\/api.w.org\/{rel}","templated":true}]}}