{"id":48130,"date":"2022-12-07T16:27:32","date_gmt":"2022-12-07T15:27:32","guid":{"rendered":"https:\/\/micronordic.com\/product\/zebra-mc2700-haandholdt-mobil-computer-refurbished\/"},"modified":"2025-11-17T15:17:15","modified_gmt":"2025-11-17T14:17:15","slug":"zebra-mc2700-handheld-mobile-computer","status":"publish","type":"product","link":"https:\/\/micronordic.com\/da\/product\/zebra-mc2700-handheld-mobile-computer\/","title":{"rendered":"Zebra MC2700 Handheld Mobile Computer (EX-DEMO)"},"content":{"rendered":"<?xml encoding=\"utf-8\" ?><h2 data-start=\"166\" data-end=\"218\">Zebra MC2700 Handheld Mobile Computer (EX-DEMO)<\/h2><p data-start=\"220\" data-end=\"576\"><strong data-start=\"224\" data-end=\"265\">Zebra MC2700 Handheld Mobile Computer<\/strong> bringer robust mobilitet i virksomhedsklassen til omkostningsbevidste virksomheder, der har brug for p&aring;lidelig ydeevne i b&aring;de indend&oslash;rs og udend&oslash;rs milj&oslash;er. Den er designet til at levere kraftfuld Android-computing, avanceret scanning og robuste tilslutningsmuligheder og bygger bro mellem overkommelige priser og holdbarhed i professionel kvalitet. <\/p><p data-start=\"578\" data-end=\"1089\">Hos Micro Nordic tilbydes MC2700 <strong data-start=\"617\" data-end=\"649\">udelukkende som EX-DEMO-enheder<\/strong>. Disse enheder er kun blevet brugt kortvarigt til demonstrationsform&aring;l, fuldt renoveret med ny plast og digitizere, testet grundigt og verificeret for fuld funktionalitet. De leveres med alt standardtilbeh&oslash;r, medmindre andet er angivet, og inkluderer<g id=\"gid_1\">12 m&aring;neders garanti<\/g>. Dette g&oslash;r MC2700 til et smart valg for virksomheder, der s&oslash;ger rugged teknologi til en reduceret pris.   <\/p><h2 data-start=\"1091\" data-end=\"1128\">N&oslash;glefunktioner i Zebra MC2700<\/h2><ul data-start=\"1130\" data-end=\"2046\">\n<li data-start=\"1130\" data-end=\"1249\">\n<p data-start=\"1132\" data-end=\"1249\"><strong data-start=\"1132\" data-end=\"1154\">Holdbar og rugged<\/strong> &ndash; IP65-certificeret med 1,5 m faldmodstand, designet til b&aring;de indend&oslash;rs og udend&oslash;rs arbejdsgange.<\/p>\n<\/li>\n<li data-start=\"1250\" data-end=\"1347\">\n<p data-start=\"1252\" data-end=\"1347\"><strong data-start=\"1252\" data-end=\"1263\">Sk&aelig;rm<\/strong> &ndash; 4,0&Prime; WVGA-ber&oslash;ringssk&aelig;rm med Gorilla Glass, kan l&aelig;ses i sollys og kan bruges med handsker.<\/p>\n<\/li>\n<li data-start=\"1348\" data-end=\"1412\">\n<p data-start=\"1350\" data-end=\"1412\"><strong data-start=\"1350\" data-end=\"1363\">Processor<\/strong> &ndash; Qualcomm Snapdragon&trade; 660 octa-core, 2,2 GHz.<\/p>\n<\/li>\n<li data-start=\"1413\" data-end=\"1496\">\n<p data-start=\"1415\" data-end=\"1496\"><strong data-start=\"1415\" data-end=\"1435\">Operativsystem<\/strong> &ndash; Android 10, kan opgraderes med Zebras LifeGuard&trade;-support.<\/p>\n<\/li>\n<li data-start=\"1497\" data-end=\"1523\">\n<p data-start=\"1499\" data-end=\"1523\"><strong data-start=\"1499\" data-end=\"1509\">Hukommelse<\/strong> &ndash; 3 GB RAM.<\/p>\n<\/li>\n<li data-start=\"1524\" data-end=\"1594\">\n<p data-start=\"1526\" data-end=\"1594\"><strong data-start=\"1526\" data-end=\"1537\">Lagerplads<\/strong> &ndash; 32 GB internt, kan udvides med microSD op til 256 GB.<\/p>\n<\/li>\n<li data-start=\"1595\" data-end=\"1672\">\n<p data-start=\"1597\" data-end=\"1672\"><strong data-start=\"1597\" data-end=\"1609\">Scanning<\/strong> &ndash; SE4710 1D\/2D-imager til hurtig og pr&aelig;cis stregkodeoptagelse.<\/p>\n<\/li>\n<li data-start=\"1673\" data-end=\"1783\">\n<p data-start=\"1675\" data-end=\"1783\"><strong data-start=\"1675\" data-end=\"1691\">Tilslutningsmuligheder<\/strong> &ndash; Wi-Fi 802.11 a\/b\/g\/n\/ac, Bluetooth 5.0, NFC samt 4G LTE (ekstraudstyr) til udend&oslash;rs mobilitet.<\/p>\n<\/li>\n<li data-start=\"1784\" data-end=\"1871\">\n<p data-start=\"1786\" data-end=\"1871\"><strong data-start=\"1786\" data-end=\"1797\">Batteri<\/strong> &ndash; 3500 mAh aftageligt Li-Ion-batteri, der giver et helt skifts driftstid.<\/p>\n<\/li>\n<li data-start=\"1872\" data-end=\"1970\">\n<p data-start=\"1874\" data-end=\"1970\"><strong data-start=\"1874\" data-end=\"1889\">Formfaktor<\/strong> &ndash; Touch-centreret h&aring;ndholdt med underst&oslash;ttelse af fysisk tastatur til alsidige arbejdsgange.<\/p>\n<\/li>\n<li data-start=\"1971\" data-end=\"2046\">\n<p data-start=\"1973\" data-end=\"2046\"><strong data-start=\"1973\" data-end=\"1989\">Tilg&aelig;ngelighed<\/strong> &ndash; S&aelig;lges kun som <strong data-start=\"2005\" data-end=\"2022\">EX-DEMO-enheder<\/strong> gennem Micro Nordic.<\/p>\n<\/li>\n<\/ul><h2 data-start=\"2048\" data-end=\"2085\">De vigtigste fordele ved Zebra MC2700<\/h2><h3 data-start=\"2087\" data-end=\"2129\">Prisbillig mobilitet i virksomhedsklassen<\/h3><p data-start=\"2130\" data-end=\"2389\">MC2700 giver rugged funktioner og virksomhedsklar ydeevne til en br&oslash;kdel af prisen p&aring; f&oslash;rsteklasses h&aring;ndholdte. Som EX-DEMO-model er den endnu mere budgetvenlig, hvilket giver virksomheder adgang til professionel Zebra-hardware uden at overskride budgetterne. <\/p><h3 data-start=\"2391\" data-end=\"2415\">Rugged p&aring;lidelighed<\/h3><p data-start=\"2416\" data-end=\"2660\">Med IP65-t&aelig;tning og 1,5 m faldmodstand er MC2700 bygget til at modst&aring; strabadserne i lagerbygninger, baglokaler og udend&oslash;rs logistikmilj&oslash;er. Gorilla Glass-beskyttede sk&aelig;rme og scannervinduer giver ekstra holdbarhed, hvor der er mest brug for det. <\/p><h3 data-start=\"2662\" data-end=\"2698\">Avancerede scanningsfunktioner<\/h3><p data-start=\"2699\" data-end=\"2911\">SE4710-imageren sikrer hurtig og pr&aelig;cis scanning af b&aring;de 1D- og 2D-stregkoder &ndash; selv n&aring;r etiketterne er beskadigede, snavsede eller d&aring;rligt trykte. Det g&oslash;r det muligt for medarbejderne at forblive effektive og produktive i alle arbejdsgange. <\/p><h3 data-start=\"2913\" data-end=\"2943\">Android Enterprise Ready<\/h3><p data-start=\"2944\" data-end=\"3223\">MC2700 k&oslash;rer Android 10 med garanteret st&oslash;tte til fremtidige opdateringer gennem Zebras LifeGuard&trade; og leverer langsigtet v&aelig;rdi med sikkerhed, h&aring;ndterbarhed og brugervenlighed i virksomhedsklasse. Medarbejderne nyder godt af en brugerflade, de kender, mens IT-teams f&aring;r den kontrol, de har brug for. <\/p><h3 data-start=\"3225\" data-end=\"3260\">Fleksible tilslutningsmuligheder<\/h3><p data-start=\"3261\" data-end=\"3484\">MC2700 underst&oslash;tter b&aring;de Wi-Fi til indend&oslash;rs brug og 4G LTE (ekstraudstyr) til fuld udend&oslash;rs mobilitet. Det g&oslash;r den velegnet til hybride arbejdsgange, hvor medarbejderne bev&aelig;ger sig mellem lagergulve, baglokaler i detailhandlen og operationer i marken. <\/p><h3 data-start=\"3486\" data-end=\"3521\">EX-DEMO v&aelig;rdi hos Micro Nordic<\/h3><p data-start=\"3522\" data-end=\"3853\">Hver MC2700 hos Micro Nordic s&aelig;lges som en <strong data-start=\"3565\" data-end=\"3581\">EX-DEMO-enhed<\/strong>. Enhederne er renoveret med nye kabinetter og digitizere, s&aring; de ser ud og f&oslash;les n&aelig;sten nye. Kombineret med en <strong>basisgaranti p&aring; 6 m&aring;neder<\/strong> giver dette virksomheder p&aring;lidelig rugged computing til en betydelig rabat sammenlignet med ny hardware.  <\/p><h2 data-start=\"3855\" data-end=\"3892\">Ideelle brugsscenarier for Zebra MC2700<\/h2><ul data-start=\"3894\" data-end=\"4377\">\n<li data-start=\"3894\" data-end=\"4010\">\n<p data-start=\"3896\" data-end=\"4010\"><strong data-start=\"3896\" data-end=\"3923\">Lager og logistik<\/strong> &ndash; Rugged scanning og tilslutningsmuligheder til lager, ordreplukning og cyklust&aelig;lling.<\/p>\n<\/li>\n<li data-start=\"4011\" data-end=\"4094\">\n<p data-start=\"4013\" data-end=\"4094\"><strong data-start=\"4013\" data-end=\"4032\">Retail backroom<\/strong> &ndash; Str&oslash;mlinet lagerstyring og genopfyldningsworkflows.<\/p>\n<\/li>\n<li data-start=\"4095\" data-end=\"4187\">\n<p data-start=\"4097\" data-end=\"4187\"><strong data-start=\"4097\" data-end=\"4115\">Mobilitet i marken<\/strong> &ndash; 4G <strong data-start=\"4097\" data-end=\"4115\">LTE-mulighed<\/strong> g&oslash;r det muligt for udend&oslash;rs teams at holde forbindelsen i realtid.<\/p>\n<\/li>\n<li data-start=\"4188\" data-end=\"4281\">\n<p data-start=\"4190\" data-end=\"4281\"><strong data-start=\"4190\" data-end=\"4213\">Let produktion<\/strong> &ndash; Rugged holdbarhed til v&aelig;rkstedsarbejde og kvalitetskontrol.<\/p>\n<\/li>\n<li data-start=\"4282\" data-end=\"4377\">\n<p data-start=\"4284\" data-end=\"4377\"><strong data-start=\"4284\" data-end=\"4302\">Transport<\/strong> &ndash; Holdbar mobilitet til pakkeh&aring;ndtering og arbejdsgange for levering af sidste kilometer.<\/p>\n<\/li>\n<\/ul><h2 data-start=\"4379\" data-end=\"4430\">Sammenligninger af produkter: Alternativer til Zebra MC2700<\/h2><p data-start=\"4432\" data-end=\"4531\">For virksomheder, der vurderer alternativer, findes der andre rugged h&aring;ndholdte enheder hos Micro Nordic:<\/p><ul data-start=\"4533\" data-end=\"4975\">\n<li data-start=\"4533\" data-end=\"4677\">\n<p data-start=\"4535\" data-end=\"4677\"><a href=\"https:\/\/micronordic.com\/product\/zebra-mc3300-mobile-handheld-computer-refurbished\/\"><strong data-start=\"4535\" data-end=\"4586\">Zebra MC3300 Handheld Mobile Computer <\/strong><\/a> &ndash; En gennempr&oslash;vet &aelig;ldre h&aring;ndholdt computer med fysiske tastaturmuligheder og st&aelig;rk scanningsydelse.<\/p>\n<\/li>\n<li data-start=\"4678\" data-end=\"4821\">\n<p data-start=\"4680\" data-end=\"4821\"><a href=\"https:\/\/micronordic.com\/product\/zebra-tc77-mobile-handheld-computer-refurbished\/\"><strong data-start=\"4680\" data-end=\"4720\">Zebra TC77 Handheld Mobile Computer<\/strong><\/a> &ndash; En &aelig;ldre high-end enhed med fuld 4G-forbindelse og robust holdbarhed, f&aring;s renoveret.<\/p>\n<\/li>\n<li data-start=\"4822\" data-end=\"4975\">\n<p data-start=\"4824\" data-end=\"4975\"><a href=\"https:\/\/micronordic.com\/product\/zebra-tc56-mobile-handheld-computer-refurbished\/\"><strong data-start=\"4824\" data-end=\"4871\">Zebra TC56 Handheld Mobile Computer <\/strong><\/a> &ndash; En kompakt, rugged h&aring;ndholdt computer i smartphone-stil, der er ideel til feltservice og kundevendte operationer<\/p>\n<\/li>\n<\/ul>\n","protected":false},"excerpt":{"rendered":"<p>V\u00c6LG EN VARIANT NEDENFOR! Ring til os, hvis du har brug for hj\u00e6lp til at finde den rigtige produktvariant. <\/p>\n<h3>Specifikationer:<\/h3>\n<ul>\n<li><strong>Sk\u00e6rm:<\/strong> 4,0\u2033 WVGA (800\u00d7480), kan l\u00e6ses i sollys, Gorilla Glass, kan bruges med handsker<\/li>\n<li><strong>Processor:<\/strong> Qualcomm Snapdragon\u2122 660 octa-core, 2,2 GHz<\/li>\n<li><strong>Grafik:<\/strong> Integreret Adreno\u2122 512 GPU<\/li>\n<li><strong>Hukommelse:<\/strong> 3 GB RAM<\/li>\n<li><strong>Lagerplads:<\/strong> 32 GB internt, kan udvides med microSD op til 256 GB<\/li>\n<li><strong>Tilslutningsmuligheder:<\/strong> Wi-Fi 802.11 a\/b\/g\/n\/ac, Bluetooth 5.0, NFC, valgfri 4G LTE<\/li>\n<li><strong>Rugged certificeringer:<\/strong> IP65, modstandsdygtighed over for fald p\u00e5 1,5 m<\/li>\n<li><strong>Scanning:<\/strong> SE4710 1D\/2D-billedbehandler<\/li>\n<li><strong>Batteri:<\/strong> 3500 mAh aftageligt Li-Ion<\/li>\n<li><strong>M\u00e5l og v\u00e6gt:<\/strong> 171 \u00d7 75 \u00d7 26 mm, ca. 287 g <\/li>\n<li><strong>Garanti:<\/strong> EX-DEMO med 12 m\u00e5neders garanti.<\/li>\n<\/ul>\n<p><strong>V\u00e6lg venligst den korrekte model nedenfor, f\u00f8r du l\u00e6gger den i kurven.<\/strong><\/p>\n","protected":false},"author":24,"featured_media":100425,"template":"","meta":{"_acf_changed":false,"inline_featured_image":false},"product-condition":[5263],"product_brand":[9013],"product_cat":[5106,5112,5113],"product_tag":[],"class_list":{"0":"post-48130","1":"product","2":"type-product","3":"status-publish","4":"has-post-thumbnail","6":"product-condition-ex-demo","7":"product_brand-zebra","8":"product_cat-all-barcode-scanners","9":"product_cat-refurbished-rugged-hardware","10":"product_cat-zebra","11":"pa_model-part-number-kt-mc27bj-2a3s2rw","12":"pa_model-part-number-kt-mc27bk-2b3s3rw","13":"pa_model-part-number-mc27bk-2b3s3rw","14":"pa_model-part-number-mc27bk-4b3s3rw","16":"first","17":"instock","18":"taxable","19":"shipping-taxable","20":"purchasable","21":"product-type-variable"},"acf":[],"_links":{"self":[{"href":"https:\/\/micronordic.com\/da\/wp-json\/wp\/v2\/product\/48130","targetHints":{"allow":["GET"]}}],"collection":[{"href":"https:\/\/micronordic.com\/da\/wp-json\/wp\/v2\/product"}],"about":[{"href":"https:\/\/micronordic.com\/da\/wp-json\/wp\/v2\/types\/product"}],"author":[{"embeddable":true,"href":"https:\/\/micronordic.com\/da\/wp-json\/wp\/v2\/users\/24"}],"version-history":[{"count":3,"href":"https:\/\/micronordic.com\/da\/wp-json\/wp\/v2\/product\/48130\/revisions"}],"predecessor-version":[{"id":98179,"href":"https:\/\/micronordic.com\/da\/wp-json\/wp\/v2\/product\/48130\/revisions\/98179"}],"wp:featuredmedia":[{"embeddable":true,"href":"https:\/\/micronordic.com\/da\/wp-json\/wp\/v2\/media\/100425"}],"wp:attachment":[{"href":"https:\/\/micronordic.com\/da\/wp-json\/wp\/v2\/media?parent=48130"}],"wp:term":[{"taxonomy":"product-condition","embeddable":true,"href":"https:\/\/micronordic.com\/da\/wp-json\/wp\/v2\/product-condition?post=48130"},{"taxonomy":"product_brand","embeddable":true,"href":"https:\/\/micronordic.com\/da\/wp-json\/wp\/v2\/product_brand?post=48130"},{"taxonomy":"product_cat","embeddable":true,"href":"https:\/\/micronordic.com\/da\/wp-json\/wp\/v2\/product_cat?post=48130"},{"taxonomy":"product_tag","embeddable":true,"href":"https:\/\/micronordic.com\/da\/wp-json\/wp\/v2\/product_tag?post=48130"}],"curies":[{"name":"wp","href":"https:\/\/api.w.org\/{rel}","templated":true}]}}