{"id":48128,"date":"2024-08-02T13:29:58","date_gmt":"2024-08-02T11:29:58","guid":{"rendered":"https:\/\/micronordic.com\/product\/zebra-et65-rugged-enterprise-tablet-new\/"},"modified":"2025-11-17T10:41:03","modified_gmt":"2025-11-17T09:41:03","slug":"zebra-et65-rugged-enterprise-tablet","status":"publish","type":"product","link":"https:\/\/micronordic.com\/da\/product\/zebra-et65-rugged-enterprise-tablet\/","title":{"rendered":"Zebra ET65 Rugged Tablet (NY)"},"content":{"rendered":"<?xml encoding=\"utf-8\" ?><h2 data-start=\"384\" data-end=\"423\">Zebra ET65 Rugged Tablet til virksomheder<\/h2><p data-start=\"425\" data-end=\"981\"><strong data-start=\"429\" data-end=\"468\">Zebra ET65 Rugged Tablet<\/strong> er designet til de h&aring;rdeste udend&oslash;rs og industrielle milj&oslash;er og giver n&aelig;ste niveau af holdbarhed, ultra-lys sk&aelig;rmteknologi og banebrydende tilslutningsmuligheder. ET65 bygger p&aring; den gennempr&oslash;vede ET60-platform og er optimeret til feltbaserede operationer med 5G-f&oslash;rste design, forbedret GPS-n&oslash;jagtighed og overlegne rugged-certificeringer. Det er det ideelle valg for organisationer, der har brug for en kraftfuld, tilpasningsdygtig tablet, der trives under missionskritiske forhold som f.eks. offentlig sikkerhed, forsyningsselskaber og transport.   Nye produkter har 2 &aring;rs producentgaranti.<\/p><h2 data-start=\"983\" data-end=\"1032\">N&oslash;glefunktioner i Zebra ET65 Rugged Tablet<\/h2><ul data-start=\"1034\" data-end=\"2074\">\n<li data-start=\"1034\" data-end=\"1144\">\n<p data-start=\"1036\" data-end=\"1144\"><strong data-start=\"1036\" data-end=\"1059\">Ultra rugged design<\/strong> &ndash; MIL-STD-810H-certificeret, IP66\/IP68-klassificeret og faldtestet for ekstrem holdbarhed.<\/p>\n<\/li>\n<li data-start=\"1145\" data-end=\"1255\">\n<p data-start=\"1147\" data-end=\"1255\"><strong data-start=\"1147\" data-end=\"1175\">12&Prime; ultra-lys sk&aelig;rm<\/strong> &ndash; 1.000+ nits sollys-l&aelig;sbar ber&oslash;ringssk&aelig;rm med underst&oslash;ttelse af handsker og v&aring;d ber&oslash;ring.<\/p>\n<\/li>\n<li data-start=\"1256\" data-end=\"1354\">\n<p data-start=\"1258\" data-end=\"1354\"><strong data-start=\"1258\" data-end=\"1282\">N&aelig;ste generations ydeevne<\/strong> &ndash; Qualcomm&reg; 6490 octa-core processor med integreret AI-acceleration.<\/p>\n<\/li>\n<li data-start=\"1355\" data-end=\"1468\">\n<p data-start=\"1357\" data-end=\"1468\"><strong data-start=\"1357\" data-end=\"1382\">5G-f&oslash;rste tilslutningsmuligheder<\/strong> &ndash; Indbygget 5G, Wi-Fi 6E, Bluetooth 5.2 og forbedret GPS til global mobilitet i marken.<\/p>\n<\/li>\n<li data-start=\"1469\" data-end=\"1582\">\n<p data-start=\"1471\" data-end=\"1582\"><strong data-start=\"1471\" data-end=\"1496\">Alsidig formfaktor<\/strong> &ndash; Valgfrit rugged tastatur og k&oslash;ret&oslash;jsdock forvandler den til en erstatning for en laptop.<\/p>\n<\/li>\n<li data-start=\"1583\" data-end=\"1681\">\n<p data-start=\"1585\" data-end=\"1681\"><strong data-start=\"1585\" data-end=\"1612\">Batterier, der kan udskiftes<\/strong> undervejs &ndash; standard og udvidede muligheder for uafbrudt brug p&aring; flere skift.<\/p>\n<\/li>\n<li data-start=\"1682\" data-end=\"1780\">\n<p data-start=\"1684\" data-end=\"1780\"><strong data-start=\"1684\" data-end=\"1717\">Datafangst i virksomhedsklasse<\/strong> &ndash; Integreret 2D-stregkodescanner og kameraer med h&oslash;j opl&oslash;sning.<\/p>\n<\/li>\n<li data-start=\"1781\" data-end=\"1885\">\n<p data-start=\"1783\" data-end=\"1885\"><strong data-start=\"1783\" data-end=\"1811\">Zebra Mobility DNA-v&aelig;rkt&oslash;jer<\/strong> &ndash; Software&oslash;kosystem til implementering af enheder, tilslutningsmuligheder og sikkerhed.<\/p>\n<\/li>\n<li data-start=\"1886\" data-end=\"1994\">\n<p data-start=\"1888\" data-end=\"1994\"><strong data-start=\"1888\" data-end=\"1911\">&Oslash;kosystem af tilbeh&oslash;r<\/strong> &ndash; Dockingstationer, bilholdere og opladningsl&oslash;sninger til virksomheder er tilg&aelig;ngelige.<\/p>\n<\/li>\n<li data-start=\"1995\" data-end=\"2074\">\n<p data-start=\"1997\" data-end=\"2074\"><strong data-start=\"1997\" data-end=\"2018\">Garantid&aelig;kning<\/strong> &ndash; St&oslash;ttes af Zebras standard 2-&aring;rs begr&aelig;nsede garanti.<\/p>\n<\/li>\n<\/ul><h2 data-start=\"2076\" data-end=\"2136\">Vigtige fordele ved Zebra ET65 Rugged Tablet til virksomheder<\/h2><h3 data-start=\"2138\" data-end=\"2176\">Rugged performance ud over alle gr&aelig;nser<\/h3><p data-start=\"2177\" data-end=\"2473\">ET65 er specialbygget til at trives i de h&aring;rdeste milj&oslash;er. Med IP66\/IP68-forsegling kan den modst&aring; st&oslash;v, kraftig regn og neds&aelig;nkning i vand. MIL-STD-810H-certificering sikrer modstandsdygtighed over for vibrationer, st&oslash;d og ekstreme temperaturer, hvilket g&oslash;r den til en p&aring;lidelig enhed for frontlinjearbejdere.  <\/p><h3 data-start=\"2475\" data-end=\"2509\">Lys og l&aelig;sbar overalt<\/h3><p data-start=\"2510\" data-end=\"2756\">Dens 12&Prime; ultraklare sk&aelig;rm giver fremragende l&aelig;sbarhed selv i direkte sollys. Underst&oslash;ttelse af handsker og v&aring;d ber&oslash;ring giver uafbrudt brug i udfordrende vejr, s&aring; feltarbejdere kan f&aring; adgang til kritiske data og applikationer uden at g&aring; p&aring; kompromis. <\/p><h3 data-start=\"2758\" data-end=\"2798\">Optimeret til udend&oslash;rs forbindelser<\/h3><p data-start=\"2799\" data-end=\"3092\">I mods&aelig;tning til ET60 er ET65 konstrueret som en 5G-f&oslash;rste rugged tablet. Med avanceret GPS-funktionalitet sikrer den meget n&oslash;jagtig positionering, mens 5G og Wi-Fi 6E leverer ultrahurtig kommunikation til datatunge applikationer som live videostreaming, GIS-kortl&aelig;gning og fjerninspektioner. <\/p><h3 data-start=\"3094\" data-end=\"3128\">Ydeevne i virksomhedsklassen<\/h3><p data-start=\"3129\" data-end=\"3368\">Udstyret med Qualcomm&reg; 6490-processor leverer ET65 kraftfuld multitasking og AI-klar ydeevne. Fra industriel IoT-dataindsamling til CAD-visualisering giver ET65 problemfri drift og fremtidssikret processorkraft. <\/p><h3 data-start=\"3370\" data-end=\"3403\">Fleksibel udskiftning af laptop<\/h3><p data-start=\"3404\" data-end=\"3669\">Det valgfrie rugged keyboard og dockingl&oslash;sning til k&oslash;ret&oslash;jer forvandler ET65 til et komplet alternativ til en laptop. Denne alsidighed reducerer behovet for flere enheder og g&oslash;r det muligt for teams at tilpasse ET65 til forskellige arbejdsgange, uanset om det er p&aring; kontoret, i k&oslash;ret&oslash;jet eller i marken. <\/p><h3 data-start=\"3671\" data-end=\"3699\">Udvidet batteristr&oslash;m<\/h3><p data-start=\"3700\" data-end=\"3907\">Batterier, der kan skiftes undervejs, sikrer kontinuerlig driftstid, selv ved dobbeltarbejde. Medarbejderne kan skifte batterier p&aring; f&aring; sekunder uden at skulle lukke ned, hvilket sikrer maksimal produktivitet i missionskritiske operationer. <\/p><h3 data-start=\"3909\" data-end=\"3948\">P&aring;lidelig datafangst og billeddannelse<\/h3><p data-start=\"3949\" data-end=\"4192\">Den integrerede 2D-stregkodescanner og kameraer med h&oslash;j opl&oslash;sning g&oslash;r ET65 ideel til sporing af aktiver, dokumentation af tilstand og rapportering i realtid. Scanningsteknologien er optimeret til n&oslash;jagtighed selv under udfordrende forhold. <\/p><h3 data-start=\"4194\" data-end=\"4227\">Sikker og virksomhedsklar<\/h3><p data-start=\"4228\" data-end=\"4463\">Med Zebra Mobility DNA giver ET65 sikkerhed og h&aring;ndterbarhed p&aring; virksomhedsniveau. IT-teams f&aring;r kontrol gennem v&aelig;rkt&oslash;jer som StageNow, Enterprise Home Screen og WorryFree WiFi, hvilket sikrer optimeret ydeevne og reduceret TCO. <\/p><h3 data-start=\"4465\" data-end=\"4494\">P&aring;lidelighed p&aring; lang sigt<\/h3><p data-start=\"4495\" data-end=\"4700\">ET65 leveres med tre &aring;rs begr&aelig;nset garanti og valgfri Zebra-supporttjenester. Organisationer kan stole p&aring; ensartet ydeevne og udvidet livscyklusstyring til missionskritiske implementeringer. <\/p><h2 data-start=\"4702\" data-end=\"4755\">Ideelle brugsscenarier for Zebra ET65 Rugged Tablet<\/h2><ul data-start=\"4757\" data-end=\"5320\">\n<li data-start=\"4757\" data-end=\"4877\">\n<p data-start=\"4759\" data-end=\"4877\"><strong data-start=\"4759\" data-end=\"4786\">Offentlig sikkerhed og forsvar<\/strong> &ndash; Sikre og rugged kommunikationsv&aelig;rkt&oslash;jer til frontlinjebetjente og beredskabspersonale.<\/p>\n<\/li>\n<li data-start=\"4878\" data-end=\"4995\">\n<p data-start=\"4880\" data-end=\"4995\"><strong data-start=\"4880\" data-end=\"4909\">Forsyning og feltservice<\/strong> &ndash; P&aring;lidelig i h&aring;rdt vejr og fjerntliggende omr&aring;der med avanceret GPS og 5G-forbindelse.<\/p>\n<\/li>\n<li data-start=\"4996\" data-end=\"5107\">\n<p data-start=\"4998\" data-end=\"5107\"><strong data-start=\"4998\" data-end=\"5028\">Transport og logistik<\/strong> &ndash; K&oslash;ret&oslash;jsmonterede arbejdsgange, ruteoptimering og datadeling i realtid.<\/p>\n<\/li>\n<li data-start=\"5108\" data-end=\"5213\">\n<p data-start=\"5110\" data-end=\"5213\"><strong data-start=\"5110\" data-end=\"5140\">Byggeri og teknik<\/strong> &ndash; holdbart design og stor sk&aelig;rmst&oslash;tte til projektledelse p&aring; stedet.<\/p>\n<\/li>\n<li data-start=\"5214\" data-end=\"5320\">\n<p data-start=\"5216\" data-end=\"5320\"><strong data-start=\"5216\" data-end=\"5244\">Industriel produktion<\/strong> &ndash; Fungerer fejlfrit under vibrationer, st&oslash;v og temperatursvingninger.<\/p>\n<\/li>\n<\/ul><h2 data-start=\"145\" data-end=\"181\">Zebra ET65 produktsammenligninger<\/h2><p data-start=\"183\" data-end=\"412\">Zebra ET65 bygger p&aring; ET60-platformen og leverer st&aelig;rkere udend&oslash;rsberedskab med 5G-f&oslash;rste tilslutning og IP68-certificering. For virksomheder, der vurderer alternativer, omfatter andre Rugged Tablets, der er tilg&aelig;ngelige hos Micro Nordic: <\/p><ul data-start=\"414\" data-end=\"855\">\n<li data-start=\"414\" data-end=\"574\">\n<p data-start=\"416\" data-end=\"574\"><a href=\"https:\/\/micronordic.com\/product\/zebra-et60-rugged-enterprise-tablet\/\"><strong data-start=\"416\" data-end=\"455\">Zebra ET60 Rugged Tablet til virksomheder<\/strong><\/a> &ndash; Basisplatformen med alsidig formfaktor og rugged ydeevne, ideel til blandede indend&oslash;rs og udend&oslash;rs arbejdsgange.<\/p>\n<\/li>\n<li data-start=\"575\" data-end=\"698\">\n<p data-start=\"577\" data-end=\"698\"><a href=\"https:\/\/micronordic.com\/product\/getac-f110-touch-fully-rugged-tablet\/\"><strong data-start=\"577\" data-end=\"611\">Getac F110 Fully Rugged Tablet<\/strong><\/a> &ndash; En 11,6&Prime; Fully Rugged Windows Tablet designet til industri- og feltarbejde.<\/p>\n<\/li>\n<li data-start=\"699\" data-end=\"855\">\n<p data-start=\"701\" data-end=\"855\"><a href=\"https:\/\/micronordic.com\/product\/panasonic-toughpad-fz-m1-refurbished\/\"><strong data-start=\"701\" data-end=\"758\">Panasonic TOUGHBOOK FZ-M1 Rugged Tablet<\/strong><\/a> &ndash; En kompakt 7&Prime; Rugged Tablet, der giver b&aelig;rbarhed og overkommelige priser til specialiserede brugssituationer.<\/p>\n<\/li>\n<\/ul>\n","protected":false},"excerpt":{"rendered":"<h3>Specifikationer:<\/h3>\n<ul>\n<li><strong>Sk\u00e6rm:<\/strong> 12\u2033 ultra-lysst\u00e6rk FHD-ber\u00f8ringssk\u00e6rm, 1000+ nits, underst\u00f8ttelse af handsker og v\u00e5d ber\u00f8ring<\/li>\n<li><strong>Processor:<\/strong> Qualcomm\u00ae 6490 octa-core processor med AI-acceleration<\/li>\n<li><strong>Grafik:<\/strong> Integreret Qualcomm Adreno GPU<\/li>\n<li><strong>Hukommelse:<\/strong> Op til 8 GB RAM<\/li>\n<li><strong>Lagerplads:<\/strong> 64 GB &#8211; 128 GB UFS, kan udvides via microSD<\/li>\n<li><strong>Tilslutningsmuligheder:<\/strong> 5G, Wi-Fi 6E, Bluetooth 5.2, GPS<\/li>\n<li><strong>Rugged certificeringer:<\/strong> MIL-STD-810H, IP66\/IP68, modstandsdygtig over for fald<\/li>\n<li><strong>Sikkerhed:<\/strong> Android Enterprise-sikkerhed, EMM-kompatibilitet<\/li>\n<li><strong>Batteri:<\/strong> Hot-swappable standardbatteri og udvidet batteri<\/li>\n<li><strong>M\u00e5l og v\u00e6gt:<\/strong> Ca. 12\u2033 model, ~1,3 kg <\/li>\n<li><strong>Garanti:<\/strong> Standard 2-\u00e5rs begr\u00e6nset garanti<\/li>\n<\/ul>\n","protected":false},"author":24,"featured_media":100161,"template":"","meta":{"_acf_changed":false,"inline_featured_image":false},"product-condition":[5258],"product_brand":[9013],"product_cat":[5105,5110,5113],"product_tag":[],"class_list":{"0":"post-48128","1":"product","2":"type-product","3":"status-publish","4":"has-post-thumbnail","6":"product-condition-new-in-box","7":"product_brand-zebra","8":"product_cat-all-rugged-tablets","9":"product_cat-new-in-box-rugged-hardware","10":"product_cat-zebra","12":"first","13":"instock","14":"taxable","15":"shipping-taxable","16":"purchasable","17":"product-type-simple"},"acf":[],"_links":{"self":[{"href":"https:\/\/micronordic.com\/da\/wp-json\/wp\/v2\/product\/48128","targetHints":{"allow":["GET"]}}],"collection":[{"href":"https:\/\/micronordic.com\/da\/wp-json\/wp\/v2\/product"}],"about":[{"href":"https:\/\/micronordic.com\/da\/wp-json\/wp\/v2\/types\/product"}],"author":[{"embeddable":true,"href":"https:\/\/micronordic.com\/da\/wp-json\/wp\/v2\/users\/24"}],"version-history":[{"count":2,"href":"https:\/\/micronordic.com\/da\/wp-json\/wp\/v2\/product\/48128\/revisions"}],"predecessor-version":[{"id":97836,"href":"https:\/\/micronordic.com\/da\/wp-json\/wp\/v2\/product\/48128\/revisions\/97836"}],"wp:featuredmedia":[{"embeddable":true,"href":"https:\/\/micronordic.com\/da\/wp-json\/wp\/v2\/media\/100161"}],"wp:attachment":[{"href":"https:\/\/micronordic.com\/da\/wp-json\/wp\/v2\/media?parent=48128"}],"wp:term":[{"taxonomy":"product-condition","embeddable":true,"href":"https:\/\/micronordic.com\/da\/wp-json\/wp\/v2\/product-condition?post=48128"},{"taxonomy":"product_brand","embeddable":true,"href":"https:\/\/micronordic.com\/da\/wp-json\/wp\/v2\/product_brand?post=48128"},{"taxonomy":"product_cat","embeddable":true,"href":"https:\/\/micronordic.com\/da\/wp-json\/wp\/v2\/product_cat?post=48128"},{"taxonomy":"product_tag","embeddable":true,"href":"https:\/\/micronordic.com\/da\/wp-json\/wp\/v2\/product_tag?post=48128"}],"curies":[{"name":"wp","href":"https:\/\/api.w.org\/{rel}","templated":true}]}}