{"id":48126,"date":"2024-08-02T13:58:55","date_gmt":"2024-08-02T11:58:55","guid":{"rendered":"https:\/\/micronordic.com\/product\/zebra-et60-rugged-enterprise-tablet-new\/"},"modified":"2025-11-17T10:25:33","modified_gmt":"2025-11-17T09:25:33","slug":"zebra-et60-rugged-enterprise-tablet","status":"publish","type":"product","link":"https:\/\/micronordic.com\/da\/product\/zebra-et60-rugged-enterprise-tablet\/","title":{"rendered":"Zebra ET60 Rugged Tablet (NY)"},"content":{"rendered":"<?xml encoding=\"utf-8\" ?><h2 data-start=\"341\" data-end=\"380\">Zebra ET60 Rugged Tablet til virksomheder<\/h2><p data-start=\"382\" data-end=\"886\"><strong data-start=\"386\" data-end=\"425\">Zebra ET60 Rugged Enterprise Tablet<\/strong> er en fuldt rugged enhed, der er konstrueret til de mest kr&aelig;vende milj&oslash;er. ET60 er bygget til at levere p&aring;lidelig ydeevne i brancher som logistik, produktion, forsyningsselskaber og offentlig sikkerhed og giver enest&aring;ende holdbarhed, h&oslash;jhastighedsforbindelse og fleksible konfigurationer. Med valgfrie aftagelige tastaturer og en dock til k&oslash;ret&oslash;jer kan den nemt omdannes til en robust laptop, hvilket g&oslash;r den til en af Zebras mest alsidige robuste tablets til dato.   Nye produkter har 2 &aring;rs producentgaranti.<\/p><h2 data-start=\"888\" data-end=\"937\">N&oslash;glefunktioner i Zebra ET60 Rugged Tablet<\/h2><ul data-start=\"939\" data-end=\"1969\">\n<li data-start=\"939\" data-end=\"1044\">\n<p data-start=\"941\" data-end=\"1044\"><strong data-start=\"941\" data-end=\"964\">Fully Rugged design<\/strong> &ndash; MIL-STD-810H-certificeret, IP66-klassificeret og faldtestet for ekstrem holdbarhed.<\/p>\n<\/li>\n<li data-start=\"1045\" data-end=\"1161\">\n<p data-start=\"1047\" data-end=\"1161\"><strong data-start=\"1047\" data-end=\"1079\">12&Prime; udend&oslash;rs l&aelig;sbar<\/strong> sk&aelig;rm &ndash; Ultraklar ber&oslash;ringssk&aelig;rm med underst&oslash;ttelse af ber&oslash;ring med handsker og i v&aring;d tilstand under alle forhold.<\/p>\n<\/li>\n<li data-start=\"1162\" data-end=\"1257\">\n<p data-start=\"1164\" data-end=\"1257\"><strong data-start=\"1164\" data-end=\"1187\">Kraftfuld behandling<\/strong> &ndash; Qualcomm&reg; 6490 octa-core processor med avancerede AI-funktioner.<\/p>\n<\/li>\n<li data-start=\"1258\" data-end=\"1382\">\n<p data-start=\"1260\" data-end=\"1382\"><strong data-start=\"1260\" data-end=\"1284\">Fleksibel formfaktor<\/strong> &ndash; Konvertibelt design med valgfrit rugged tastatur og k&oslash;ret&oslash;jsdock til arbejdsgange i laptop-stil.<\/p>\n<\/li>\n<li data-start=\"1383\" data-end=\"1488\">\n<p data-start=\"1385\" data-end=\"1488\"><strong data-start=\"1385\" data-end=\"1418\">Tilslutningsmuligheder i virksomhedsklassen<\/strong> &ndash; Wi-Fi 6E, Bluetooth 5.2, GPS og valgfri 5G til mobilitet i marken.<\/p>\n<\/li>\n<li data-start=\"1489\" data-end=\"1577\">\n<p data-start=\"1491\" data-end=\"1577\"><strong data-start=\"1491\" data-end=\"1515\">Langtidsholdbart batteri<\/strong> &ndash; Batterier med h&oslash;j kapacitet og mulighed for hot-swapping.<\/p>\n<\/li>\n<li data-start=\"1578\" data-end=\"1668\">\n<p data-start=\"1580\" data-end=\"1668\"><strong data-start=\"1580\" data-end=\"1605\">Avanceret datafangst<\/strong> &ndash; Integreret 2D-stregkodescanner og kameraer med h&oslash;j opl&oslash;sning.<\/p>\n<\/li>\n<li data-start=\"1669\" data-end=\"1779\">\n<p data-start=\"1671\" data-end=\"1779\"><strong data-start=\"1671\" data-end=\"1699\">Zebra Mobility DNA-v&aelig;rkt&oslash;jer<\/strong> &ndash; Preloaded softwarepakke til implementering, administration og sikker drift.<\/p>\n<\/li>\n<li data-start=\"1780\" data-end=\"1889\">\n<p data-start=\"1782\" data-end=\"1889\"><strong data-start=\"1782\" data-end=\"1805\">Modul&aelig;rt tilbeh&oslash;r<\/strong> &ndash; Underst&oslash;tter docking, monteringer, udvidelsesmoduler og opladningsl&oslash;sninger til virksomheder.<\/p>\n<\/li>\n<li data-start=\"1890\" data-end=\"1969\">\n<p data-start=\"1892\" data-end=\"1969\"><strong data-start=\"1892\" data-end=\"1913\">Garanti inkluderet<\/strong> &ndash; St&oslash;ttes af Zebras standard 2-&aring;rs begr&aelig;nsede garanti.<\/p>\n<\/li>\n<\/ul><h2 data-start=\"1971\" data-end=\"2031\">Vigtige fordele ved Zebra ET60 Rugged Tablet til virksomheder<\/h2><h3 data-start=\"2033\" data-end=\"2080\">Rugged p&aring;lidelighed til barske milj&oslash;er<\/h3><p data-start=\"2081\" data-end=\"2368\">ET60 er specialbygget til ekstreme forhold med MIL-STD-810H-certificering og IP66-forsegling, der beskytter mod st&oslash;v, vand, vibrationer og ekstreme temperaturer. Fra lagerbygninger til udend&oslash;rs feltarbejde sikrer ET60 uafbrudt ydeevne, hvor forbrugertabletter ville fejle. <\/p><h3 data-start=\"2370\" data-end=\"2403\">Overlegen synlighed p&aring; sk&aelig;rmen<\/h3><p data-start=\"2404\" data-end=\"2697\">Med en stor 12&Prime; ultra-lys sk&aelig;rm giver ET60 fremragende l&aelig;sbarhed b&aring;de indend&oslash;rs og udend&oslash;rs. Sk&aelig;rmen underst&oslash;tter input med handsker og v&aring;dt touch, hvilket g&oslash;r den nem at betjene i regn, sne eller st&oslash;vede omgivelser. Denne synlighed er afg&oslash;rende for medarbejdere, der er afh&aelig;ngige af realtidsdata i marken.  <\/p><h3 data-start=\"2699\" data-end=\"2732\">H&oslash;jtydende behandling<\/h3><p data-start=\"2733\" data-end=\"3031\">ET60 er drevet af Qualcomm&reg; 6490 octa-core processor og leverer ydelse i virksomhedsklasse til kr&aelig;vende arbejdsopgaver som GIS-kortl&aelig;gning, logistiksporing og komplekse field service-applikationer. Dens AI-klare arkitektur sikrer fremtidssikret tilpasningsevne til nye virksomhedsl&oslash;sninger. <\/p><h3 data-start=\"3033\" data-end=\"3060\">Alsidig formfaktor<\/h3><p data-start=\"3061\" data-end=\"3317\">ET60 er mere end bare en tablet. Med sit valgfrie robuste tastatur og k&oslash;ret&oslash;jsdock kan den fungere som erstatning for en rugged laptop. Denne alsidighed g&oslash;r det muligt for organisationer at reducere enhedsfl&aring;den ved at samle laptops og tablets p&aring; &eacute;n platform.  <\/p><h3 data-start=\"3319\" data-end=\"3357\">Virksomhedsforbindelse overalt<\/h3><p data-start=\"3358\" data-end=\"3603\">Med underst&oslash;ttelse af Wi-Fi 6E, Bluetooth 5.2, GPS og valgfri 5G holder ET60 holdene forbundet i enhver situation. Uanset om det er p&aring; en fabrik, i et k&oslash;ret&oslash;j i bev&aelig;gelse eller i marken, sikrer p&aring;lidelig h&oslash;jhastighedskommunikation kontinuerlig produktivitet. <\/p><h3 data-start=\"3605\" data-end=\"3641\">Udvidet kraft til lange skift<\/h3><p data-start=\"3642\" data-end=\"3883\">ET60 er designet til brug hele dagen og har batterier med h&oslash;j kapacitet og hot-swap-underst&oslash;ttelse, s&aring; medarbejderne kan udskifte batterierne p&aring; farten uden at afbryde arbejdsgangene. Det g&oslash;r den s&aelig;rligt velegnet til lange vagter og 24\/7-drift. <\/p><h3 data-start=\"3885\" data-end=\"3920\">Avanceret scanning og billeddannelse<\/h3><p data-start=\"3921\" data-end=\"4149\">Med en integreret 2D-scanner og kameraer med h&oslash;j opl&oslash;sning giver ET60 mulighed for hurtig og pr&aelig;cis datafangst. Fra stregkodescanning i logistikken til billeddokumentation i feltservice forbedrer den effektiviteten og reducerer fejl. <\/p><h3 data-start=\"4151\" data-end=\"4179\">Mobilitet DNA-&oslash;kosystem<\/h3><p data-start=\"4180\" data-end=\"4421\">ET60 er forudindl&aelig;st med Zebras Mobility DNA-softwarepakke og giver en komplet virksomhedsl&oslash;sning. V&aelig;rkt&oslash;jer til implementering, sikkerhed, optimering af tilslutningsmuligheder og brugeradministration giver IT-teams kontrol, samtidig med at medarbejdernes produktivitet &oslash;ges. <\/p><h3 data-start=\"4423\" data-end=\"4467\">St&oslash;ttet af Zebras garanti og support<\/h3><p data-start=\"4468\" data-end=\"4695\">ET60 inkluderer en tre&aring;rig begr&aelig;nset garanti, der sikrer langsigtet p&aring;lidelighed. Zebras supporttjenester til virksomheder udvider livscyklusstyringen yderligere, hvilket giver organisationer ro i sindet og reducerer de samlede ejeromkostninger. <\/p><h2 data-start=\"4697\" data-end=\"4750\">Ideelle brugssituationer for Zebra ET60 Rugged Tablet<\/h2><ul data-start=\"4752\" data-end=\"5297\">\n<li data-start=\"4752\" data-end=\"4865\">\n<p data-start=\"4754\" data-end=\"4865\"><strong data-start=\"4754\" data-end=\"4781\">Logistik og lager &ndash; Lagersporing<\/strong> i realtid, stregkodescanning og arbejdsgange med gaffeltruck.<\/p>\n<\/li>\n<li data-start=\"4866\" data-end=\"4975\">\n<p data-start=\"4868\" data-end=\"4975\"><strong data-start=\"4868\" data-end=\"4897\">Feltservice og forsyningsselskaber<\/strong> &ndash; Holdbar og tilsluttet enhed til inspektion, rapportering og vedligeholdelse.<\/p>\n<\/li>\n<li data-start=\"4976\" data-end=\"5085\">\n<p data-start=\"4978\" data-end=\"5085\"><strong data-start=\"4978\" data-end=\"4995\">Produktion<\/strong> &ndash; P&aring;lidelig i produktionsmilj&oslash;er med udfordringer i forhold til st&oslash;v, vibrationer og temperatur.<\/p>\n<\/li>\n<li data-start=\"5086\" data-end=\"5189\">\n<p data-start=\"5088\" data-end=\"5189\"><strong data-start=\"5088\" data-end=\"5115\">Offentlig sikkerhed og forsvar<\/strong> &ndash; Sikker kommunikation og rugged performance til frontlinjeoperationer.<\/p>\n<\/li>\n<li data-start=\"5190\" data-end=\"5297\">\n<p data-start=\"5192\" data-end=\"5297\"><strong data-start=\"5192\" data-end=\"5224\">Transport- og fl&aring;destyring<\/strong> &ndash; Dockingl&oslash;sninger og 5G-forbindelse muligg&oslash;r mobile kommandocentre.<\/p>\n<\/li>\n<\/ul><h2 data-start=\"139\" data-end=\"175\">Zebra ET60 produktsammenligninger<\/h2><p data-start=\"177\" data-end=\"374\">Zebra ET60 giver uovertruffen alsidighed ved at bygge bro mellem rugged tablets og laptops. For virksomheder, der sammenligner alternativer, omfatter andre rugged enheder, der er tilg&aelig;ngelige hos MicroNordic: <\/p><ul data-start=\"376\" data-end=\"778\">\n<li data-start=\"376\" data-end=\"501\">\n<p data-start=\"378\" data-end=\"501\"><a href=\"https:\/\/micronordic.com\/product\/zebra-et65-rugged-enterprise-tablet\/\"><strong data-start=\"378\" data-end=\"417\">Zebra ET65 Rugged Enterprise Tablet<\/strong><\/a> &ndash; En n&aelig;rt besl&aelig;gtet model med avancerede udend&oslash;rs funktioner og 5G-f&oslash;rste design.<\/p>\n<\/li>\n<li data-start=\"502\" data-end=\"634\">\n<p data-start=\"504\" data-end=\"634\"><a href=\"https:\/\/micronordic.com\/product\/getac-f110-touch-fully-rugged-tablet\/\"><strong data-start=\"504\" data-end=\"538\">Getac F110 Fully Rugged Tablet<\/strong><\/a> &ndash; En 11,6&Prime; Fully Rugged Windows Tablet bygget til kr&aelig;vende industri- og feltanvendelser.<\/p>\n<\/li>\n<li data-start=\"635\" data-end=\"778\">\n<p data-start=\"637\" data-end=\"778\"><a href=\"https:\/\/micronordic.com\/product\/panasonic-toughpad-fz-m1-refurbished\/\"><strong data-start=\"637\" data-end=\"694\">Panasonic TOUGHBOOK FZ-M1 Rugged Tablet (Refurbished)<\/strong><\/a> &ndash; En mindre 7&Prime; Rugged Tablet, der giver b&aelig;rbarhed til specialiserede arbejdsgange.<\/p>\n<\/li>\n<\/ul>\n","protected":false},"excerpt":{"rendered":"<h3>Specifikationer:<\/h3>\n<ul>\n<li><strong>Sk\u00e6rm:<\/strong> 12\u2033 ultra-lys ber\u00f8ringssk\u00e6rm, kan l\u00e6ses i sollys, underst\u00f8tter ber\u00f8ring med handsker og i v\u00e5d tilstand<\/li>\n<li><strong>Processor:<\/strong> Qualcomm\u00ae 6490 octa-core processor med AI-acceleration<\/li>\n<li><strong>Grafik:<\/strong> Integreret Qualcomm Adreno GPU<\/li>\n<li><strong>Hukommelse:<\/strong> Op til 8 GB RAM<\/li>\n<li><strong>Lagerplads:<\/strong> 64 GB &#8211; 128 GB UFS, kan udvides via microSD<\/li>\n<li><strong>Tilslutningsmuligheder:<\/strong> Wi-Fi 6E, Bluetooth 5.2, GPS, valgfri 5G<\/li>\n<li><strong>Rugged certificeringer:<\/strong> MIL-STD-810H, IP66, modstandsdygtig over for fald<\/li>\n<li><strong>Sikkerhed:<\/strong> Android Enterprise-sikkerhed, EMM-kompatibilitet<\/li>\n<li><strong>Batteri:<\/strong> Hot-swappable standardbatteri og udvidet batteri<\/li>\n<li><strong>M\u00e5l og v\u00e6gt:<\/strong> Ca. 12\u2033 model, ~1,3 kg <\/li>\n<li><strong>Garanti:<\/strong> Standard 2-\u00e5rs begr\u00e6nset garanti<\/li>\n<\/ul>\n","protected":false},"author":24,"featured_media":100161,"template":"","meta":{"_acf_changed":false,"inline_featured_image":false},"product-condition":[5258],"product_brand":[9013],"product_cat":[5105,5110,5113],"product_tag":[],"class_list":{"0":"post-48126","1":"product","2":"type-product","3":"status-publish","4":"has-post-thumbnail","6":"product-condition-new-in-box","7":"product_brand-zebra","8":"product_cat-all-rugged-tablets","9":"product_cat-new-in-box-rugged-hardware","10":"product_cat-zebra","12":"first","13":"instock","14":"taxable","15":"shipping-taxable","16":"purchasable","17":"product-type-simple"},"acf":[],"_links":{"self":[{"href":"https:\/\/micronordic.com\/da\/wp-json\/wp\/v2\/product\/48126","targetHints":{"allow":["GET"]}}],"collection":[{"href":"https:\/\/micronordic.com\/da\/wp-json\/wp\/v2\/product"}],"about":[{"href":"https:\/\/micronordic.com\/da\/wp-json\/wp\/v2\/types\/product"}],"author":[{"embeddable":true,"href":"https:\/\/micronordic.com\/da\/wp-json\/wp\/v2\/users\/24"}],"version-history":[{"count":3,"href":"https:\/\/micronordic.com\/da\/wp-json\/wp\/v2\/product\/48126\/revisions"}],"predecessor-version":[{"id":97795,"href":"https:\/\/micronordic.com\/da\/wp-json\/wp\/v2\/product\/48126\/revisions\/97795"}],"wp:featuredmedia":[{"embeddable":true,"href":"https:\/\/micronordic.com\/da\/wp-json\/wp\/v2\/media\/100161"}],"wp:attachment":[{"href":"https:\/\/micronordic.com\/da\/wp-json\/wp\/v2\/media?parent=48126"}],"wp:term":[{"taxonomy":"product-condition","embeddable":true,"href":"https:\/\/micronordic.com\/da\/wp-json\/wp\/v2\/product-condition?post=48126"},{"taxonomy":"product_brand","embeddable":true,"href":"https:\/\/micronordic.com\/da\/wp-json\/wp\/v2\/product_brand?post=48126"},{"taxonomy":"product_cat","embeddable":true,"href":"https:\/\/micronordic.com\/da\/wp-json\/wp\/v2\/product_cat?post=48126"},{"taxonomy":"product_tag","embeddable":true,"href":"https:\/\/micronordic.com\/da\/wp-json\/wp\/v2\/product_tag?post=48126"}],"curies":[{"name":"wp","href":"https:\/\/api.w.org\/{rel}","templated":true}]}}