{"id":48124,"date":"2024-08-02T13:58:55","date_gmt":"2024-08-02T11:58:55","guid":{"rendered":"https:\/\/micronordic.com\/product\/zebra-et45-rugged-enterprise-tablet-new\/"},"modified":"2025-11-17T10:21:40","modified_gmt":"2025-11-17T09:21:40","slug":"zebra-et45-rugged-enterprise-tablet","status":"publish","type":"product","link":"https:\/\/micronordic.com\/da\/product\/zebra-et45-rugged-enterprise-tablet\/","title":{"rendered":"Zebra ET45 Rugged Tablet (NY)"},"content":{"rendered":"<?xml encoding=\"utf-8\" ?><h2 data-start=\"217\" data-end=\"256\">Zebra ET45 Rugged Enterprise Tablet<\/h2><p data-start=\"258\" data-end=\"838\"><strong data-start=\"262\" data-end=\"301\">Zebra ET45 Rugged Enterprise Tablet<\/strong> er designet til virksomheder, der har brug for en mobil enhed, der er robust nok til udfordrende milj&oslash;er, samtidig med at den giver ydeevne, tilslutningsmuligheder og funktioner i virksomhedsklassen hele dagen. ET45 bygger p&aring; ET40&rsquo;s fundament og tilf&oslash;jer udvidede muligheder for mobilt bredb&aring;nd, hvilket g&oslash;r den til en ideel l&oslash;sning for teams, der arbejder uden for traditionel Wi-Fi-d&aelig;kning. Med sin rugged build, hot-swappable batterier og avancerede dataindsamlingsfunktioner sikrer ET45 produktivitet og p&aring;lidelighed i detailhandlen, logistikken, feltservice og meget mere. Nye produkter har 2 &aring;rs producentgaranti.<\/p><h2 data-start=\"840\" data-end=\"889\">N&oslash;glefunktioner i Zebra ET45 Rugged Tablet<\/h2><ul data-start=\"891\" data-end=\"1892\">\n<li data-start=\"891\" data-end=\"1006\">\n<p data-start=\"893\" data-end=\"1006\"><strong data-start=\"893\" data-end=\"910\">Rugged design<\/strong> &ndash; Faldtestet til 1,2 m p&aring; beton og IP65-certificeret for st&oslash;v- og vandt&aelig;thed.<\/p>\n<\/li>\n<li data-start=\"1007\" data-end=\"1114\">\n<p data-start=\"1009\" data-end=\"1114\"><strong data-start=\"1009\" data-end=\"1044\">10,1&Prime; sk&aelig;rm, der kan l&aelig;ses i sollys<\/strong> &ndash; FHD-ber&oslash;ringssk&aelig;rm med h&oslash;j opl&oslash;sning og underst&oslash;ttelse af ber&oslash;ring med handsker og i v&aring;d tilstand.<\/p>\n<\/li>\n<li data-start=\"1115\" data-end=\"1218\">\n<p data-start=\"1117\" data-end=\"1218\"><strong data-start=\"1117\" data-end=\"1149\">Ydelse p&aring; virksomhedsniveau<\/strong> &ndash; Octa-core Qualcomm Snapdragon-processor til problemfri multitasking.<\/p>\n<\/li>\n<li data-start=\"1219\" data-end=\"1311\">\n<p data-start=\"1221\" data-end=\"1311\"><strong data-start=\"1221\" data-end=\"1247\">Klar til mobilt bredb&aring;nd<\/strong> &ndash; Wi-Fi 6, Bluetooth 5.0 og valgfri 5G eller 4G LTE med GPS.<\/p>\n<\/li>\n<li data-start=\"1312\" data-end=\"1406\">\n<p data-start=\"1314\" data-end=\"1406\"><strong data-start=\"1314\" data-end=\"1339\">Avanceret datafangst<\/strong> &ndash; Integreret 2D-stregkodescanner og bagkamera med h&oslash;j opl&oslash;sning.<\/p>\n<\/li>\n<li data-start=\"1407\" data-end=\"1499\">\n<p data-start=\"1409\" data-end=\"1499\"><strong data-start=\"1409\" data-end=\"1430\">Lang batterilevetid<\/strong> &ndash; Standard og udvidet batterimuligheder med hot-swappable design.<\/p>\n<\/li>\n<li data-start=\"1500\" data-end=\"1598\">\n<p data-start=\"1502\" data-end=\"1598\"><strong data-start=\"1502\" data-end=\"1531\">Let og ergonomisk<\/strong> &ndash; Slank og b&aelig;rbar formfaktor designet til langvarig daglig brug.<\/p>\n<\/li>\n<li data-start=\"1599\" data-end=\"1700\">\n<p data-start=\"1601\" data-end=\"1700\"><strong data-start=\"1601\" data-end=\"1629\">Zebra Mobility DNA-v&aelig;rkt&oslash;jer<\/strong> &ndash; Indbygget software-&oslash;kosystem til ops&aelig;tning, sikkerhed og produktivitet.<\/p>\n<\/li>\n<li data-start=\"1701\" data-end=\"1803\">\n<p data-start=\"1703\" data-end=\"1803\"><strong data-start=\"1703\" data-end=\"1727\">Tilbeh&oslash;r til virksomheder<\/strong> &ndash; Kompatibel med docks, holdere og opladningsl&oslash;sninger i virksomhedsklasse.<\/p>\n<\/li>\n<li data-start=\"1804\" data-end=\"1892\">\n<p data-start=\"1806\" data-end=\"1892\"><strong data-start=\"1806\" data-end=\"1827\">Garantid&aelig;kning<\/strong> &ndash; Standard 2-&aring;rs begr&aelig;nset garanti med Zebra-supportmuligheder.<\/p>\n<\/li>\n<\/ul><h2 data-start=\"1894\" data-end=\"1954\">Vigtige fordele ved Zebra ET45 Rugged Enterprise Tablet<\/h2><h3 data-start=\"1956\" data-end=\"1993\">Rugged p&aring;lidelighed i marken<\/h3><p data-start=\"1994\" data-end=\"2253\">Zebra ET45 er designet til at klare barske forhold med faldsikkerhed og IP65-forsegling, der beskytter den mod st&oslash;v og vand. Uanset om det er p&aring; et lager, p&aring; vejen eller udend&oslash;rs, sikrer den p&aring;lidelig ydeevne, hvor forbrugertabletter hurtigt ville svigte. <\/p><h3 data-start=\"2255\" data-end=\"2286\">Klar synlighed overalt<\/h3><p data-start=\"2287\" data-end=\"2512\">ET45 er udstyret med en 10,1&Prime; FHD-sk&aelig;rm, som giver fremragende l&aelig;sbarhed b&aring;de indend&oslash;rs og udend&oslash;rs. Underst&oslash;ttelse af handsker og v&aring;d ber&oslash;ring g&oslash;r det muligt for medarbejderne at bruge enheden under alle vejrforhold, hvilket g&oslash;r den ideel til udstationering i marken. <\/p><h3 data-start=\"2514\" data-end=\"2551\">Optimeret til mobile arbejdsstyrker<\/h3><p data-start=\"2552\" data-end=\"2806\">I mods&aelig;tning til ET40 er ET45 udstyret med valgfri 5G- eller 4G LTE-forbindelse. Det sikrer, at teams kan holde forbindelsen i realtid, selv n&aring;r Wi-Fi ikke er tilg&aelig;ngeligt, hvilket g&oslash;r den til et overlegent valg til transport-, logistik- og feltserviceopgaver. <\/p><h3 data-start=\"2808\" data-end=\"2836\">Effektiv datafangst<\/h3><p data-start=\"2837\" data-end=\"3123\">Den integrerede 2D-stregkodescanner og kameraet med h&oslash;j opl&oslash;sning str&oslash;mliner arbejdsgange som lagerstyring, leveringsbevis og sporing af aktiver. Zebras scanningsteknologi fungerer p&aring;lideligt selv med beskadigede eller d&aring;rligt trykte stregkoder, hvilket reducerer fejl og forbedrer effektiviteten. <\/p><h3 data-start=\"3125\" data-end=\"3149\">Langvarig kraft<\/h3><p data-start=\"3150\" data-end=\"3371\">Standardbatteri og udvidet batteri, der kan udskiftes undervejs, sikrer uafbrudte vagter. Medarbejderne kan udskifte batterier p&aring; farten uden at slukke for enheden, hvilket muligg&oslash;r kontinuerlig drift gennem lange dage i marken. <\/p><h3 data-start=\"3373\" data-end=\"3414\">Virksomhedsklart software-&oslash;kosystem<\/h3><p data-start=\"3415\" data-end=\"3706\">Med Zebra Mobility DNA giver ET45 mere end hardware. Virksomheder f&aring;r adgang til v&aelig;rkt&oslash;jer, der forbedrer tilslutningsmulighederne (WorryFree WiFi), str&oslash;mliner ops&aelig;tningen af enheder (StageNow) og forbedrer sikkerheden og brugerkontrollen (Enterprise Home Screen). Dette &oslash;kosystem maksimerer investeringsafkastet.  <\/p><h3 data-start=\"3708\" data-end=\"3745\">Komfortabelt, letv&aelig;gtsdesign<\/h3><p data-start=\"3746\" data-end=\"3960\">P&aring; trods af sine rugged certificeringer har ET45 et slankt og ergonomisk design, der reducerer tr&aelig;thed ved l&aelig;ngere tids brug. Den kan b&aelig;res eller monteres komfortabelt og underst&oslash;tter en bred vifte af operationelle scenarier. <\/p><h3 data-start=\"3962\" data-end=\"3997\">P&aring;lidelig support og garanti<\/h3><p data-start=\"3998\" data-end=\"4207\">ET45 underst&oslash;ttes af en tre&aring;rig begr&aelig;nset garanti og er bygget til langsigtet p&aring;lidelighed. Zebra tilbyder ogs&aring; valgfri supporttjenester for yderligere at udvide livscyklusstyringen og reducere de samlede ejeromkostninger. <\/p><h2 data-start=\"4209\" data-end=\"4262\">Ideelle brugsscenarier for Zebra ET45 Rugged Tablet<\/h2><ul data-start=\"4264\" data-end=\"4800\">\n<li data-start=\"4264\" data-end=\"4359\">\n<p data-start=\"4266\" data-end=\"4359\"><strong data-start=\"4266\" data-end=\"4290\">Detailhandel og hotel- og restaurationsbranchen<\/strong> &ndash; mobil POS, lagerkontrol i realtid og kundeengagement.<\/p>\n<\/li>\n<li data-start=\"4360\" data-end=\"4469\">\n<p data-start=\"4362\" data-end=\"4469\"><strong data-start=\"4362\" data-end=\"4392\">Transport og logistik<\/strong> &ndash; Fl&aring;destyring, leveringsbevis og GPS-aktiveret ruteoptimering.<\/p>\n<\/li>\n<li data-start=\"4470\" data-end=\"4583\">\n<p data-start=\"4472\" data-end=\"4583\"><strong data-start=\"4472\" data-end=\"4501\">Feltservice og forsyningsselskaber<\/strong> &ndash; P&aring;lidelig forbindelse og rugged ydeevne til inspektioner og vedligeholdelse.<\/p>\n<\/li>\n<li data-start=\"4584\" data-end=\"4685\">\n<p data-start=\"4586\" data-end=\"4685\"><strong data-start=\"4586\" data-end=\"4616\">Lager og distribution<\/strong> &ndash; Stregkodescanning, ordreplukning og effektiv lagerstyring.<\/p>\n<\/li>\n<li data-start=\"4686\" data-end=\"4800\">\n<p data-start=\"4688\" data-end=\"4800\"><strong data-start=\"4688\" data-end=\"4718\">Offentlig sikkerhed og myndigheder<\/strong> &ndash; B&aelig;rbar, sikker og rugged til frontlinjearbejdere i kr&aelig;vende milj&oslash;er.<\/p>\n<\/li>\n<\/ul><h2 data-start=\"4802\" data-end=\"4837\">Zebra ET45 produktsammenligninger<\/h2><p data-start=\"4839\" data-end=\"5036\">Zebra ET45 udvider funktionerne i ET40 ved at tilf&oslash;je mobilt bredb&aring;nd til feltarbejde. For virksomheder, der vurderer alternativer, findes der andre Rugged Tablets hos MicroNordic: <\/p><ul data-start=\"5038\" data-end=\"5718\">\n<li data-start=\"5038\" data-end=\"5251\">\n<p data-start=\"5040\" data-end=\"5251\"><a href=\"https:\/\/micronordic.com\/product\/zebra-et40-rugged-enterprise-tablet\/\"><strong data-start=\"5040\" data-end=\"5151\">Zebra ET40 Rugged Tablet til virksomheder<\/strong> <\/a>&ndash; En omkostningseffektiv Enterprise Tablet med Wi-Fi-forbindelse, der er ideel til arbejdsgange med fokus p&aring; indend&oslash;rs brug.<\/p>\n<\/li>\n<li data-start=\"5252\" data-end=\"5474\">\n<p data-start=\"5254\" data-end=\"5474\"><a href=\"https:\/\/micronordic.com\/product\/getac-f110-touch-fully-rugged-tablet\/\"><strong data-start=\"5254\" data-end=\"5361\">Getac F110 Fully Rugged Tablet<\/strong><\/a> &ndash; En 11,6&Prime; Fully Rugged Tablet designet til professionelle, der har brug for en st&oslash;rre sk&aelig;rm og maksimal holdbarhed.<\/p>\n<\/li>\n<li data-start=\"5475\" data-end=\"5718\">\n<p data-start=\"5477\" data-end=\"5718\"><a href=\"https:\/\/micronordic.com\/product\/panasonic-toughpad-fz-m1-refurbished\/\"><strong data-start=\"5477\" data-end=\"5606\">Panasonic Toughpad FZ-M1 Rugged Tablet<\/strong><\/a> &ndash; En kompakt 7&Prime; Rugged Tablet i renoveret stand, ideel til mobilitet i felten og specialiserede applikationer.<\/p>\n<\/li>\n<\/ul>\n","protected":false},"excerpt":{"rendered":"<h3>Specifikationer:<\/h3>\n<ul>\n<li><strong>Sk\u00e6rm:<\/strong> 10,1\u2033 FHD (1920\u00d71200), ber\u00f8ringssk\u00e6rm, der kan l\u00e6ses i sollys, med underst\u00f8ttelse af handsker og v\u00e5d ber\u00f8ring<\/li>\n<li><strong>Processor:<\/strong> Octa-core Qualcomm Snapdragon-processor<\/li>\n<li><strong>Grafik:<\/strong> Integreret Qualcomm Adreno GPU<\/li>\n<li><strong>Hukommelse:<\/strong> 4 GB &#8211; 8 GB RAM-muligheder<\/li>\n<li><strong>Lagerplads:<\/strong> 64 GB &#8211; 128 GB eMMC, kan udvides via microSD<\/li>\n<li><strong>Tilslutningsmuligheder:<\/strong> Wi-Fi 6, Bluetooth 5.0, valgfri 4G\/5G LTE og GPS<\/li>\n<li><strong>Rugged certificeringer:<\/strong> MIL-STD-810H-testet, IP65-certificeret, modstandsdygtig over for fald fra 4 fod<\/li>\n<li><strong>Sikkerhed:<\/strong> Android Enterprise-sikkerhed, valgfri underst\u00f8ttelse af Enterprise Mobility Management<\/li>\n<li><strong>Batteri:<\/strong> Standard og udvidet batteri, kan skiftes undervejs<\/li>\n<li><strong>M\u00e5l og v\u00e6gt:<\/strong> Ca. 10,1\u2033 model, ~1,04 kg <\/li>\n<li><strong>Garanti:<\/strong> Standard 2-\u00e5rs begr\u00e6nset garanti<\/li>\n<\/ul>\n","protected":false},"author":24,"featured_media":100131,"template":"","meta":{"_acf_changed":false,"inline_featured_image":false},"product-condition":[5258],"product_brand":[9013],"product_cat":[5105,5110,5113],"product_tag":[],"class_list":{"0":"post-48124","1":"product","2":"type-product","3":"status-publish","4":"has-post-thumbnail","6":"product-condition-new-in-box","7":"product_brand-zebra","8":"product_cat-all-rugged-tablets","9":"product_cat-new-in-box-rugged-hardware","10":"product_cat-zebra","12":"first","13":"instock","14":"taxable","15":"shipping-taxable","16":"purchasable","17":"product-type-simple"},"acf":[],"_links":{"self":[{"href":"https:\/\/micronordic.com\/da\/wp-json\/wp\/v2\/product\/48124","targetHints":{"allow":["GET"]}}],"collection":[{"href":"https:\/\/micronordic.com\/da\/wp-json\/wp\/v2\/product"}],"about":[{"href":"https:\/\/micronordic.com\/da\/wp-json\/wp\/v2\/types\/product"}],"author":[{"embeddable":true,"href":"https:\/\/micronordic.com\/da\/wp-json\/wp\/v2\/users\/24"}],"version-history":[{"count":3,"href":"https:\/\/micronordic.com\/da\/wp-json\/wp\/v2\/product\/48124\/revisions"}],"predecessor-version":[{"id":97776,"href":"https:\/\/micronordic.com\/da\/wp-json\/wp\/v2\/product\/48124\/revisions\/97776"}],"wp:featuredmedia":[{"embeddable":true,"href":"https:\/\/micronordic.com\/da\/wp-json\/wp\/v2\/media\/100131"}],"wp:attachment":[{"href":"https:\/\/micronordic.com\/da\/wp-json\/wp\/v2\/media?parent=48124"}],"wp:term":[{"taxonomy":"product-condition","embeddable":true,"href":"https:\/\/micronordic.com\/da\/wp-json\/wp\/v2\/product-condition?post=48124"},{"taxonomy":"product_brand","embeddable":true,"href":"https:\/\/micronordic.com\/da\/wp-json\/wp\/v2\/product_brand?post=48124"},{"taxonomy":"product_cat","embeddable":true,"href":"https:\/\/micronordic.com\/da\/wp-json\/wp\/v2\/product_cat?post=48124"},{"taxonomy":"product_tag","embeddable":true,"href":"https:\/\/micronordic.com\/da\/wp-json\/wp\/v2\/product_tag?post=48124"}],"curies":[{"name":"wp","href":"https:\/\/api.w.org\/{rel}","templated":true}]}}