{"id":48122,"date":"2024-08-02T13:58:55","date_gmt":"2024-08-02T11:58:55","guid":{"rendered":"https:\/\/micronordic.com\/product\/zebra-et40-rugged-enterprise-tablet-new\/"},"modified":"2025-11-17T10:36:01","modified_gmt":"2025-11-17T09:36:01","slug":"zebra-et40-rugged-enterprise-tablet","status":"publish","type":"product","link":"https:\/\/micronordic.com\/da\/product\/zebra-et40-rugged-enterprise-tablet\/","title":{"rendered":"Zebra ET40 Rugged Tablet (NY)"},"content":{"rendered":"<?xml encoding=\"utf-8\" ?><h2 data-start=\"283\" data-end=\"322\">Zebra ET40 Rugged Tablet til virksomheder<\/h2><p data-start=\"324\" data-end=\"841\"><strong data-start=\"328\" data-end=\"367\">Zebra ET40 Rugged Enterprise Tablet<\/strong> er designet til virksomheder, der kr&aelig;ver mere, end enheder i forbrugerklassen kan tilbyde. Ved at kombinere en let formfaktor med holdbarhed p&aring; virksomhedsniveau giver ET40 en omkostningseffektiv l&oslash;sning til brancher som detailhandel, hotel- og restaurationsbranchen, transport, logistik og felttjenester. Med rugged certificeringer, avanceret datafangst og langvarig ydeevne sikrer ET40 p&aring;lidelig drift, uanset om det er p&aring; v&aelig;rkstedsgulvet, p&aring; lageret eller ude i marken. Nye produkter har 2 &aring;rs producentgaranti.   <\/p><h2 data-start=\"843\" data-end=\"892\">N&oslash;glefunktioner i Zebra ET40 Rugged Tablet<\/h2><ul data-start=\"894\" data-end=\"1953\">\n<li data-start=\"894\" data-end=\"1009\">\n<p data-start=\"896\" data-end=\"1009\"><strong data-start=\"896\" data-end=\"913\">Rugged design<\/strong> &ndash; Faldtestet til 1,2 m p&aring; beton og IP65-certificeret til beskyttelse mod st&oslash;v og vand.<\/p>\n<\/li>\n<li data-start=\"1010\" data-end=\"1120\">\n<p data-start=\"1012\" data-end=\"1120\"><strong data-start=\"1012\" data-end=\"1039\">Display med h&oslash;j synlighed<\/strong> &ndash; 10,1&Prime; FHD-ber&oslash;ringssk&aelig;rm med l&aelig;sbarhed i dagslys og underst&oslash;ttelse af ber&oslash;ring med handsker og i v&aring;d tilstand.<\/p>\n<\/li>\n<li data-start=\"1121\" data-end=\"1244\">\n<p data-start=\"1123\" data-end=\"1244\"><strong data-start=\"1123\" data-end=\"1155\">Ydelse i virksomhedsklassen<\/strong> &ndash; drevet af en octa-core processor med smidig multitasking og programh&aring;ndtering.<\/p>\n<\/li>\n<li data-start=\"1245\" data-end=\"1344\">\n<p data-start=\"1247\" data-end=\"1344\"><strong data-start=\"1247\" data-end=\"1273\">Alsidige tilslutningsmuligheder<\/strong> &ndash; Wi-Fi 6, Bluetooth 5.0 og valgfri 4G LTE til mobil drift.<\/p>\n<\/li>\n<li data-start=\"1345\" data-end=\"1436\">\n<p data-start=\"1347\" data-end=\"1436\"><strong data-start=\"1347\" data-end=\"1369\">Klar til datafangst<\/strong> &ndash; Integreret 2D-stregkodescanner og bagkamera med h&oslash;j opl&oslash;sning.<\/p>\n<\/li>\n<li data-start=\"1437\" data-end=\"1535\">\n<p data-start=\"1439\" data-end=\"1535\"><strong data-start=\"1439\" data-end=\"1462\">Batterifleksibilitet<\/strong> &ndash; Langtidsholdbart batteri med hot-swap-funktion til uafbrudt brug.<\/p>\n<\/li>\n<li data-start=\"1536\" data-end=\"1649\">\n<p data-start=\"1538\" data-end=\"1649\"><strong data-start=\"1538\" data-end=\"1560\">Mobility DNA suite<\/strong> &ndash; Indeholder Zebras virksomhedssoftwarev&aelig;rkt&oslash;jer til ops&aelig;tning, styring og sikkerhed af enheder.<\/p>\n<\/li>\n<li data-start=\"1650\" data-end=\"1740\">\n<p data-start=\"1652\" data-end=\"1740\"><strong data-start=\"1652\" data-end=\"1681\">Let og ergonomisk<\/strong> &ndash; slank formfaktor designet til komfortabel brug hele dagen.<\/p>\n<\/li>\n<li data-start=\"1741\" data-end=\"1852\">\n<p data-start=\"1743\" data-end=\"1852\"><strong data-start=\"1743\" data-end=\"1773\">Forretningsklart tilbeh&oslash;r<\/strong> &ndash; Underst&oslash;tter docking, k&oslash;ret&oslash;jsoph&aelig;ng og opladningsl&oslash;sninger i virksomhedsklasse.<\/p>\n<\/li>\n<li data-start=\"1853\" data-end=\"1953\">\n<p data-start=\"1855\" data-end=\"1953\"><strong data-start=\"1855\" data-end=\"1876\">Garanti inkluderet<\/strong> &ndash; Standard 2-&aring;rs begr&aelig;nset garanti med Zebra service- og supportmuligheder.<\/p>\n<\/li>\n<\/ul><h2 data-start=\"1955\" data-end=\"2015\">Vigtige fordele ved Zebra ET40 Rugged Tablet til virksomheder<\/h2><h3 data-start=\"2017\" data-end=\"2064\">Rugged holdbarhed med letv&aelig;gtsdesign<\/h3><p data-start=\"2065\" data-end=\"2263\">ET40 er konstrueret til at modst&aring; fald, st&oslash;v og vand, samtidig med at den er let og nem at b&aelig;re. Med en v&aelig;gt p&aring; lidt over 1 kg er den b&aelig;rbar uden at g&aring; p&aring; kompromis med den ruggedes p&aring;lidelighed. <\/p><h3 data-start=\"2265\" data-end=\"2295\">Display, der kan l&aelig;ses udend&oslash;rs<\/h3><p data-start=\"2296\" data-end=\"2525\">Den 10,1&Prime; store FHD-sk&aelig;rm giver krystalklart udsyn i b&aring;de indend&oslash;rs og udend&oslash;rs milj&oslash;er. Med underst&oslash;ttelse af handsker og v&aring;d ber&oslash;ring kan medarbejderne interagere med enheden uanset forholdene, hvilket sikrer uafbrudte arbejdsgange. <\/p><h3 data-start=\"2527\" data-end=\"2578\">Kraftfuld behandling til forretningsapplikationer<\/h3><p data-start=\"2579\" data-end=\"2829\">Udstyret med en avanceret octa-core processor h&aring;ndterer ET40 virksomhedsapplikationer med lethed. Uanset om der k&oslash;res POS-software i detailhandlen, planl&aelig;gningssystemer i hotelbranchen eller sporing af aktiver i logistikken, forbliver ydeevnen j&aelig;vn og responsiv. <\/p><h3 data-start=\"2831\" data-end=\"2860\">Kontinuerlig forbindelse<\/h3><p data-start=\"2861\" data-end=\"3123\">ET40 underst&oslash;tter Wi-Fi 6 og Bluetooth 5.0 til h&oslash;jhastighedskommunikation. For teams i marken sikrer 4G LTE (ekstraudstyr) uafbrudt adgang til kritiske data og cloud-baserede applikationer. Denne forbindelse muligg&oslash;r samarbejde og beslutningstagning i realtid.  <\/p><h3 data-start=\"3125\" data-end=\"3152\">Avanceret datafangst<\/h3><p data-start=\"3153\" data-end=\"3397\">Med sin indbyggede 2D-stregkodescanner og kamera i h&oslash;j opl&oslash;sning str&oslash;mliner ET40 arbejdsgange som lagerstyring, pakkesporing og dokumentfangst. Selv beskadigede eller d&aring;rligt trykte stregkoder kan l&aelig;ses hurtigt og pr&aelig;cist. <\/p><h3 data-start=\"3399\" data-end=\"3426\">Forl&aelig;nget batterilevetid<\/h3><p data-start=\"3427\" data-end=\"3642\">ET40&rsquo;s h&oslash;jkapacitetsbatteri er designet til lange vagter og kan holde til en hel arbejdsdag. Hot-swap-funktionen sikrer nul nedetid, s&aring; batterierne kan udskiftes p&aring; farten uden at slukke for enheden. <\/p><h3 data-start=\"3644\" data-end=\"3679\">&Oslash;kosystem for virksomhedssoftware<\/h3><p data-start=\"3680\" data-end=\"3939\">Zebra Mobility DNA-pakken forbedrer ET40 med v&aelig;rkt&oslash;jer til sikker ops&aelig;tning af enheder, optimeret Wi-Fi-forbindelse og forbedret brugerproduktivitet. Funktioner som Enterprise Home Screen og StageNow forenkler udrulning og administration p&aring; tv&aelig;rs af store enhedsfl&aring;der. <\/p><h3 data-start=\"3941\" data-end=\"3976\">P&aring;lidelig garanti og support<\/h3><p data-start=\"3977\" data-end=\"4189\">ET40 underst&oslash;ttes af en begr&aelig;nset standardgaranti p&aring; tre &aring;r og giver virksomheder ro i sindet. Zebras servicetilbud udvider administrationen af enhedens livscyklus yderligere og sikrer maksimal ROI og minimal nedetid. <\/p><h2 data-start=\"4191\" data-end=\"4244\">Ideelle brugsscenarier for Zebra ET40 Rugged Tablet<\/h2><ul data-start=\"4246\" data-end=\"4780\">\n<li data-start=\"4246\" data-end=\"4350\">\n<p data-start=\"4248\" data-end=\"4350\"><strong data-start=\"4248\" data-end=\"4272\">Detailhandel og hotel- og restaurationsbranchen<\/strong> &ndash; Mobil POS, lagerstyring og kundeservice p&aring; butiksgulvet.<\/p>\n<\/li>\n<li data-start=\"4351\" data-end=\"4452\">\n<p data-start=\"4353\" data-end=\"4452\"><strong data-start=\"4353\" data-end=\"4383\">Transport og logistik<\/strong> &ndash; Sporing i realtid, stregkodescanning og leveringsbekr&aelig;ftelse.<\/p>\n<\/li>\n<li data-start=\"4453\" data-end=\"4567\">\n<p data-start=\"4455\" data-end=\"4567\"><strong data-start=\"4455\" data-end=\"4484\">Field service &amp; utilities<\/strong> &ndash; P&aring;lidelig ydeevne til inspektioner, vedligeholdelse og rapportering i marken.<\/p>\n<\/li>\n<li data-start=\"4568\" data-end=\"4667\">\n<p data-start=\"4570\" data-end=\"4667\"><strong data-start=\"4570\" data-end=\"4585\">Lager<\/strong> &ndash; Effektiv plukning, pakning og lagerstyring med scanning og tilslutningsmuligheder.<\/p>\n<\/li>\n<li data-start=\"4668\" data-end=\"4780\">\n<p data-start=\"4670\" data-end=\"4780\">Den <strong data-start=\"4670\" data-end=\"4687\">offentlige sektor<\/strong> &ndash; En holdbar, b&aelig;rbar enhed til frontlinjearbejdere, der har brug for sikre og forbundne arbejdsgange.<\/p>\n<\/li>\n<\/ul><h2 data-start=\"281\" data-end=\"317\">Zebra ET40 produktsammenligninger<\/h2><p data-start=\"319\" data-end=\"549\">Zebra ET40 er designet som en omkostningseffektiv, rugged tablet til virksomheder, der balancerer holdbarhed, b&aelig;rbarhed og ydeevne. For organisationer, der evaluerer alternativer, findes der andre rugged l&oslash;sninger hos <strong>Micro Nordic<\/strong>: <\/p><ul data-start=\"551\" data-end=\"927\">\n<li data-start=\"551\" data-end=\"672\">\n<p data-start=\"553\" data-end=\"672\"><a href=\"https:\/\/micronordic.com\/product\/zebra-et45-rugged-enterprise-tablet\/\"><strong data-start=\"553\" data-end=\"581\">Zebra ET45 Rugged Tablet<\/strong> <\/a>&ndash; Samme design som ET40, men med udvidede tilslutningsmuligheder og feltfokuserede funktioner.<\/p>\n<\/li>\n<li data-start=\"673\" data-end=\"802\">\n<p data-start=\"675\" data-end=\"802\"><a href=\"https:\/\/micronordic.com\/product\/panasonic-toughpad-fz-m1-refurbished\/\"><strong data-start=\"675\" data-end=\"718\">Panasonic TOUGHBOOK FZ-M1 Rugged Tablet<\/strong><\/a> &ndash; En fuldt rugged 7&Prime; tablet bygget til ekstrem b&aelig;rbarhed og kr&aelig;vende brug i felten.<\/p>\n<\/li>\n<li data-start=\"803\" data-end=\"927\">\n<p data-start=\"805\" data-end=\"927\"><strong data-start=\"805\" data-end=\"839\"><a href=\"https:\/\/micronordic.com\/product\/getac-f110-touch-fully-rugged-tablet\/\">Getac F110 Fully Rugged Tablet <\/a><\/strong>&ndash; En st&oslash;rre 11,6&Prime; Rugged Tablet designet til brugere, der har brug for ekstra sk&aelig;rmplads.<\/p>\n<\/li>\n<\/ul><p>&nbsp;<\/p>\n","protected":false},"excerpt":{"rendered":"<h3>Specifikationer:<\/h3>\n<ul>\n<li><strong>Sk\u00e6rm:<\/strong> 10,1\u2033 FHD (1920\u00d71200), ber\u00f8ringssk\u00e6rm, der kan l\u00e6ses i sollys, med underst\u00f8ttelse af handsker og v\u00e5d ber\u00f8ring<\/li>\n<li><strong>Processor:<\/strong> Octa-core Qualcomm Snapdragon-processor<\/li>\n<li><strong>Grafik:<\/strong> Integreret Qualcomm Adreno GPU<\/li>\n<li><strong>Hukommelse:<\/strong> 4 GB &#8211; 8 GB RAM-muligheder<\/li>\n<li><strong>Lagerplads:<\/strong> 64 GB &#8211; 128 GB eMMC, kan udvides via microSD<\/li>\n<li><strong>Tilslutningsmuligheder:<\/strong> Wi-Fi 6, Bluetooth 5.0, valgfri 4G LTE<\/li>\n<li><strong>Rugged certificeringer:<\/strong> MIL-STD-810H-testet, IP65-certificeret, modstandsdygtig over for fald fra 4 fod<\/li>\n<li><strong>Sikkerhed:<\/strong> Android Enterprise-sikkerhed, valgfri underst\u00f8ttelse af Enterprise Mobility Management<\/li>\n<li><strong>Batteri:<\/strong> Standard eller udvidet batteri, kan skiftes undervejs<\/li>\n<li><strong>M\u00e5l og v\u00e6gt:<\/strong> 10,1\u2033 model ca. 1,04 kg <\/li>\n<li><strong>Garanti:<\/strong> Standard 2-\u00e5rs begr\u00e6nset garanti<\/li>\n<\/ul>\n","protected":false},"author":24,"featured_media":100146,"template":"","meta":{"_acf_changed":false,"inline_featured_image":false},"product-condition":[5258],"product_brand":[9013],"product_cat":[5105,5110,5113],"product_tag":[],"class_list":{"0":"post-48122","1":"product","2":"type-product","3":"status-publish","4":"has-post-thumbnail","6":"product-condition-new-in-box","7":"product_brand-zebra","8":"product_cat-all-rugged-tablets","9":"product_cat-new-in-box-rugged-hardware","10":"product_cat-zebra","12":"first","13":"instock","14":"taxable","15":"shipping-taxable","16":"purchasable","17":"product-type-simple"},"acf":[],"_links":{"self":[{"href":"https:\/\/micronordic.com\/da\/wp-json\/wp\/v2\/product\/48122","targetHints":{"allow":["GET"]}}],"collection":[{"href":"https:\/\/micronordic.com\/da\/wp-json\/wp\/v2\/product"}],"about":[{"href":"https:\/\/micronordic.com\/da\/wp-json\/wp\/v2\/types\/product"}],"author":[{"embeddable":true,"href":"https:\/\/micronordic.com\/da\/wp-json\/wp\/v2\/users\/24"}],"version-history":[{"count":5,"href":"https:\/\/micronordic.com\/da\/wp-json\/wp\/v2\/product\/48122\/revisions"}],"predecessor-version":[{"id":97819,"href":"https:\/\/micronordic.com\/da\/wp-json\/wp\/v2\/product\/48122\/revisions\/97819"}],"wp:featuredmedia":[{"embeddable":true,"href":"https:\/\/micronordic.com\/da\/wp-json\/wp\/v2\/media\/100146"}],"wp:attachment":[{"href":"https:\/\/micronordic.com\/da\/wp-json\/wp\/v2\/media?parent=48122"}],"wp:term":[{"taxonomy":"product-condition","embeddable":true,"href":"https:\/\/micronordic.com\/da\/wp-json\/wp\/v2\/product-condition?post=48122"},{"taxonomy":"product_brand","embeddable":true,"href":"https:\/\/micronordic.com\/da\/wp-json\/wp\/v2\/product_brand?post=48122"},{"taxonomy":"product_cat","embeddable":true,"href":"https:\/\/micronordic.com\/da\/wp-json\/wp\/v2\/product_cat?post=48122"},{"taxonomy":"product_tag","embeddable":true,"href":"https:\/\/micronordic.com\/da\/wp-json\/wp\/v2\/product_tag?post=48122"}],"curies":[{"name":"wp","href":"https:\/\/api.w.org\/{rel}","templated":true}]}}