{"id":48105,"date":"2022-07-22T14:53:22","date_gmt":"2022-07-22T12:53:22","guid":{"rendered":"https:\/\/micronordic.com\/product\/honeywell-dolphin-ct40-mobil-haandholdt-computer-renoveret\/"},"modified":"2025-11-17T17:40:12","modified_gmt":"2025-11-17T16:40:12","slug":"honeywell-dolphin-ct40-mobile-handheld-computer","status":"publish","type":"product","link":"https:\/\/micronordic.com\/da\/product\/honeywell-dolphin-ct40-mobile-handheld-computer\/","title":{"rendered":"Honeywell Dolphin CT40 Handheld Mobile Computer (EX-DEMO)"},"content":{"rendered":"<?xml encoding=\"utf-8\" ?><h2 data-start=\"299\" data-end=\"361\">Honeywell Dolphin CT40 Handheld Mobile Computer (EX-DEMO)<\/h2><p data-start=\"363\" data-end=\"680\"><strong data-start=\"367\" data-end=\"418\">Honeywell Dolphin CT40 Handheld Mobile Computer<\/strong> er designet til at str&oslash;mline arbejdsgange i detailhandlen, transport og marken med kraften fra en Android-enhed i virksomhedsklasse. Den er kompakt, let og rugged nok til daglig brug og leverer den perfekte blanding af ergonomi i forbrugerstil og professionel holdbarhed. <\/p><p data-start=\"682\" data-end=\"752\">Hos <strong data-start=\"685\" data-end=\"701\">Micro Nordic<\/strong> f&aring;s Honeywell CT40 i to varianter:<\/p><ul data-start=\"753\" data-end=\"1078\">\n<li data-start=\"753\" data-end=\"839\">\n<p data-start=\"755\" data-end=\"839\"><strong data-start=\"755\" data-end=\"772\">NEW-IN-BOX<\/strong> Fabriksforseglede, uber&oslash;rte enheder med fuld 2-&aring;rs producentgaranti.<\/p>\n<\/li>\n<li data-start=\"840\" data-end=\"1078\">\n<p data-start=\"842\" data-end=\"1078\"><strong data-start=\"842\" data-end=\"854\">EX-DEMO:<\/strong> Let brugte demonstrationsenheder, der er renoveret med nye huse og digitizers. De kommer til en nedsat pris, inkluderer alt standardtilbeh&oslash;r (medmindre andet er angivet) og har 12 m&aring;neders garanti. <\/p>\n<\/li>\n<\/ul><p data-start=\"1080\" data-end=\"1243\">Det giver virksomheder frihed til at v&aelig;lge mellem <strong data-start=\"1132\" data-end=\"1151\">helt nye produkter<\/strong> eller et <strong data-start=\"1157\" data-end=\"1196\">budgetvenligt EX-DEMO-alternativ<\/strong>, der stadig lever op til virksomhedens standarder.<\/p><h2 data-start=\"1245\" data-end=\"1284\">De vigtigste funktioner i Honeywell CT40<\/h2><ul data-start=\"1286\" data-end=\"2127\">\n<li data-start=\"1286\" data-end=\"1401\">\n<p data-start=\"1288\" data-end=\"1401\"><strong data-start=\"1288\" data-end=\"1317\">Slank og ergonomisk design<\/strong> &ndash; let at b&aelig;re, bygget til frontpersonale i detailhandel, logistik og hotel- og restaurationsbranchen.<\/p>\n<\/li>\n<li data-start=\"1402\" data-end=\"1481\">\n<p data-start=\"1404\" data-end=\"1481\"><strong data-start=\"1404\" data-end=\"1418\">Holdbarhed<\/strong> &ndash; IP64-forsegling med 1,2 m faldmodstand (1,5 m med st&oslash;vle).<\/p>\n<\/li>\n<li data-start=\"1482\" data-end=\"1566\">\n<p data-start=\"1484\" data-end=\"1566\"><strong data-start=\"1484\" data-end=\"1495\">Sk&aelig;rm<\/strong> &ndash; 5-tommers HD-ber&oslash;ringssk&aelig;rm, der kan l&aelig;ses udend&oslash;rs og betjenes med handsker.<\/p>\n<\/li>\n<li data-start=\"1567\" data-end=\"1662\">\n<p data-start=\"1569\" data-end=\"1662\"><strong data-start=\"1569\" data-end=\"1584\">Ydeevne<\/strong> &ndash; Qualcomm Snapdragon&trade; 660 octa-core processor sikrer j&aelig;vn app-h&aring;ndtering.<\/p>\n<\/li>\n<li data-start=\"1663\" data-end=\"1762\">\n<p data-start=\"1665\" data-end=\"1762\"><strong data-start=\"1665\" data-end=\"1685\">Operativsystem<\/strong> &ndash; Android&trade; med underst&oslash;ttelse af Honeywell Mobility Edge&trade; lifecycle management.<\/p>\n<\/li>\n<li data-start=\"1763\" data-end=\"1852\">\n<p data-start=\"1765\" data-end=\"1852\"><strong data-start=\"1765\" data-end=\"1781\">Datafangst<\/strong> &ndash; H&oslash;jtydende 2D-imager til hurtig og pr&aelig;cis stregkodescanning.<\/p>\n<\/li>\n<li data-start=\"1853\" data-end=\"1936\">\n<p data-start=\"1855\" data-end=\"1936\"><strong data-start=\"1855\" data-end=\"1871\">Tilslutningsmuligheder<\/strong> &ndash; Wi-Fi, Bluetooth 5.0, NFC og valgfri 4G LTE for mobilitet.<\/p>\n<\/li>\n<li data-start=\"1937\" data-end=\"2016\">\n<p data-start=\"1939\" data-end=\"2016\"><strong data-start=\"1939\" data-end=\"1950\">Batteri<\/strong> &ndash; Batteri med lang levetid underst&oslash;tter hot swapping for at minimere nedetid.<\/p>\n<\/li>\n<li data-start=\"2017\" data-end=\"2127\">\n<p data-start=\"2019\" data-end=\"2127\"><strong data-start=\"2019\" data-end=\"2047\">Sikkerhed og h&aring;ndterbarhed<\/strong> &ndash; Indbygget virksomhedssikkerhed med regelm&aelig;ssig patch-support via Mobility Edge&trade;.<\/p>\n<\/li>\n<\/ul><h2 data-start=\"2129\" data-end=\"2168\">De vigtigste fordele ved Honeywell CT40<\/h2><h3 data-start=\"2170\" data-end=\"2200\">Hverdagens rugged mobilitet<\/h3><p data-start=\"2201\" data-end=\"2383\">CT40 er slank og let, hvilket g&oslash;r den behagelig at bruge p&aring; lange skift, samtidig med at den er robust i virksomhedsklassen og kan modst&aring; fald, st&oslash;d og uds&aelig;ttelse for st&oslash;v og vand.<\/p><h3 data-start=\"2385\" data-end=\"2421\">Bygget til detailhandel og logistik<\/h3><p data-start=\"2422\" data-end=\"2573\">CT40 er designet til lagerstyring, mobil POS og kommunikation i realtid og hj&aelig;lper med at reducere fejl og &oslash;ge produktiviteten p&aring; tv&aelig;rs af brancher.<\/p><h3 data-start=\"2575\" data-end=\"2598\">Hurtig datafangst<\/h3><p data-start=\"2599\" data-end=\"2765\">Med sin integrerede 2D-imager scanner CT40 stregkoder hurtigt, selv n&aring;r de er beskadigede eller d&aring;rligt trykte &ndash; afg&oslash;rende for arbejdsgange med store m&aelig;ngder i detailhandlen og p&aring; lageret.<\/p><h3 data-start=\"2767\" data-end=\"2799\">Langsigtet underst&oslash;ttelse af platformen<\/h3><p data-start=\"2800\" data-end=\"2981\">Honeywell Mobility Edge&trade; giver udvidet Android-livscyklusst&oslash;tte og regelm&aelig;ssige sikkerhedsopdateringer, hvilket holder enheden sikker og relevant l&aelig;ngere end typiske forbruger-smartphones.<\/p><h3 data-start=\"2983\" data-end=\"3009\">EX-DEMO v&aelig;rdimulighed<\/h3><p data-start=\"3010\" data-end=\"3220\">Virksomheder kan reducere omkostningerne betydeligt med EX-DEMO-versioner af CT40. Disse enheder er renoveret til n&aelig;sten ny stand og tilbyder den samme kerneydelse som nye modeller, men til en br&oslash;kdel af prisen. <\/p><h2 data-start=\"3222\" data-end=\"3242\">Ideelle brugsscenarier<\/h2><ul data-start=\"3244\" data-end=\"3619\">\n<li data-start=\"3244\" data-end=\"3343\">\n<p data-start=\"3246\" data-end=\"3343\"><strong data-start=\"3246\" data-end=\"3270\">Detailhandel og hotel- og restaurationsbranchen<\/strong> &ndash; lagerstyring, mobile salgssteder og butiksdrift.<\/p>\n<\/li>\n<li data-start=\"3344\" data-end=\"3438\">\n<p data-start=\"3346\" data-end=\"3438\"><strong data-start=\"3346\" data-end=\"3371\">Transport &amp; logistik<\/strong> &ndash; Pakkesporing, fl&aring;demobilitet og dataudveksling i realtid.<\/p>\n<\/li>\n<li data-start=\"3439\" data-end=\"3519\">\n<p data-start=\"3441\" data-end=\"3519\"><strong data-start=\"3441\" data-end=\"3458\">Field service<\/strong> &ndash; Holdbar og b&aelig;rbar enhed til teknikere p&aring; farten.<\/p>\n<\/li>\n<li data-start=\"3520\" data-end=\"3619\">\n<p data-start=\"3522\" data-end=\"3619\"><strong data-start=\"3522\" data-end=\"3536\">Sundhedspleje<\/strong> &ndash; Kompatibel med tilbeh&oslash;r til brug i patientpleje- og hospitalsmilj&oslash;er.<\/p>\n<\/li>\n<\/ul><h2 data-start=\"3621\" data-end=\"3674\">Sammenligninger af produkter: Alternativer til Honeywell CT40<\/h2><p data-start=\"3676\" data-end=\"3758\">For organisationer, der evaluerer andre h&aring;ndholdte l&oslash;sninger, tilbyder Micro Nordic ogs&aring;:<\/p><ul data-start=\"3760\" data-end=\"4140\">\n<li data-start=\"3760\" data-end=\"3888\">\n<p data-start=\"3762\" data-end=\"3888\"><a href=\"https:\/\/micronordic.com\/product\/honeywell-ct40xp-mobile-handheld-computer-refurbished\/\"><strong data-start=\"3762\" data-end=\"3808\">Honeywell CT40 XP Handheld Mobile Computer<\/strong><\/a> &ndash; En mere avanceret efterf&oslash;lger med forbedret robusthed og FlexRange&trade;-scanning.<\/p>\n<\/li>\n<li data-start=\"3889\" data-end=\"4026\">\n<p data-start=\"3891\" data-end=\"4026\"><a href=\"https:\/\/micronordic.com\/product\/zebra-tc52-mobile-handheld-computer-refurbished\/\"><strong data-start=\"3891\" data-end=\"3940\">Zebra TC52 Handheld Mobile Computer <\/strong> <\/a>&ndash; En gennempr&oslash;vet Android-enhed, der f&aring;s renoveret til omkostningseffektiv rugged mobilitet.<\/p>\n<\/li>\n<li data-start=\"4027\" data-end=\"4140\">\n<p data-start=\"4029\" data-end=\"4140\"><a href=\"https:\/\/micronordic.com\/product\/zebra-tc58-handheld-mobile-computer\/\"><strong data-start=\"4029\" data-end=\"4066\">Zebra TC58 Handheld Mobile Computer<\/strong> <\/a>&ndash; En moderne, 5G-klar rugged h&aring;ndholdt computer med avancerede virksomhedsfunktioner.<\/p>\n<\/li>\n<\/ul><div class=\"description-part-numbers\"><br>Model Part numbers<br>CT40-L0N-27C21AE | CT40-L0N-28C11AE | CT40-L1N-28C11BE | CT40-L0N-2SC210E | CT40-L1N-1NC210E | CT40-L1N-2SC210E | CT40-L1N-27C21BE | CT40-L0N-27C11AE | CT40-L0N-27C11DE | CT40-L1N-27C11BE<\/div>\n","protected":false},"excerpt":{"rendered":"<p>V\u00c6LG EN VARIANT NEDENFOR! Ring til os, hvis du har brug for hj\u00e6lp til at finde den rigtige produktvariant. <\/p>\n<h3>Specifikationer:<\/h3>\n<ul>\n<li><strong>Sk\u00e6rm:<\/strong> 5\u2033 HD (1280\u00d7720), udend\u00f8rs l\u00e6sbar ber\u00f8ringssk\u00e6rm<\/li>\n<li><strong>Processor:<\/strong> Qualcomm Snapdragon\u2122 660 octa-core, 2,2 GHz<\/li>\n<li><strong>Grafik:<\/strong> Integreret Adreno\u2122 GPU<\/li>\n<li><strong>Hukommelse:<\/strong> 2 GB eller 4 GB RAM<\/li>\n<li><strong>Lagerplads:<\/strong> 16 GB, 32 GB eller 64 GB flash, kan udvides via microSD<\/li>\n<li><strong>Tilslutningsmuligheder:<\/strong> Wi-Fi, Bluetooth 5.0, NFC, valgfri 4G LTE<\/li>\n<li><strong>Rugged certificeringer:<\/strong> IP64, 1,2 m faldmodstand (1,5 m med st\u00f8vle)<\/li>\n<li><strong>Sikkerhed:<\/strong> Honeywell Mobility Edge\u2122 med udvidet livscyklusst\u00f8tte<\/li>\n<li><strong>Batteri:<\/strong> Aftageligt Li-ion-batteri, kan udskiftes undervejs<\/li>\n<li><strong>M\u00e5l og v\u00e6gt:<\/strong> 162 \u00d7 77 \u00d7 18 mm, ca. 278 g <\/li>\n<li><strong>Garanti:<\/strong> Ny i \u00e6ske med fuld 2 \u00e5rs garanti, EX-DEMO med 12 m\u00e5neders begr\u00e6nset garanti.<\/li>\n<\/ul>\n<p><strong>V\u00e6lg venligst den korrekte model nedenfor, f\u00f8r du l\u00e6gger den i kurven.<\/strong><\/p>\n","protected":false},"author":24,"featured_media":100500,"template":"","meta":{"_acf_changed":false,"inline_featured_image":false},"product-condition":[5263],"product_brand":[8976],"product_cat":[5109,5106,5112],"product_tag":[],"class_list":{"0":"post-48105","1":"product","2":"type-product","3":"status-publish","4":"has-post-thumbnail","6":"product-condition-ex-demo","7":"product_brand-honeywell-intermec","8":"product_cat-honeywell-intermec","9":"product_cat-all-barcode-scanners","10":"product_cat-refurbished-rugged-hardware","12":"first","13":"instock","14":"taxable","15":"shipping-taxable","16":"purchasable","17":"product-type-variable"},"acf":[],"_links":{"self":[{"href":"https:\/\/micronordic.com\/da\/wp-json\/wp\/v2\/product\/48105","targetHints":{"allow":["GET"]}}],"collection":[{"href":"https:\/\/micronordic.com\/da\/wp-json\/wp\/v2\/product"}],"about":[{"href":"https:\/\/micronordic.com\/da\/wp-json\/wp\/v2\/types\/product"}],"author":[{"embeddable":true,"href":"https:\/\/micronordic.com\/da\/wp-json\/wp\/v2\/users\/24"}],"version-history":[{"count":2,"href":"https:\/\/micronordic.com\/da\/wp-json\/wp\/v2\/product\/48105\/revisions"}],"predecessor-version":[{"id":98226,"href":"https:\/\/micronordic.com\/da\/wp-json\/wp\/v2\/product\/48105\/revisions\/98226"}],"wp:featuredmedia":[{"embeddable":true,"href":"https:\/\/micronordic.com\/da\/wp-json\/wp\/v2\/media\/100500"}],"wp:attachment":[{"href":"https:\/\/micronordic.com\/da\/wp-json\/wp\/v2\/media?parent=48105"}],"wp:term":[{"taxonomy":"product-condition","embeddable":true,"href":"https:\/\/micronordic.com\/da\/wp-json\/wp\/v2\/product-condition?post=48105"},{"taxonomy":"product_brand","embeddable":true,"href":"https:\/\/micronordic.com\/da\/wp-json\/wp\/v2\/product_brand?post=48105"},{"taxonomy":"product_cat","embeddable":true,"href":"https:\/\/micronordic.com\/da\/wp-json\/wp\/v2\/product_cat?post=48105"},{"taxonomy":"product_tag","embeddable":true,"href":"https:\/\/micronordic.com\/da\/wp-json\/wp\/v2\/product_tag?post=48105"}],"curies":[{"name":"wp","href":"https:\/\/api.w.org\/{rel}","templated":true}]}}