{"id":48099,"date":"2021-08-24T14:07:48","date_gmt":"2021-08-24T12:07:48","guid":{"rendered":"https:\/\/micronordic.com\/product\/honeywell-intermec-ck75-mobil-haandholdt-computer-renoveret\/"},"modified":"2025-11-18T17:01:06","modified_gmt":"2025-11-18T16:01:06","slug":"honeywell-intermec-ck75-mobile-handheld-computer-refurbished","status":"publish","type":"product","link":"https:\/\/micronordic.com\/da\/product\/honeywell-intermec-ck75-mobile-handheld-computer-refurbished\/","title":{"rendered":"Honeywell CK75 Handheld Mobile Computer (EX-DEMO)"},"content":{"rendered":"<?xml encoding=\"utf-8\" ?><h2 data-start=\"306\" data-end=\"358\">Honeywell CK75 Handheld Mobile Computer (EX-DEMO)<\/h2><p data-start=\"360\" data-end=\"674\"><strong data-start=\"364\" data-end=\"407\">Honeywell CK75 Handheld Mobile Computer<\/strong> er en ultrarugged mobil enhed, der er udviklet til ekstreme industri- og logistikmilj&oslash;er. Den er kompakt, men kraftfuld og kombinerer avanceret scanning, fleksible operativsystemer og enest&aring;ende holdbarhed for at holde medarbejderne produktive under de mest barske forhold. <\/p><p>Hos <strong data-start=\"679\" data-end=\"695\">Micro Nordic<\/strong> er CK75 tilg&aelig;ngelig som <strong data-start=\"722\" data-end=\"739\">EX-DEMO-enheder<\/strong>. Disse enheder er blevet brugt kortvarigt til demonstrationer, professionelt renoveret med ny plast og digitizere, fuldt testet og verificeret for ydeevne. De leveres med 12 m&aring;neders garanti og tilbyder virksomheder f&oslash;rsteklasses rugged teknologi til en reduceret pris.  <\/p><h2 data-start=\"1030\" data-end=\"1067\">N&oslash;glefunktioner i Honeywell CK75<\/h2><ul data-start=\"1069\" data-end=\"2250\">\n<li data-start=\"1069\" data-end=\"1186\">\n<p data-start=\"1071\" data-end=\"1186\"><strong data-start=\"1071\" data-end=\"1100\">Ultra-rugged konstruktion<\/strong> &ndash; IP67-certificeret, faldtestet fra 2,4 m (8 ft) og bygget til at klare 2.000 tumlinger.<\/p>\n<\/li>\n<li data-start=\"1187\" data-end=\"1304\">\n<p data-start=\"1189\" data-end=\"1304\"><strong data-start=\"1189\" data-end=\"1221\">Kompakt og let design<\/strong> &ndash; Ca. 31 % mindre og lettere end sammenlignelige ultra-rugged h&aring;ndholdte enheder.<\/p>\n<\/li>\n<li data-start=\"1305\" data-end=\"1423\">\n<p data-start=\"1307\" data-end=\"1423\"><strong data-start=\"1307\" data-end=\"1337\">Fleksible operativsystemer<\/strong> &ndash; Underst&oslash;tter b&aring;de Windows Embedded Handheld 6.5 og Android 6.0 for problemfri migration.<\/p>\n<\/li>\n<li data-start=\"1424\" data-end=\"1537\">\n<p data-start=\"1426\" data-end=\"1537\"><strong data-start=\"1426\" data-end=\"1454\">Extended-Range 2D Imager<\/strong> &ndash; L&aelig;ser stregkoder fra kort til lang afstand, hvilket &oslash;ger n&oslash;jagtigheden og produktiviteten.<\/p>\n<\/li>\n<li data-start=\"1538\" data-end=\"1664\">\n<p data-start=\"1540\" data-end=\"1664\"><strong data-start=\"1540\" data-end=\"1574\">Version til kold opbevaring<\/strong> &ndash; valgfri opvarmet sk&aelig;rm og scannervindue til fryse- og k&oslash;lemilj&oslash;er.<\/p>\n<\/li>\n<li data-start=\"1665\" data-end=\"1771\">\n<p data-start=\"1667\" data-end=\"1771\"><strong data-start=\"1667\" data-end=\"1692\">Tr&aring;dl&oslash;s forbindelse<\/strong> &ndash; Dual-band Wi-Fi (802.11 a\/b\/g\/n) og Bluetooth for p&aring;lidelig kommunikation.<\/p>\n<\/li>\n<li data-start=\"1772\" data-end=\"1882\">\n<p data-start=\"1774\" data-end=\"1882\"><strong data-start=\"1774\" data-end=\"1797\">Effektiv processor<\/strong> &ndash; Drevet af en 1,5 GHz dual-core processor for hurtig ydeevne i applikationer.<\/p>\n<\/li>\n<li data-start=\"1883\" data-end=\"1985\">\n<p data-start=\"1885\" data-end=\"1985\"><strong data-start=\"1885\" data-end=\"1910\">Batteri med h&oslash;j kapacitet<\/strong> &ndash; 5.200 mAh Li-ion-batteri underst&oslash;tter hot-swapping for l&aelig;ngerevarende drift.<\/p>\n<\/li>\n<li data-start=\"1986\" data-end=\"2131\">\n<p data-start=\"1988\" data-end=\"2131\"><strong data-start=\"1988\" data-end=\"2032\">Scanning og datafangst i virksomhedsklasse<\/strong> &ndash; valgfri EX25 Near\/Far-imager for maksimal fleksibilitet i lager- og logistikapplikationer.<\/p>\n<\/li>\n<li data-start=\"2132\" data-end=\"2250\">\n<p data-start=\"2134\" data-end=\"2250\"><strong data-start=\"2134\" data-end=\"2157\">Refurbished To Last<\/strong> &ndash; Alle EX-DEMO-enheder opdateres og testes for at sikre fuld funktionalitet og p&aring;lidelighed.<\/p>\n<\/li>\n<\/ul><h2 data-start=\"2252\" data-end=\"2289\">De vigtigste fordele ved Honeywell CK75<\/h2><h3 data-start=\"2291\" data-end=\"2331\">Rugged ydeevne til en lavere pris<\/h3><p data-start=\"2332\" data-end=\"2517\">EX-DEMO-enheder tilbyder samme holdbarhed og ydeevne som nye modeller til en betydeligt reduceret pris. Hver enhed er fuldt restaureret og kvalitetstjekket af teknikere inden videresalg. <\/p><h3 data-start=\"2519\" data-end=\"2559\">Alsidig underst&oslash;ttelse af operativsystemer<\/h3><p data-start=\"2560\" data-end=\"2719\">CK75 kan k&oslash;re b&aring;de Windows og Android, hvilket g&oslash;r den til et fremragende valg for virksomheder, der skifter til moderne platforme uden at miste den gamle kompatibilitet.<\/p><h3 data-start=\"2721\" data-end=\"2755\">P&aring;lidelig scanning med lang r&aelig;kkevidde<\/h3><p data-start=\"2756\" data-end=\"2927\">Den valgfri imager med udvidet r&aelig;kkevidde muligg&oslash;r hurtig og pr&aelig;cis stregkodel&aelig;sning fra t&aelig;t kontakt til store hyldeafstande, hvilket &oslash;ger effektiviteten p&aring; hele lageret.<\/p><h3 data-start=\"2929\" data-end=\"2965\">Klar til ekstreme milj&oslash;er<\/h3><p data-start=\"2966\" data-end=\"3128\">Med en IP67-forsegling og et robust hus t&aring;ler CK75 st&oslash;v, fugt og fald. Cold Storage-udgaven sikrer p&aring;lidelig funktionalitet selv i fryseomr&aring;der. <\/p><h3 data-start=\"3130\" data-end=\"3159\">Kontinuerlig forbindelse<\/h3><p data-start=\"3160\" data-end=\"3313\">Dual-band Wi-Fi og Bluetooth holder medarbejdere i marken og p&aring; lageret forbundet med virksomhedens systemer og sikrer dataudveksling i realtid og n&oslash;jagtige arbejdsgange.<\/p><h3 data-start=\"3315\" data-end=\"3357\">Bevist p&aring;lidelighed fra Micro Nordic<\/h3><p data-start=\"3358\" data-end=\"3524\">Hos <strong data-start=\"3361\" data-end=\"3377\">Micro Nordic<\/strong> bliver hver EX-DEMO Honeywell CK75 renoveret efter strenge standarder og klar til brug med en fornyet garanti og valgfri serviceforl&aelig;ngelse.<\/p><h2 data-start=\"374\" data-end=\"395\"><strong data-start=\"374\" data-end=\"393\">Ideelle brugsscenarier<\/strong><\/h2><ul data-start=\"396\" data-end=\"923\">\n<li data-start=\"396\" data-end=\"491\">\n<p data-start=\"398\" data-end=\"491\"><strong data-start=\"398\" data-end=\"427\">Field Service &amp; Utilities<\/strong> &ndash; P&aring;lidelig til inspektion, vedligeholdelse og asset management.<\/p>\n<\/li>\n<li data-start=\"492\" data-end=\"598\">\n<p data-start=\"494\" data-end=\"598\"><strong data-start=\"494\" data-end=\"532\">Offentlig sikkerhed og beredskab<\/strong> &ndash; Missionsklar ydeevne til politi, brandv&aelig;sen og redningshold.<\/p>\n<\/li>\n<li data-start=\"599\" data-end=\"715\">\n<p data-start=\"601\" data-end=\"715\"><strong data-start=\"601\" data-end=\"642\">Produktion og industridrift<\/strong> &ndash; Rugged p&aring;lidelighed med modul&aelig;r tilpasning til processer p&aring; stedet.<\/p>\n<\/li>\n<li data-start=\"716\" data-end=\"817\">\n<p data-start=\"718\" data-end=\"817\"><strong data-start=\"718\" data-end=\"740\">Milit&aelig;r og forsvar<\/strong> &ndash; Dokumenteret ydeevne i taktiske og operationelle milj&oslash;er med h&oslash;j belastning.<\/p>\n<\/li>\n<li data-start=\"818\" data-end=\"923\">\n<p data-start=\"820\" data-end=\"923\"><strong data-start=\"820\" data-end=\"845\">Transport &amp; Logistik<\/strong> &ndash; Str&oslash;mlinet dataadgang og navigation i fl&aring;de- og lagerdrift<\/p>\n<\/li>\n<\/ul><h2 data-start=\"3750\" data-end=\"3772\">Sammenligninger af produkter<\/h2><p data-start=\"3774\" data-end=\"3968\"><strong data-start=\"3778\" data-end=\"3796\">Honeywell CK75<\/strong> giver ultra rugged ydeevne til industrielle og logistiske arbejdsgange. For organisationer, der overvejer alternativer, omfatter relevante muligheder, der er tilg&aelig;ngelige hos Micro Nordic: <\/p><ul data-start=\"3970\" data-end=\"4335\">\n<li data-start=\"3970\" data-end=\"4103\">\n<p data-start=\"3972\" data-end=\"4103\"><a href=\"https:\/\/micronordic.com\/product\/honeywell-ck65-mobile-handheld-computer-refurbished\/\"><strong data-start=\"3972\" data-end=\"4015\">Honeywell CK65 H&aring;ndholdt <\/strong><\/a><strong data-start=\"3972\" data-end=\"4015\"><a href=\"https:\/\/micronordic.com\/product\/honeywell-ck65-mobile-handheld-computer-refurbished\/\">Mobil computer<\/a><\/strong> &ndash; Den moderne efterf&oslash;lger til CK75 med Android 10, hurtigere CPU og udvidet support.<\/p>\n<\/li>\n<li data-start=\"4104\" data-end=\"4215\">\n<p data-start=\"4106\" data-end=\"4215\"><a href=\"https:\/\/micronordic.com\/product\/zebra-tc58-handheld-mobile-computer\/\"><strong data-start=\"4106\" data-end=\"4143\">Zebra TC58 Handheld Mobile Computer<\/strong><\/a> &ndash; En avanceret 5G-klar Android-h&aring;ndcomputer til dataintensive arbejdsgange.<\/p>\n<\/li>\n<li data-start=\"4216\" data-end=\"4335\">\n<p data-start=\"4218\" data-end=\"4335\"><a href=\"http:\/\/tc52\" target=\"_blank\"><strong data-start=\"4218\" data-end=\"4258\">Zebra TC52 Handheld Mobile Computer<\/strong><\/a> &ndash; En &aelig;ldre renoveret enhed, der er ideel til omkostningsbevidste, rugged implementeringer.<\/p>\n<\/li>\n<\/ul>\n","protected":false},"excerpt":{"rendered":"<p>V\u00c6LG EN VARIANT NEDENFOR! Ring til os, hvis du har brug for hj\u00e6lp til at finde den rigtige produktvariant. <\/p>\n<h3>Specifikationer:<\/h3>\n<ul>\n<li><strong>Sk\u00e6rm:<\/strong> 3,5\u2033 QVGA (480\u00d7640) ber\u00f8ringssk\u00e6rm, der kan l\u00e6ses i sollys<\/li>\n<li><strong>Processor:<\/strong> 1,5 GHz dual-core TI OMAP 4470<\/li>\n<li><strong>Grafik:<\/strong> Integreret grafikmotor<\/li>\n<li><strong>Hukommelse:<\/strong> Kan udvides via microSD<\/li>\n<li><strong>Lagerplads:<\/strong> Intern flash + microSD-slot<\/li>\n<li><strong>Tilslutningsmuligheder:<\/strong> Dual-band Wi-Fi (802.11 a\/b\/g\/n), Bluetooth 4.x<\/li>\n<li><strong>Rugged certificeringer:<\/strong> IP67, fald fra 2,4 m, 2.000 tumlinger<\/li>\n<li><strong>Sikkerhed:<\/strong> Sikkerhedsmoduler p\u00e5 OS-niveau til Windows\/Android<\/li>\n<li><strong>Batteri:<\/strong> 5.200 mAh Li-ion hot-swappable batteri<\/li>\n<li><strong>M\u00e5l og v\u00e6gt:<\/strong> 237 \u00d7 80 \u00d7 50 mm, ca. 584 g med batteri <\/li>\n<li><strong>Garanti:<\/strong> 12 m\u00e5neders EX-DEMO-garanti<\/li>\n<\/ul>\n<p><strong>V\u00e6lg venligst den korrekte model nedenfor, f\u00f8r du l\u00e6gger den i kurven.<\/strong><\/p>\n","protected":false},"author":16,"featured_media":36267,"template":"","meta":{"_acf_changed":false,"inline_featured_image":false},"product-condition":[5263],"product_brand":[8976],"product_cat":[5109,5106,5112],"product_tag":[4927,4886],"class_list":{"0":"post-48099","1":"product","2":"type-product","3":"status-publish","4":"has-post-thumbnail","6":"product-condition-ex-demo","7":"product_brand-honeywell-intermec","8":"product_cat-honeywell-intermec","9":"product_cat-all-barcode-scanners","10":"product_cat-refurbished-rugged-hardware","11":"product_tag-ck75-da","12":"product_tag-wrd-da","13":"pa_model-part-number-ck75aa6ec00a6400","14":"pa_model-part-number-ck75aa6ec00w1400","15":"pa_model-part-number-ck75aa6en00a6400","16":"pa_model-part-number-ck75aa6en00w1420","17":"pa_model-part-number-ck75ab6en00a6400","18":"pa_model-part-number-ck75ab6en00w1400","19":"pa_model-part-number-ck75ab6mn00a6400","20":"pa_model-part-number-ck75ab6mn00w1420","22":"first","23":"instock","24":"taxable","25":"shipping-taxable","26":"purchasable","27":"product-type-variable"},"acf":[],"_links":{"self":[{"href":"https:\/\/micronordic.com\/da\/wp-json\/wp\/v2\/product\/48099","targetHints":{"allow":["GET"]}}],"collection":[{"href":"https:\/\/micronordic.com\/da\/wp-json\/wp\/v2\/product"}],"about":[{"href":"https:\/\/micronordic.com\/da\/wp-json\/wp\/v2\/types\/product"}],"author":[{"embeddable":true,"href":"https:\/\/micronordic.com\/da\/wp-json\/wp\/v2\/users\/16"}],"version-history":[{"count":3,"href":"https:\/\/micronordic.com\/da\/wp-json\/wp\/v2\/product\/48099\/revisions"}],"predecessor-version":[{"id":98271,"href":"https:\/\/micronordic.com\/da\/wp-json\/wp\/v2\/product\/48099\/revisions\/98271"}],"wp:featuredmedia":[{"embeddable":true,"href":"https:\/\/micronordic.com\/da\/wp-json\/wp\/v2\/media\/36267"}],"wp:attachment":[{"href":"https:\/\/micronordic.com\/da\/wp-json\/wp\/v2\/media?parent=48099"}],"wp:term":[{"taxonomy":"product-condition","embeddable":true,"href":"https:\/\/micronordic.com\/da\/wp-json\/wp\/v2\/product-condition?post=48099"},{"taxonomy":"product_brand","embeddable":true,"href":"https:\/\/micronordic.com\/da\/wp-json\/wp\/v2\/product_brand?post=48099"},{"taxonomy":"product_cat","embeddable":true,"href":"https:\/\/micronordic.com\/da\/wp-json\/wp\/v2\/product_cat?post=48099"},{"taxonomy":"product_tag","embeddable":true,"href":"https:\/\/micronordic.com\/da\/wp-json\/wp\/v2\/product_tag?post=48099"}],"curies":[{"name":"wp","href":"https:\/\/api.w.org\/{rel}","templated":true}]}}