{"id":48093,"date":"2023-03-01T09:30:14","date_gmt":"2023-03-01T08:30:14","guid":{"rendered":"https:\/\/micronordic.com\/product\/honeywell-ck65-mobil-haandholdt-computer-renoveret\/"},"modified":"2026-01-19T13:59:55","modified_gmt":"2026-01-19T12:59:55","slug":"honeywell-ck65-mobile-handheld-computer-refurbished","status":"publish","type":"product","link":"https:\/\/micronordic.com\/da\/product\/honeywell-ck65-mobile-handheld-computer-refurbished\/","title":{"rendered":"Honeywell CK65 Handheld Mobile Computer (EX-DEMO)"},"content":{"rendered":"<?xml encoding=\"utf-8\" ?><h2 data-start=\"573\" data-end=\"617\">Honeywell CK65 Handheld Mobile Computer<\/h2><p data-start=\"619\" data-end=\"1092\"><strong data-start=\"623\" data-end=\"666\">Honeywell CK65 Handheld Mobile Computer<\/strong> er bygget til at maksimere arbejdsstyrkens produktivitet og enhedens levetid i kr&aelig;vende industrimilj&oslash;er. Med avanceret datafangst, rugged holdbarhed og fleksible tilslutningsmuligheder er CK65 ideel til lagre, produktionsanl&aelig;g, logistikknudepunkter og distributionscentre.<\/p><p>Den f&aring;s b&aring;de som <strong data-start=\"964\" data-end=\"975\">EX-DEMO<\/strong> og <strong data-start=\"980\" data-end=\"994\">NEW IN BOX<\/strong> og giver virksomheder mulighed for at v&aelig;lge mellem omkostningseffektivitet og helt ny, fabriksforseglet hardware. Ex-Demo-enheder har <strong>12 m&aring;neders garanti<\/strong>, mens <strong data-start=\"52\" data-end=\"83\">fabriksnye, rugged scannere<\/strong> leveres med <strong data-start=\"104\" data-end=\"132\">2 &aring;rs standardgaranti<\/strong> for p&aring;lidelig ro i sindet.<\/p><h2 data-start=\"1094\" data-end=\"1133\">De vigtigste funktioner i Honeywell CK65<\/h2><ul data-start=\"1135\" data-end=\"2270\">\n<li data-start=\"1135\" data-end=\"1277\">\n<p data-start=\"1137\" data-end=\"1277\"><strong data-start=\"1137\" data-end=\"1158\">Rugged holdbarhed<\/strong> &ndash; MIL-STD-810G-certificeret med IP65- og IP68-klassificering; faldsikker ned til 3 meter og tumletestet op til 3.000 gange.<\/p>\n<\/li>\n<li data-start=\"1278\" data-end=\"1362\">\n<p data-start=\"1280\" data-end=\"1362\"><strong data-start=\"1280\" data-end=\"1291\">Sk&aelig;rm<\/strong> &ndash; 4&Prime; WVGA multi-touch-sk&aelig;rm, der kan l&aelig;ses i sollys og er handskevenlig.<\/p>\n<\/li>\n<li data-start=\"1363\" data-end=\"1466\">\n<p data-start=\"1365\" data-end=\"1466\"><strong data-start=\"1365\" data-end=\"1385\">Processorkraft<\/strong> &ndash; Qualcomm&reg; SD660 octa-core, 2,2 GHz processor med langvarig Android-underst&oslash;ttelse.<\/p>\n<\/li>\n<li data-start=\"1467\" data-end=\"1577\">\n<p data-start=\"1469\" data-end=\"1577\"><strong data-start=\"1469\" data-end=\"1489\">Operativsystem<\/strong> &ndash; Android 9, kan opgraderes til Android 13 med Honeywells Mobility Edge&trade;-platform.<\/p>\n<\/li>\n<li data-start=\"1578\" data-end=\"1619\">\n<p data-start=\"1580\" data-end=\"1619\"><strong data-start=\"1580\" data-end=\"1590\">Hukommelse<\/strong> &ndash; 3 GB \/ 4 GB RAM-muligheder.<\/p>\n<\/li>\n<li data-start=\"1620\" data-end=\"1702\">\n<p data-start=\"1622\" data-end=\"1702\"><strong data-start=\"1622\" data-end=\"1633\">Lagerplads<\/strong> &ndash; 32 GB \/ 64 GB flashlager med microSD-udvidelse op til 512 GB.<\/p>\n<\/li>\n<li data-start=\"1703\" data-end=\"1805\">\n<p data-start=\"1705\" data-end=\"1805\"><strong data-start=\"1705\" data-end=\"1725\">Scanningsmuligheder<\/strong> &ndash; Valg af N6703, N6803FR, EX20 n&aelig;r-\/fjernbilleder til 1D\/2D-stregkodescanning.<\/p>\n<\/li>\n<li data-start=\"1806\" data-end=\"1885\">\n<p data-start=\"1808\" data-end=\"1885\"><strong data-start=\"1808\" data-end=\"1824\">Tilslutningsmuligheder<\/strong> &ndash; Wi-Fi 802.11 a\/b\/g\/n\/ac, Bluetooth 5.0, valgfri 4G LTE.<\/p>\n<\/li>\n<li data-start=\"1886\" data-end=\"1962\">\n<p data-start=\"1888\" data-end=\"1962\"><strong data-start=\"1888\" data-end=\"1899\">Batteri<\/strong> &ndash; Smart 7.000 mAh Li-Ion-batteri med op til 28 timers brug.<\/p>\n<\/li>\n<li data-start=\"1963\" data-end=\"2072\">\n<p data-start=\"1965\" data-end=\"2072\"><strong data-start=\"1965\" data-end=\"1977\">Sikkerhed<\/strong> &ndash; Integreret med Honeywells sikkerhed p&aring; virksomhedsniveau og patching gennem Mobility Edge&trade;.<\/p>\n<\/li>\n<li data-start=\"2073\" data-end=\"2162\">\n<p data-start=\"2075\" data-end=\"2162\"><strong data-start=\"2075\" data-end=\"2090\">Formfaktor<\/strong> &ndash; mulighed for ergonomisk pistolgreb til l&aelig;ngerevarende scanningsopgaver.<\/p>\n<\/li>\n<li data-start=\"2163\" data-end=\"2270\">\n<p data-start=\"2165\" data-end=\"2270\"><strong data-start=\"2165\" data-end=\"2181\">Tilg&aelig;ngelighed<\/strong> &ndash; Tilbydes som <strong data-start=\"2195\" data-end=\"2206\">EX-DEMO<\/strong> (let brugte demoenheder) eller <strong data-start=\"2236\" data-end=\"2250\">NEW IN BOX<\/strong> (fabriksforseglet).<\/p>\n<\/li>\n<\/ul><h2 data-start=\"2272\" data-end=\"2311\">De vigtigste fordele ved Honeywell CK65<\/h2><h3 data-start=\"2313\" data-end=\"2337\">Rugged p&aring;lidelighed<\/h3><p data-start=\"2338\" data-end=\"2554\">Med IP65\/IP68-klassificering og testet for fald p&aring; op til 3 meter kan CK65 h&aring;ndtere de h&aring;rdeste milj&oslash;er. Dens rugged build sikrer konsekvent ydeevne i k&oslash;lerum, st&oslash;vede lagre og travle fabriksgulve.<\/p><h3 data-start=\"2556\" data-end=\"2590\">Fremtidssikret Android-underst&oslash;ttelse<\/h3><p data-start=\"2591\" data-end=\"2799\">CK65 er en del af Honeywells Mobility Edge&trade;-platform, der tilbyder garanterede Android-opgraderinger til og med version 13. Det beskytter din investering og sikrer kompatibilitet med fremtidige virksomhedsapplikationer.<\/p><h3 data-start=\"2801\" data-end=\"2828\">Forl&aelig;nget batterilevetid<\/h3><p data-start=\"2829\" data-end=\"2990\">Det kraftfulde 7.000 mAh-batteri leverer op til 28 timers brug, hvilket giver mulighed for &aelig;gte flerskiftsdrift. Batterier, der kan udskiftes undervejs, reducerer nedetiden yderligere.<\/p><h3 data-start=\"2992\" data-end=\"3023\">H&oslash;jtydende scanning<\/h3><p data-start=\"3024\" data-end=\"3183\">Med flere scanningsmotorer kan CK65 l&aelig;se stregkoder under udfordrende forhold, herunder beskadigede etiketter eller scanning over lange afstande i store lagerbygninger.<\/p><h3 data-start=\"3185\" data-end=\"3219\">Fleksible indk&oslash;bsmuligheder<\/h3><p data-start=\"3220\" data-end=\"3489\">Virksomheder kan v&aelig;lge mellem omkostningseffektive <strong data-start=\"3266\" data-end=\"3283\">EX-DEMO-enheder<\/strong>, som er let h&aring;ndterede demoenheder, og <strong data-start=\"3329\" data-end=\"3349\">NEW IN BOX-enheder<\/strong>, som er fabriksforseglede og aldrig har v&aelig;ret brugt. Det giver virksomhederne mulighed for at matche budgetterne med de operationelle behov uden at g&aring; p&aring; kompromis med kvaliteten.<\/p><h2 data-start=\"3491\" data-end=\"3530\">Ideelle brugsscenarier for Honeywell CK65<\/h2><ul data-start=\"3532\" data-end=\"4016\">\n<li data-start=\"3532\" data-end=\"3641\">\n<p data-start=\"3534\" data-end=\"3641\"><strong data-start=\"3534\" data-end=\"3566\">Lager og distribution<\/strong> &ndash; P&aring;lidelig scanning og dataadgang i kr&aelig;vende logistikmilj&oslash;er.<\/p>\n<\/li>\n<li data-start=\"3642\" data-end=\"3728\">\n<p data-start=\"3644\" data-end=\"3728\"><strong data-start=\"3644\" data-end=\"3661\">Produktion<\/strong> &ndash; Bygget til at modst&aring; vibrationer, st&oslash;v og industrielle forhold.<\/p>\n<\/li>\n<li data-start=\"3729\" data-end=\"3828\">\n<p data-start=\"3731\" data-end=\"3828\"><strong data-start=\"3731\" data-end=\"3772\">K&oslash;le- og frysemilj&oslash;er<\/strong> &ndash; Rugged design underst&oslash;tter udvidede temperaturomr&aring;der.<\/p>\n<\/li>\n<li data-start=\"3829\" data-end=\"3930\">\n<p data-start=\"3831\" data-end=\"3930\"><strong data-start=\"3831\" data-end=\"3862\">Field service og logistik<\/strong> &ndash; Tr&aring;dl&oslash;s forbindelse og lang batterilevetid for mobile medarbejdere.<\/p>\n<\/li>\n<li data-start=\"3931\" data-end=\"4016\">\n<p data-start=\"3933\" data-end=\"4016\"><strong data-start=\"3933\" data-end=\"3963\">Butiksdrift i baglokalet<\/strong> &ndash; effektiv stregkodescanning og lagerstyring.<\/p>\n<\/li>\n<\/ul><h2 data-start=\"4018\" data-end=\"4071\">Sammenligninger af produkter: Alternativer til Honeywell CK65<\/h2><p data-start=\"4073\" data-end=\"4177\">For virksomheder, der udforsker rugged handhelds, omfatter andre relevante produkter, der er tilg&aelig;ngelige hos Micro Nordic:<\/p><ul data-start=\"4179\" data-end=\"4552\">\n<li data-start=\"4179\" data-end=\"4302\">\n<p data-start=\"4181\" data-end=\"4302\"><a href=\"https:\/\/micronordic.com\/product\/zebra-tc58-handheld-mobile-computer\/\"><strong data-start=\"4181\" data-end=\"4218\">Zebra TC58 Rugged Handheld Mobile Computer<\/strong><\/a> &ndash; En n&aelig;ste generations Android-h&aring;ndcomputer med 5G-forbindelse til avancerede arbejdsgange.<\/p>\n<\/li>\n<li data-start=\"4303\" data-end=\"4434\">\n<p data-start=\"4305\" data-end=\"4434\"><a href=\"https:\/\/micronordic.com\/product\/honeywell-dolphin-ct40-mobile-handheld-computer\/\"><strong>Honeywell Dolphin CT40<\/strong><\/a> &ndash; En alsidig, rugged h&aring;ndholdt computer med Android-underst&oslash;ttelse og avanceret sikkerhed til virksomhedsmobilitet.<\/p>\n<\/li>\n<li data-start=\"4435\" data-end=\"4552\">\n<p data-start=\"4437\" data-end=\"4552\"><a href=\"https:\/\/micronordic.com\/product\/zebra-mc9300-mobile-handheld-computer-refurbished\/\"><strong data-start=\"4437\" data-end=\"4478\">Zebra MC9300 Rugged Handheld Mobile Computer<\/strong> <\/a>&ndash; En st&oslash;rre, ultrarugged enhed designet til kr&aelig;vende industriel brug.<\/p>\n<\/li>\n<\/ul>\n","protected":false},"excerpt":{"rendered":"<p>V\u00c6LG EN VARIANT NEDENFOR! Ring til os, hvis du har brug for hj\u00e6lp til at finde den rigtige produktvariant.<\/p>\n<h3>Specifikationer:<\/h3>\n<ul>\n<li><strong>Sk\u00e6rm:<\/strong> 4\u2033 WVGA (480\u00d7800), kan l\u00e6ses i sollys, handskevenlig ber\u00f8ring<\/li>\n<li><strong>Processor:<\/strong> Qualcomm\u00ae SD660 octa-core, 2,2 GHz<\/li>\n<li><strong>Grafik:<\/strong> Integreret Adreno\u2122 512 GPU<\/li>\n<li><strong>Hukommelse:<\/strong> 3 GB \/ 4 GB RAM<\/li>\n<li><strong>Lagerplads:<\/strong> 32 GB \/ 64 GB flash, microSD op til 512 GB<\/li>\n<li><strong>Tilslutningsmuligheder:<\/strong> Wi-Fi 802.11 a\/b\/g\/n\/ac, Bluetooth 5.0, valgfri 4G LTE<\/li>\n<li><strong>Rugged certificeringer:<\/strong> MIL-STD-810G, IP65 &amp; IP68, 3 m faldmodstand, 3.000 tumlinger<\/li>\n<li><strong>Mulighed for scanning:<\/strong> N6703, N6803FR, EX20 1D\/2D-billeder<\/li>\n<li><strong>Batteri:<\/strong> 7.000 mAh Li-Ion, op til 28 timers driftstid<\/li>\n<li><strong>M\u00e5l og v\u00e6gt:<\/strong> 22,2 \u00d7 8,3 \u00d7 4,2 cm, ca. 584 g<\/li>\n<li><strong><strong><strong>Garanti: <\/strong><\/strong><\/strong>F\u00e5s som EX-DEMO med 12 m\u00e5neders garanti eller NEW IN BOX med 2 \u00e5rs garanti.<\/li>\n<\/ul>\n<p><strong>V\u00e6lg venligst den korrekte model nedenfor, f\u00f8r du l\u00e6gger den i kurven.<\/strong><\/p>\n","protected":false},"author":24,"featured_media":100560,"template":"","meta":{"_acf_changed":false,"inline_featured_image":false},"product-condition":[5263],"product_brand":[8976],"product_cat":[5109,5106,5112],"product_tag":[],"class_list":{"0":"post-48093","1":"product","2":"type-product","3":"status-publish","4":"has-post-thumbnail","6":"product-condition-ex-demo","7":"product_brand-honeywell-intermec","8":"product_cat-honeywell-intermec","9":"product_cat-all-barcode-scanners","10":"product_cat-refurbished-rugged-hardware","11":"pa_model-part-number-ck65-l0n-amn210e","12":"pa_model-part-number-ck65-l0n-asn210e","13":"pa_model-part-number-ck65-l0n-b8c214e","14":"pa_model-part-number-ck65-l0n-bsc210e","15":"pa_model-part-number-ck65-l0n-cmn210e","16":"pa_model-part-number-ck65-l0n-dmc210e","17":"pa_model-part-number-ck65-l0n-e8c214e","19":"first","20":"instock","21":"taxable","22":"shipping-taxable","23":"purchasable","24":"product-type-variable","25":"has-default-attributes"},"acf":[],"_links":{"self":[{"href":"https:\/\/micronordic.com\/da\/wp-json\/wp\/v2\/product\/48093","targetHints":{"allow":["GET"]}}],"collection":[{"href":"https:\/\/micronordic.com\/da\/wp-json\/wp\/v2\/product"}],"about":[{"href":"https:\/\/micronordic.com\/da\/wp-json\/wp\/v2\/types\/product"}],"author":[{"embeddable":true,"href":"https:\/\/micronordic.com\/da\/wp-json\/wp\/v2\/users\/24"}],"version-history":[{"count":4,"href":"https:\/\/micronordic.com\/da\/wp-json\/wp\/v2\/product\/48093\/revisions"}],"predecessor-version":[{"id":101962,"href":"https:\/\/micronordic.com\/da\/wp-json\/wp\/v2\/product\/48093\/revisions\/101962"}],"wp:featuredmedia":[{"embeddable":true,"href":"https:\/\/micronordic.com\/da\/wp-json\/wp\/v2\/media\/100560"}],"wp:attachment":[{"href":"https:\/\/micronordic.com\/da\/wp-json\/wp\/v2\/media?parent=48093"}],"wp:term":[{"taxonomy":"product-condition","embeddable":true,"href":"https:\/\/micronordic.com\/da\/wp-json\/wp\/v2\/product-condition?post=48093"},{"taxonomy":"product_brand","embeddable":true,"href":"https:\/\/micronordic.com\/da\/wp-json\/wp\/v2\/product_brand?post=48093"},{"taxonomy":"product_cat","embeddable":true,"href":"https:\/\/micronordic.com\/da\/wp-json\/wp\/v2\/product_cat?post=48093"},{"taxonomy":"product_tag","embeddable":true,"href":"https:\/\/micronordic.com\/da\/wp-json\/wp\/v2\/product_tag?post=48093"}],"curies":[{"name":"wp","href":"https:\/\/api.w.org\/{rel}","templated":true}]}}