{"id":48059,"date":"2023-10-10T19:24:14","date_gmt":"2023-10-10T17:24:14","guid":{"rendered":"https:\/\/micronordic.com\/product\/dell-latitude-13-rugged-extreme-7330-baerbar-computer-ny\/"},"modified":"2025-11-17T11:43:17","modified_gmt":"2025-11-17T10:43:17","slug":"dell-latitude-7330-rugged-extreme","status":"publish","type":"product","link":"https:\/\/micronordic.com\/da\/product\/dell-latitude-7330-rugged-extreme\/","title":{"rendered":"Dell Latitude 7330 Rugged Extreme Laptop (NY)"},"content":{"rendered":"<?xml encoding=\"utf-8\" ?><h2 data-start=\"194\" data-end=\"238\">Dell Latitude 7330 Rugged Extreme Laptop<\/h2><p data-start=\"240\" data-end=\"734\">Dell Latitude 7330 Rugged Extreme er en 13,3&Prime; fuldt rugged laptop designet til professionelle, der arbejder under de h&aring;rdeste forhold. Den kombinerer holdbarhed i milit&aelig;rklassen med ydeevne i virksomhedsklassen og leverer den kraft, de tilslutningsmuligheder og den p&aring;lidelighed, der kr&aelig;ves til arbejdsgange i forsvaret, den offentlige sikkerhed, feltservice og industrien. Med sit lette design og alsidige konfigurationsmuligheder skiller Latitude 7330 sig ud som en af de mest mobile Fully Rugged laptops i sin klasse.  <\/p><p class=\"p1\">Nye produkter har 3 &aring;rs producentgaranti.<\/p><h2 data-start=\"736\" data-end=\"794\">N&oslash;glefunktioner i Dell Latitude 7330 Rugged Extreme<\/h2><ul data-start=\"796\" data-end=\"1593\">\n<li data-start=\"796\" data-end=\"886\">\n<p data-start=\"798\" data-end=\"886\"><strong>Fully Rugged design<\/strong> &ndash; MIL-STD-810H-certificeret, IP65-klassificeret og faldtestet fra 6 meter.<\/p>\n<\/li>\n<li data-start=\"887\" data-end=\"983\">\n<p data-start=\"889\" data-end=\"983\"><strong>13,3&Prime; FHD-sk&aelig;rm, der kan l&aelig;ses i sollys<\/strong> &ndash; 1400 nits lysstyrke med underst&oslash;ttelse af handsker og wet touch.<\/p>\n<\/li>\n<li data-start=\"984\" data-end=\"1076\">\n<p data-start=\"986\" data-end=\"1076\"><strong>Ydelsesmuligheder<\/strong> &ndash; 11. generations Intel&reg; Core&trade; i5\/i7-processorer med valgfri Intel&reg; vPro&reg;.<\/p>\n<\/li>\n<li data-start=\"1077\" data-end=\"1145\">\n<p data-start=\"1079\" data-end=\"1145\"><strong>Hukommelse og lagerplads<\/strong> &ndash; Kan konfigureres med op til 32 GB DDR4 RAM og op til 2 TB PCIe SSD.<\/p>\n<\/li>\n<li data-start=\"1146\" data-end=\"1236\">\n<p data-start=\"1148\" data-end=\"1236\"><strong>Tilslutningsmuligheder<\/strong> &ndash; Wi-Fi 6E, Bluetooth 5.2, valgfri 4G LTE\/5G, GPS og &aelig;ldre I\/O-porte.<\/p>\n<\/li>\n<li data-start=\"1237\" data-end=\"1331\">\n<p data-start=\"1239\" data-end=\"1331\"><strong>Sikkerhed<\/strong> &ndash; TPM 2.0, fingeraftryksl&aelig;ser, Windows Hello, underst&oslash;ttelse af smartcard og RFID-l&aelig;ser.<\/p>\n<\/li>\n<li data-start=\"1332\" data-end=\"1427\">\n<p data-start=\"1334\" data-end=\"1427\"><strong>Hot-swappable batterier<\/strong> &ndash; Valgfri dobbelt hot-swappable batterier med ExpressCharge-underst&oslash;ttelse.<\/p>\n<\/li>\n<li data-start=\"1428\" data-end=\"1523\">\n<p data-start=\"1430\" data-end=\"1523\"><strong>Let og b&aelig;rbar &ndash; Med en startv&aelig;gt<\/strong> p&aring; 1,97 kg er den en af de letteste i sin klasse.<\/p>\n<\/li>\n<li data-start=\"1524\" data-end=\"1593\">\n<p data-start=\"1526\" data-end=\"1593\"><strong>Garanti<\/strong> &ndash; St&oslash;ttes af Dell ProSupport med op til 3 &aring;rs d&aelig;kning.<\/p>\n<\/li>\n<\/ul><h2 data-start=\"1595\" data-end=\"1642\">Hvorfor v&aelig;lge Latitude 7330 Rugged Laptop?<\/h2><h3 data-start=\"1644\" data-end=\"1667\">Rugged holdbarhed<\/h3><p data-start=\"1668\" data-end=\"1921\">Latitude 7330 Rugged Extreme er konstrueret til at overleve under de h&aring;rdeste forhold. Med MIL-STD-810H-certificering, IP65-forsegling og faldsikkerhed p&aring; op til 2,5 meter er den designet til at modst&aring; st&oslash;v, vand, st&oslash;d, vibrationer og ekstreme temperaturer. <\/p><h3 data-start=\"1923\" data-end=\"1950\">Display klar til udend&oslash;rs brug<\/h3><p data-start=\"1951\" data-end=\"2178\">Den 13,3&Prime; store FHD-sk&aelig;rm leverer 1400 nits lysstyrke for maksimal l&aelig;sbarhed i direkte sollys. Touch-input forbliver p&aring;lideligt i regnvejr, med handsker eller ved brug af en stylus, hvilket g&oslash;r den yderst velegnet til udend&oslash;rs- og feltarbejde. <\/p><h3 data-start=\"2180\" data-end=\"2214\">Ydeevne p&aring; virksomhedsniveau<\/h3><p data-start=\"2215\" data-end=\"2454\">Latitude 7330 drives af Intel&reg; 11. generations Core&trade;-processorer med valgfri vPro&reg; og op til 32 GB RAM og sikrer problemfri multitasking. PCIe SSD-lagring giver hurtige opstartstider og hurtig dataadgang, hvilket er ideelt til dataintensive programmer. <\/p><h3 data-start=\"2456\" data-end=\"2483\">Forbindelse overalt<\/h3><p data-start=\"2484\" data-end=\"2738\">Med Wi-Fi 6E, Bluetooth 5.2 og valgfri 4G LTE eller 5G sikrer Latitude 7330 konsekvent kommunikation. Indbygget GPS giver mulighed for pr&aelig;cis lokaliseringssporing i marken, mens flere I\/O-muligheder giver kompatibilitet med &aelig;ldre systemer. <\/p><h3 data-start=\"2740\" data-end=\"2759\">Power hele dagen<\/h3><p data-start=\"2760\" data-end=\"2976\">Underst&oslash;ttelse af to hot-swappable batterier betyder, at Latitude 7330 kan k&oslash;re kontinuerligt uden nedlukninger. Dells ExpressCharge-teknologi giver desuden mulighed for hurtig genopladning, s&aring; driften kan forts&aelig;tte med minimal nedetid. <\/p><h3 data-start=\"2978\" data-end=\"3004\">Sikker og kompatibel<\/h3><p data-start=\"3005\" data-end=\"3234\">Med TPM 2.0, fingeraftryksscannere, smartcard-l&aelig;sere og RFID-godkendelse tilbyder Latitude 7330 flere lag af sikkerhed. Disse funktioner hj&aelig;lper organisationer med at opfylde strenge virksomheds- og regeringsstandarder. <\/p><h3 data-start=\"3236\" data-end=\"3269\">Letv&aelig;gt Rugged mobilitet<\/h3><p data-start=\"3270\" data-end=\"3482\">Med en v&aelig;gt p&aring; under 2 kg er Latitude 7330 Rugged Extreme en af de letteste fuldt ud robuste laptops p&aring; markedet. Denne b&aelig;rbarhed g&oslash;r den s&aelig;rligt v&aelig;rdifuld for mobile fagfolk, der har brug for holdbarhed uden at fylde for meget. <\/p><h2 data-start=\"3484\" data-end=\"3527\">Ideelle brugsscenarier for Dell Latitude 7330<\/h2><ul data-start=\"3529\" data-end=\"4018\">\n<li data-start=\"3529\" data-end=\"3623\">\n<p data-start=\"3531\" data-end=\"3623\"><strong data-start=\"3531\" data-end=\"3553\">Forsvar og milit&aelig;r<\/strong> &ndash; En let, fuldt rugged l&oslash;sning til sikre operationer i marken.<\/p>\n<\/li>\n<li data-start=\"3624\" data-end=\"3726\">\n<p data-start=\"3626\" data-end=\"3726\"><strong data-start=\"3626\" data-end=\"3643\">Offentlig sikkerhed<\/strong> &ndash; P&aring;lidelig forbindelse og holdbarhed for politi, brandv&aelig;sen og beredskabstjenester.<\/p>\n<\/li>\n<li data-start=\"3727\" data-end=\"3822\">\n<p data-start=\"3729\" data-end=\"3822\"><strong data-start=\"3729\" data-end=\"3758\">Feltservice og forsyningsselskaber<\/strong> &ndash; Rugged mobilitet med lang driftstid og modul&aelig;re tilslutningsmuligheder.<\/p>\n<\/li>\n<li data-start=\"3823\" data-end=\"3916\">\n<p data-start=\"3825\" data-end=\"3916\"><strong data-start=\"3825\" data-end=\"3852\">Industrielle milj&oslash;er<\/strong> &ndash; Bygget til at modst&aring; st&oslash;v, vibrationer og ekstreme forhold.<\/p>\n<\/li>\n<li data-start=\"3917\" data-end=\"4018\">\n<p data-start=\"3919\" data-end=\"4018\"><strong data-start=\"3919\" data-end=\"3949\">Byggeri og teknik<\/strong> &ndash; Sollysafl&aelig;seligt display og rugged konstruktion til udend&oslash;rs projekter.<\/p>\n<\/li>\n<\/ul><h2 data-start=\"4020\" data-end=\"4077\">Sammenligninger af produkter: Alternativer til Dell Latitude 7330<\/h2><p data-start=\"3971\" data-end=\"4165\">Dell Latitude 7330 Rugged Extreme er designet til brugere, der har brug for en let, fuldt ud rugged laptop med ydeevne p&aring; virksomhedsniveau. Andre rugged enheder, der er tilg&aelig;ngelige hos Micro Nordic, omfatter: <\/p><ul data-start=\"4167\" data-end=\"4549\">\n<li data-start=\"4167\" data-end=\"4288\">\n<p data-start=\"4169\" data-end=\"4288\"><a href=\"https:\/\/micronordic.com\/product\/dell-rugged-extreme-5430-new\/\"><strong data-start=\"4169\" data-end=\"4205\">Dell Latitude 5430 Rugged Laptop<\/strong><\/a> &ndash; En Semi-Rugged model med lettere holdbarhed til mindre ekstreme milj&oslash;er.<\/p>\n<\/li>\n<li data-start=\"4289\" data-end=\"4421\">\n<p data-start=\"4291\" data-end=\"4421\"><a href=\"https:\/\/micronordic.com\/product\/getac-b360-g2-fully-rugged-laptop\/\"><strong data-start=\"4291\" data-end=\"4328\">Getac B360 G2 Fully Rugged Laptop<\/strong><\/a> &ndash; Et Fully Rugged 13,3&Prime;-alternativ med valgfri NVIDIA&reg;-grafik og hot-swappable str&oslash;m.<\/p>\n<\/li>\n<li data-start=\"4422\" data-end=\"4549\">\n<p data-start=\"4424\" data-end=\"4549\"><a href=\"https:\/\/micronordic.com\/product\/panasonic-toughbook-fz-55\/\"><strong data-start=\"4424\" data-end=\"4469\">Panasonic TOUGHBOOK 55 MK1-3 Semi-Rugged Laptop<\/strong><\/a> &ndash; En modul&aelig;r Semi-Rugged Laptop, der er ideel til fleksible arbejdsgange fra felt til kontor.<\/p>\n<\/li>\n<\/ul>\n","protected":false},"excerpt":{"rendered":"<h3>Specifikationer:<\/h3>\n<ul>\n<li><strong>Sk\u00e6rm:<\/strong> 13,3\u2033 FHD (1920\u00d71080), 1400 nits ber\u00f8ringssk\u00e6rm, der kan l\u00e6ses i sollys<\/li>\n<li><strong>Processor:<\/strong> 11. generations Intel\u00ae Core\u2122 i5\/i7 med valgfri vPro\u00ae.<\/li>\n<li><strong>Grafik:<\/strong> Integreret Intel\u00ae Iris\u00ae Xe-grafik<\/li>\n<li><strong>Hukommelse:<\/strong> 8 GB (basismodel), kan opgraderes til 32 GB DDR4 RAM<\/li>\n<li><strong>Lagerplads:<\/strong> 256 GB (basismodel), kan opgraderes til 2 TB PCIe SSD<\/li>\n<li><strong>Tilslutningsmuligheder:<\/strong> Wi-Fi 6E, Bluetooth 5.2, valgfri 4G LTE\/5G og GPS<\/li>\n<li><strong>Rugged certificeringer:<\/strong> MIL-STD-810H, IP65, 6 fods faldmodstand<\/li>\n<li><strong>Sikkerhed:<\/strong> TPM 2.0, fingeraftryksl\u00e6ser, underst\u00f8ttelse af smartcard og RFID, Windows Hello<\/li>\n<li><strong>Batteri:<\/strong> Dobbelt hot-swap-batteri med ExpressCharge-underst\u00f8ttelse<\/li>\n<li><strong>M\u00e5l og v\u00e6gt:<\/strong> Ca. 330 \u00d7 220 \u00d7 32 mm, fra 1,97 kg <\/li>\n<li><strong><strong>Garanti: <\/strong><\/strong>3 \u00e5rs Dell ProSupport<\/li>\n<\/ul>\n","protected":false},"author":24,"featured_media":99928,"template":"","meta":{"_acf_changed":false,"inline_featured_image":false},"product-condition":[5258],"product_brand":[8941],"product_cat":[5107,5104,5110],"product_tag":[],"class_list":{"0":"post-48059","1":"product","2":"type-product","3":"status-publish","4":"has-post-thumbnail","6":"product-condition-new-in-box","7":"product_brand-dell","8":"product_cat-dell-rugged","9":"product_cat-all-rugged-laptops","10":"product_cat-new-in-box-rugged-hardware","12":"first","13":"instock","14":"taxable","15":"shipping-taxable","16":"purchasable","17":"product-type-simple"},"acf":[],"_links":{"self":[{"href":"https:\/\/micronordic.com\/da\/wp-json\/wp\/v2\/product\/48059","targetHints":{"allow":["GET"]}}],"collection":[{"href":"https:\/\/micronordic.com\/da\/wp-json\/wp\/v2\/product"}],"about":[{"href":"https:\/\/micronordic.com\/da\/wp-json\/wp\/v2\/types\/product"}],"author":[{"embeddable":true,"href":"https:\/\/micronordic.com\/da\/wp-json\/wp\/v2\/users\/24"}],"version-history":[{"count":2,"href":"https:\/\/micronordic.com\/da\/wp-json\/wp\/v2\/product\/48059\/revisions"}],"predecessor-version":[{"id":97936,"href":"https:\/\/micronordic.com\/da\/wp-json\/wp\/v2\/product\/48059\/revisions\/97936"}],"wp:featuredmedia":[{"embeddable":true,"href":"https:\/\/micronordic.com\/da\/wp-json\/wp\/v2\/media\/99928"}],"wp:attachment":[{"href":"https:\/\/micronordic.com\/da\/wp-json\/wp\/v2\/media?parent=48059"}],"wp:term":[{"taxonomy":"product-condition","embeddable":true,"href":"https:\/\/micronordic.com\/da\/wp-json\/wp\/v2\/product-condition?post=48059"},{"taxonomy":"product_brand","embeddable":true,"href":"https:\/\/micronordic.com\/da\/wp-json\/wp\/v2\/product_brand?post=48059"},{"taxonomy":"product_cat","embeddable":true,"href":"https:\/\/micronordic.com\/da\/wp-json\/wp\/v2\/product_cat?post=48059"},{"taxonomy":"product_tag","embeddable":true,"href":"https:\/\/micronordic.com\/da\/wp-json\/wp\/v2\/product_tag?post=48059"}],"curies":[{"name":"wp","href":"https:\/\/api.w.org\/{rel}","templated":true}]}}