{"id":101965,"date":"2025-11-25T17:23:15","date_gmt":"2025-11-25T16:23:15","guid":{"rendered":"https:\/\/micronordic.com\/product\/dell-pro-rugged-14-laptop-ny\/"},"modified":"2026-01-20T12:40:08","modified_gmt":"2026-01-20T11:40:08","slug":"dell-pro-rugged-14-laptop","status":"publish","type":"product","link":"https:\/\/micronordic.com\/da\/product\/dell-pro-rugged-14-laptop\/","title":{"rendered":"Dell Pro Rugged 14 Laptop (NY)"},"content":{"rendered":"<?xml encoding=\"utf-8\" ?><h2 data-start=\"101\" data-end=\"135\">Dell Pro Rugged 14 Laptop (NY)<\/h2><p data-start=\"137\" data-end=\"536\"><strong data-start=\"141\" data-end=\"170\">Dell Pro Rugged 14 Laptop<\/strong> er en <strong data-start=\"176\" data-end=\"206\">Semi-Rugged Windows-laptop<\/strong>, der er designet til kr&aelig;vende arbejdsmilj&oslash;er, som kr&aelig;ver holdbarhed uden v&aelig;gten og omkostningerne ved Fully <strong data-start=\"141\" data-end=\"170\">Rugged-enheder<\/strong>. Den er ideel til feltkontorer, k&oslash;ret&oslash;jer, logistiksteder, lagre og industrianl&aelig;g og giver st&aelig;rkere beskyttelse end standard business laptops, samtidig med at den er lettere end traditionelle Fully Rugged-systemer. <\/p><p data-start=\"538\" data-end=\"957\">Den er bygget med forbedret milj&oslash;forsegling, st&oslash;dbeskyttelse og komponenter i virksomhedsklasse og giver praktisk mobilitet til teknikere, offentligt sikkerhedspersonale og feltarbejdere, der arbejder i udfordrende indend&oslash;rs\/udend&oslash;rs arbejdsgange.<\/p><p data-start=\"538\" data-end=\"957\">Som en <strong data-start=\"779\" data-end=\"786\">NY<\/strong> enhed inkluderer Dell Pro Rugged 14 Laptop <strong data-start=\"836\" data-end=\"855\">3 &aring;rs garanti<\/strong>, hvilket giver langsigtet v&aelig;rdi og p&aring;lidelighed for organisationer, der standardiserer p&aring; rugged mobile computing.<\/p><h2 data-start=\"959\" data-end=\"1007\">N&oslash;glefunktioner i Dell Pro Rugged 14 Laptop<\/h2><ul data-start=\"1008\" data-end=\"2341\">\n<li data-start=\"1008\" data-end=\"1139\">\n<p data-start=\"1010\" data-end=\"1139\"><strong data-start=\"1010\" data-end=\"1033\">Semi-Rugged chassis<\/strong> &ndash; Forst&aelig;rket konstruktion beskytter interne komponenter mod st&oslash;d, vibrationer, st&oslash;v og hverdagens farer i marken.<\/p>\n<\/li>\n<li data-start=\"1140\" data-end=\"1274\">\n<p data-start=\"1142\" data-end=\"1274\"><strong data-start=\"1142\" data-end=\"1171\">Sk&aelig;rm, der kan l&aelig;ses i sollys<\/strong> &ndash; 14&Prime; Full HD-panel med valgfri handskevenlig ber&oslash;ring sikrer synlighed i blandet udend&oslash;rs belysning.<\/p>\n<\/li>\n<li data-start=\"1275\" data-end=\"1411\">\n<p data-start=\"1277\" data-end=\"1411\"><strong data-start=\"1277\" data-end=\"1303\">Responsiv ydeevne<\/strong> &ndash; Intel&reg; Core&trade; Ultra-processorer h&aring;ndterer diagnostik, rapportering, ERP-systemer og arbejdsgange med flere apps i marken.<\/p>\n<\/li>\n<li data-start=\"1412\" data-end=\"1552\">\n<p data-start=\"1414\" data-end=\"1552\"><strong data-start=\"1414\" data-end=\"1443\">Produktivitet i stort format<\/strong> &ndash; En 14&Prime;-sk&aelig;rm giver mere arbejdsplads til dataindtastning, skemaer, kortl&aelig;gning og inspektionsopgaver.<\/p>\n<\/li>\n<li data-start=\"1553\" data-end=\"1688\">\n<p data-start=\"1555\" data-end=\"1688\"><strong data-start=\"1555\" data-end=\"1586\">Tilpassede konfigurationer<\/strong> &ndash; Fleksible muligheder for hukommelse, lagerplads og tilslutningsmuligheder g&oslash;r det muligt for IT at skr&aelig;ddersy systemer til roller og budgetter.<\/p>\n<\/li>\n<li data-start=\"1689\" data-end=\"1825\">\n<p data-start=\"1691\" data-end=\"1825\"><strong data-start=\"1691\" data-end=\"1716\">P&aring;lidelig forbindelse<\/strong> &ndash; Wi-Fi 6E\/7, Bluetooth og mobilt bredb&aring;nd (ekstraudstyr) holder holdene i forbindelse med fjernarbejde eller mobile opgaver.<\/p>\n<\/li>\n<li data-start=\"1826\" data-end=\"1964\">\n<p data-start=\"1828\" data-end=\"1964\"><strong data-start=\"1828\" data-end=\"1858\">H&oslash;jhastighedsporte og docking<\/strong> &ndash; USB-C\/Thunderbolt og rugged dockingmuligheder str&oslash;mliner overgange mellem v&aelig;rksted, k&oslash;ret&oslash;j og kontor.<\/p>\n<\/li>\n<li data-start=\"1965\" data-end=\"2092\">\n<p data-start=\"1967\" data-end=\"2092\"><strong data-start=\"1967\" data-end=\"2003\">Virksomhedssikkerhed og -administration<\/strong> &ndash; Moderne godkendelse og BIOS-kontrol underst&oslash;tter beskyttet fl&aring;deudrulning i stor skala.<\/p>\n<\/li>\n<li data-start=\"2093\" data-end=\"2216\">\n<p data-start=\"2095\" data-end=\"2216\"><strong data-start=\"2095\" data-end=\"2117\">Servicevenligt design<\/strong> &ndash; Brugertilg&aelig;ngelige komponenter forenkler vedligeholdelse, reducerer nedetid og forl&aelig;nger produktets livscyklus.<\/p>\n<\/li>\n<li data-start=\"2217\" data-end=\"2341\">\n<p data-start=\"2219\" data-end=\"2341\"><strong data-start=\"2219\" data-end=\"2242\">&Oslash;kosystem for tilbeh&oslash;r<\/strong> &ndash; Underst&oslash;tter opladere, holdere, k&oslash;ret&oslash;jsdocks og rugged tilbeh&oslash;r, der er optimeret til mobile arbejdspladser.<\/p>\n<\/li>\n<\/ul><h2 data-start=\"2343\" data-end=\"2391\">Vigtige fordele ved Dell Pro Rugged 14 Laptop<\/h2><h3 data-start=\"2393\" data-end=\"2440\">Robust mobilitet uden Fully Rugged bulk<\/h3><p data-start=\"2441\" data-end=\"2567\">Den Semi-Rugged konstruktion t&aring;ler h&aring;rde arbejdsmilj&oslash;er og er samtidig lettere end traditionelle fuldt rugged laptops.<\/p><h3 data-start=\"2569\" data-end=\"2617\">St&oslash;rre arbejdsomr&aring;de til kr&aelig;vende opgaver i marken<\/h3><p data-start=\"2618\" data-end=\"2738\">En 14&Prime;-sk&aelig;rm forbedrer produktiviteten for brugere, der arbejder med skemaer, formularer, kortl&aelig;gningsv&aelig;rkt&oslash;jer og komplekse inspektionsdata.<\/p><h3 data-start=\"2740\" data-end=\"2791\">St&aelig;rk forbindelse p&aring; tv&aelig;rs af blandede milj&oslash;er<\/h3><p data-start=\"2792\" data-end=\"2930\">H&oslash;jtydende tr&aring;dl&oslash;st og valgfrit mobilt bredb&aring;nd giver adgang til driftssystemer fra lageret, k&oslash;ret&oslash;jet eller i marken.<\/p><h3 data-start=\"2932\" data-end=\"2961\">Forudsigelig fl&aring;dev&aelig;rdi<\/h3><p data-start=\"2962\" data-end=\"3093\">Reservedele, der kan serviceres, standardiserede konfigurationer og 3 &aring;rs garanti s&aelig;nker de samlede ejeromkostninger og forenkler livscyklusplanl&aelig;gningen.<\/p><h3 data-start=\"3095\" data-end=\"3132\">Klar til udrulning i virksomheder<\/h3><p data-start=\"3133\" data-end=\"3253\">Sikkerhedsv&aelig;rkt&oslash;jer, styringskontrol og hardwarekonsistens underst&oslash;tter nem udrulning p&aring; tv&aelig;rs af teams, lokationer og arbejdsgange.<\/p><h2 data-start=\"3255\" data-end=\"3273\">Ideelle brugsscenarier<\/h2><ul data-start=\"3274\" data-end=\"3822\">\n<li data-start=\"3274\" data-end=\"3385\">\n<p data-start=\"3276\" data-end=\"3385\"><strong data-start=\"3276\" data-end=\"3306\">Offentlig sikkerhed og myndigheder<\/strong> &ndash; Mobil dataadgang, rapportering, k&oslash;ret&oslash;jsdatabehandling og sikker dokumentation.<\/p>\n<\/li>\n<li data-start=\"3386\" data-end=\"3495\">\n<p data-start=\"3388\" data-end=\"3495\"><strong data-start=\"3388\" data-end=\"3417\">Field Service &amp; Utilities<\/strong> &ndash; Diagnostik, vedligeholdelseslogs, inspektionsarbejde og opdateringer af serviceordrer.<\/p>\n<\/li>\n<li data-start=\"3496\" data-end=\"3605\">\n<p data-start=\"3498\" data-end=\"3605\"><strong data-start=\"3498\" data-end=\"3526\">Lager og distribution<\/strong> &ndash; Yard-kontrol, routing-systemer, stregkodesoftware og driftsterminaler.<\/p>\n<\/li>\n<li data-start=\"3606\" data-end=\"3717\">\n<p data-start=\"3608\" data-end=\"3717\"><strong data-start=\"3608\" data-end=\"3638\">Produktion og industri<\/strong> &ndash; Kvalitetskontrol, vedligeholdelsessystemer, produktionsv&aelig;rkt&oslash;jer og workflows for aktiver.<\/p>\n<\/li>\n<li data-start=\"3718\" data-end=\"3822\">\n<p data-start=\"3720\" data-end=\"3822\"><strong data-start=\"3720\" data-end=\"3745\">Transport &amp; Logistik<\/strong> &ndash; Ruteplanl&aelig;gning, forsendelsesdokumentation, digitale formularer og fl&aring;destyringsopgaver.<\/p>\n<\/li>\n<\/ul><h2 data-start=\"3824\" data-end=\"3880\">Produktsammenligninger for Dell Pro Rugged 14 Laptop<\/h2><ul data-start=\"3881\" data-end=\"4375\">\n<li data-start=\"3881\" data-end=\"4029\">\n<p data-start=\"3883\" data-end=\"4029\"><a href=\"https:\/\/micronordic.com\/product\/dell-pro-rugged-13-laptop\/\"><strong data-start=\"3883\" data-end=\"3912\">Dell Pro Rugged 13 Laptop<\/strong><\/a> &ndash; V&aelig;lg 13&Prime; for at f&aring; en lettere Semi-Rugged l&oslash;sning; v&aelig;lg <strong data-start=\"3967\" data-end=\"3989\">Dell Pro Rugged 14<\/strong> for at f&aring; mere sk&aelig;rmplads og udsyn.<\/p>\n<\/li>\n<li data-start=\"4030\" data-end=\"4214\">\n<p data-start=\"4032\" data-end=\"4214\"><a href=\"https:\/\/micronordic.com\/product\/dell-rugged-extreme-5430-new\/\"><strong data-start=\"4032\" data-end=\"4061\">Dell Latitude Rugged 5430<\/strong><\/a> &ndash; V&aelig;lg Latitude 5430 Rugged for at f&aring; st&oslash;tte til et bredere it-&oslash;kosystem; v&aelig;lg <strong data-start=\"4133\" data-end=\"4155\">Dell Pro Rugged 14<\/strong> for at f&aring; afbalanceret rugged beskyttelse til lavere v&aelig;gt og pris.<\/p>\n<\/li>\n<li data-start=\"4215\" data-end=\"4375\">\n<p data-start=\"4217\" data-end=\"4375\"><a href=\"https:\/\/micronordic.com\/product\/panasonic-toughbook-fz-55\/\"><strong data-start=\"4217\" data-end=\"4243\">Panasonic Toughbook 55<\/strong><\/a> &ndash; V&aelig;lg Toughbook 55 for modul&aelig;r udvidelse; v&aelig;lg <strong data-start=\"4296\" data-end=\"4318\">Dell Pro Rugged 14<\/strong> for enklere, mere omkostningseffektiv Semi-Rugged-holdbarhed.<\/p>\n<\/li>\n<\/ul>\n","protected":false},"excerpt":{"rendered":"<h3>Specifikationer:<\/h3>\n<ul>\n<li><strong>Sk\u00e6rm:<\/strong> 14\u2033 udend\u00f8rs l\u00e6sbar; valgfri handskevenlig ber\u00f8ring<\/li>\n<li><strong>Processor:<\/strong> Intel\u00ae Core\u2122 Ultra-serien (kan konfigureres)<\/li>\n<li><strong>Grafik:<\/strong> Integreret GPU (modelafh\u00e6ngig)<\/li>\n<li><strong>Hukommelse:<\/strong> 8 GB DDR5 (basismodel), kan opgraderes til 64 GB<\/li>\n<li><strong>Lagring:<\/strong> 256 GB PCIe NVMe SSD (basismodel), kan opgraderes til 2 TB<\/li>\n<li><strong>Tilslutningsmuligheder:<\/strong> Wi-Fi 6E\/7, Bluetooth; valgfrit mobilt bredb\u00e5nd og GNSS<\/li>\n<li><strong>Rugged certificeringer:<\/strong> Semi-Rugged; forbedret st\u00f8d- og milj\u00f8beskyttelse<\/li>\n<li><strong>Sikkerhed:<\/strong> TPM, BIOS-beskyttelse, valgfri smartcard\/fingeraftryksl\u00e6ser<\/li>\n<li><strong>Batteri:<\/strong> Udholdenhed ved lange skift med underst\u00f8ttelse af hot-swapping<\/li>\n<li><strong>M\u00e5l og v\u00e6gt:<\/strong> Rugged 14\u2033 laptop form (varierer efter konfiguration)<\/li>\n<li><strong>Garanti:<\/strong> 3 \u00e5rs garanti (NY enhed)<\/li>\n<\/ul>\n","protected":false},"author":24,"featured_media":99898,"template":"","meta":{"_acf_changed":false,"inline_featured_image":false},"product-condition":[5258],"product_brand":[8941],"product_cat":[5104,5110,5107],"product_tag":[],"class_list":{"0":"post-101965","1":"product","2":"type-product","3":"status-publish","4":"has-post-thumbnail","6":"product-condition-new-in-box","7":"product_brand-dell","8":"product_cat-all-rugged-laptops","9":"product_cat-new-in-box-rugged-hardware","10":"product_cat-dell-rugged","12":"first","13":"instock","14":"taxable","15":"shipping-taxable","16":"purchasable","17":"product-type-simple"},"acf":[],"_links":{"self":[{"href":"https:\/\/micronordic.com\/da\/wp-json\/wp\/v2\/product\/101965","targetHints":{"allow":["GET"]}}],"collection":[{"href":"https:\/\/micronordic.com\/da\/wp-json\/wp\/v2\/product"}],"about":[{"href":"https:\/\/micronordic.com\/da\/wp-json\/wp\/v2\/types\/product"}],"author":[{"embeddable":true,"href":"https:\/\/micronordic.com\/da\/wp-json\/wp\/v2\/users\/24"}],"version-history":[{"count":1,"href":"https:\/\/micronordic.com\/da\/wp-json\/wp\/v2\/product\/101965\/revisions"}],"predecessor-version":[{"id":101995,"href":"https:\/\/micronordic.com\/da\/wp-json\/wp\/v2\/product\/101965\/revisions\/101995"}],"wp:featuredmedia":[{"embeddable":true,"href":"https:\/\/micronordic.com\/da\/wp-json\/wp\/v2\/media\/99898"}],"wp:attachment":[{"href":"https:\/\/micronordic.com\/da\/wp-json\/wp\/v2\/media?parent=101965"}],"wp:term":[{"taxonomy":"product-condition","embeddable":true,"href":"https:\/\/micronordic.com\/da\/wp-json\/wp\/v2\/product-condition?post=101965"},{"taxonomy":"product_brand","embeddable":true,"href":"https:\/\/micronordic.com\/da\/wp-json\/wp\/v2\/product_brand?post=101965"},{"taxonomy":"product_cat","embeddable":true,"href":"https:\/\/micronordic.com\/da\/wp-json\/wp\/v2\/product_cat?post=101965"},{"taxonomy":"product_tag","embeddable":true,"href":"https:\/\/micronordic.com\/da\/wp-json\/wp\/v2\/product_tag?post=101965"}],"curies":[{"name":"wp","href":"https:\/\/api.w.org\/{rel}","templated":true}]}}